{"id":895,"date":"2021-11-23T17:05:10","date_gmt":"2021-11-23T17:05:10","guid":{"rendered":"https:\/\/www.etran.rs\/2021\/?page_id=895"},"modified":"2025-04-07T22:13:11","modified_gmt":"2025-04-07T22:13:11","slug":"committees","status":"publish","type":"page","link":"https:\/\/www.etran.rs\/2025\/en\/committees\/","title":{"rendered":"Committees"},"content":{"rendered":"\n<p><strong><u>IcETRAN 2025, <\/u><\/strong><strong><u>\u010ca\u010dak<\/u><\/strong><strong><u>, Serbia, 9-12 June 2025<\/u><\/strong><\/p>\n\n\n\n<p><strong>CHAIRS AND COMMITTEES<\/strong><\/p>\n\n\n\n<p><strong>CONFERENCE CHAIRS:<\/strong><\/p>\n\n\n\n<p><strong>Prof. Vladimir Kati\u0107<\/strong>, <em>Life Senior Member, IEEE<\/em>, Novi Sad, Serbia<\/p>\n\n\n\n<p><strong>Prof. Vladimir Mladenovi\u0107<\/strong>, \u010ca\u010dak, Serbia<\/p>\n\n\n\n<p><strong>Conference Co-Chair:<\/strong><\/p>\n\n\n\n<p><strong>Academician Prof. Slobodan Vukosavi\u0107<\/strong>, <em>Senior Member, IEEE<\/em>, Belgrade, Serbia<\/p>\n\n\n\n<hr class=\"wp-block-separator has-alpha-channel-opacity\"\/>\n\n\n\n<p><strong>INTERNATIONAL SCIENTIFIC COMMITTEE<\/strong><strong> (ISC)<\/strong><strong><\/strong><\/p>\n\n\n\n<p><strong>Chairs:<\/strong><\/p>\n\n\n\n<p><strong>Prof. Platon Sovilj<\/strong>, Novi Sad, Serbia<\/p>\n\n\n\n<p><strong>Prof. Neboj\u0161a Mitrovi\u0107, <\/strong>\u010ca\u010dak, Serbia<\/p>\n\n\n\n<p><strong>Co-chair:<\/strong><\/p>\n\n\n\n<p><strong>Prof. Aleksandra Smiljani\u0107<\/strong>, Belgrade, Serbia<\/p>\n\n\n\n<p><strong>Members of the ISC:<\/strong><\/p>\n\n\n\n<p>Prof. Emilia Ambrozini, Milan, Italy<\/p>\n\n\n\n<p>Prof. Karsten Berns, Keiserslautern, Germany<\/p>\n\n\n\n<p>Prof. Vincent Bonnet, Paris, France<\/p>\n\n\n\n<p>Prof. \u0110ura\u0111 Budimir, London, U.K.<\/p>\n\n\n\n<p>Prof. Krzysztof Chwastek, Cz\u0119stochowa, Poland<\/p>\n\n\n\n<p>Prof. Pasquale Daponte, <em>Fellow, IEEE,<\/em> Sania, Italy<\/p>\n\n\n\n<p>Prof. Dragan Deni\u0107, Ni\u0161, Serbia<\/p>\n\n\n\n<p>Prof. Rafael Dima, Lyon, France<\/p>\n\n\n\n<p>Prof. Neboj\u0161a Don\u010dov, <em>Senior Member, IEEE<\/em>, Ni\u0161, Serbia<\/p>\n\n\n\n<p>Prof. Strahinja Do\u0161en, <em>Member, IEEE<\/em>, Aalborg, Denmark<\/p>\n\n\n\n<p>Academician Antonije \u0110or\u0111evi\u0107, Belgrade, Serbia<\/p>\n\n\n\n<p>Academician Igor \u0110urovi\u0107, Podgorica, Montenegro<\/p>\n\n\n\n<p>Prof. \u017deljko \u0110urovi\u0107, Belgrade, Serbia<\/p>\n\n\n\n<p>Prof. Ovidiu Florin Caltun, Iasi, Romania<\/p>\n\n\n\n<p>Principal Research Fellow Zoran Jak\u0161i\u0107, Belgrade, Serbia<\/p>\n\n\n\n<p>Prof. \u0110or\u0111e Jana\u0107kovi\u0107, Belgrade, Serbia<\/p>\n\n\n\n<p>Corres. member SASA Branislav Jelenkovi\u0107, Belgrade, Serbia<\/p>\n\n\n\n<p>Prof. Gojko Joksimovi\u0107, <em>Senior Member, IEEE<\/em>, Podgorica, Montenegro<\/p>\n\n\n\n<p>Prof. Nikola Jorgovanovi\u0107, Novi Sad, Serbia<\/p>\n\n\n\n<p>Prof. Helan Karatza, Thessaloniki, Greece<\/p>\n\n\n\n<p>Prof. Vladimir Kati\u0107, <em>Life Senior Member, IEEE<\/em>, Novi Sad, Serbia<\/p>\n\n\n\n<p>Prof. Zora Konjovi\u0107, Novi Sad, Serbia<\/p>\n\n\n\n<p>Prof. Miroslav Krsti\u0107, <em>Fellow, IEEE<\/em>, San Diego, California, USA<\/p>\n\n\n\n<p>Prof. Jozef Lacko, Budapest, Hungary<\/p>\n\n\n\n<p>Prof. Theodore Laopoulos, Thessaloniki, Greece<\/p>\n\n\n\n<p>Prof. Emil Levi, <em>Fellow, IEEE<\/em>, Liverpool, U.K.<\/p>\n\n\n\n<p>Prof. Christos Mademlis, Thessaloniki, Greece<\/p>\n\n\n\n<p>Prof. Guido Maione, <em>Senior Member, IEEE<\/em>, Bari, Italy<\/p>\n\n\n\n<p>Research Associate Neboj\u0161a Male\u0161evi\u0107, Lund, Sweden<\/p>\n\n\n\n<p>Prof. Dragan Man\u010di\u0107, Ni\u0161, Serbia<\/p>\n\n\n\n<p>Principal Research Fellow Branko Matovi\u0107, Belgrade, Serbia<\/p>\n\n\n\n<p>Prof. Gyula Mester, Budapest, Hungary<\/p>\n\n\n\n<p>Prof. Miomir Miji\u0107, Belgrade, Serbia<\/p>\n\n\n\n<p>Prof. Bratislav Milovanovi\u0107, Ni\u0161, Serbia<\/p>\n\n\n\n<p>Prof. Neboj\u0161a Mitrovi\u0107, <em>Member, IEEE<\/em>, \u010ca\u010dak, Serbia<\/p>\n\n\n\n<p>Prof. Mariusz Najgebauer, Cz\u0119stochowa, Poland<\/p>\n\n\n\n<p>Research Associate Dragana Nikoli\u0107, Belgrade, Serbia<\/p>\n\n\n\n<p>Prof Albena Paskaleva, Sofia, Bulgaria<\/p>\n\n\n\n<p>Prof. Alesandro Pizano, Calgari, Italy<\/p>\n\n\n\n<p>Prof. Predrag Petkovi\u0107, Ni\u0161, Serbia<\/p>\n\n\n\n<p>Principal Research Fellow Predrag Petrovi\u0107, Belgrade, Serbia<\/p>\n\n\n\n<p>Academician Zoran Lj. Petrovi\u0107, Belgrade, Serbia<\/p>\n\n\n\n<p>Academician Zoran Popovi\u0107, Belgrade, Serbia<\/p>\n\n\n\n<p>Prof. Veljko Potkonjak, Belgrade, Serbia<\/p>\n\n\n\n<p>Prof. R.E. Precup, Timisoara, Romania<\/p>\n\n\n\n<p>Prof. Renato Procopio, <em>Senior Member, IEEE<\/em>, Genova, Italy<\/p>\n\n\n\n<p>Academician Velimir Radmilovi\u0107, Belgrade, Serbia<\/p>\n\n\n\n<p>Prof. Branimir Reljin, <em>Life Senior Member, IEEE<\/em>, Belgrade, Serbia<\/p>\n\n\n\n<p>Prof. Danijela Risti\u0107-Durrant, Bremen, Germany<\/p>\n\n\n\n<p>Prof. Romain Serizel, Vand\u0153uvre-les-Nancy, France<\/p>\n\n\n\n<p>Prof. Vladimir Srdi\u0107, Novi Sad, Serbia<\/p>\n\n\n\n<p>Prof. Paul Sotiriadis, Athens, Greece<\/p>\n\n\n\n<p>Prof. Petar Uskokovi\u0107, Podgorica, Montenegro<\/p>\n\n\n\n<p>Prof. Silvio Vashetto, Torino, Italy<\/p>\n\n\n\n<p>Prof. Boban Veseli\u0107, <em>Senior Member, IEEE<\/em>, Ni\u0161, Serbia<\/p>\n\n\n\n<p>Prof. Sanja Vrane\u0161, Belgrade, Serbia<\/p>\n\n\n\n<p>Academician Slobodan Vukosavi\u0107, <em>Senior Member, IEEE<\/em>, Belgrade, Serbia<\/p>\n\n\n\n<p>Prof. Franz Zotter, Graz, Austria<\/p>\n\n\n\n<hr class=\"wp-block-separator has-alpha-channel-opacity\"\/>\n\n\n\n<p><strong>LOCAL ORGANIZING COMMITTEE (LOC):<\/strong><\/p>\n\n\n\n<p><strong>Chair:<\/strong><\/p>\n\n\n\n<p><strong>Prof. Miroslav Bjeki\u0107, <\/strong>\u010ca\u010dak, Serbia<\/p>\n\n\n\n<p><strong>Members of the LOC:<\/strong><\/p>\n\n\n\n<p>Prof. Marko Rosi\u0107, \u010ca\u010dak, Serbia<\/p>\n\n\n\n<p>Prof. Uro\u0161 Pe\u0161ovi\u0107, \u010ca\u010dak, Serbia<\/p>\n\n\n\n<p>Prof. Dragan \u0106etenovi\u0107, \u010ca\u010dak, Serbia<\/p>\n\n\n\n<p>Prof. Sanja Anti\u0107, \u010ca\u010dak, Serbia<\/p>\n\n\n\n<p>Prof. Nedeljko Du\u010di\u0107, \u010ca\u010dak, Serbia<\/p>\n\n\n\n<p>Prof. Dimitrije Rozgi\u0107, \u010ca\u010dak, Serbia<\/p>\n\n\n\n<p>Prof. Branko Markovi\u0107, \u010ca\u010dak, Serbia<\/p>\n\n\n\n<p>Prof. Milentije Lukovi\u0107, \u010ca\u010dak, Serbia<\/p>\n\n\n\n<p>Assis. Ana Radovi\u0107 Firat, \u010ca\u010dak, Serbia<\/p>\n\n\n\n<p>Assis. Lidija Paunovi\u0107, \u010ca\u010dak, Serbia<\/p>\n\n\n\n<p>Assis. Marko \u0160u\u0107urovi\u0107, \u010ca\u010dak, Serbia<\/p>\n\n\n\n<p>Assis. Mihajlo Tatovi\u0107, \u010ca\u010dak, Serbia<\/p>\n\n\n\n<p>Assis. Vojislav Vuju\u010di\u0107, \u010ca\u010dak, Serbia<\/p>\n\n\n\n<p>Assis. Stefan \u010cubonovi\u0107, \u010ca\u010dak, Serbia<\/p>\n\n\n\n<hr class=\"wp-block-separator has-alpha-channel-opacity\"\/>\n\n\n\n<p><strong>SPECIAL SESSIONS &amp; PANELS PROGRAM COMMITTEE<\/strong><\/p>\n\n\n\n<p><strong>Prof. Marko Rosi\u0107<\/strong>, \u010ca\u010dak, Serbia<\/p>\n\n\n\n<p><strong>Prof. Jelica Proti\u0107<\/strong>, Belgrade, Serbia<\/p>\n\n\n\n<hr class=\"wp-block-separator has-alpha-channel-opacity\"\/>\n\n\n\n<p><strong>PUBLICATION&nbsp;CHAIR<\/strong><\/p>\n\n\n\n<p><strong>Prof.&nbsp;Branko Koprivica<\/strong>, \u010ca\u010dak, Serbia<\/p>\n\n\n\n<p><strong>TREASURER<\/strong><\/p>\n\n\n\n<p><strong>Prof. Jelena Purenovi\u0107<\/strong>, \u010ca\u010dak, Serbia<\/p>\n\n\n\n<p><strong>EXHIBITION CHAIR<\/strong><\/p>\n\n\n\n<p><strong>Prof. Marko Rosi\u0107<\/strong>, \u010ca\u010dak, Serbia<\/p>\n\n\n\n<p><strong>INFORMATION&nbsp;CONTACT<\/strong><strong><\/strong><\/p>\n\n\n\n<p><strong>Mrs. Mirjana Jovanic<\/strong>, Belgrade, Serbia<\/p>\n\n\n\n<p><strong>AWARDED PAPERS AND PROMOTION CHAIR<\/strong><\/p>\n\n\n\n<p><strong>Prof. Alenka Milovanovi\u0107<\/strong>, \u010ca\u010dak, Serbia<\/p>\n\n\n\n<p><strong>PROGRAM AND TECHNICAL SUPPORT COMMITTEE<\/strong><\/p>\n\n\n\n<p><strong>Prof. dr Marko Rosi\u0107<\/strong>, \u010ca\u010dak, Serbia<\/p>\n\n\n\n<p><strong>Uzahir Ramadani<\/strong>, Belgrade, Serbia<\/p>\n\n\n\n<p><strong>Nikola Mihajlovi\u0107<\/strong>, Ni\u0161, Serbia<\/p>\n\n\n\n<p><strong>Aleksandar Ra\u0161kovi\u0107<\/strong>, Belgrade, Serbia<\/p>\n\n\n\n<p><strong>Boban Miliji\u0107<\/strong>, Belgrade, Serbia<\/p>\n\n\n\n<p><strong>Marko Vujadinovi\u0107<\/strong>, Belgrade, Serbia<\/p>\n\n\n\n<p><strong>IcETRAN SECRETARIAT<\/strong><\/p>\n\n\n\n<p><strong>Mrs. Mirjana Jovanic<\/strong>, Belgrade, Serbia<\/p>\n\n\n\n<p><strong>Mr. Zlatko Jarnevic<\/strong>, Belgrade, Serbia<\/p>\n\n\n\n<p><\/p>\n","protected":false},"excerpt":{"rendered":"<p>IcETRAN 2025, \u010ca\u010dak, Serbia, 9-12 June 2025 CHAIRS AND COMMITTEES CONFERENCE CHAIRS: Prof. Vladimir Kati\u0107, Life Senior Member, IEEE, Novi Sad, Serbia Prof. Vladimir Mladenovi\u0107, \u010ca\u010dak, Serbia Conference Co-Chair: Academician Prof. Slobodan Vukosavi\u0107, Senior Member, IEEE, Belgrade, Serbia INTERNATIONAL SCIENTIFIC COMMITTEE (ISC) Chairs: Prof. Platon Sovilj, Novi Sad, Serbia Prof. Neboj\u0161a Mitrovi\u0107, \u010ca\u010dak, Serbia Co-chair: &hellip; <\/p>\n","protected":false},"author":1,"featured_media":0,"parent":0,"menu_order":0,"comment_status":"closed","ping_status":"closed","template":"","meta":{"_themeisle_gutenberg_block_has_review":false,"footnotes":""},"class_list":["post-895","page","type-page","status-publish","hentry"],"yoast_head":"<!-- This site is optimized with the Yoast SEO plugin v25.7 - https:\/\/yoast.com\/wordpress\/plugins\/seo\/ -->\n<title>Committees -<\/title>\n<meta name=\"robots\" content=\"index, follow, max-snippet:-1, max-image-preview:large, max-video-preview:-1\" \/>\n<link rel=\"canonical\" href=\"https:\/\/www.etran.rs\/2025\/en\/committees\/\" \/>\n<meta property=\"og:locale\" content=\"en_US\" \/>\n<meta property=\"og:type\" content=\"article\" \/>\n<meta property=\"og:title\" content=\"Committees -\" \/>\n<meta property=\"og:description\" content=\"IcETRAN 2025, \u010ca\u010dak, Serbia, 9-12 June 2025 CHAIRS AND COMMITTEES CONFERENCE CHAIRS: Prof. Vladimir Kati\u0107, Life Senior Member, IEEE, Novi Sad, Serbia Prof. Vladimir Mladenovi\u0107, \u010ca\u010dak, Serbia Conference Co-Chair: Academician Prof. Slobodan Vukosavi\u0107, Senior Member, IEEE, Belgrade, Serbia INTERNATIONAL SCIENTIFIC COMMITTEE (ISC) Chairs: Prof. Platon Sovilj, Novi Sad, Serbia Prof. Neboj\u0161a Mitrovi\u0107, \u010ca\u010dak, Serbia Co-chair: &hellip;\" \/>\n<meta property=\"og:url\" content=\"https:\/\/www.etran.rs\/2025\/en\/committees\/\" \/>\n<meta property=\"article:modified_time\" content=\"2025-04-07T22:13:11+00:00\" \/>\n<meta name=\"twitter:card\" content=\"summary_large_image\" \/>\n<meta name=\"twitter:label1\" content=\"Est. reading time\" \/>\n\t<meta name=\"twitter:data1\" content=\"3 minutes\" \/>\n<script type=\"application\/ld+json\" class=\"yoast-schema-graph\">{\"@context\":\"https:\/\/schema.org\",\"@graph\":[{\"@type\":\"WebPage\",\"@id\":\"https:\/\/www.etran.rs\/2025\/en\/committees\/\",\"url\":\"https:\/\/www.etran.rs\/2025\/en\/committees\/\",\"name\":\"Committees -\",\"isPartOf\":{\"@id\":\"https:\/\/www.etran.rs\/2025\/#website\"},\"datePublished\":\"2021-11-23T17:05:10+00:00\",\"dateModified\":\"2025-04-07T22:13:11+00:00\",\"breadcrumb\":{\"@id\":\"https:\/\/www.etran.rs\/2025\/en\/committees\/#breadcrumb\"},\"inLanguage\":\"en-US\",\"potentialAction\":[{\"@type\":\"ReadAction\",\"target\":[\"https:\/\/www.etran.rs\/2025\/en\/committees\/\"]}]},{\"@type\":\"BreadcrumbList\",\"@id\":\"https:\/\/www.etran.rs\/2025\/en\/committees\/#breadcrumb\",\"itemListElement\":[{\"@type\":\"ListItem\",\"position\":1,\"name\":\"Home\",\"item\":\"https:\/\/www.etran.rs\/2025\/en\/home-english\/\"},{\"@type\":\"ListItem\",\"position\":2,\"name\":\"Committees\"}]},{\"@type\":\"WebSite\",\"@id\":\"https:\/\/www.etran.rs\/2025\/#website\",\"url\":\"https:\/\/www.etran.rs\/2025\/\",\"name\":\"IcETRAN 2025\",\"description\":\"XII IcETRAN Conference 2025 - \u010ca\u010dak, June 9-12, 2025.\",\"publisher\":{\"@id\":\"https:\/\/www.etran.rs\/2025\/#organization\"},\"potentialAction\":[{\"@type\":\"SearchAction\",\"target\":{\"@type\":\"EntryPoint\",\"urlTemplate\":\"https:\/\/www.etran.rs\/2025\/?s={search_term_string}\"},\"query-input\":{\"@type\":\"PropertyValueSpecification\",\"valueRequired\":true,\"valueName\":\"search_term_string\"}}],\"inLanguage\":\"en-US\"},{\"@type\":\"Organization\",\"@id\":\"https:\/\/www.etran.rs\/2025\/#organization\",\"name\":\"ETRAN Society\",\"alternateName\":\"ETRAN\/IcETRAN\",\"url\":\"https:\/\/www.etran.rs\/2025\/\",\"logo\":{\"@type\":\"ImageObject\",\"inLanguage\":\"en-US\",\"@id\":\"https:\/\/www.etran.rs\/2025\/#\/schema\/logo\/image\/\",\"url\":\"https:\/\/www.etran.rs\/2025\/wp-content\/uploads\/2023\/05\/cropped-etrannovilogo-removebg-preview-e1684584979855.png\",\"contentUrl\":\"https:\/\/www.etran.rs\/2025\/wp-content\/uploads\/2023\/05\/cropped-etrannovilogo-removebg-preview-e1684584979855.png\",\"width\":250,\"height\":54,\"caption\":\"ETRAN Society\"},\"image\":{\"@id\":\"https:\/\/www.etran.rs\/2025\/#\/schema\/logo\/image\/\"}}]}<\/script>\n<!-- \/ Yoast SEO plugin. -->","yoast_head_json":{"title":"Committees -","robots":{"index":"index","follow":"follow","max-snippet":"max-snippet:-1","max-image-preview":"max-image-preview:large","max-video-preview":"max-video-preview:-1"},"canonical":"https:\/\/www.etran.rs\/2025\/en\/committees\/","og_locale":"en_US","og_type":"article","og_title":"Committees -","og_description":"IcETRAN 2025, \u010ca\u010dak, Serbia, 9-12 June 2025 CHAIRS AND COMMITTEES CONFERENCE CHAIRS: Prof. Vladimir Kati\u0107, Life Senior Member, IEEE, Novi Sad, Serbia Prof. Vladimir Mladenovi\u0107, \u010ca\u010dak, Serbia Conference Co-Chair: Academician Prof. Slobodan Vukosavi\u0107, Senior Member, IEEE, Belgrade, Serbia INTERNATIONAL SCIENTIFIC COMMITTEE (ISC) Chairs: Prof. Platon Sovilj, Novi Sad, Serbia Prof. Neboj\u0161a Mitrovi\u0107, \u010ca\u010dak, Serbia Co-chair: &hellip;","og_url":"https:\/\/www.etran.rs\/2025\/en\/committees\/","article_modified_time":"2025-04-07T22:13:11+00:00","twitter_card":"summary_large_image","twitter_misc":{"Est. reading time":"3 minutes"},"schema":{"@context":"https:\/\/schema.org","@graph":[{"@type":"WebPage","@id":"https:\/\/www.etran.rs\/2025\/en\/committees\/","url":"https:\/\/www.etran.rs\/2025\/en\/committees\/","name":"Committees -","isPartOf":{"@id":"https:\/\/www.etran.rs\/2025\/#website"},"datePublished":"2021-11-23T17:05:10+00:00","dateModified":"2025-04-07T22:13:11+00:00","breadcrumb":{"@id":"https:\/\/www.etran.rs\/2025\/en\/committees\/#breadcrumb"},"inLanguage":"en-US","potentialAction":[{"@type":"ReadAction","target":["https:\/\/www.etran.rs\/2025\/en\/committees\/"]}]},{"@type":"BreadcrumbList","@id":"https:\/\/www.etran.rs\/2025\/en\/committees\/#breadcrumb","itemListElement":[{"@type":"ListItem","position":1,"name":"Home","item":"https:\/\/www.etran.rs\/2025\/en\/home-english\/"},{"@type":"ListItem","position":2,"name":"Committees"}]},{"@type":"WebSite","@id":"https:\/\/www.etran.rs\/2025\/#website","url":"https:\/\/www.etran.rs\/2025\/","name":"IcETRAN 2025","description":"XII IcETRAN Conference 2025 - \u010ca\u010dak, June 9-12, 2025.","publisher":{"@id":"https:\/\/www.etran.rs\/2025\/#organization"},"potentialAction":[{"@type":"SearchAction","target":{"@type":"EntryPoint","urlTemplate":"https:\/\/www.etran.rs\/2025\/?s={search_term_string}"},"query-input":{"@type":"PropertyValueSpecification","valueRequired":true,"valueName":"search_term_string"}}],"inLanguage":"en-US"},{"@type":"Organization","@id":"https:\/\/www.etran.rs\/2025\/#organization","name":"ETRAN Society","alternateName":"ETRAN\/IcETRAN","url":"https:\/\/www.etran.rs\/2025\/","logo":{"@type":"ImageObject","inLanguage":"en-US","@id":"https:\/\/www.etran.rs\/2025\/#\/schema\/logo\/image\/","url":"https:\/\/www.etran.rs\/2025\/wp-content\/uploads\/2023\/05\/cropped-etrannovilogo-removebg-preview-e1684584979855.png","contentUrl":"https:\/\/www.etran.rs\/2025\/wp-content\/uploads\/2023\/05\/cropped-etrannovilogo-removebg-preview-e1684584979855.png","width":250,"height":54,"caption":"ETRAN Society"},"image":{"@id":"https:\/\/www.etran.rs\/2025\/#\/schema\/logo\/image\/"}}]}},"_links":{"self":[{"href":"https:\/\/www.etran.rs\/2025\/wp-json\/wp\/v2\/pages\/895","targetHints":{"allow":["GET"]}}],"collection":[{"href":"https:\/\/www.etran.rs\/2025\/wp-json\/wp\/v2\/pages"}],"about":[{"href":"https:\/\/www.etran.rs\/2025\/wp-json\/wp\/v2\/types\/page"}],"author":[{"embeddable":true,"href":"https:\/\/www.etran.rs\/2025\/wp-json\/wp\/v2\/users\/1"}],"replies":[{"embeddable":true,"href":"https:\/\/www.etran.rs\/2025\/wp-json\/wp\/v2\/comments?post=895"}],"version-history":[{"count":97,"href":"https:\/\/www.etran.rs\/2025\/wp-json\/wp\/v2\/pages\/895\/revisions"}],"predecessor-version":[{"id":5907,"href":"https:\/\/www.etran.rs\/2025\/wp-json\/wp\/v2\/pages\/895\/revisions\/5907"}],"wp:attachment":[{"href":"https:\/\/www.etran.rs\/2025\/wp-json\/wp\/v2\/media?parent=895"}],"curies":[{"name":"wp","href":"https:\/\/api.w.org\/{rel}","templated":true}]}}