{"id":893,"date":"2021-11-23T17:05:10","date_gmt":"2021-11-23T17:05:10","guid":{"rendered":"https:\/\/www.etran.rs\/2021\/?page_id=893"},"modified":"2025-04-07T22:10:11","modified_gmt":"2025-04-07T22:10:11","slug":"odbori-etrana","status":"publish","type":"page","link":"https:\/\/www.etran.rs\/2025\/odbori-etrana\/","title":{"rendered":"Odbori"},"content":{"rendered":"\n<p><strong>Nau\u010dni odbor konferencije ETRAN 2025<\/strong><\/p>\n\n\n\n<p><strong>Predsednici<\/strong><\/p>\n\n\n\n<p><strong>Prof. Vladimir Kati\u0107<\/strong>, Fakultet tehni\u010dkih nauka, Univerzitet u Novom Sadu,<\/p>\n\n\n\n<p><strong>Prof. Neboj\u0161a Arsi\u0107<\/strong>, Fakultet tehni\u010dkih nauka, Univerzitet u Pri\u0161tini sa privremenim sedi\u0161tem u Kosovskoj Mitrovici.<\/p>\n\n\n\n<p><strong>Potpredsednici<\/strong><\/p>\n\n\n\n<p><strong>Akademik prof. dr Slobodan Vukosavi\u0107<\/strong>, ETF\/SANU, Univerzitet u Beogradu,<\/p>\n\n\n\n<p><strong>Prof. dr Neboj\u0161a Mitrovi\u0107<\/strong>, Fakultet tehni\u010dkih nauka, \u010ca\u010dak, Univerzitet u Kragujevcu.<\/p>\n\n\n\n<hr class=\"wp-block-separator has-alpha-channel-opacity\"\/>\n\n\n\n<p><strong>Odbor za nau\u010dne i stru\u010dne skupove ETRAN 2025<\/strong><\/p>\n\n\n\n<p><strong>Predsednik<\/strong><\/p>\n\n\n\n<p><strong>Prof. dr Platon Sovilj<\/strong>, Fakultet tehni\u010dkih nauka, Univerzitet u Novom Sadu,<\/p>\n\n\n\n<p><strong>Potpredsednik<\/strong><\/p>\n\n\n\n<p><strong>Prof. dr Aleksandra Smiljani\u0107<\/strong>, Elektrotehni\u010dki fakultet, Univerzitet u Beogradu,&nbsp;<\/p>\n\n\n\n<p>Prof. dr Marko Dimitrijevi\u0107, Elektronski fakultet, Univerzitet u Ni\u0161u<br>Prof. dr Bo\u017eidar Popovi\u0107, Elektrotehni\u010dki fakultet, Univerzitet u Isto\u010dnom Sarajevu,<\/p>\n\n\n\n<p>Prof. dr Nenad Milo\u0161evi\u0107, Elektronski fakultet, Univerzitet u Ni\u0161u,<br>Prof. dr Aleksandar Stanisavljevi\u0107, Fakultet tehni\u010dkih nauka, Univerzitet u Novom Sadu,<br>Prof. dr Mladen Banjanin, Elektrotehni\u010dki fakultet, Univerzitet u Isto\u010dnom Sarajevu,<\/p>\n\n\n\n<p>Prof. dr Petar Spalevi\u0107, Fakultet tehni\u010dkih nauka, Univerzitet u Pri\u0161tini sa privremenim sedi\u0161tem u Kosovskoj Mitrovici,<br>Prof. dr Ana Tatovi\u0107, Fakultet tehni\u010dkih nauka, \u010ca\u010dak, Univerzitet u Kragujevcu,<\/p>\n\n\n\n<p>Prof. dr Sr\u0111an Lale, Elektrotehni\u010dki fakultet, Univerzitet u Isto\u010dnom Sarajevu,<\/p>\n\n\n\n<p>Prof. dr Igor Tartalja, Elektrotehni\u010dki fakultet, Univerzitet u Beogradu<br>Prof. dr Vladimir \u0106iri\u0107, Elektronski fakultet, Univerzitet u Ni\u0161u,<br>Prof. dr Aleksandar Jevremovi\u0107, Univerzitet Singidunum, Beograd<br>Prof. dr Danijel Miji\u0107, Elektrotehni\u010dki fakultet, Univerzitet u Isto\u010dnom Sarajevu,<\/p>\n\n\n\n<p>Prof. dr Sanja Vujnovi\u0107, Elektrotehni\u010dki fakultet, Univerzitet u Beogradu,<\/p>\n\n\n\n<p>Prof. dr Slobodan Lubura, Elektrotehni\u010dki fakultet, Univerzitet u Isto\u010dnom Sarajevu,<br>Prof. dr Koviljka Stankovi\u0107, Elektrotehni\u010dki fakultet, Univerzitet u Beogradu,<br>Dr Jovan Petrovi\u0107, Institut za nuklearne nauke, Univerzitet u Beogradu,<\/p>\n\n\n\n<p>Prof. dr Dejan \u0106iri\u0107, Elektronski fakultet, Univerzitet u Ni\u0161u<br>Prof. dr Miodrag Tasi\u0107, Elektrotehni\u010dki fakultet, Univerzitet u Beogradu<br>Dr \u0110or\u0111e Stoji\u0107, Elektrotehni\u010dki institut Nikola Tesla, Univerzitet u Beogradu<br>Prof. dr Milica Jankovi\u0107, Elektrotehni\u010dki fakultet, Univerzitet u Beogradu<br>Prof. dr Neboj\u0161a Don\u010dov, Elektronski fakultet, Univerzitet u Ni\u0161u<br>Prof. dr Vesna Paunovi\u0107, Elektronski fakultet, Univerzitet u Ni\u0161u<br>Prof. dr Dragan Peji\u0107, Fakultet tehni\u010dkih nauka, Univerzitet u Novom Sadu<br>Prof. dr Tatjana Pe\u0161i\u0107 Br\u0111anin, Elektrotehni\u010dki fakultet, Univerzitet u Banja Luci<br>Prof. dr Kosta Jovanovi\u0107, Elektrotehni\u010dki fakultet, Univerzitet u Beogradu<br>Prof. dr Mirjana Maksimovi\u0107, Elektrotehni\u010dki fakultet, Univerzitet u Isto\u010dnom Sarajevu,<\/p>\n\n\n\n<p>Prof. dr \u017divana Jakovljevi\u0107, Ma\u0161inski fakultet, Univerzitet u Beogradu<br>Prof. dr Nemanja Ili\u0107, Ra\u010dunarski fakultet, Beograd<\/p>\n\n\n\n<p>Prof. dr Bo\u0161ko Nikoli\u0107, Elektrotehni\u010dki fakultet, Univerzitet u Beogradu<\/p>\n\n\n\n<hr class=\"wp-block-separator has-alpha-channel-opacity\"\/>\n\n\n\n<p><strong>Lokalni organizacioni odbor<\/strong><\/p>\n\n\n\n<p><strong>Prof. dr Miroslav Bjeki\u0107<\/strong>, Fakultet tehni\u010dkih nauka, \u010ca\u010dak, Univerzitet u Kragujevcu.<\/p>\n\n\n\n<p>Prof. dr Marko Rosi\u0107, FTN, \u010ca\u010dak<br>Prof. dr Uro\u0161 Pe\u0161ovi\u0107, FTN,\u010ca\u010dak<br>Prof. dr Dragan \u0106etenovi\u0107, FTN, \u010ca\u010dak<br>Prof. dr Sanja Anti\u0107, FTN, \u010ca\u010dak<br>Prof. dr Nedeljko Du\u010di\u0107, FTN, \u010ca\u010dak<br>Prof. dr Dimitrije Rozgi\u0107, FTN, \u010ca\u010dak<br>Prof. dr Branko Markovi\u0107, FTN, \u010ca\u010dak<br>Prof. dr Milentije Lukovi\u0107, FTN, \u010ca\u010dak<br>Ana Radovi\u0107 Firat, FTN, \u010ca\u010dak<br>Lidija Paunovi\u0107, FTN, \u010ca\u010dak<br>Marko \u0160u\u0107urovi\u0107, FTN, \u010ca\u010dak<br>Mihajlo Tatovi\u0107, FTN, \u010ca\u010dak<br>Vojislav Vuju\u010di\u0107, FTN, \u010ca\u010dak<br>Stefan \u010cubonovi\u0107, FTN, \u010ca\u010dak<\/p>\n\n\n\n<hr class=\"wp-block-separator has-alpha-channel-opacity\"\/>\n\n\n\n<p><strong>Programski odbor za specijalne sesije i panele<\/strong><\/p>\n\n\n\n<p><strong>Prof. dr Marko Rosi\u0107<\/strong>, Fakultet tehni\u010dkih nauka, \u010ca\u010dak, Univerzitet u Kragujevcu.<\/p>\n\n\n\n<p>Prof. dr Jelica Proti\u0107, Elektrotehni\u010dki fakultet, Univerzitet u Beogradu<br><br><\/p>\n\n\n\n<hr class=\"wp-block-separator has-alpha-channel-opacity\"\/>\n\n\n\n<p><strong>Odbor za publikacije<\/strong><\/p>\n\n\n\n<p><strong>Prof. dr Branko Koprivica<\/strong>, Fakultet tehni\u010dkih nauka, \u010ca\u010dak, Univerzitet u Kragujevcu.<\/p>\n\n\n\n<p><strong>Blagajnik<\/strong><\/p>\n\n\n\n<p><strong>Prof. dr Jelena Purenovi\u0107<\/strong>, Fakultet tehni\u010dkih nauka, \u010ca\u010dak, Univerzitet u Kragujevcu.<\/p>\n\n\n\n<p><strong>Izlo\u017eba<\/strong><\/p>\n\n\n\n<p><strong>Prof. dr Marko Rosi\u0107<\/strong>, Fakultet tehni\u010dkih nauka, \u010ca\u010dak, Univerzitet u Kragujevcu.<\/p>\n\n\n\n<p><strong>Informacije<\/strong><\/p>\n\n\n\n<p><strong>Mirjana Jovani\u0107<\/strong>, ETRAN, Beograd,<\/p>\n\n\n\n<hr class=\"wp-block-separator has-alpha-channel-opacity\"\/>\n\n\n\n<p><strong>Nagra\u0111eni radovi i promocija<\/strong><\/p>\n\n\n\n<p><strong>Prof. Alenka Milovanovi\u0107<\/strong>, Fakultet tehni\u010dkih nauka, \u010ca\u010dak, Univerzitet u Kragujevcu.<\/p>\n\n\n\n<p><strong>Odbor za programsko-tehni\u010dku podr\u0161ku<\/strong><\/p>\n\n\n\n<p><strong>P<\/strong><strong>rof. dr Marko Rosi\u0107<\/strong>, Fakultet tehni\u010dkih nauka, \u010ca\u010dak, Univerzitet u Kragujevcu.<\/p>\n\n\n\n<p><strong>Uzahir Ramadani<\/strong>, Institut za nuklearne nauke \u201dVin\u010da\u201d, Vin\u010da-Beograd<\/p>\n\n\n\n<p><strong>Marko Vujadinovi\u0107<\/strong>, AM, Beograd<\/p>\n\n\n\n<p><strong>Aleksandar Ra\u0161kovi\u0107<\/strong>, AM, Beograd<\/p>\n\n\n\n<p><strong>Boban Miliji\u0107<\/strong>, AM, Beograd<\/p>\n\n\n\n<p><strong>Sekretarijat ETRAN-a<\/strong><\/p>\n\n\n\n<p><strong>Mirjana Jovani\u0107<\/strong>, ETRAN, Beograd,<\/p>\n\n\n\n<p>Zlatko Jarnevi\u0107, ETRAN, Beograd.<\/p>\n","protected":false},"excerpt":{"rendered":"<p>Nau\u010dni odbor konferencije ETRAN 2025 Predsednici Prof. Vladimir Kati\u0107, Fakultet tehni\u010dkih nauka, Univerzitet u Novom Sadu, Prof. Neboj\u0161a Arsi\u0107, Fakultet tehni\u010dkih nauka, Univerzitet u Pri\u0161tini sa privremenim sedi\u0161tem u Kosovskoj Mitrovici. Potpredsednici Akademik prof. dr Slobodan Vukosavi\u0107, ETF\/SANU, Univerzitet u Beogradu, Prof. dr Neboj\u0161a Mitrovi\u0107, Fakultet tehni\u010dkih nauka, \u010ca\u010dak, Univerzitet u Kragujevcu. Odbor za nau\u010dne &hellip; <\/p>\n","protected":false},"author":1,"featured_media":0,"parent":0,"menu_order":0,"comment_status":"closed","ping_status":"closed","template":"","meta":{"_themeisle_gutenberg_block_has_review":false,"footnotes":""},"class_list":["post-893","page","type-page","status-publish","hentry"],"yoast_head":"<!-- This site is optimized with the Yoast SEO plugin v25.7 - https:\/\/yoast.com\/wordpress\/plugins\/seo\/ -->\n<title>Odbori -<\/title>\n<meta name=\"robots\" content=\"index, follow, max-snippet:-1, max-image-preview:large, max-video-preview:-1\" \/>\n<link rel=\"canonical\" href=\"https:\/\/www.etran.rs\/2025\/odbori-etrana\/\" \/>\n<meta property=\"og:locale\" content=\"en_US\" \/>\n<meta property=\"og:type\" content=\"article\" \/>\n<meta property=\"og:title\" content=\"Odbori -\" \/>\n<meta property=\"og:description\" content=\"Nau\u010dni odbor konferencije ETRAN 2025 Predsednici Prof. Vladimir Kati\u0107, Fakultet tehni\u010dkih nauka, Univerzitet u Novom Sadu, Prof. Neboj\u0161a Arsi\u0107, Fakultet tehni\u010dkih nauka, Univerzitet u Pri\u0161tini sa privremenim sedi\u0161tem u Kosovskoj Mitrovici. Potpredsednici Akademik prof. dr Slobodan Vukosavi\u0107, ETF\/SANU, Univerzitet u Beogradu, Prof. dr Neboj\u0161a Mitrovi\u0107, Fakultet tehni\u010dkih nauka, \u010ca\u010dak, Univerzitet u Kragujevcu. Odbor za nau\u010dne &hellip;\" \/>\n<meta property=\"og:url\" content=\"https:\/\/www.etran.rs\/2025\/odbori-etrana\/\" \/>\n<meta property=\"article:modified_time\" content=\"2025-04-07T22:10:11+00:00\" \/>\n<meta name=\"twitter:card\" content=\"summary_large_image\" \/>\n<meta name=\"twitter:label1\" content=\"Est. reading time\" \/>\n\t<meta name=\"twitter:data1\" content=\"3 minutes\" \/>\n<script type=\"application\/ld+json\" class=\"yoast-schema-graph\">{\"@context\":\"https:\/\/schema.org\",\"@graph\":[{\"@type\":\"WebPage\",\"@id\":\"https:\/\/www.etran.rs\/2025\/odbori-etrana\/\",\"url\":\"https:\/\/www.etran.rs\/2025\/odbori-etrana\/\",\"name\":\"O\u0434\u0431\u043e\u0440\u0438 -\",\"isPartOf\":{\"@id\":\"https:\/\/www.etran.rs\/2025\/#website\"},\"datePublished\":\"2021-11-23T17:05:10+00:00\",\"dateModified\":\"2025-04-07T22:10:11+00:00\",\"breadcrumb\":{\"@id\":\"https:\/\/www.etran.rs\/2025\/odbori-etrana\/#breadcrumb\"},\"inLanguage\":\"en-US\",\"potentialAction\":[{\"@type\":\"ReadAction\",\"target\":[\"https:\/\/www.etran.rs\/2025\/odbori-etrana\/\"]}]},{\"@type\":\"BreadcrumbList\",\"@id\":\"https:\/\/www.etran.rs\/2025\/odbori-etrana\/#breadcrumb\",\"itemListElement\":[{\"@type\":\"ListItem\",\"position\":1,\"name\":\"Home\",\"item\":\"https:\/\/www.etran.rs\/2025\/en\/home-english\/\"},{\"@type\":\"ListItem\",\"position\":2,\"name\":\"O\u0434\u0431\u043e\u0440\u0438\"}]},{\"@type\":\"WebSite\",\"@id\":\"https:\/\/www.etran.rs\/2025\/#website\",\"url\":\"https:\/\/www.etran.rs\/2025\/\",\"name\":\"IcETRAN 2025\",\"description\":\"XII IcETRAN Conference 2025 - \u010ca\u010dak, June 9-12, 2025.\",\"publisher\":{\"@id\":\"https:\/\/www.etran.rs\/2025\/#organization\"},\"potentialAction\":[{\"@type\":\"SearchAction\",\"target\":{\"@type\":\"EntryPoint\",\"urlTemplate\":\"https:\/\/www.etran.rs\/2025\/?s={search_term_string}\"},\"query-input\":{\"@type\":\"PropertyValueSpecification\",\"valueRequired\":true,\"valueName\":\"search_term_string\"}}],\"inLanguage\":\"en-US\"},{\"@type\":\"Organization\",\"@id\":\"https:\/\/www.etran.rs\/2025\/#organization\",\"name\":\"ETRAN Society\",\"alternateName\":\"ETRAN\/IcETRAN\",\"url\":\"https:\/\/www.etran.rs\/2025\/\",\"logo\":{\"@type\":\"ImageObject\",\"inLanguage\":\"en-US\",\"@id\":\"https:\/\/www.etran.rs\/2025\/#\/schema\/logo\/image\/\",\"url\":\"https:\/\/www.etran.rs\/2025\/wp-content\/uploads\/2023\/05\/cropped-etrannovilogo-removebg-preview-e1684584979855.png\",\"contentUrl\":\"https:\/\/www.etran.rs\/2025\/wp-content\/uploads\/2023\/05\/cropped-etrannovilogo-removebg-preview-e1684584979855.png\",\"width\":250,\"height\":54,\"caption\":\"ETRAN Society\"},\"image\":{\"@id\":\"https:\/\/www.etran.rs\/2025\/#\/schema\/logo\/image\/\"}}]}<\/script>\n<!-- \/ Yoast SEO plugin. -->","yoast_head_json":{"title":"Odbori -","robots":{"index":"index","follow":"follow","max-snippet":"max-snippet:-1","max-image-preview":"max-image-preview:large","max-video-preview":"max-video-preview:-1"},"canonical":"https:\/\/www.etran.rs\/2025\/odbori-etrana\/","og_locale":"en_US","og_type":"article","og_title":"Odbori -","og_description":"Nau\u010dni odbor konferencije ETRAN 2025 Predsednici Prof. Vladimir Kati\u0107, Fakultet tehni\u010dkih nauka, Univerzitet u Novom Sadu, Prof. Neboj\u0161a Arsi\u0107, Fakultet tehni\u010dkih nauka, Univerzitet u Pri\u0161tini sa privremenim sedi\u0161tem u Kosovskoj Mitrovici. Potpredsednici Akademik prof. dr Slobodan Vukosavi\u0107, ETF\/SANU, Univerzitet u Beogradu, Prof. dr Neboj\u0161a Mitrovi\u0107, Fakultet tehni\u010dkih nauka, \u010ca\u010dak, Univerzitet u Kragujevcu. Odbor za nau\u010dne &hellip;","og_url":"https:\/\/www.etran.rs\/2025\/odbori-etrana\/","article_modified_time":"2025-04-07T22:10:11+00:00","twitter_card":"summary_large_image","twitter_misc":{"Est. reading time":"3 minutes"},"schema":{"@context":"https:\/\/schema.org","@graph":[{"@type":"WebPage","@id":"https:\/\/www.etran.rs\/2025\/odbori-etrana\/","url":"https:\/\/www.etran.rs\/2025\/odbori-etrana\/","name":"O\u0434\u0431\u043e\u0440\u0438 -","isPartOf":{"@id":"https:\/\/www.etran.rs\/2025\/#website"},"datePublished":"2021-11-23T17:05:10+00:00","dateModified":"2025-04-07T22:10:11+00:00","breadcrumb":{"@id":"https:\/\/www.etran.rs\/2025\/odbori-etrana\/#breadcrumb"},"inLanguage":"en-US","potentialAction":[{"@type":"ReadAction","target":["https:\/\/www.etran.rs\/2025\/odbori-etrana\/"]}]},{"@type":"BreadcrumbList","@id":"https:\/\/www.etran.rs\/2025\/odbori-etrana\/#breadcrumb","itemListElement":[{"@type":"ListItem","position":1,"name":"Home","item":"https:\/\/www.etran.rs\/2025\/en\/home-english\/"},{"@type":"ListItem","position":2,"name":"O\u0434\u0431\u043e\u0440\u0438"}]},{"@type":"WebSite","@id":"https:\/\/www.etran.rs\/2025\/#website","url":"https:\/\/www.etran.rs\/2025\/","name":"IcETRAN 2025","description":"XII IcETRAN Conference 2025 - \u010ca\u010dak, June 9-12, 2025.","publisher":{"@id":"https:\/\/www.etran.rs\/2025\/#organization"},"potentialAction":[{"@type":"SearchAction","target":{"@type":"EntryPoint","urlTemplate":"https:\/\/www.etran.rs\/2025\/?s={search_term_string}"},"query-input":{"@type":"PropertyValueSpecification","valueRequired":true,"valueName":"search_term_string"}}],"inLanguage":"en-US"},{"@type":"Organization","@id":"https:\/\/www.etran.rs\/2025\/#organization","name":"ETRAN Society","alternateName":"ETRAN\/IcETRAN","url":"https:\/\/www.etran.rs\/2025\/","logo":{"@type":"ImageObject","inLanguage":"en-US","@id":"https:\/\/www.etran.rs\/2025\/#\/schema\/logo\/image\/","url":"https:\/\/www.etran.rs\/2025\/wp-content\/uploads\/2023\/05\/cropped-etrannovilogo-removebg-preview-e1684584979855.png","contentUrl":"https:\/\/www.etran.rs\/2025\/wp-content\/uploads\/2023\/05\/cropped-etrannovilogo-removebg-preview-e1684584979855.png","width":250,"height":54,"caption":"ETRAN Society"},"image":{"@id":"https:\/\/www.etran.rs\/2025\/#\/schema\/logo\/image\/"}}]}},"_links":{"self":[{"href":"https:\/\/www.etran.rs\/2025\/wp-json\/wp\/v2\/pages\/893","targetHints":{"allow":["GET"]}}],"collection":[{"href":"https:\/\/www.etran.rs\/2025\/wp-json\/wp\/v2\/pages"}],"about":[{"href":"https:\/\/www.etran.rs\/2025\/wp-json\/wp\/v2\/types\/page"}],"author":[{"embeddable":true,"href":"https:\/\/www.etran.rs\/2025\/wp-json\/wp\/v2\/users\/1"}],"replies":[{"embeddable":true,"href":"https:\/\/www.etran.rs\/2025\/wp-json\/wp\/v2\/comments?post=893"}],"version-history":[{"count":82,"href":"https:\/\/www.etran.rs\/2025\/wp-json\/wp\/v2\/pages\/893\/revisions"}],"predecessor-version":[{"id":5905,"href":"https:\/\/www.etran.rs\/2025\/wp-json\/wp\/v2\/pages\/893\/revisions\/5905"}],"wp:attachment":[{"href":"https:\/\/www.etran.rs\/2025\/wp-json\/wp\/v2\/media?parent=893"}],"curies":[{"name":"wp","href":"https:\/\/api.w.org\/{rel}","templated":true}]}}