{"id":878,"date":"2020-12-25T16:25:03","date_gmt":"2020-12-25T16:25:03","guid":{"rendered":"https:\/\/www.etran.rs\/2021\/?page_id=878"},"modified":"2025-03-27T22:51:08","modified_gmt":"2025-03-27T22:51:08","slug":"uputstvo-za-pripremu-radova-za-konfer","status":"publish","type":"page","link":"https:\/\/www.etran.rs\/2025\/uputstvo-za-pripremu-radova-za-konfer\/","title":{"rendered":"Uputstvo za autore"},"content":{"rendered":"<p>\n\n\n<\/p>\r\n<h4><strong>Uputstvo za pripremu radova za konferenciju ETRAN<\/strong><\/h4>\n\n\n\n<p><p style=\"text-align: justify;\">Za Konferenciju ETRAN mogu se podneti isklju\u010divo radovi koji sadr\u017ee originalne teorijske ili prakti\u010dne rezultate istra\u017eivanja, rezultate primene teorijskih metoda u re\u0161avanju konkretnih in\u017eenjerskih problema i prakti\u010dnih re\u0161enja ili ure\u0111aja. Prihvataju se isklju\u010divo radovi koji nisu prethodno saop\u0161teni, objavljeni ili na neki drugi na\u010din prikazani. Pored radova u tematici postoje\u0107ih stru\u010dnih sekcija Dru\u0161tva za ETRAN autori se pozivaju da prijave i radove posve\u0107ene obrazovanju u oblastima koje pokrivaju sekcije.<\/p>\n<p><a href=\"https:\/\/www.etran.rs\/2025\/uputstvo-za-pripremu-radova-za-konfer-2\/\">Detaljnije<\/a><\/p><\/p>\n\n\n\n<h3 class=\"wp-block-heading\" style=\"text-align: justify;\">Odabir radova<\/h3>\n\n\n\n<p><p style=\"text-align: justify;\">Radovi podneti za Konferenciju podle\u017eu anonimnoj recenziji i kona\u010dnoj proceni nau\u010dnog odbora Konferencije. Prihvatanje rada mo\u017ee da bude uslovno u skladu sa komentarima recenzenata. Kona\u010dna verzija rada u elektronskoj formi (isklju\u010divo .pdf format).<\/p> <p><strong>TEME (Sekcije)<\/strong><\/p> <ul> <li>Elektronika (EL)<\/li> <li>Telekomunikacije (TE)<\/li> <li>Ra\u010dunarstvo (RT)<\/li> <li>Automatika (AU)<\/li> <li>Nuklearna tehnika (NT)<\/li> <li>Akustika (AK)<\/li> <li>Antene i prostiranje (AP)<\/li> <li>Elektri\u010dna kola, elektri\u010dni sistemi i obrada signala (EK)<\/li> <li>Elektroenergetika (EE)<\/li> <li>Biomedicinska tehnika (BT)<\/li> <li>Metrologija (ML)<\/li> <li>Novi materijali (NM)<\/li> <li>Mikroelektronika i optoelektronika (MO)<\/li> <li>Mikrotalasna tehnika, tehnologije i sistemi (MT)<\/li> <li>Robotika i fleksibilna automatizacija (RO)<\/li> <li>Ve\u0161ta\u010dka inteligencija (VI)<\/li> <li>Edukacija<\/li> <\/ul> <p>\u00a0<\/p> <h3 class=\"page-title\">Nagrade za najbolje radove<\/h3> <p>Dru\u0161tvo za ETRAN progla\u0161ava najbolji rad na sekciji uzimaju\u0107i u obzir obe konferencije: ETRAN i IcETRAN. Nagra\u0111enim autorima \u0107e biti ponu\u0111eno da dopune svoje nagra\u0111ene radove i da ih publikuju u me\u0111unarodnom \u010dasopisu:<\/p> <ul> <li>Serbian Journal of Electrical Engineering http:\/\/www.journal.ftn.kg.ac.rs\/(Scopus, Crossref, DOAJ; SIR rang: Q4; MPNTR Srbije rang: M24) i<\/li> <li>Electronics Journal http\/\/els-journal.etf.unibl.org\/ (Scopus, DOAJ: SJR rang: Q4)<\/li> <\/ul> <p><a href=\"https:\/\/www.etran.rs\/2025\/nagrade-za-najbolje-radove\/\">Detaljnije<\/a><\/p><\/p>\n","protected":false},"excerpt":{"rendered":"<p>Uputstvo za pripremu radova za konferenciju ETRAN Za Konferenciju ETRAN mogu se podneti isklju\u010divo radovi koji sadr\u017ee originalne teorijske ili prakti\u010dne rezultate istra\u017eivanja, rezultate primene teorijskih metoda u re\u0161avanju konkretnih in\u017eenjerskih problema i prakti\u010dnih re\u0161enja ili ure\u0111aja. Prihvataju se isklju\u010divo radovi koji nisu prethodno saop\u0161teni, objavljeni ili na neki drugi na\u010din prikazani. Pored radova u &hellip; <\/p>\n","protected":false},"author":1,"featured_media":0,"parent":0,"menu_order":0,"comment_status":"closed","ping_status":"closed","template":"","meta":{"_themeisle_gutenberg_block_has_review":false,"footnotes":""},"class_list":["post-878","page","type-page","status-publish","hentry"],"yoast_head":"<!-- This site is optimized with the Yoast SEO plugin v25.7 - https:\/\/yoast.com\/wordpress\/plugins\/seo\/ -->\n<title>Uputstvo za autore -<\/title>\n<meta name=\"description\" content=\"Za Konferenciju ETRAN mogu se podneti isklju\u010divo radovi koji sadr\u017ee originalne teorijske ili prakti\u010dne rezultate istra\u017eivanja, rezultate primene teorijskih metoda u re\u0161avanju konkretnih in\u017eenjerskih problema i prikaze prakti\u010dnih re\u0161enja ili ure\u0111aja. Prihvataju se isklju\u010divo radovi koji nisu prethodno saop\u0161teni, objavljeni ili na neki drugi na\u010din prikazani. Pored radova u tematici postoje\u0107ih stru\u010dnih sekcija Dru\u0161tva za ETRAN autori se pozivaju da prijave i radove posve\u0107ene obrazovanju u oblastima koje pokrivaju sekcije.\" \/>\n<meta name=\"robots\" content=\"index, follow, max-snippet:-1, max-image-preview:large, max-video-preview:-1\" \/>\n<link rel=\"canonical\" href=\"https:\/\/www.etran.rs\/2025\/uputstvo-za-pripremu-radova-za-konfer\/\" \/>\n<meta property=\"og:locale\" content=\"en_US\" \/>\n<meta property=\"og:type\" content=\"article\" \/>\n<meta property=\"og:title\" content=\"Uputstvo za autore -\" \/>\n<meta property=\"og:description\" content=\"\u0417\u0430 K\u043e\u043d\u0444\u0435\u0440\u0435\u043d\u0446\u0438\u0458\u0443 \u0415\u0422\u0420\u0410\u041d \u043c\u043e\u0433\u0443 \u0441\u0435 \u043f\u043e\u0434\u043d\u0435\u0442\u0438 \u0438\u0441\u043a\u0459\u0443\u0447\u0438\u0432\u043e \u0440\u0430\u0434\u043e\u0432\u0438 \u043a\u043e\u0458\u0438 \u0441\u0430\u0434\u0440\u0436\u0435 \u043e\u0440\u0438\u0433\u0438\u043d\u0430\u043b\u043d\u0435 \u0442\u0435\u043e\u0440\u0438\u0458\u0441\u043a\u0435 \u0438\u043b\u0438 \u043f\u0440\u0430\u043a\u0442\u0438\u0447\u043d\u0435 \u0440\u0435\u0437\u0443\u043b\u0442\u0430\u0442\u0435 \u0438\u0441\u0442\u0440\u0430\u0436\u0438\u0432\u0430\u045a\u0430, \u0440\u0435\u0437\u0443\u043b\u0442\u0430\u0442\u0435 \u043f\u0440\u0438\u043c\u0435\u043d\u0435 \u0442\u0435\u043e\u0440\u0438\u0458\u0441\u043a\u0438\u0445 \u043c\u0435\u0442\u043e\u0434\u0430 \u0443 \u0440\u0435\u0448\u0430\u0432\u0430\u045a\u0443 \u043a\u043e\u043d\u043a\u0440\u0435\u0442\u043d\u0438\u0445 \u0438\u043d\u0436\u0435\u045a\u0435\u0440\u0441\u043a\u0438\u0445 \u043f\u0440\u043e\u0431\u043b\u0435\u043c\u0430 \u0438 \u043f\u0440\u0438\u043a\u0430\u0437\u0435 \u043f\u0440\u0430\u043a\u0442\u0438\u0447\u043d\u0438\u0445 \u0440\u0435\u0448\u0435\u045a\u0430 \u0438\u043b\u0438 \u0443\u0440\u0435\u0452\u0430\u0458\u0430. \u041f\u0440\u0438\u0445\u0432\u0430\u0442\u0430\u0458\u0443 \u0441\u0435 \u0438\u0441\u043a\u0459\u0443\u0447\u0438\u0432\u043e \u0440\u0430\u0434\u043e\u0432\u0438 \u043a\u043e\u0458\u0438 \u043d\u0438\u0441\u0443 \u043f\u0440\u0435\u0442\u0445\u043e\u0434\u043d\u043e \u0441\u0430\u043e\u043f\u0448\u0442\u0435\u043d\u0438, \u043e\u0431\u0458\u0430\u0432\u0459\u0435\u043d\u0438 \u0438\u043b\u0438 \u043d\u0430 \u043d\u0435\u043a\u0438 \u0434\u0440\u0443\u0433\u0438 \u043d\u0430\u0447\u0438\u043d \u043f\u0440\u0438\u043a\u0430\u0437\u0430\u043d\u0438. \u041f\u043e\u0440\u0435\u0434 \u0440\u0430\u0434\u043e\u0432\u0430 \u0443 \u0442\u0435\u043c\u0430\u0442\u0438\u0446\u0438 \u043f\u043e\u0441\u0442\u043e\u0458\u0435\u045b\u0438\u0445 \u0441\u0442\u0440\u0443\u0447\u043d\u0438\u0445 \u0441\u0435\u043a\u0446\u0438\u0458\u0430 \u0414\u0440\u0443\u0448\u0442\u0432\u0430 \u0437\u0430 \u0415\u0422\u0420\u0410\u041d \u0430\u0443\u0442\u043e\u0440\u0438 \u0441\u0435 \u043f\u043e\u0437\u0438\u0432\u0430\u0458\u0443 \u0434\u0430 \u043f\u0440\u0438\u0458\u0430\u0432\u0435 \u0438 \u0440\u0430\u0434\u043e\u0432\u0435 \u043f\u043e\u0441\u0432\u0435\u045b\u0435\u043d\u0435 \u043e\u0431\u0440\u0430\u0437\u043e\u0432\u0430\u045a\u0443 \u0443 \u043e\u0431\u043b\u0430\u0441\u0442\u0438\u043c\u0430 \u043a\u043e\u0458\u0435 \u043f\u043e\u043a\u0440\u0438\u0432\u0430\u0458\u0443 \u0441\u0435\u043a\u0446\u0438\u0458\u0435.\" \/>\n<meta property=\"og:url\" content=\"https:\/\/www.etran.rs\/2025\/uputstvo-za-pripremu-radova-za-konfer\/\" \/>\n<meta property=\"article:modified_time\" content=\"2025-03-27T22:51:08+00:00\" \/>\n<meta name=\"twitter:card\" content=\"summary_large_image\" \/>\n<meta name=\"twitter:label1\" content=\"Est. reading time\" \/>\n\t<meta name=\"twitter:data1\" content=\"2 minutes\" \/>\n<script type=\"application\/ld+json\" class=\"yoast-schema-graph\">{\"@context\":\"https:\/\/schema.org\",\"@graph\":[{\"@type\":\"WebPage\",\"@id\":\"https:\/\/www.etran.rs\/2025\/uputstvo-za-pripremu-radova-za-konfer\/\",\"url\":\"https:\/\/www.etran.rs\/2025\/uputstvo-za-pripremu-radova-za-konfer\/\",\"name\":\"\u0423\u043f\u0443\u0442\u0441\u0442\u0432\u043e \u0437\u0430 \u0430\u0443\u0442\u043e\u0440\u0435 -\",\"isPartOf\":{\"@id\":\"https:\/\/www.etran.rs\/2025\/#website\"},\"datePublished\":\"2020-12-25T16:25:03+00:00\",\"dateModified\":\"2025-03-27T22:51:08+00:00\",\"description\":\"\u0417\u0430 K\u043e\u043d\u0444\u0435\u0440\u0435\u043d\u0446\u0438\u0458\u0443 \u0415\u0422\u0420\u0410\u041d \u043c\u043e\u0433\u0443 \u0441\u0435 \u043f\u043e\u0434\u043d\u0435\u0442\u0438 \u0438\u0441\u043a\u0459\u0443\u0447\u0438\u0432\u043e \u0440\u0430\u0434\u043e\u0432\u0438 \u043a\u043e\u0458\u0438 \u0441\u0430\u0434\u0440\u0436\u0435 \u043e\u0440\u0438\u0433\u0438\u043d\u0430\u043b\u043d\u0435 \u0442\u0435\u043e\u0440\u0438\u0458\u0441\u043a\u0435 \u0438\u043b\u0438 \u043f\u0440\u0430\u043a\u0442\u0438\u0447\u043d\u0435 \u0440\u0435\u0437\u0443\u043b\u0442\u0430\u0442\u0435 \u0438\u0441\u0442\u0440\u0430\u0436\u0438\u0432\u0430\u045a\u0430, \u0440\u0435\u0437\u0443\u043b\u0442\u0430\u0442\u0435 \u043f\u0440\u0438\u043c\u0435\u043d\u0435 \u0442\u0435\u043e\u0440\u0438\u0458\u0441\u043a\u0438\u0445 \u043c\u0435\u0442\u043e\u0434\u0430 \u0443 \u0440\u0435\u0448\u0430\u0432\u0430\u045a\u0443 \u043a\u043e\u043d\u043a\u0440\u0435\u0442\u043d\u0438\u0445 \u0438\u043d\u0436\u0435\u045a\u0435\u0440\u0441\u043a\u0438\u0445 \u043f\u0440\u043e\u0431\u043b\u0435\u043c\u0430 \u0438 \u043f\u0440\u0438\u043a\u0430\u0437\u0435 \u043f\u0440\u0430\u043a\u0442\u0438\u0447\u043d\u0438\u0445 \u0440\u0435\u0448\u0435\u045a\u0430 \u0438\u043b\u0438 \u0443\u0440\u0435\u0452\u0430\u0458\u0430. \u041f\u0440\u0438\u0445\u0432\u0430\u0442\u0430\u0458\u0443 \u0441\u0435 \u0438\u0441\u043a\u0459\u0443\u0447\u0438\u0432\u043e \u0440\u0430\u0434\u043e\u0432\u0438 \u043a\u043e\u0458\u0438 \u043d\u0438\u0441\u0443 \u043f\u0440\u0435\u0442\u0445\u043e\u0434\u043d\u043e \u0441\u0430\u043e\u043f\u0448\u0442\u0435\u043d\u0438, \u043e\u0431\u0458\u0430\u0432\u0459\u0435\u043d\u0438 \u0438\u043b\u0438 \u043d\u0430 \u043d\u0435\u043a\u0438 \u0434\u0440\u0443\u0433\u0438 \u043d\u0430\u0447\u0438\u043d \u043f\u0440\u0438\u043a\u0430\u0437\u0430\u043d\u0438. \u041f\u043e\u0440\u0435\u0434 \u0440\u0430\u0434\u043e\u0432\u0430 \u0443 \u0442\u0435\u043c\u0430\u0442\u0438\u0446\u0438 \u043f\u043e\u0441\u0442\u043e\u0458\u0435\u045b\u0438\u0445 \u0441\u0442\u0440\u0443\u0447\u043d\u0438\u0445 \u0441\u0435\u043a\u0446\u0438\u0458\u0430 \u0414\u0440\u0443\u0448\u0442\u0432\u0430 \u0437\u0430 \u0415\u0422\u0420\u0410\u041d \u0430\u0443\u0442\u043e\u0440\u0438 \u0441\u0435 \u043f\u043e\u0437\u0438\u0432\u0430\u0458\u0443 \u0434\u0430 \u043f\u0440\u0438\u0458\u0430\u0432\u0435 \u0438 \u0440\u0430\u0434\u043e\u0432\u0435 \u043f\u043e\u0441\u0432\u0435\u045b\u0435\u043d\u0435 \u043e\u0431\u0440\u0430\u0437\u043e\u0432\u0430\u045a\u0443 \u0443 \u043e\u0431\u043b\u0430\u0441\u0442\u0438\u043c\u0430 \u043a\u043e\u0458\u0435 \u043f\u043e\u043a\u0440\u0438\u0432\u0430\u0458\u0443 \u0441\u0435\u043a\u0446\u0438\u0458\u0435.\",\"breadcrumb\":{\"@id\":\"https:\/\/www.etran.rs\/2025\/uputstvo-za-pripremu-radova-za-konfer\/#breadcrumb\"},\"inLanguage\":\"en-US\",\"potentialAction\":[{\"@type\":\"ReadAction\",\"target\":[\"https:\/\/www.etran.rs\/2025\/uputstvo-za-pripremu-radova-za-konfer\/\"]}]},{\"@type\":\"BreadcrumbList\",\"@id\":\"https:\/\/www.etran.rs\/2025\/uputstvo-za-pripremu-radova-za-konfer\/#breadcrumb\",\"itemListElement\":[{\"@type\":\"ListItem\",\"position\":1,\"name\":\"Home\",\"item\":\"https:\/\/www.etran.rs\/2025\/en\/home-english\/\"},{\"@type\":\"ListItem\",\"position\":2,\"name\":\"\u0423\u043f\u0443\u0442\u0441\u0442\u0432\u043e \u0437\u0430 \u0430\u0443\u0442\u043e\u0440\u0435\"}]},{\"@type\":\"WebSite\",\"@id\":\"https:\/\/www.etran.rs\/2025\/#website\",\"url\":\"https:\/\/www.etran.rs\/2025\/\",\"name\":\"IcETRAN 2025\",\"description\":\"XII IcETRAN Conference 2025 - \u010ca\u010dak, June 9-12, 2025.\",\"publisher\":{\"@id\":\"https:\/\/www.etran.rs\/2025\/#organization\"},\"potentialAction\":[{\"@type\":\"SearchAction\",\"target\":{\"@type\":\"EntryPoint\",\"urlTemplate\":\"https:\/\/www.etran.rs\/2025\/?s={search_term_string}\"},\"query-input\":{\"@type\":\"PropertyValueSpecification\",\"valueRequired\":true,\"valueName\":\"search_term_string\"}}],\"inLanguage\":\"en-US\"},{\"@type\":\"Organization\",\"@id\":\"https:\/\/www.etran.rs\/2025\/#organization\",\"name\":\"ETRAN Society\",\"alternateName\":\"ETRAN\/IcETRAN\",\"url\":\"https:\/\/www.etran.rs\/2025\/\",\"logo\":{\"@type\":\"ImageObject\",\"inLanguage\":\"en-US\",\"@id\":\"https:\/\/www.etran.rs\/2025\/#\/schema\/logo\/image\/\",\"url\":\"https:\/\/www.etran.rs\/2025\/wp-content\/uploads\/2023\/05\/cropped-etrannovilogo-removebg-preview-e1684584979855.png\",\"contentUrl\":\"https:\/\/www.etran.rs\/2025\/wp-content\/uploads\/2023\/05\/cropped-etrannovilogo-removebg-preview-e1684584979855.png\",\"width\":250,\"height\":54,\"caption\":\"ETRAN Society\"},\"image\":{\"@id\":\"https:\/\/www.etran.rs\/2025\/#\/schema\/logo\/image\/\"}}]}<\/script>\n<!-- \/ Yoast SEO plugin. -->","yoast_head_json":{"title":"Uputstvo za autore -","description":"Za Konferenciju ETRAN mogu se podneti isklju\u010divo radovi koji sadr\u017ee originalne teorijske ili prakti\u010dne rezultate istra\u017eivanja, rezultate primene teorijskih metoda u re\u0161avanju konkretnih in\u017eenjerskih problema i prikaze prakti\u010dnih re\u0161enja ili ure\u0111aja. Prihvataju se isklju\u010divo radovi koji nisu prethodno saop\u0161teni, objavljeni ili na neki drugi na\u010din prikazani. Pored radova u tematici postoje\u0107ih stru\u010dnih sekcija Dru\u0161tva za ETRAN autori se pozivaju da prijave i radove posve\u0107ene obrazovanju u oblastima koje pokrivaju sekcije.","robots":{"index":"index","follow":"follow","max-snippet":"max-snippet:-1","max-image-preview":"max-image-preview:large","max-video-preview":"max-video-preview:-1"},"canonical":"https:\/\/www.etran.rs\/2025\/uputstvo-za-pripremu-radova-za-konfer\/","og_locale":"en_US","og_type":"article","og_title":"Uputstvo za autore -","og_description":"\u0417\u0430 K\u043e\u043d\u0444\u0435\u0440\u0435\u043d\u0446\u0438\u0458\u0443 \u0415\u0422\u0420\u0410\u041d \u043c\u043e\u0433\u0443 \u0441\u0435 \u043f\u043e\u0434\u043d\u0435\u0442\u0438 \u0438\u0441\u043a\u0459\u0443\u0447\u0438\u0432\u043e \u0440\u0430\u0434\u043e\u0432\u0438 \u043a\u043e\u0458\u0438 \u0441\u0430\u0434\u0440\u0436\u0435 \u043e\u0440\u0438\u0433\u0438\u043d\u0430\u043b\u043d\u0435 \u0442\u0435\u043e\u0440\u0438\u0458\u0441\u043a\u0435 \u0438\u043b\u0438 \u043f\u0440\u0430\u043a\u0442\u0438\u0447\u043d\u0435 \u0440\u0435\u0437\u0443\u043b\u0442\u0430\u0442\u0435 \u0438\u0441\u0442\u0440\u0430\u0436\u0438\u0432\u0430\u045a\u0430, \u0440\u0435\u0437\u0443\u043b\u0442\u0430\u0442\u0435 \u043f\u0440\u0438\u043c\u0435\u043d\u0435 \u0442\u0435\u043e\u0440\u0438\u0458\u0441\u043a\u0438\u0445 \u043c\u0435\u0442\u043e\u0434\u0430 \u0443 \u0440\u0435\u0448\u0430\u0432\u0430\u045a\u0443 \u043a\u043e\u043d\u043a\u0440\u0435\u0442\u043d\u0438\u0445 \u0438\u043d\u0436\u0435\u045a\u0435\u0440\u0441\u043a\u0438\u0445 \u043f\u0440\u043e\u0431\u043b\u0435\u043c\u0430 \u0438 \u043f\u0440\u0438\u043a\u0430\u0437\u0435 \u043f\u0440\u0430\u043a\u0442\u0438\u0447\u043d\u0438\u0445 \u0440\u0435\u0448\u0435\u045a\u0430 \u0438\u043b\u0438 \u0443\u0440\u0435\u0452\u0430\u0458\u0430. \u041f\u0440\u0438\u0445\u0432\u0430\u0442\u0430\u0458\u0443 \u0441\u0435 \u0438\u0441\u043a\u0459\u0443\u0447\u0438\u0432\u043e \u0440\u0430\u0434\u043e\u0432\u0438 \u043a\u043e\u0458\u0438 \u043d\u0438\u0441\u0443 \u043f\u0440\u0435\u0442\u0445\u043e\u0434\u043d\u043e \u0441\u0430\u043e\u043f\u0448\u0442\u0435\u043d\u0438, \u043e\u0431\u0458\u0430\u0432\u0459\u0435\u043d\u0438 \u0438\u043b\u0438 \u043d\u0430 \u043d\u0435\u043a\u0438 \u0434\u0440\u0443\u0433\u0438 \u043d\u0430\u0447\u0438\u043d \u043f\u0440\u0438\u043a\u0430\u0437\u0430\u043d\u0438. \u041f\u043e\u0440\u0435\u0434 \u0440\u0430\u0434\u043e\u0432\u0430 \u0443 \u0442\u0435\u043c\u0430\u0442\u0438\u0446\u0438 \u043f\u043e\u0441\u0442\u043e\u0458\u0435\u045b\u0438\u0445 \u0441\u0442\u0440\u0443\u0447\u043d\u0438\u0445 \u0441\u0435\u043a\u0446\u0438\u0458\u0430 \u0414\u0440\u0443\u0448\u0442\u0432\u0430 \u0437\u0430 \u0415\u0422\u0420\u0410\u041d \u0430\u0443\u0442\u043e\u0440\u0438 \u0441\u0435 \u043f\u043e\u0437\u0438\u0432\u0430\u0458\u0443 \u0434\u0430 \u043f\u0440\u0438\u0458\u0430\u0432\u0435 \u0438 \u0440\u0430\u0434\u043e\u0432\u0435 \u043f\u043e\u0441\u0432\u0435\u045b\u0435\u043d\u0435 \u043e\u0431\u0440\u0430\u0437\u043e\u0432\u0430\u045a\u0443 \u0443 \u043e\u0431\u043b\u0430\u0441\u0442\u0438\u043c\u0430 \u043a\u043e\u0458\u0435 \u043f\u043e\u043a\u0440\u0438\u0432\u0430\u0458\u0443 \u0441\u0435\u043a\u0446\u0438\u0458\u0435.","og_url":"https:\/\/www.etran.rs\/2025\/uputstvo-za-pripremu-radova-za-konfer\/","article_modified_time":"2025-03-27T22:51:08+00:00","twitter_card":"summary_large_image","twitter_misc":{"Est. reading time":"2 minutes"},"schema":{"@context":"https:\/\/schema.org","@graph":[{"@type":"WebPage","@id":"https:\/\/www.etran.rs\/2025\/uputstvo-za-pripremu-radova-za-konfer\/","url":"https:\/\/www.etran.rs\/2025\/uputstvo-za-pripremu-radova-za-konfer\/","name":"\u0423\u043f\u0443\u0442\u0441\u0442\u0432\u043e \u0437\u0430 \u0430\u0443\u0442\u043e\u0440\u0435 -","isPartOf":{"@id":"https:\/\/www.etran.rs\/2025\/#website"},"datePublished":"2020-12-25T16:25:03+00:00","dateModified":"2025-03-27T22:51:08+00:00","description":"\u0417\u0430 K\u043e\u043d\u0444\u0435\u0440\u0435\u043d\u0446\u0438\u0458\u0443 \u0415\u0422\u0420\u0410\u041d \u043c\u043e\u0433\u0443 \u0441\u0435 \u043f\u043e\u0434\u043d\u0435\u0442\u0438 \u0438\u0441\u043a\u0459\u0443\u0447\u0438\u0432\u043e \u0440\u0430\u0434\u043e\u0432\u0438 \u043a\u043e\u0458\u0438 \u0441\u0430\u0434\u0440\u0436\u0435 \u043e\u0440\u0438\u0433\u0438\u043d\u0430\u043b\u043d\u0435 \u0442\u0435\u043e\u0440\u0438\u0458\u0441\u043a\u0435 \u0438\u043b\u0438 \u043f\u0440\u0430\u043a\u0442\u0438\u0447\u043d\u0435 \u0440\u0435\u0437\u0443\u043b\u0442\u0430\u0442\u0435 \u0438\u0441\u0442\u0440\u0430\u0436\u0438\u0432\u0430\u045a\u0430, \u0440\u0435\u0437\u0443\u043b\u0442\u0430\u0442\u0435 \u043f\u0440\u0438\u043c\u0435\u043d\u0435 \u0442\u0435\u043e\u0440\u0438\u0458\u0441\u043a\u0438\u0445 \u043c\u0435\u0442\u043e\u0434\u0430 \u0443 \u0440\u0435\u0448\u0430\u0432\u0430\u045a\u0443 \u043a\u043e\u043d\u043a\u0440\u0435\u0442\u043d\u0438\u0445 \u0438\u043d\u0436\u0435\u045a\u0435\u0440\u0441\u043a\u0438\u0445 \u043f\u0440\u043e\u0431\u043b\u0435\u043c\u0430 \u0438 \u043f\u0440\u0438\u043a\u0430\u0437\u0435 \u043f\u0440\u0430\u043a\u0442\u0438\u0447\u043d\u0438\u0445 \u0440\u0435\u0448\u0435\u045a\u0430 \u0438\u043b\u0438 \u0443\u0440\u0435\u0452\u0430\u0458\u0430. \u041f\u0440\u0438\u0445\u0432\u0430\u0442\u0430\u0458\u0443 \u0441\u0435 \u0438\u0441\u043a\u0459\u0443\u0447\u0438\u0432\u043e \u0440\u0430\u0434\u043e\u0432\u0438 \u043a\u043e\u0458\u0438 \u043d\u0438\u0441\u0443 \u043f\u0440\u0435\u0442\u0445\u043e\u0434\u043d\u043e \u0441\u0430\u043e\u043f\u0448\u0442\u0435\u043d\u0438, \u043e\u0431\u0458\u0430\u0432\u0459\u0435\u043d\u0438 \u0438\u043b\u0438 \u043d\u0430 \u043d\u0435\u043a\u0438 \u0434\u0440\u0443\u0433\u0438 \u043d\u0430\u0447\u0438\u043d \u043f\u0440\u0438\u043a\u0430\u0437\u0430\u043d\u0438. \u041f\u043e\u0440\u0435\u0434 \u0440\u0430\u0434\u043e\u0432\u0430 \u0443 \u0442\u0435\u043c\u0430\u0442\u0438\u0446\u0438 \u043f\u043e\u0441\u0442\u043e\u0458\u0435\u045b\u0438\u0445 \u0441\u0442\u0440\u0443\u0447\u043d\u0438\u0445 \u0441\u0435\u043a\u0446\u0438\u0458\u0430 \u0414\u0440\u0443\u0448\u0442\u0432\u0430 \u0437\u0430 \u0415\u0422\u0420\u0410\u041d \u0430\u0443\u0442\u043e\u0440\u0438 \u0441\u0435 \u043f\u043e\u0437\u0438\u0432\u0430\u0458\u0443 \u0434\u0430 \u043f\u0440\u0438\u0458\u0430\u0432\u0435 \u0438 \u0440\u0430\u0434\u043e\u0432\u0435 \u043f\u043e\u0441\u0432\u0435\u045b\u0435\u043d\u0435 \u043e\u0431\u0440\u0430\u0437\u043e\u0432\u0430\u045a\u0443 \u0443 \u043e\u0431\u043b\u0430\u0441\u0442\u0438\u043c\u0430 \u043a\u043e\u0458\u0435 \u043f\u043e\u043a\u0440\u0438\u0432\u0430\u0458\u0443 \u0441\u0435\u043a\u0446\u0438\u0458\u0435.","breadcrumb":{"@id":"https:\/\/www.etran.rs\/2025\/uputstvo-za-pripremu-radova-za-konfer\/#breadcrumb"},"inLanguage":"en-US","potentialAction":[{"@type":"ReadAction","target":["https:\/\/www.etran.rs\/2025\/uputstvo-za-pripremu-radova-za-konfer\/"]}]},{"@type":"BreadcrumbList","@id":"https:\/\/www.etran.rs\/2025\/uputstvo-za-pripremu-radova-za-konfer\/#breadcrumb","itemListElement":[{"@type":"ListItem","position":1,"name":"Home","item":"https:\/\/www.etran.rs\/2025\/en\/home-english\/"},{"@type":"ListItem","position":2,"name":"\u0423\u043f\u0443\u0442\u0441\u0442\u0432\u043e \u0437\u0430 \u0430\u0443\u0442\u043e\u0440\u0435"}]},{"@type":"WebSite","@id":"https:\/\/www.etran.rs\/2025\/#website","url":"https:\/\/www.etran.rs\/2025\/","name":"IcETRAN 2025","description":"XII IcETRAN Conference 2025 - \u010ca\u010dak, June 9-12, 2025.","publisher":{"@id":"https:\/\/www.etran.rs\/2025\/#organization"},"potentialAction":[{"@type":"SearchAction","target":{"@type":"EntryPoint","urlTemplate":"https:\/\/www.etran.rs\/2025\/?s={search_term_string}"},"query-input":{"@type":"PropertyValueSpecification","valueRequired":true,"valueName":"search_term_string"}}],"inLanguage":"en-US"},{"@type":"Organization","@id":"https:\/\/www.etran.rs\/2025\/#organization","name":"ETRAN Society","alternateName":"ETRAN\/IcETRAN","url":"https:\/\/www.etran.rs\/2025\/","logo":{"@type":"ImageObject","inLanguage":"en-US","@id":"https:\/\/www.etran.rs\/2025\/#\/schema\/logo\/image\/","url":"https:\/\/www.etran.rs\/2025\/wp-content\/uploads\/2023\/05\/cropped-etrannovilogo-removebg-preview-e1684584979855.png","contentUrl":"https:\/\/www.etran.rs\/2025\/wp-content\/uploads\/2023\/05\/cropped-etrannovilogo-removebg-preview-e1684584979855.png","width":250,"height":54,"caption":"ETRAN Society"},"image":{"@id":"https:\/\/www.etran.rs\/2025\/#\/schema\/logo\/image\/"}}]}},"_links":{"self":[{"href":"https:\/\/www.etran.rs\/2025\/wp-json\/wp\/v2\/pages\/878","targetHints":{"allow":["GET"]}}],"collection":[{"href":"https:\/\/www.etran.rs\/2025\/wp-json\/wp\/v2\/pages"}],"about":[{"href":"https:\/\/www.etran.rs\/2025\/wp-json\/wp\/v2\/types\/page"}],"author":[{"embeddable":true,"href":"https:\/\/www.etran.rs\/2025\/wp-json\/wp\/v2\/users\/1"}],"replies":[{"embeddable":true,"href":"https:\/\/www.etran.rs\/2025\/wp-json\/wp\/v2\/comments?post=878"}],"version-history":[{"count":42,"href":"https:\/\/www.etran.rs\/2025\/wp-json\/wp\/v2\/pages\/878\/revisions"}],"predecessor-version":[{"id":5789,"href":"https:\/\/www.etran.rs\/2025\/wp-json\/wp\/v2\/pages\/878\/revisions\/5789"}],"wp:attachment":[{"href":"https:\/\/www.etran.rs\/2025\/wp-json\/wp\/v2\/media?parent=878"}],"curies":[{"name":"wp","href":"https:\/\/api.w.org\/{rel}","templated":true}]}}