{"id":6327,"date":"2025-05-30T21:44:54","date_gmt":"2025-05-30T21:44:54","guid":{"rendered":"https:\/\/www.etran.rs\/2025\/?page_id=6327"},"modified":"2025-05-30T21:44:55","modified_gmt":"2025-05-30T21:44:55","slug":"pwo-see-people-planet-progress","status":"publish","type":"page","link":"https:\/\/www.etran.rs\/2025\/pwo-see-people-planet-progress\/","title":{"rendered":"PWO SEE \u2013 People. Planet. Progress."},"content":{"rendered":"\n<div class=\"wp-block-media-text is-stacked-on-mobile is-vertically-aligned-top\" style=\"grid-template-columns:30% auto\"><figure class=\"wp-block-media-text__media\"><img decoding=\"async\" width=\"160\" height=\"79\" src=\"https:\/\/www.etran.rs\/2025\/wp-content\/uploads\/2025\/03\/pwosee.png\" alt=\"\" class=\"wp-image-5729 size-full\"\/><\/figure><div class=\"wp-block-media-text__content\">\n<p>PWO SEE (South East Europe) je deo nema\u010dke PWO Grupe \u2013 jednog od vode\u0107ih globalnih partnera u razvoju i proizvodnji sofisticiranih metalnih komponenti za automobilsku industriju. Sa vi\u0161e od jednog veka iskustva i proizvodnim lokacijama u Evropi, Aziji i Severnoj Americi, PWO kreira re\u0161enja usmerena na elektrifikaciju, bezbednost i komfor savremenih vozila.<\/p>\n\n\n\n<p>Nova fabrika PWO SEE u Srbiji, \u010dije je otvaranje planirano za 3. jul 2025. godine, predstavlja strate\u0161ki iskorak Grupe u jugoisto\u010dnoj Evropi. Opremljena najmodernijom tehnologijom, ova lokacija \u0107e slu\u017eiti kao klju\u010dna ta\u010dka za proizvodnju visoko kompleksnih komponenata koje zadovoljavaju najvi\u0161e industrijske standarde.<\/p>\n\n\n\n<p>Na\u0161 slogan \u2013 People. Planet. Progress. \u2013 jasno oslikava na\u0161e vrednosti i pravac razvoja:<\/p>\n\n\n\n<p>People: Posve\u0107eni smo stvaranju sigurnog, stimulativnog i inkluzivnog radnog okru\u017eenja, ula\u017eu\u0107i u znanje i razvoj zaposlenih.<\/p>\n\n\n\n<p>Planet: Odr\u017eivost je klju\u010dna \u2013 primenjujemo energetski efikasne procese i odgovorno upravljamo resursima.<\/p>\n\n\n\n<p>Progress: Inovacije i stalno unapre\u0111enje omogu\u0107avaju nam da ostanemo ispred potreba tr\u017ei\u0161ta i doprinesemo razvoju mobilnosti budu\u0107nosti.<\/p>\n\n\n\n<p>PWO SEE kombinuje globalne standarde sa lokalnim znanjem, grade\u0107i proizvodni centar koji \u0107e doprineti i industrijskom i dru\u0161tvenom razvoju regiona. Kao deo PWO Grupe, ostajemo dosledni najvi\u0161im principima kvaliteta, odgovornosti i dugoro\u010dnog partnerstva.<\/p>\n<\/div><\/div>\n\n\n\n<div class=\"wp-block-buttons is-layout-flex wp-block-buttons-is-layout-flex\">\n<div class=\"wp-block-button has-custom-width wp-block-button__width-25\"><a class=\"wp-block-button__link has-vivid-green-cyan-background-color has-background wp-element-button\" href=\"http:\/\/www.pwo-group.com\" style=\"border-radius:0px\" target=\"_blank\" rel=\"noreferrer noopener\">SAJT<\/a><\/div>\n<\/div>\n\n\n\n<p><\/p>\n","protected":false},"excerpt":{"rendered":"<p>PWO SEE (South East Europe) je deo nema\u010dke PWO Grupe \u2013 jednog od vode\u0107ih globalnih partnera u razvoju i proizvodnji sofisticiranih metalnih komponenti za automobilsku industriju. Sa vi\u0161e od jednog veka iskustva i proizvodnim lokacijama u Evropi, Aziji i Severnoj Americi, PWO kreira re\u0161enja usmerena na elektrifikaciju, bezbednost i komfor savremenih vozila. Nova fabrika PWO &hellip; <\/p>\n","protected":false},"author":1,"featured_media":0,"parent":0,"menu_order":0,"comment_status":"closed","ping_status":"closed","template":"","meta":{"_themeisle_gutenberg_block_has_review":false,"footnotes":""},"class_list":["post-6327","page","type-page","status-publish","hentry"],"yoast_head":"<!-- This site is optimized with the Yoast SEO plugin v25.7 - https:\/\/yoast.com\/wordpress\/plugins\/seo\/ -->\n<title>PWO SEE \u2013 People. Planet. Progress. -<\/title>\n<meta name=\"robots\" content=\"index, follow, max-snippet:-1, max-image-preview:large, max-video-preview:-1\" \/>\n<link rel=\"canonical\" href=\"https:\/\/www.etran.rs\/2025\/pwo-see-people-planet-progress\/\" \/>\n<meta property=\"og:locale\" content=\"en_US\" \/>\n<meta property=\"og:type\" content=\"article\" \/>\n<meta property=\"og:title\" content=\"PWO SEE \u2013 People. Planet. Progress. -\" \/>\n<meta property=\"og:description\" content=\"PWO SEE (South East Europe) je deo nema\u010dke PWO Grupe \u2013 jednog od vode\u0107ih globalnih partnera u razvoju i proizvodnji sofisticiranih metalnih komponenti za automobilsku industriju. Sa vi\u0161e od jednog veka iskustva i proizvodnim lokacijama u Evropi, Aziji i Severnoj Americi, PWO kreira re\u0161enja usmerena na elektrifikaciju, bezbednost i komfor savremenih vozila. Nova fabrika PWO &hellip;\" \/>\n<meta property=\"og:url\" content=\"https:\/\/www.etran.rs\/2025\/pwo-see-people-planet-progress\/\" \/>\n<meta property=\"article:modified_time\" content=\"2025-05-30T21:44:55+00:00\" \/>\n<meta property=\"og:image\" content=\"https:\/\/www.etran.rs\/2025\/wp-content\/uploads\/2025\/03\/pwosee.png\" \/>\n\t<meta property=\"og:image:width\" content=\"160\" \/>\n\t<meta property=\"og:image:height\" content=\"79\" \/>\n\t<meta property=\"og:image:type\" content=\"image\/png\" \/>\n<meta name=\"twitter:card\" content=\"summary_large_image\" \/>\n<meta name=\"twitter:label1\" content=\"Est. reading time\" \/>\n\t<meta name=\"twitter:data1\" content=\"2 minutes\" \/>\n<script type=\"application\/ld+json\" class=\"yoast-schema-graph\">{\"@context\":\"https:\/\/schema.org\",\"@graph\":[{\"@type\":\"WebPage\",\"@id\":\"https:\/\/www.etran.rs\/2025\/pwo-see-people-planet-progress\/\",\"url\":\"https:\/\/www.etran.rs\/2025\/pwo-see-people-planet-progress\/\",\"name\":\"PWO SEE \u2013 People. Planet. Progress. -\",\"isPartOf\":{\"@id\":\"https:\/\/www.etran.rs\/2025\/#website\"},\"primaryImageOfPage\":{\"@id\":\"https:\/\/www.etran.rs\/2025\/pwo-see-people-planet-progress\/#primaryimage\"},\"image\":{\"@id\":\"https:\/\/www.etran.rs\/2025\/pwo-see-people-planet-progress\/#primaryimage\"},\"thumbnailUrl\":\"https:\/\/www.etran.rs\/2025\/wp-content\/uploads\/2025\/03\/pwosee.png\",\"datePublished\":\"2025-05-30T21:44:54+00:00\",\"dateModified\":\"2025-05-30T21:44:55+00:00\",\"breadcrumb\":{\"@id\":\"https:\/\/www.etran.rs\/2025\/pwo-see-people-planet-progress\/#breadcrumb\"},\"inLanguage\":\"en-US\",\"potentialAction\":[{\"@type\":\"ReadAction\",\"target\":[\"https:\/\/www.etran.rs\/2025\/pwo-see-people-planet-progress\/\"]}]},{\"@type\":\"ImageObject\",\"inLanguage\":\"en-US\",\"@id\":\"https:\/\/www.etran.rs\/2025\/pwo-see-people-planet-progress\/#primaryimage\",\"url\":\"https:\/\/www.etran.rs\/2025\/wp-content\/uploads\/2025\/03\/pwosee.png\",\"contentUrl\":\"https:\/\/www.etran.rs\/2025\/wp-content\/uploads\/2025\/03\/pwosee.png\",\"width\":160,\"height\":79},{\"@type\":\"BreadcrumbList\",\"@id\":\"https:\/\/www.etran.rs\/2025\/pwo-see-people-planet-progress\/#breadcrumb\",\"itemListElement\":[{\"@type\":\"ListItem\",\"position\":1,\"name\":\"Home\",\"item\":\"https:\/\/www.etran.rs\/2025\/en\/home-english\/\"},{\"@type\":\"ListItem\",\"position\":2,\"name\":\"PWO SEE \u2013 People. Planet. Progress.\"}]},{\"@type\":\"WebSite\",\"@id\":\"https:\/\/www.etran.rs\/2025\/#website\",\"url\":\"https:\/\/www.etran.rs\/2025\/\",\"name\":\"IcETRAN 2025\",\"description\":\"XII IcETRAN Conference 2025 - \u010ca\u010dak, June 9-12, 2025.\",\"publisher\":{\"@id\":\"https:\/\/www.etran.rs\/2025\/#organization\"},\"potentialAction\":[{\"@type\":\"SearchAction\",\"target\":{\"@type\":\"EntryPoint\",\"urlTemplate\":\"https:\/\/www.etran.rs\/2025\/?s={search_term_string}\"},\"query-input\":{\"@type\":\"PropertyValueSpecification\",\"valueRequired\":true,\"valueName\":\"search_term_string\"}}],\"inLanguage\":\"en-US\"},{\"@type\":\"Organization\",\"@id\":\"https:\/\/www.etran.rs\/2025\/#organization\",\"name\":\"ETRAN Society\",\"alternateName\":\"ETRAN\/IcETRAN\",\"url\":\"https:\/\/www.etran.rs\/2025\/\",\"logo\":{\"@type\":\"ImageObject\",\"inLanguage\":\"en-US\",\"@id\":\"https:\/\/www.etran.rs\/2025\/#\/schema\/logo\/image\/\",\"url\":\"https:\/\/www.etran.rs\/2025\/wp-content\/uploads\/2023\/05\/cropped-etrannovilogo-removebg-preview-e1684584979855.png\",\"contentUrl\":\"https:\/\/www.etran.rs\/2025\/wp-content\/uploads\/2023\/05\/cropped-etrannovilogo-removebg-preview-e1684584979855.png\",\"width\":250,\"height\":54,\"caption\":\"ETRAN Society\"},\"image\":{\"@id\":\"https:\/\/www.etran.rs\/2025\/#\/schema\/logo\/image\/\"}}]}<\/script>\n<!-- \/ Yoast SEO plugin. -->","yoast_head_json":{"title":"PWO SEE \u2013 People. Planet. Progress. -","robots":{"index":"index","follow":"follow","max-snippet":"max-snippet:-1","max-image-preview":"max-image-preview:large","max-video-preview":"max-video-preview:-1"},"canonical":"https:\/\/www.etran.rs\/2025\/pwo-see-people-planet-progress\/","og_locale":"en_US","og_type":"article","og_title":"PWO SEE \u2013 People. Planet. Progress. -","og_description":"PWO SEE (South East Europe) je deo nema\u010dke PWO Grupe \u2013 jednog od vode\u0107ih globalnih partnera u razvoju i proizvodnji sofisticiranih metalnih komponenti za automobilsku industriju. Sa vi\u0161e od jednog veka iskustva i proizvodnim lokacijama u Evropi, Aziji i Severnoj Americi, PWO kreira re\u0161enja usmerena na elektrifikaciju, bezbednost i komfor savremenih vozila. Nova fabrika PWO &hellip;","og_url":"https:\/\/www.etran.rs\/2025\/pwo-see-people-planet-progress\/","article_modified_time":"2025-05-30T21:44:55+00:00","og_image":[{"width":160,"height":79,"url":"https:\/\/www.etran.rs\/2025\/wp-content\/uploads\/2025\/03\/pwosee.png","type":"image\/png"}],"twitter_card":"summary_large_image","twitter_misc":{"Est. reading time":"2 minutes"},"schema":{"@context":"https:\/\/schema.org","@graph":[{"@type":"WebPage","@id":"https:\/\/www.etran.rs\/2025\/pwo-see-people-planet-progress\/","url":"https:\/\/www.etran.rs\/2025\/pwo-see-people-planet-progress\/","name":"PWO SEE \u2013 People. Planet. Progress. -","isPartOf":{"@id":"https:\/\/www.etran.rs\/2025\/#website"},"primaryImageOfPage":{"@id":"https:\/\/www.etran.rs\/2025\/pwo-see-people-planet-progress\/#primaryimage"},"image":{"@id":"https:\/\/www.etran.rs\/2025\/pwo-see-people-planet-progress\/#primaryimage"},"thumbnailUrl":"https:\/\/www.etran.rs\/2025\/wp-content\/uploads\/2025\/03\/pwosee.png","datePublished":"2025-05-30T21:44:54+00:00","dateModified":"2025-05-30T21:44:55+00:00","breadcrumb":{"@id":"https:\/\/www.etran.rs\/2025\/pwo-see-people-planet-progress\/#breadcrumb"},"inLanguage":"en-US","potentialAction":[{"@type":"ReadAction","target":["https:\/\/www.etran.rs\/2025\/pwo-see-people-planet-progress\/"]}]},{"@type":"ImageObject","inLanguage":"en-US","@id":"https:\/\/www.etran.rs\/2025\/pwo-see-people-planet-progress\/#primaryimage","url":"https:\/\/www.etran.rs\/2025\/wp-content\/uploads\/2025\/03\/pwosee.png","contentUrl":"https:\/\/www.etran.rs\/2025\/wp-content\/uploads\/2025\/03\/pwosee.png","width":160,"height":79},{"@type":"BreadcrumbList","@id":"https:\/\/www.etran.rs\/2025\/pwo-see-people-planet-progress\/#breadcrumb","itemListElement":[{"@type":"ListItem","position":1,"name":"Home","item":"https:\/\/www.etran.rs\/2025\/en\/home-english\/"},{"@type":"ListItem","position":2,"name":"PWO SEE \u2013 People. Planet. Progress."}]},{"@type":"WebSite","@id":"https:\/\/www.etran.rs\/2025\/#website","url":"https:\/\/www.etran.rs\/2025\/","name":"IcETRAN 2025","description":"XII IcETRAN Conference 2025 - \u010ca\u010dak, June 9-12, 2025.","publisher":{"@id":"https:\/\/www.etran.rs\/2025\/#organization"},"potentialAction":[{"@type":"SearchAction","target":{"@type":"EntryPoint","urlTemplate":"https:\/\/www.etran.rs\/2025\/?s={search_term_string}"},"query-input":{"@type":"PropertyValueSpecification","valueRequired":true,"valueName":"search_term_string"}}],"inLanguage":"en-US"},{"@type":"Organization","@id":"https:\/\/www.etran.rs\/2025\/#organization","name":"ETRAN Society","alternateName":"ETRAN\/IcETRAN","url":"https:\/\/www.etran.rs\/2025\/","logo":{"@type":"ImageObject","inLanguage":"en-US","@id":"https:\/\/www.etran.rs\/2025\/#\/schema\/logo\/image\/","url":"https:\/\/www.etran.rs\/2025\/wp-content\/uploads\/2023\/05\/cropped-etrannovilogo-removebg-preview-e1684584979855.png","contentUrl":"https:\/\/www.etran.rs\/2025\/wp-content\/uploads\/2023\/05\/cropped-etrannovilogo-removebg-preview-e1684584979855.png","width":250,"height":54,"caption":"ETRAN Society"},"image":{"@id":"https:\/\/www.etran.rs\/2025\/#\/schema\/logo\/image\/"}}]}},"_links":{"self":[{"href":"https:\/\/www.etran.rs\/2025\/wp-json\/wp\/v2\/pages\/6327","targetHints":{"allow":["GET"]}}],"collection":[{"href":"https:\/\/www.etran.rs\/2025\/wp-json\/wp\/v2\/pages"}],"about":[{"href":"https:\/\/www.etran.rs\/2025\/wp-json\/wp\/v2\/types\/page"}],"author":[{"embeddable":true,"href":"https:\/\/www.etran.rs\/2025\/wp-json\/wp\/v2\/users\/1"}],"replies":[{"embeddable":true,"href":"https:\/\/www.etran.rs\/2025\/wp-json\/wp\/v2\/comments?post=6327"}],"version-history":[{"count":2,"href":"https:\/\/www.etran.rs\/2025\/wp-json\/wp\/v2\/pages\/6327\/revisions"}],"predecessor-version":[{"id":6329,"href":"https:\/\/www.etran.rs\/2025\/wp-json\/wp\/v2\/pages\/6327\/revisions\/6329"}],"wp:attachment":[{"href":"https:\/\/www.etran.rs\/2025\/wp-json\/wp\/v2\/media?parent=6327"}],"curies":[{"name":"wp","href":"https:\/\/api.w.org\/{rel}","templated":true}]}}