{"id":6168,"date":"2025-05-22T13:21:55","date_gmt":"2025-05-22T13:21:55","guid":{"rendered":"https:\/\/www.etran.rs\/2025\/?page_id=6168"},"modified":"2025-05-22T13:22:02","modified_gmt":"2025-05-22T13:22:02","slug":"sne-energy-doo","status":"publish","type":"page","link":"https:\/\/www.etran.rs\/2025\/sne-energy-doo\/","title":{"rendered":"SNE ENERGY DOO"},"content":{"rendered":"\n<div class=\"wp-block-media-text is-stacked-on-mobile\" style=\"grid-template-columns:30% auto\"><figure class=\"wp-block-media-text__media\"><img fetchpriority=\"high\" decoding=\"async\" width=\"1024\" height=\"314\" src=\"https:\/\/www.etran.rs\/2025\/wp-content\/uploads\/2025\/03\/novi_logo_SNE-1024x314.jpg\" alt=\"\" class=\"wp-image-5762 size-full\" srcset=\"https:\/\/www.etran.rs\/2025\/wp-content\/uploads\/2025\/03\/novi_logo_SNE-1024x314.jpg 1024w, https:\/\/www.etran.rs\/2025\/wp-content\/uploads\/2025\/03\/novi_logo_SNE-300x92.jpg 300w, https:\/\/www.etran.rs\/2025\/wp-content\/uploads\/2025\/03\/novi_logo_SNE-768x236.jpg 768w, https:\/\/www.etran.rs\/2025\/wp-content\/uploads\/2025\/03\/novi_logo_SNE.jpg 1174w\" sizes=\"(max-width: 1024px) 100vw, 1024px\" \/><\/figure><div class=\"wp-block-media-text__content\">\n<p>SNE ENERGY DOO, osnovana 2011. godine u \u010ca\u010dku, specijalizovana je za proizvodnju srednjenaponskih elektroenergetskih postrojenja prema licenci Schneider Electric. Po\u010deli smo s proizvodnjom SM6 i RM6 postrojenja za Srbiju 2012. godine, a 2017. smo pro\u0161irili asortiman sa SM6 36 postrojenjima i dobili licencu za jugoisto\u010dnu Evropu. Po\u010detkom 2024. dobili smo licencu za SM AirSeT i po\u010deli sa proizvodnjom SF6 free postrojenja.<\/p>\n\n\n\n<p>Na\u0161a kompanija je prepoznatljiv brend zahvaljuju\u0107i konstantnom usavr\u0161avanju, ulaganju u kadrove, inovativnim re\u0161enjima i pra\u0107enju tr\u017ei\u0161nih trendova. Nudimo proizvode visokog kvaliteta za sekundarnu distribuciju srednjeg napona, kao i tehni\u010dku podr\u0161ku, fabri\u010dko ispitivanje, obuku kadrova i servis opreme. Na\u0161 cilj je ispunjenje i nadma\u0161ivanje zahteva korisnika, gra\u0111enje poverenja i pouzdanih poslovnih odnosa. Kontinuirano ula\u017eemo u tehni\u010dka znanja i iskustvo kako bismo osigurali vrhunske proizvode i usluge.<\/p>\n<\/div><\/div>\n","protected":false},"excerpt":{"rendered":"<p>SNE ENERGY DOO, osnovana 2011. godine u \u010ca\u010dku, specijalizovana je za proizvodnju srednjenaponskih elektroenergetskih postrojenja prema licenci Schneider Electric. Po\u010deli smo s proizvodnjom SM6 i RM6 postrojenja za Srbiju 2012. godine, a 2017. smo pro\u0161irili asortiman sa SM6 36 postrojenjima i dobili licencu za jugoisto\u010dnu Evropu. Po\u010detkom 2024. dobili smo licencu za SM AirSeT i &hellip; <\/p>\n","protected":false},"author":1,"featured_media":6174,"parent":0,"menu_order":0,"comment_status":"closed","ping_status":"closed","template":"","meta":{"_themeisle_gutenberg_block_has_review":false,"footnotes":""},"class_list":["post-6168","page","type-page","status-publish","has-post-thumbnail","hentry"],"yoast_head":"<!-- This site is optimized with the Yoast SEO plugin v25.7 - https:\/\/yoast.com\/wordpress\/plugins\/seo\/ -->\n<title>SNE ENERGY DOO -<\/title>\n<meta name=\"robots\" content=\"index, follow, max-snippet:-1, max-image-preview:large, max-video-preview:-1\" \/>\n<link rel=\"canonical\" href=\"https:\/\/www.etran.rs\/2025\/sne-energy-doo\/\" \/>\n<meta property=\"og:locale\" content=\"en_US\" \/>\n<meta property=\"og:type\" content=\"article\" \/>\n<meta property=\"og:title\" content=\"SNE ENERGY DOO -\" \/>\n<meta property=\"og:description\" content=\"SNE ENERGY DOO, osnovana 2011. godine u \u010ca\u010dku, specijalizovana je za proizvodnju srednjenaponskih elektroenergetskih postrojenja prema licenci Schneider Electric. Po\u010deli smo s proizvodnjom SM6 i RM6 postrojenja za Srbiju 2012. godine, a 2017. smo pro\u0161irili asortiman sa SM6 36 postrojenjima i dobili licencu za jugoisto\u010dnu Evropu. Po\u010detkom 2024. dobili smo licencu za SM AirSeT i &hellip;\" \/>\n<meta property=\"og:url\" content=\"https:\/\/www.etran.rs\/2025\/sne-energy-doo\/\" \/>\n<meta property=\"article:modified_time\" content=\"2025-05-22T13:22:02+00:00\" \/>\n<meta property=\"og:image\" content=\"https:\/\/www.etran.rs\/2025\/wp-content\/uploads\/2025\/03\/novi_logo_SNE.jpg\" \/>\n\t<meta property=\"og:image:width\" content=\"1174\" \/>\n\t<meta property=\"og:image:height\" content=\"360\" \/>\n\t<meta property=\"og:image:type\" content=\"image\/jpeg\" \/>\n<meta name=\"twitter:card\" content=\"summary_large_image\" \/>\n<meta name=\"twitter:label1\" content=\"Est. reading time\" \/>\n\t<meta name=\"twitter:data1\" content=\"1 minute\" \/>\n<script type=\"application\/ld+json\" class=\"yoast-schema-graph\">{\"@context\":\"https:\/\/schema.org\",\"@graph\":[{\"@type\":\"WebPage\",\"@id\":\"https:\/\/www.etran.rs\/2025\/sne-energy-doo\/\",\"url\":\"https:\/\/www.etran.rs\/2025\/sne-energy-doo\/\",\"name\":\"SNE ENERGY DOO -\",\"isPartOf\":{\"@id\":\"https:\/\/www.etran.rs\/2025\/#website\"},\"primaryImageOfPage\":{\"@id\":\"https:\/\/www.etran.rs\/2025\/sne-energy-doo\/#primaryimage\"},\"image\":{\"@id\":\"https:\/\/www.etran.rs\/2025\/sne-energy-doo\/#primaryimage\"},\"thumbnailUrl\":\"https:\/\/www.etran.rs\/2025\/wp-content\/uploads\/2025\/05\/SNE.png\",\"datePublished\":\"2025-05-22T13:21:55+00:00\",\"dateModified\":\"2025-05-22T13:22:02+00:00\",\"breadcrumb\":{\"@id\":\"https:\/\/www.etran.rs\/2025\/sne-energy-doo\/#breadcrumb\"},\"inLanguage\":\"en-US\",\"potentialAction\":[{\"@type\":\"ReadAction\",\"target\":[\"https:\/\/www.etran.rs\/2025\/sne-energy-doo\/\"]}]},{\"@type\":\"ImageObject\",\"inLanguage\":\"en-US\",\"@id\":\"https:\/\/www.etran.rs\/2025\/sne-energy-doo\/#primaryimage\",\"url\":\"https:\/\/www.etran.rs\/2025\/wp-content\/uploads\/2025\/05\/SNE.png\",\"contentUrl\":\"https:\/\/www.etran.rs\/2025\/wp-content\/uploads\/2025\/05\/SNE.png\",\"width\":587,\"height\":197},{\"@type\":\"BreadcrumbList\",\"@id\":\"https:\/\/www.etran.rs\/2025\/sne-energy-doo\/#breadcrumb\",\"itemListElement\":[{\"@type\":\"ListItem\",\"position\":1,\"name\":\"Home\",\"item\":\"https:\/\/www.etran.rs\/2025\/en\/home-english\/\"},{\"@type\":\"ListItem\",\"position\":2,\"name\":\"SNE ENERGY DOO\"}]},{\"@type\":\"WebSite\",\"@id\":\"https:\/\/www.etran.rs\/2025\/#website\",\"url\":\"https:\/\/www.etran.rs\/2025\/\",\"name\":\"IcETRAN 2025\",\"description\":\"XII IcETRAN Conference 2025 - \u010ca\u010dak, June 9-12, 2025.\",\"publisher\":{\"@id\":\"https:\/\/www.etran.rs\/2025\/#organization\"},\"potentialAction\":[{\"@type\":\"SearchAction\",\"target\":{\"@type\":\"EntryPoint\",\"urlTemplate\":\"https:\/\/www.etran.rs\/2025\/?s={search_term_string}\"},\"query-input\":{\"@type\":\"PropertyValueSpecification\",\"valueRequired\":true,\"valueName\":\"search_term_string\"}}],\"inLanguage\":\"en-US\"},{\"@type\":\"Organization\",\"@id\":\"https:\/\/www.etran.rs\/2025\/#organization\",\"name\":\"ETRAN Society\",\"alternateName\":\"ETRAN\/IcETRAN\",\"url\":\"https:\/\/www.etran.rs\/2025\/\",\"logo\":{\"@type\":\"ImageObject\",\"inLanguage\":\"en-US\",\"@id\":\"https:\/\/www.etran.rs\/2025\/#\/schema\/logo\/image\/\",\"url\":\"https:\/\/www.etran.rs\/2025\/wp-content\/uploads\/2023\/05\/cropped-etrannovilogo-removebg-preview-e1684584979855.png\",\"contentUrl\":\"https:\/\/www.etran.rs\/2025\/wp-content\/uploads\/2023\/05\/cropped-etrannovilogo-removebg-preview-e1684584979855.png\",\"width\":250,\"height\":54,\"caption\":\"ETRAN Society\"},\"image\":{\"@id\":\"https:\/\/www.etran.rs\/2025\/#\/schema\/logo\/image\/\"}}]}<\/script>\n<!-- \/ Yoast SEO plugin. -->","yoast_head_json":{"title":"SNE ENERGY DOO -","robots":{"index":"index","follow":"follow","max-snippet":"max-snippet:-1","max-image-preview":"max-image-preview:large","max-video-preview":"max-video-preview:-1"},"canonical":"https:\/\/www.etran.rs\/2025\/sne-energy-doo\/","og_locale":"en_US","og_type":"article","og_title":"SNE ENERGY DOO -","og_description":"SNE ENERGY DOO, osnovana 2011. godine u \u010ca\u010dku, specijalizovana je za proizvodnju srednjenaponskih elektroenergetskih postrojenja prema licenci Schneider Electric. Po\u010deli smo s proizvodnjom SM6 i RM6 postrojenja za Srbiju 2012. godine, a 2017. smo pro\u0161irili asortiman sa SM6 36 postrojenjima i dobili licencu za jugoisto\u010dnu Evropu. Po\u010detkom 2024. dobili smo licencu za SM AirSeT i &hellip;","og_url":"https:\/\/www.etran.rs\/2025\/sne-energy-doo\/","article_modified_time":"2025-05-22T13:22:02+00:00","og_image":[{"width":1174,"height":360,"url":"https:\/\/www.etran.rs\/2025\/wp-content\/uploads\/2025\/03\/novi_logo_SNE.jpg","type":"image\/jpeg"}],"twitter_card":"summary_large_image","twitter_misc":{"Est. reading time":"1 minute"},"schema":{"@context":"https:\/\/schema.org","@graph":[{"@type":"WebPage","@id":"https:\/\/www.etran.rs\/2025\/sne-energy-doo\/","url":"https:\/\/www.etran.rs\/2025\/sne-energy-doo\/","name":"SNE ENERGY DOO -","isPartOf":{"@id":"https:\/\/www.etran.rs\/2025\/#website"},"primaryImageOfPage":{"@id":"https:\/\/www.etran.rs\/2025\/sne-energy-doo\/#primaryimage"},"image":{"@id":"https:\/\/www.etran.rs\/2025\/sne-energy-doo\/#primaryimage"},"thumbnailUrl":"https:\/\/www.etran.rs\/2025\/wp-content\/uploads\/2025\/05\/SNE.png","datePublished":"2025-05-22T13:21:55+00:00","dateModified":"2025-05-22T13:22:02+00:00","breadcrumb":{"@id":"https:\/\/www.etran.rs\/2025\/sne-energy-doo\/#breadcrumb"},"inLanguage":"en-US","potentialAction":[{"@type":"ReadAction","target":["https:\/\/www.etran.rs\/2025\/sne-energy-doo\/"]}]},{"@type":"ImageObject","inLanguage":"en-US","@id":"https:\/\/www.etran.rs\/2025\/sne-energy-doo\/#primaryimage","url":"https:\/\/www.etran.rs\/2025\/wp-content\/uploads\/2025\/05\/SNE.png","contentUrl":"https:\/\/www.etran.rs\/2025\/wp-content\/uploads\/2025\/05\/SNE.png","width":587,"height":197},{"@type":"BreadcrumbList","@id":"https:\/\/www.etran.rs\/2025\/sne-energy-doo\/#breadcrumb","itemListElement":[{"@type":"ListItem","position":1,"name":"Home","item":"https:\/\/www.etran.rs\/2025\/en\/home-english\/"},{"@type":"ListItem","position":2,"name":"SNE ENERGY DOO"}]},{"@type":"WebSite","@id":"https:\/\/www.etran.rs\/2025\/#website","url":"https:\/\/www.etran.rs\/2025\/","name":"IcETRAN 2025","description":"XII IcETRAN Conference 2025 - \u010ca\u010dak, June 9-12, 2025.","publisher":{"@id":"https:\/\/www.etran.rs\/2025\/#organization"},"potentialAction":[{"@type":"SearchAction","target":{"@type":"EntryPoint","urlTemplate":"https:\/\/www.etran.rs\/2025\/?s={search_term_string}"},"query-input":{"@type":"PropertyValueSpecification","valueRequired":true,"valueName":"search_term_string"}}],"inLanguage":"en-US"},{"@type":"Organization","@id":"https:\/\/www.etran.rs\/2025\/#organization","name":"ETRAN Society","alternateName":"ETRAN\/IcETRAN","url":"https:\/\/www.etran.rs\/2025\/","logo":{"@type":"ImageObject","inLanguage":"en-US","@id":"https:\/\/www.etran.rs\/2025\/#\/schema\/logo\/image\/","url":"https:\/\/www.etran.rs\/2025\/wp-content\/uploads\/2023\/05\/cropped-etrannovilogo-removebg-preview-e1684584979855.png","contentUrl":"https:\/\/www.etran.rs\/2025\/wp-content\/uploads\/2023\/05\/cropped-etrannovilogo-removebg-preview-e1684584979855.png","width":250,"height":54,"caption":"ETRAN Society"},"image":{"@id":"https:\/\/www.etran.rs\/2025\/#\/schema\/logo\/image\/"}}]}},"_links":{"self":[{"href":"https:\/\/www.etran.rs\/2025\/wp-json\/wp\/v2\/pages\/6168","targetHints":{"allow":["GET"]}}],"collection":[{"href":"https:\/\/www.etran.rs\/2025\/wp-json\/wp\/v2\/pages"}],"about":[{"href":"https:\/\/www.etran.rs\/2025\/wp-json\/wp\/v2\/types\/page"}],"author":[{"embeddable":true,"href":"https:\/\/www.etran.rs\/2025\/wp-json\/wp\/v2\/users\/1"}],"replies":[{"embeddable":true,"href":"https:\/\/www.etran.rs\/2025\/wp-json\/wp\/v2\/comments?post=6168"}],"version-history":[{"count":1,"href":"https:\/\/www.etran.rs\/2025\/wp-json\/wp\/v2\/pages\/6168\/revisions"}],"predecessor-version":[{"id":6172,"href":"https:\/\/www.etran.rs\/2025\/wp-json\/wp\/v2\/pages\/6168\/revisions\/6172"}],"wp:featuredmedia":[{"embeddable":true,"href":"https:\/\/www.etran.rs\/2025\/wp-json\/wp\/v2\/media\/6174"}],"wp:attachment":[{"href":"https:\/\/www.etran.rs\/2025\/wp-json\/wp\/v2\/media?parent=6168"}],"curies":[{"name":"wp","href":"https:\/\/api.w.org\/{rel}","templated":true}]}}