{"id":6024,"date":"2025-05-05T20:24:59","date_gmt":"2025-05-05T20:24:59","guid":{"rendered":"https:\/\/www.etran.rs\/2025\/?page_id=6024"},"modified":"2025-05-05T20:29:09","modified_gmt":"2025-05-05T20:29:09","slug":"stax-2","status":"publish","type":"page","link":"https:\/\/www.etran.rs\/2025\/stax-2\/","title":{"rendered":"STAX"},"content":{"rendered":"\n<div class=\"wp-block-media-text is-stacked-on-mobile is-vertically-aligned-top\" style=\"grid-template-columns:30% auto\"><figure class=\"wp-block-media-text__media\"><img decoding=\"async\" width=\"145\" height=\"145\" src=\"https:\/\/www.etran.rs\/2025\/wp-content\/uploads\/2025\/05\/stax.png\" alt=\"\" class=\"wp-image-6025 size-full\"\/><\/figure><div class=\"wp-block-media-text__content\">\n<p>STAX Technologies je vode\u0107a kompanija u oblasti industrije pakovanja papirnih proizvoda. Od osnivanja 2002. godine, na\u0161 fokus je na razvoju i proizvodnji inovativnih ma\u0161ina za pakovanje toalet papira, kuhinjskih ubrusa, maramica i srodnih proizvoda. Kroz neprekidne inovacije i tehnolo\u0161ki napredak, postavili smo visoke standarde u industriji i danas zapo\u0161ljavamo 487 stru\u010dnjaka razli\u010ditih profila.<\/p>\n\n\n\n<p>STAX Technologies je deo BW Converting grupe, koja okuplja \u0161est brendova specijalizovanih za industriju konverzije i pakovanja. Ova saradnja nam omogu\u0107ava da kombinujemo inovativnu snagu sa bogatim znanjem i iskustvom drugih kompanija unutar grupe, \u010dime dodatno unapre\u0111ujemo na\u0161a industrijska re\u0161enja i proizvodne kapacitete.<\/p>\n\n\n\n<p>Na\u0161a ekspertiza le\u017ei u razvoju automatizovanih re\u0161enja koja optimizuju i ubrzavaju proces pakovanja. Fokusirani smo na robotiku, automatizaciju i napredne IT sisteme, \u010dime omogu\u0107avamo efikasnije i inteligentnije industrijske procese. Uz \u0161irok spektar ma\u0161ina koje razvijamo \u2013 od ure\u0111aja za pakovanje i paletizaciju do sistema za transport proizvoda \u2013 STAX pru\u017ea kompletna re\u0161enja prilago\u0111ena potrebama kupaca \u0161irom sveta.<\/p>\n\n\n\n<p>Pored inovacija u industriji, posve\u0107eni smo i edukaciji budu\u0107ih stru\u010dnjaka kroz STAX Akademiju. Ovaj program je rezultat partnerstva sa obrazovnim institucijama i omogu\u0107ava mladim talentima da steknu sertifikate i prakti\u010dna znanja neophodna za rad u industriji automatizacije i pakovanja. Kroz ovu inicijativu doprinosimo razvoju lokalne zajednice i obezbe\u0111ujemo kontinuirani priliv stru\u010dnih kadrova.<\/p>\n\n\n\n<p>Danas, STAX Technologies je sinonim za kvalitet, inovacije i tehnolo\u0161ku izvrsnost. Nastavljamo da razvijamo napredna re\u0161enja koja pomeraju granice industrije i postavljaju nove standarde u pakovanju papirnih proizvoda.<\/p>\n<\/div><\/div>\n\n\n\n<div class=\"wp-block-buttons is-layout-flex wp-block-buttons-is-layout-flex\">\n<div class=\"wp-block-button has-custom-width wp-block-button__width-25\"><a class=\"wp-block-button__link has-vivid-green-cyan-background-color has-background wp-element-button\" href=\"https:\/\/staxtechnologies.com\/\" style=\"border-radius:0px\">SAJT<\/a><\/div>\n<\/div>\n","protected":false},"excerpt":{"rendered":"<p>STAX Technologies je vode\u0107a kompanija u oblasti industrije pakovanja papirnih proizvoda. Od osnivanja 2002. godine, na\u0161 fokus je na razvoju i proizvodnji inovativnih ma\u0161ina za pakovanje toalet papira, kuhinjskih ubrusa, maramica i srodnih proizvoda. Kroz neprekidne inovacije i tehnolo\u0161ki napredak, postavili smo visoke standarde u industriji i danas zapo\u0161ljavamo 487 stru\u010dnjaka razli\u010ditih profila. STAX Technologies &hellip; <\/p>\n","protected":false},"author":1,"featured_media":6025,"parent":0,"menu_order":0,"comment_status":"closed","ping_status":"closed","template":"","meta":{"_themeisle_gutenberg_block_has_review":false,"footnotes":""},"class_list":["post-6024","page","type-page","status-publish","has-post-thumbnail","hentry"],"yoast_head":"<!-- This site is optimized with the Yoast SEO plugin v25.7 - https:\/\/yoast.com\/wordpress\/plugins\/seo\/ -->\n<title>STAX -<\/title>\n<meta name=\"robots\" content=\"index, follow, max-snippet:-1, max-image-preview:large, max-video-preview:-1\" \/>\n<link rel=\"canonical\" href=\"https:\/\/www.etran.rs\/2025\/stax-2\/\" \/>\n<meta property=\"og:locale\" content=\"en_US\" \/>\n<meta property=\"og:type\" content=\"article\" \/>\n<meta property=\"og:title\" content=\"STAX -\" \/>\n<meta property=\"og:description\" content=\"STAX Technologies je vode\u0107a kompanija u oblasti industrije pakovanja papirnih proizvoda. Od osnivanja 2002. godine, na\u0161 fokus je na razvoju i proizvodnji inovativnih ma\u0161ina za pakovanje toalet papira, kuhinjskih ubrusa, maramica i srodnih proizvoda. Kroz neprekidne inovacije i tehnolo\u0161ki napredak, postavili smo visoke standarde u industriji i danas zapo\u0161ljavamo 487 stru\u010dnjaka razli\u010ditih profila. STAX Technologies &hellip;\" \/>\n<meta property=\"og:url\" content=\"https:\/\/www.etran.rs\/2025\/stax-2\/\" \/>\n<meta property=\"article:modified_time\" content=\"2025-05-05T20:29:09+00:00\" \/>\n<meta property=\"og:image\" content=\"https:\/\/www.etran.rs\/2025\/wp-content\/uploads\/2025\/05\/stax.png\" \/>\n\t<meta property=\"og:image:width\" content=\"145\" \/>\n\t<meta property=\"og:image:height\" content=\"145\" \/>\n\t<meta property=\"og:image:type\" content=\"image\/png\" \/>\n<meta name=\"twitter:card\" content=\"summary_large_image\" \/>\n<meta name=\"twitter:label1\" content=\"Est. reading time\" \/>\n\t<meta name=\"twitter:data1\" content=\"2 minutes\" \/>\n<script type=\"application\/ld+json\" class=\"yoast-schema-graph\">{\"@context\":\"https:\/\/schema.org\",\"@graph\":[{\"@type\":\"WebPage\",\"@id\":\"https:\/\/www.etran.rs\/2025\/stax-2\/\",\"url\":\"https:\/\/www.etran.rs\/2025\/stax-2\/\",\"name\":\"STAX -\",\"isPartOf\":{\"@id\":\"https:\/\/www.etran.rs\/2025\/#website\"},\"primaryImageOfPage\":{\"@id\":\"https:\/\/www.etran.rs\/2025\/stax-2\/#primaryimage\"},\"image\":{\"@id\":\"https:\/\/www.etran.rs\/2025\/stax-2\/#primaryimage\"},\"thumbnailUrl\":\"https:\/\/www.etran.rs\/2025\/wp-content\/uploads\/2025\/05\/stax.png\",\"datePublished\":\"2025-05-05T20:24:59+00:00\",\"dateModified\":\"2025-05-05T20:29:09+00:00\",\"breadcrumb\":{\"@id\":\"https:\/\/www.etran.rs\/2025\/stax-2\/#breadcrumb\"},\"inLanguage\":\"en-US\",\"potentialAction\":[{\"@type\":\"ReadAction\",\"target\":[\"https:\/\/www.etran.rs\/2025\/stax-2\/\"]}]},{\"@type\":\"ImageObject\",\"inLanguage\":\"en-US\",\"@id\":\"https:\/\/www.etran.rs\/2025\/stax-2\/#primaryimage\",\"url\":\"https:\/\/www.etran.rs\/2025\/wp-content\/uploads\/2025\/05\/stax.png\",\"contentUrl\":\"https:\/\/www.etran.rs\/2025\/wp-content\/uploads\/2025\/05\/stax.png\",\"width\":145,\"height\":145},{\"@type\":\"BreadcrumbList\",\"@id\":\"https:\/\/www.etran.rs\/2025\/stax-2\/#breadcrumb\",\"itemListElement\":[{\"@type\":\"ListItem\",\"position\":1,\"name\":\"Home\",\"item\":\"https:\/\/www.etran.rs\/2025\/en\/home-english\/\"},{\"@type\":\"ListItem\",\"position\":2,\"name\":\"STAX\"}]},{\"@type\":\"WebSite\",\"@id\":\"https:\/\/www.etran.rs\/2025\/#website\",\"url\":\"https:\/\/www.etran.rs\/2025\/\",\"name\":\"IcETRAN 2025\",\"description\":\"XII IcETRAN Conference 2025 - \u010ca\u010dak, June 9-12, 2025.\",\"publisher\":{\"@id\":\"https:\/\/www.etran.rs\/2025\/#organization\"},\"potentialAction\":[{\"@type\":\"SearchAction\",\"target\":{\"@type\":\"EntryPoint\",\"urlTemplate\":\"https:\/\/www.etran.rs\/2025\/?s={search_term_string}\"},\"query-input\":{\"@type\":\"PropertyValueSpecification\",\"valueRequired\":true,\"valueName\":\"search_term_string\"}}],\"inLanguage\":\"en-US\"},{\"@type\":\"Organization\",\"@id\":\"https:\/\/www.etran.rs\/2025\/#organization\",\"name\":\"ETRAN Society\",\"alternateName\":\"ETRAN\/IcETRAN\",\"url\":\"https:\/\/www.etran.rs\/2025\/\",\"logo\":{\"@type\":\"ImageObject\",\"inLanguage\":\"en-US\",\"@id\":\"https:\/\/www.etran.rs\/2025\/#\/schema\/logo\/image\/\",\"url\":\"https:\/\/www.etran.rs\/2025\/wp-content\/uploads\/2023\/05\/cropped-etrannovilogo-removebg-preview-e1684584979855.png\",\"contentUrl\":\"https:\/\/www.etran.rs\/2025\/wp-content\/uploads\/2023\/05\/cropped-etrannovilogo-removebg-preview-e1684584979855.png\",\"width\":250,\"height\":54,\"caption\":\"ETRAN Society\"},\"image\":{\"@id\":\"https:\/\/www.etran.rs\/2025\/#\/schema\/logo\/image\/\"}}]}<\/script>\n<!-- \/ Yoast SEO plugin. -->","yoast_head_json":{"title":"STAX -","robots":{"index":"index","follow":"follow","max-snippet":"max-snippet:-1","max-image-preview":"max-image-preview:large","max-video-preview":"max-video-preview:-1"},"canonical":"https:\/\/www.etran.rs\/2025\/stax-2\/","og_locale":"en_US","og_type":"article","og_title":"STAX -","og_description":"STAX Technologies je vode\u0107a kompanija u oblasti industrije pakovanja papirnih proizvoda. Od osnivanja 2002. godine, na\u0161 fokus je na razvoju i proizvodnji inovativnih ma\u0161ina za pakovanje toalet papira, kuhinjskih ubrusa, maramica i srodnih proizvoda. Kroz neprekidne inovacije i tehnolo\u0161ki napredak, postavili smo visoke standarde u industriji i danas zapo\u0161ljavamo 487 stru\u010dnjaka razli\u010ditih profila. STAX Technologies &hellip;","og_url":"https:\/\/www.etran.rs\/2025\/stax-2\/","article_modified_time":"2025-05-05T20:29:09+00:00","og_image":[{"width":145,"height":145,"url":"https:\/\/www.etran.rs\/2025\/wp-content\/uploads\/2025\/05\/stax.png","type":"image\/png"}],"twitter_card":"summary_large_image","twitter_misc":{"Est. reading time":"2 minutes"},"schema":{"@context":"https:\/\/schema.org","@graph":[{"@type":"WebPage","@id":"https:\/\/www.etran.rs\/2025\/stax-2\/","url":"https:\/\/www.etran.rs\/2025\/stax-2\/","name":"STAX -","isPartOf":{"@id":"https:\/\/www.etran.rs\/2025\/#website"},"primaryImageOfPage":{"@id":"https:\/\/www.etran.rs\/2025\/stax-2\/#primaryimage"},"image":{"@id":"https:\/\/www.etran.rs\/2025\/stax-2\/#primaryimage"},"thumbnailUrl":"https:\/\/www.etran.rs\/2025\/wp-content\/uploads\/2025\/05\/stax.png","datePublished":"2025-05-05T20:24:59+00:00","dateModified":"2025-05-05T20:29:09+00:00","breadcrumb":{"@id":"https:\/\/www.etran.rs\/2025\/stax-2\/#breadcrumb"},"inLanguage":"en-US","potentialAction":[{"@type":"ReadAction","target":["https:\/\/www.etran.rs\/2025\/stax-2\/"]}]},{"@type":"ImageObject","inLanguage":"en-US","@id":"https:\/\/www.etran.rs\/2025\/stax-2\/#primaryimage","url":"https:\/\/www.etran.rs\/2025\/wp-content\/uploads\/2025\/05\/stax.png","contentUrl":"https:\/\/www.etran.rs\/2025\/wp-content\/uploads\/2025\/05\/stax.png","width":145,"height":145},{"@type":"BreadcrumbList","@id":"https:\/\/www.etran.rs\/2025\/stax-2\/#breadcrumb","itemListElement":[{"@type":"ListItem","position":1,"name":"Home","item":"https:\/\/www.etran.rs\/2025\/en\/home-english\/"},{"@type":"ListItem","position":2,"name":"STAX"}]},{"@type":"WebSite","@id":"https:\/\/www.etran.rs\/2025\/#website","url":"https:\/\/www.etran.rs\/2025\/","name":"IcETRAN 2025","description":"XII IcETRAN Conference 2025 - \u010ca\u010dak, June 9-12, 2025.","publisher":{"@id":"https:\/\/www.etran.rs\/2025\/#organization"},"potentialAction":[{"@type":"SearchAction","target":{"@type":"EntryPoint","urlTemplate":"https:\/\/www.etran.rs\/2025\/?s={search_term_string}"},"query-input":{"@type":"PropertyValueSpecification","valueRequired":true,"valueName":"search_term_string"}}],"inLanguage":"en-US"},{"@type":"Organization","@id":"https:\/\/www.etran.rs\/2025\/#organization","name":"ETRAN Society","alternateName":"ETRAN\/IcETRAN","url":"https:\/\/www.etran.rs\/2025\/","logo":{"@type":"ImageObject","inLanguage":"en-US","@id":"https:\/\/www.etran.rs\/2025\/#\/schema\/logo\/image\/","url":"https:\/\/www.etran.rs\/2025\/wp-content\/uploads\/2023\/05\/cropped-etrannovilogo-removebg-preview-e1684584979855.png","contentUrl":"https:\/\/www.etran.rs\/2025\/wp-content\/uploads\/2023\/05\/cropped-etrannovilogo-removebg-preview-e1684584979855.png","width":250,"height":54,"caption":"ETRAN Society"},"image":{"@id":"https:\/\/www.etran.rs\/2025\/#\/schema\/logo\/image\/"}}]}},"_links":{"self":[{"href":"https:\/\/www.etran.rs\/2025\/wp-json\/wp\/v2\/pages\/6024","targetHints":{"allow":["GET"]}}],"collection":[{"href":"https:\/\/www.etran.rs\/2025\/wp-json\/wp\/v2\/pages"}],"about":[{"href":"https:\/\/www.etran.rs\/2025\/wp-json\/wp\/v2\/types\/page"}],"author":[{"embeddable":true,"href":"https:\/\/www.etran.rs\/2025\/wp-json\/wp\/v2\/users\/1"}],"replies":[{"embeddable":true,"href":"https:\/\/www.etran.rs\/2025\/wp-json\/wp\/v2\/comments?post=6024"}],"version-history":[{"count":2,"href":"https:\/\/www.etran.rs\/2025\/wp-json\/wp\/v2\/pages\/6024\/revisions"}],"predecessor-version":[{"id":6032,"href":"https:\/\/www.etran.rs\/2025\/wp-json\/wp\/v2\/pages\/6024\/revisions\/6032"}],"wp:featuredmedia":[{"embeddable":true,"href":"https:\/\/www.etran.rs\/2025\/wp-json\/wp\/v2\/media\/6025"}],"wp:attachment":[{"href":"https:\/\/www.etran.rs\/2025\/wp-json\/wp\/v2\/media?parent=6024"}],"curies":[{"name":"wp","href":"https:\/\/api.w.org\/{rel}","templated":true}]}}