{"id":5940,"date":"2025-04-19T21:20:49","date_gmt":"2025-04-19T21:20:49","guid":{"rendered":"https:\/\/www.etran.rs\/2025\/?page_id=5940"},"modified":"2025-05-30T21:48:12","modified_gmt":"2025-05-30T21:48:12","slug":"kodar-2","status":"publish","type":"page","link":"https:\/\/www.etran.rs\/2025\/kodar-2\/","title":{"rendered":"KODAR"},"content":{"rendered":"\n<div class=\"wp-block-media-text is-stacked-on-mobile is-vertically-aligned-top\" style=\"grid-template-columns:30% auto\"><figure class=\"wp-block-media-text__media\"><img fetchpriority=\"high\" decoding=\"async\" width=\"380\" height=\"142\" src=\"https:\/\/www.etran.rs\/2025\/wp-content\/uploads\/2025\/04\/KODAR_Logo_bez_Pozadine_svg_ef6f4c.svg\" alt=\"\" class=\"wp-image-5936 size-full\"\/><\/figure><div class=\"wp-block-media-text__content\">\n<p><strong>Mi smo Kodar Energomonta\u017ea<\/strong> \u2013 jedna od vode\u0107ih EPC (Engineering, Procurement, Construction) kompanija u jugoisto\u010dnoj Evropi.<\/p>\n\n\n\n<p>Na\u0161 fokus je na <strong>projektovanju, izgradnji i pu\u0161tanju u rad infrastrukturnih objekata<\/strong>, sa posebnim naglaskom na <strong>obnovljive izvore energije<\/strong>, kao \u0161to su <strong>solarne elektrane i vetroparkovi<\/strong>.<\/p>\n\n\n\n<p>Tako\u0111e, realizujemo i <strong>klju\u010dne projekte u oblasti prenosa i distribucije elektri\u010dne energije<\/strong>, \u0161to izme\u0111u ostalog podrazumeva izgradnju <strong>trafostanica, nadzemnih i podzemnih kablovskih vodova i dalekovoda svih naponskih nivoa do 400kV<\/strong>.<\/p>\n\n\n\n<p>Pored energetike, uspe\u0161no radimo i na projektima iz oblasti be\u017ei\u010dnih i opti\u010dkih <strong>telekomunikacija<\/strong>, poput izgradnje <strong>baznih stanica, Data centara, opti\u010dkih mre\u017ea (FTTH, FTTC i FTTB) i opti\u010dkih koaksijalnih mre\u017ea (HFC).<\/strong><\/p>\n\n\n\n<p>Na\u0161a snaga le\u017ei u <strong>timu od preko 800 zaposlenih<\/strong> koji rade \u0161irom Evrope \u2013 od Srbije do Holandije. Povezuje nas strast prema tehnologiji, spremnost na inovacije i \u017eelja da gradimo objekte koji oblikuju odr\u017eivu budu\u0107nost.<\/p>\n\n\n\n<p>\ud83d\udca1 <strong>Za\u0161to je Kodar pravo mesto za vas?<\/strong><\/p>\n\n\n\n<ul class=\"wp-block-list\">\n<li><strong>Rad na izazovnim projektima<\/strong> koji pomeraju granice dosada\u0161njih re\u0161enja u energetici i infrastrukturi.<\/li>\n\n\n\n<li><strong>Mentorska podr\u0161ka<\/strong> za sve novozaposlene \u2013 jer znamo da se najbolje u\u010di uz one koji su pro\u0161li isti put.<\/li>\n\n\n\n<li><strong>Mogu\u0107nosti rada u zemlji i inostranstvu<\/strong>, uz sticanje dragocenog iskustva u multikulturalnom i tehni\u010dki naprednom okru\u017eenju.<\/li>\n\n\n\n<li><strong>Fleksibilni oblici rada<\/strong>, tamo gde pozicija to dozvoljava \u2013 jer po\u0161tujemo ravnote\u017eu izme\u0111u li\u010dnog i profesionalnog \u017eivota.<\/li>\n\n\n\n<li><strong>Privatno zdravstveno osiguranje<\/strong>, obuke iz engleskog jezika i kontinuirane prilike za profesionalno usavr\u0161avanje i napredovanje.<\/li>\n<\/ul>\n\n\n\n<p>Ako ste <strong>student zavr\u0161ne godine fakulteta<\/strong>, ovo je savr\u0161en trenutak da razmislite o svojoj budu\u0107nosti. \ud83d\udccd <strong>Vidimo se 10. juna 2025. godine na ETRAN konferenciji \u2013 \u0161tand Kodar Energomonta\u017ee.<\/strong><br>Upoznajte na\u0161 tim, otkrijte projekte na kojima radimo i saznajte kako izgleda graditi budu\u0107nost zajedno s nama.<\/p>\n<\/div><\/div>\n\n\n\n<div class=\"wp-block-buttons is-layout-flex wp-block-buttons-is-layout-flex\">\n<div class=\"wp-block-button has-custom-width wp-block-button__width-25\"><a class=\"wp-block-button__link has-vivid-green-cyan-background-color has-background wp-element-button\" href=\"http:\/\/www.kodar.rs\" style=\"border-radius:0px\" target=\"_blank\" rel=\"noreferrer noopener\">SAJT<\/a><\/div>\n<\/div>\n","protected":false},"excerpt":{"rendered":"","protected":false},"author":1,"featured_media":6018,"parent":0,"menu_order":0,"comment_status":"closed","ping_status":"closed","template":"","meta":{"_themeisle_gutenberg_block_has_review":false,"footnotes":""},"class_list":["post-5940","page","type-page","status-publish","has-post-thumbnail","hentry"],"yoast_head":"<!-- This site is optimized with the Yoast SEO plugin v25.7 - https:\/\/yoast.com\/wordpress\/plugins\/seo\/ -->\n<title>KODAR -<\/title>\n<meta name=\"robots\" content=\"index, follow, max-snippet:-1, max-image-preview:large, max-video-preview:-1\" \/>\n<link rel=\"canonical\" href=\"https:\/\/www.etran.rs\/2025\/kodar-2\/\" \/>\n<meta property=\"og:locale\" content=\"en_US\" \/>\n<meta property=\"og:type\" content=\"article\" \/>\n<meta property=\"og:title\" content=\"KODAR -\" \/>\n<meta property=\"og:url\" content=\"https:\/\/www.etran.rs\/2025\/kodar-2\/\" \/>\n<meta property=\"article:modified_time\" content=\"2025-05-30T21:48:12+00:00\" \/>\n<meta property=\"og:image\" content=\"https:\/\/www.etran.rs\/2025\/wp-content\/uploads\/2025\/04\/Untitled2.jpg\" \/>\n\t<meta property=\"og:image:width\" content=\"1600\" \/>\n\t<meta property=\"og:image:height\" content=\"900\" \/>\n\t<meta property=\"og:image:type\" content=\"image\/jpeg\" \/>\n<meta name=\"twitter:card\" content=\"summary_large_image\" \/>\n<meta name=\"twitter:label1\" content=\"Est. reading time\" \/>\n\t<meta name=\"twitter:data1\" content=\"2 minutes\" \/>\n<script type=\"application\/ld+json\" class=\"yoast-schema-graph\">{\"@context\":\"https:\/\/schema.org\",\"@graph\":[{\"@type\":\"WebPage\",\"@id\":\"https:\/\/www.etran.rs\/2025\/kodar-2\/\",\"url\":\"https:\/\/www.etran.rs\/2025\/kodar-2\/\",\"name\":\"KODAR -\",\"isPartOf\":{\"@id\":\"https:\/\/www.etran.rs\/2025\/#website\"},\"primaryImageOfPage\":{\"@id\":\"https:\/\/www.etran.rs\/2025\/kodar-2\/#primaryimage\"},\"image\":{\"@id\":\"https:\/\/www.etran.rs\/2025\/kodar-2\/#primaryimage\"},\"thumbnailUrl\":\"https:\/\/www.etran.rs\/2025\/wp-content\/uploads\/2025\/04\/Untitled2.jpg\",\"datePublished\":\"2025-04-19T21:20:49+00:00\",\"dateModified\":\"2025-05-30T21:48:12+00:00\",\"breadcrumb\":{\"@id\":\"https:\/\/www.etran.rs\/2025\/kodar-2\/#breadcrumb\"},\"inLanguage\":\"en-US\",\"potentialAction\":[{\"@type\":\"ReadAction\",\"target\":[\"https:\/\/www.etran.rs\/2025\/kodar-2\/\"]}]},{\"@type\":\"ImageObject\",\"inLanguage\":\"en-US\",\"@id\":\"https:\/\/www.etran.rs\/2025\/kodar-2\/#primaryimage\",\"url\":\"https:\/\/www.etran.rs\/2025\/wp-content\/uploads\/2025\/04\/Untitled2.jpg\",\"contentUrl\":\"https:\/\/www.etran.rs\/2025\/wp-content\/uploads\/2025\/04\/Untitled2.jpg\",\"width\":1600,\"height\":900},{\"@type\":\"BreadcrumbList\",\"@id\":\"https:\/\/www.etran.rs\/2025\/kodar-2\/#breadcrumb\",\"itemListElement\":[{\"@type\":\"ListItem\",\"position\":1,\"name\":\"Home\",\"item\":\"https:\/\/www.etran.rs\/2025\/en\/home-english\/\"},{\"@type\":\"ListItem\",\"position\":2,\"name\":\"KODAR\"}]},{\"@type\":\"WebSite\",\"@id\":\"https:\/\/www.etran.rs\/2025\/#website\",\"url\":\"https:\/\/www.etran.rs\/2025\/\",\"name\":\"IcETRAN 2025\",\"description\":\"XII IcETRAN Conference 2025 - \u010ca\u010dak, June 9-12, 2025.\",\"publisher\":{\"@id\":\"https:\/\/www.etran.rs\/2025\/#organization\"},\"potentialAction\":[{\"@type\":\"SearchAction\",\"target\":{\"@type\":\"EntryPoint\",\"urlTemplate\":\"https:\/\/www.etran.rs\/2025\/?s={search_term_string}\"},\"query-input\":{\"@type\":\"PropertyValueSpecification\",\"valueRequired\":true,\"valueName\":\"search_term_string\"}}],\"inLanguage\":\"en-US\"},{\"@type\":\"Organization\",\"@id\":\"https:\/\/www.etran.rs\/2025\/#organization\",\"name\":\"ETRAN Society\",\"alternateName\":\"ETRAN\/IcETRAN\",\"url\":\"https:\/\/www.etran.rs\/2025\/\",\"logo\":{\"@type\":\"ImageObject\",\"inLanguage\":\"en-US\",\"@id\":\"https:\/\/www.etran.rs\/2025\/#\/schema\/logo\/image\/\",\"url\":\"https:\/\/www.etran.rs\/2025\/wp-content\/uploads\/2023\/05\/cropped-etrannovilogo-removebg-preview-e1684584979855.png\",\"contentUrl\":\"https:\/\/www.etran.rs\/2025\/wp-content\/uploads\/2023\/05\/cropped-etrannovilogo-removebg-preview-e1684584979855.png\",\"width\":250,\"height\":54,\"caption\":\"ETRAN Society\"},\"image\":{\"@id\":\"https:\/\/www.etran.rs\/2025\/#\/schema\/logo\/image\/\"}}]}<\/script>\n<!-- \/ Yoast SEO plugin. -->","yoast_head_json":{"title":"KODAR -","robots":{"index":"index","follow":"follow","max-snippet":"max-snippet:-1","max-image-preview":"max-image-preview:large","max-video-preview":"max-video-preview:-1"},"canonical":"https:\/\/www.etran.rs\/2025\/kodar-2\/","og_locale":"en_US","og_type":"article","og_title":"KODAR -","og_url":"https:\/\/www.etran.rs\/2025\/kodar-2\/","article_modified_time":"2025-05-30T21:48:12+00:00","og_image":[{"width":1600,"height":900,"url":"https:\/\/www.etran.rs\/2025\/wp-content\/uploads\/2025\/04\/Untitled2.jpg","type":"image\/jpeg"}],"twitter_card":"summary_large_image","twitter_misc":{"Est. reading time":"2 minutes"},"schema":{"@context":"https:\/\/schema.org","@graph":[{"@type":"WebPage","@id":"https:\/\/www.etran.rs\/2025\/kodar-2\/","url":"https:\/\/www.etran.rs\/2025\/kodar-2\/","name":"KODAR -","isPartOf":{"@id":"https:\/\/www.etran.rs\/2025\/#website"},"primaryImageOfPage":{"@id":"https:\/\/www.etran.rs\/2025\/kodar-2\/#primaryimage"},"image":{"@id":"https:\/\/www.etran.rs\/2025\/kodar-2\/#primaryimage"},"thumbnailUrl":"https:\/\/www.etran.rs\/2025\/wp-content\/uploads\/2025\/04\/Untitled2.jpg","datePublished":"2025-04-19T21:20:49+00:00","dateModified":"2025-05-30T21:48:12+00:00","breadcrumb":{"@id":"https:\/\/www.etran.rs\/2025\/kodar-2\/#breadcrumb"},"inLanguage":"en-US","potentialAction":[{"@type":"ReadAction","target":["https:\/\/www.etran.rs\/2025\/kodar-2\/"]}]},{"@type":"ImageObject","inLanguage":"en-US","@id":"https:\/\/www.etran.rs\/2025\/kodar-2\/#primaryimage","url":"https:\/\/www.etran.rs\/2025\/wp-content\/uploads\/2025\/04\/Untitled2.jpg","contentUrl":"https:\/\/www.etran.rs\/2025\/wp-content\/uploads\/2025\/04\/Untitled2.jpg","width":1600,"height":900},{"@type":"BreadcrumbList","@id":"https:\/\/www.etran.rs\/2025\/kodar-2\/#breadcrumb","itemListElement":[{"@type":"ListItem","position":1,"name":"Home","item":"https:\/\/www.etran.rs\/2025\/en\/home-english\/"},{"@type":"ListItem","position":2,"name":"KODAR"}]},{"@type":"WebSite","@id":"https:\/\/www.etran.rs\/2025\/#website","url":"https:\/\/www.etran.rs\/2025\/","name":"IcETRAN 2025","description":"XII IcETRAN Conference 2025 - \u010ca\u010dak, June 9-12, 2025.","publisher":{"@id":"https:\/\/www.etran.rs\/2025\/#organization"},"potentialAction":[{"@type":"SearchAction","target":{"@type":"EntryPoint","urlTemplate":"https:\/\/www.etran.rs\/2025\/?s={search_term_string}"},"query-input":{"@type":"PropertyValueSpecification","valueRequired":true,"valueName":"search_term_string"}}],"inLanguage":"en-US"},{"@type":"Organization","@id":"https:\/\/www.etran.rs\/2025\/#organization","name":"ETRAN Society","alternateName":"ETRAN\/IcETRAN","url":"https:\/\/www.etran.rs\/2025\/","logo":{"@type":"ImageObject","inLanguage":"en-US","@id":"https:\/\/www.etran.rs\/2025\/#\/schema\/logo\/image\/","url":"https:\/\/www.etran.rs\/2025\/wp-content\/uploads\/2023\/05\/cropped-etrannovilogo-removebg-preview-e1684584979855.png","contentUrl":"https:\/\/www.etran.rs\/2025\/wp-content\/uploads\/2023\/05\/cropped-etrannovilogo-removebg-preview-e1684584979855.png","width":250,"height":54,"caption":"ETRAN Society"},"image":{"@id":"https:\/\/www.etran.rs\/2025\/#\/schema\/logo\/image\/"}}]}},"_links":{"self":[{"href":"https:\/\/www.etran.rs\/2025\/wp-json\/wp\/v2\/pages\/5940","targetHints":{"allow":["GET"]}}],"collection":[{"href":"https:\/\/www.etran.rs\/2025\/wp-json\/wp\/v2\/pages"}],"about":[{"href":"https:\/\/www.etran.rs\/2025\/wp-json\/wp\/v2\/types\/page"}],"author":[{"embeddable":true,"href":"https:\/\/www.etran.rs\/2025\/wp-json\/wp\/v2\/users\/1"}],"replies":[{"embeddable":true,"href":"https:\/\/www.etran.rs\/2025\/wp-json\/wp\/v2\/comments?post=5940"}],"version-history":[{"count":6,"href":"https:\/\/www.etran.rs\/2025\/wp-json\/wp\/v2\/pages\/5940\/revisions"}],"predecessor-version":[{"id":6331,"href":"https:\/\/www.etran.rs\/2025\/wp-json\/wp\/v2\/pages\/5940\/revisions\/6331"}],"wp:featuredmedia":[{"embeddable":true,"href":"https:\/\/www.etran.rs\/2025\/wp-json\/wp\/v2\/media\/6018"}],"wp:attachment":[{"href":"https:\/\/www.etran.rs\/2025\/wp-json\/wp\/v2\/media?parent=5940"}],"curies":[{"name":"wp","href":"https:\/\/api.w.org\/{rel}","templated":true}]}}