{"id":5868,"date":"2025-04-01T17:49:36","date_gmt":"2025-04-01T17:49:36","guid":{"rendered":"https:\/\/www.etran.rs\/2025\/?page_id=5868"},"modified":"2025-04-01T17:52:19","modified_gmt":"2025-04-01T17:52:19","slug":"quantox-technology","status":"publish","type":"page","link":"https:\/\/www.etran.rs\/2025\/quantox-technology\/","title":{"rendered":"QUANTOX Technology"},"content":{"rendered":"\n<div class=\"wp-block-media-text is-stacked-on-mobile is-vertically-aligned-top\" style=\"grid-template-columns:33% auto\"><figure class=\"wp-block-media-text__media\"><img fetchpriority=\"high\" decoding=\"async\" width=\"305\" height=\"210\" src=\"https:\/\/www.etran.rs\/2025\/wp-content\/uploads\/2025\/04\/logo_quantox_1.png\" alt=\"\" class=\"wp-image-5869 size-full\" srcset=\"https:\/\/www.etran.rs\/2025\/wp-content\/uploads\/2025\/04\/logo_quantox_1.png 305w, https:\/\/www.etran.rs\/2025\/wp-content\/uploads\/2025\/04\/logo_quantox_1-300x207.png 300w\" sizes=\"(max-width: 305px) 100vw, 305px\" \/><\/figure><div class=\"wp-block-media-text__content\">\n<p>Sa vi\u0161e od dve decenije iskustva u industriji razvoja softverskih re\u0161enja, kompanija Quantox Technology je prepoznatljiv lider u pru\u017eanju tehnologija budu\u0107nosti. Na\u0161a firma je osnovana sa jasnom vizijom da postavimo nove standarde u svetu tehnologije, pru\u017eaju\u0107i vrhunska re\u0161enja koja omogu\u0107avaju na\u0161im klijentima da ostvare svoje poslovne ciljeve. Sa sedi\u0161tem u Srbiji, trenutno imamo 13&nbsp; kancelarija u 7 zemalja, a na\u0161e globalno prisustvo omogu\u0107ava nam da budemo u korak sa potrebama tr\u017ei\u0161ta \u0161irom sveta.<\/p>\n\n\n\n<p>Realizovali smo vi\u0161e od 300 uspe\u0161nih projekata \u0161irom sveta i&nbsp; postavljali visoke standarde u pru\u017eanju usluga razvoja softverskih re\u0161enja, AI &amp; Data sistema, cybersecurity-a, cloud computing-a i mobilnih aplikacija. Na\u0161a posve\u0107enost inovacijama i sposobnost da prepoznamo nove tehnologije omogu\u0107ile su nam da budemo lideri u industriji. Kroz na\u0161 rad kreiramo re\u0161enja koja ne samo da zadovoljavaju potrebe na\u0161ih klijenata, ve\u0107 ih \u010desto stavljaju korak ispred konkurencije, istovremeno postavljaju\u0107i nove industrijske standarde.<\/p>\n\n\n\n<p>Na\u0161 tim je dinami\u010dan, stru\u010dan i prilagodljiv. Sa vi\u0161e od 500 IT stru\u010dnjaka i in\u017eenjera, svakodnevno ula\u017eemo u razvoj na\u0161ih ljudi. Njihova stru\u010dnost, posve\u0107enost i kreativnost omogu\u0107avaju nam da kreiramo napredna re\u0161enja koja su u skladu sa najnovijim tehnolo\u0161kim trendovima i kompleksnim zahtevima tr\u017ei\u0161ta. Quantox tim je motivisan da stalno unapre\u0111uje svoje ve\u0161tine i ostaje u vrhu tehnolo\u0161kog napretka, jer verujemo da je investicija u ljude klju\u010d za na\u0161 uspeh.<\/p>\n\n\n\n<p>Kroz konstantan razvoj i \u0161irenje poslovanja, Quantox Technology je ostvario zna\u010dajan rast i postigao nove ciljeve. Razvili smo strate\u0161ka partnerstva sa klju\u010dnim igra\u010dima na globalnoj sceni koja su zna\u010dajno oja\u010dala na\u0161u poziciju na globalnom tr\u017ei\u0161tu, i omogu\u0107ila nam da unapredimo na\u0161e usluge.<\/p>\n\n\n\n<p>S obzirom na na\u0161u ambiciju da rastemo i dalje, Quantox nastavlja da pro\u0161iruje svoje prisustvo na globalnom nivou. Kroz dugoro\u010dna partnerstva, vizionarske projekte i stalno usavr\u0161avanje, postavljamo nove smernice za razvoj industrije softverskih re\u0161enja. Na\u0161 cilj je da pored pru\u017eanja vrhunskih re\u0161enja, doprinesimo i digitalnoj transformaciji, \u010dime na\u0161im klijentima omogu\u0107avamo da postanu konkurentni u svojim industrijama.<\/p>\n\n\n\n<p>Uvereni smo da \u0107emo sa na\u0161im talentovanim timom, strastvenom posve\u0107eno\u0161\u0107u inovacijama i strate\u0161kim partnerstvima nastaviti da oblikujemo budu\u0107nost tehnologije i obezbedimo odr\u017eiv uspeh za sve na\u0161e poslovne partnere.<\/p>\n\n\n\n<p>Na\u0161a misija je jednostavna:&nbsp; Quantox Technology kao sinonim za kvalitet i posve\u0107enost, kompanija koja pru\u017ea izuzetna softverska re\u0161enja, poti\u010de kreativnost i omogu\u0107ava napredak svojim klijentima i zaposlenima.<\/p>\n<\/div><\/div>\n\n\n\n<div class=\"wp-block-buttons is-layout-flex wp-block-buttons-is-layout-flex\">\n<div class=\"wp-block-button has-custom-width wp-block-button__width-25\"><a class=\"wp-block-button__link has-vivid-green-cyan-background-color has-background wp-element-button\" href=\"https:\/\/www.quantox.com\/\" style=\"border-radius:0px\">WEBSITE<\/a><\/div>\n<\/div>\n","protected":false},"excerpt":{"rendered":"<p>Sa vi\u0161e od dve decenije iskustva u industriji razvoja softverskih re\u0161enja, kompanija Quantox Technology je prepoznatljiv lider u pru\u017eanju tehnologija budu\u0107nosti. Na\u0161a firma je osnovana sa jasnom vizijom da postavimo nove standarde u svetu tehnologije, pru\u017eaju\u0107i vrhunska re\u0161enja koja omogu\u0107avaju na\u0161im klijentima da ostvare svoje poslovne ciljeve. Sa sedi\u0161tem u Srbiji, trenutno imamo 13&nbsp; kancelarija &hellip; <\/p>\n","protected":false},"author":1,"featured_media":5869,"parent":0,"menu_order":0,"comment_status":"closed","ping_status":"closed","template":"","meta":{"_themeisle_gutenberg_block_has_review":false,"footnotes":""},"class_list":["post-5868","page","type-page","status-publish","has-post-thumbnail","hentry"],"yoast_head":"<!-- This site is optimized with the Yoast SEO plugin v25.7 - https:\/\/yoast.com\/wordpress\/plugins\/seo\/ -->\n<title>QUANTOX Technology -<\/title>\n<meta name=\"robots\" content=\"index, follow, max-snippet:-1, max-image-preview:large, max-video-preview:-1\" \/>\n<link rel=\"canonical\" href=\"https:\/\/www.etran.rs\/2025\/quantox-technology\/\" \/>\n<meta property=\"og:locale\" content=\"en_US\" \/>\n<meta property=\"og:type\" content=\"article\" \/>\n<meta property=\"og:title\" content=\"QUANTOX Technology -\" \/>\n<meta property=\"og:description\" content=\"Sa vi\u0161e od dve decenije iskustva u industriji razvoja softverskih re\u0161enja, kompanija Quantox Technology je prepoznatljiv lider u pru\u017eanju tehnologija budu\u0107nosti. Na\u0161a firma je osnovana sa jasnom vizijom da postavimo nove standarde u svetu tehnologije, pru\u017eaju\u0107i vrhunska re\u0161enja koja omogu\u0107avaju na\u0161im klijentima da ostvare svoje poslovne ciljeve. Sa sedi\u0161tem u Srbiji, trenutno imamo 13&nbsp; kancelarija &hellip;\" \/>\n<meta property=\"og:url\" content=\"https:\/\/www.etran.rs\/2025\/quantox-technology\/\" \/>\n<meta property=\"article:modified_time\" content=\"2025-04-01T17:52:19+00:00\" \/>\n<meta property=\"og:image\" content=\"https:\/\/www.etran.rs\/2025\/wp-content\/uploads\/2025\/04\/logo_quantox_1.png\" \/>\n\t<meta property=\"og:image:width\" content=\"305\" \/>\n\t<meta property=\"og:image:height\" content=\"210\" \/>\n\t<meta property=\"og:image:type\" content=\"image\/png\" \/>\n<meta name=\"twitter:card\" content=\"summary_large_image\" \/>\n<meta name=\"twitter:label1\" content=\"Est. reading time\" \/>\n\t<meta name=\"twitter:data1\" content=\"2 minutes\" \/>\n<script type=\"application\/ld+json\" class=\"yoast-schema-graph\">{\"@context\":\"https:\/\/schema.org\",\"@graph\":[{\"@type\":\"WebPage\",\"@id\":\"https:\/\/www.etran.rs\/2025\/quantox-technology\/\",\"url\":\"https:\/\/www.etran.rs\/2025\/quantox-technology\/\",\"name\":\"QUANTOX Technology -\",\"isPartOf\":{\"@id\":\"https:\/\/www.etran.rs\/2025\/#website\"},\"primaryImageOfPage\":{\"@id\":\"https:\/\/www.etran.rs\/2025\/quantox-technology\/#primaryimage\"},\"image\":{\"@id\":\"https:\/\/www.etran.rs\/2025\/quantox-technology\/#primaryimage\"},\"thumbnailUrl\":\"https:\/\/www.etran.rs\/2025\/wp-content\/uploads\/2025\/04\/logo_quantox_1.png\",\"datePublished\":\"2025-04-01T17:49:36+00:00\",\"dateModified\":\"2025-04-01T17:52:19+00:00\",\"breadcrumb\":{\"@id\":\"https:\/\/www.etran.rs\/2025\/quantox-technology\/#breadcrumb\"},\"inLanguage\":\"en-US\",\"potentialAction\":[{\"@type\":\"ReadAction\",\"target\":[\"https:\/\/www.etran.rs\/2025\/quantox-technology\/\"]}]},{\"@type\":\"ImageObject\",\"inLanguage\":\"en-US\",\"@id\":\"https:\/\/www.etran.rs\/2025\/quantox-technology\/#primaryimage\",\"url\":\"https:\/\/www.etran.rs\/2025\/wp-content\/uploads\/2025\/04\/logo_quantox_1.png\",\"contentUrl\":\"https:\/\/www.etran.rs\/2025\/wp-content\/uploads\/2025\/04\/logo_quantox_1.png\",\"width\":305,\"height\":210},{\"@type\":\"BreadcrumbList\",\"@id\":\"https:\/\/www.etran.rs\/2025\/quantox-technology\/#breadcrumb\",\"itemListElement\":[{\"@type\":\"ListItem\",\"position\":1,\"name\":\"Home\",\"item\":\"https:\/\/www.etran.rs\/2025\/en\/home-english\/\"},{\"@type\":\"ListItem\",\"position\":2,\"name\":\"QUANTOX Technology\"}]},{\"@type\":\"WebSite\",\"@id\":\"https:\/\/www.etran.rs\/2025\/#website\",\"url\":\"https:\/\/www.etran.rs\/2025\/\",\"name\":\"IcETRAN 2025\",\"description\":\"XII IcETRAN Conference 2025 - \u010ca\u010dak, June 9-12, 2025.\",\"publisher\":{\"@id\":\"https:\/\/www.etran.rs\/2025\/#organization\"},\"potentialAction\":[{\"@type\":\"SearchAction\",\"target\":{\"@type\":\"EntryPoint\",\"urlTemplate\":\"https:\/\/www.etran.rs\/2025\/?s={search_term_string}\"},\"query-input\":{\"@type\":\"PropertyValueSpecification\",\"valueRequired\":true,\"valueName\":\"search_term_string\"}}],\"inLanguage\":\"en-US\"},{\"@type\":\"Organization\",\"@id\":\"https:\/\/www.etran.rs\/2025\/#organization\",\"name\":\"ETRAN Society\",\"alternateName\":\"ETRAN\/IcETRAN\",\"url\":\"https:\/\/www.etran.rs\/2025\/\",\"logo\":{\"@type\":\"ImageObject\",\"inLanguage\":\"en-US\",\"@id\":\"https:\/\/www.etran.rs\/2025\/#\/schema\/logo\/image\/\",\"url\":\"https:\/\/www.etran.rs\/2025\/wp-content\/uploads\/2023\/05\/cropped-etrannovilogo-removebg-preview-e1684584979855.png\",\"contentUrl\":\"https:\/\/www.etran.rs\/2025\/wp-content\/uploads\/2023\/05\/cropped-etrannovilogo-removebg-preview-e1684584979855.png\",\"width\":250,\"height\":54,\"caption\":\"ETRAN Society\"},\"image\":{\"@id\":\"https:\/\/www.etran.rs\/2025\/#\/schema\/logo\/image\/\"}}]}<\/script>\n<!-- \/ Yoast SEO plugin. -->","yoast_head_json":{"title":"QUANTOX Technology -","robots":{"index":"index","follow":"follow","max-snippet":"max-snippet:-1","max-image-preview":"max-image-preview:large","max-video-preview":"max-video-preview:-1"},"canonical":"https:\/\/www.etran.rs\/2025\/quantox-technology\/","og_locale":"en_US","og_type":"article","og_title":"QUANTOX Technology -","og_description":"Sa vi\u0161e od dve decenije iskustva u industriji razvoja softverskih re\u0161enja, kompanija Quantox Technology je prepoznatljiv lider u pru\u017eanju tehnologija budu\u0107nosti. Na\u0161a firma je osnovana sa jasnom vizijom da postavimo nove standarde u svetu tehnologije, pru\u017eaju\u0107i vrhunska re\u0161enja koja omogu\u0107avaju na\u0161im klijentima da ostvare svoje poslovne ciljeve. Sa sedi\u0161tem u Srbiji, trenutno imamo 13&nbsp; kancelarija &hellip;","og_url":"https:\/\/www.etran.rs\/2025\/quantox-technology\/","article_modified_time":"2025-04-01T17:52:19+00:00","og_image":[{"width":305,"height":210,"url":"https:\/\/www.etran.rs\/2025\/wp-content\/uploads\/2025\/04\/logo_quantox_1.png","type":"image\/png"}],"twitter_card":"summary_large_image","twitter_misc":{"Est. reading time":"2 minutes"},"schema":{"@context":"https:\/\/schema.org","@graph":[{"@type":"WebPage","@id":"https:\/\/www.etran.rs\/2025\/quantox-technology\/","url":"https:\/\/www.etran.rs\/2025\/quantox-technology\/","name":"QUANTOX Technology -","isPartOf":{"@id":"https:\/\/www.etran.rs\/2025\/#website"},"primaryImageOfPage":{"@id":"https:\/\/www.etran.rs\/2025\/quantox-technology\/#primaryimage"},"image":{"@id":"https:\/\/www.etran.rs\/2025\/quantox-technology\/#primaryimage"},"thumbnailUrl":"https:\/\/www.etran.rs\/2025\/wp-content\/uploads\/2025\/04\/logo_quantox_1.png","datePublished":"2025-04-01T17:49:36+00:00","dateModified":"2025-04-01T17:52:19+00:00","breadcrumb":{"@id":"https:\/\/www.etran.rs\/2025\/quantox-technology\/#breadcrumb"},"inLanguage":"en-US","potentialAction":[{"@type":"ReadAction","target":["https:\/\/www.etran.rs\/2025\/quantox-technology\/"]}]},{"@type":"ImageObject","inLanguage":"en-US","@id":"https:\/\/www.etran.rs\/2025\/quantox-technology\/#primaryimage","url":"https:\/\/www.etran.rs\/2025\/wp-content\/uploads\/2025\/04\/logo_quantox_1.png","contentUrl":"https:\/\/www.etran.rs\/2025\/wp-content\/uploads\/2025\/04\/logo_quantox_1.png","width":305,"height":210},{"@type":"BreadcrumbList","@id":"https:\/\/www.etran.rs\/2025\/quantox-technology\/#breadcrumb","itemListElement":[{"@type":"ListItem","position":1,"name":"Home","item":"https:\/\/www.etran.rs\/2025\/en\/home-english\/"},{"@type":"ListItem","position":2,"name":"QUANTOX Technology"}]},{"@type":"WebSite","@id":"https:\/\/www.etran.rs\/2025\/#website","url":"https:\/\/www.etran.rs\/2025\/","name":"IcETRAN 2025","description":"XII IcETRAN Conference 2025 - \u010ca\u010dak, June 9-12, 2025.","publisher":{"@id":"https:\/\/www.etran.rs\/2025\/#organization"},"potentialAction":[{"@type":"SearchAction","target":{"@type":"EntryPoint","urlTemplate":"https:\/\/www.etran.rs\/2025\/?s={search_term_string}"},"query-input":{"@type":"PropertyValueSpecification","valueRequired":true,"valueName":"search_term_string"}}],"inLanguage":"en-US"},{"@type":"Organization","@id":"https:\/\/www.etran.rs\/2025\/#organization","name":"ETRAN Society","alternateName":"ETRAN\/IcETRAN","url":"https:\/\/www.etran.rs\/2025\/","logo":{"@type":"ImageObject","inLanguage":"en-US","@id":"https:\/\/www.etran.rs\/2025\/#\/schema\/logo\/image\/","url":"https:\/\/www.etran.rs\/2025\/wp-content\/uploads\/2023\/05\/cropped-etrannovilogo-removebg-preview-e1684584979855.png","contentUrl":"https:\/\/www.etran.rs\/2025\/wp-content\/uploads\/2023\/05\/cropped-etrannovilogo-removebg-preview-e1684584979855.png","width":250,"height":54,"caption":"ETRAN Society"},"image":{"@id":"https:\/\/www.etran.rs\/2025\/#\/schema\/logo\/image\/"}}]}},"_links":{"self":[{"href":"https:\/\/www.etran.rs\/2025\/wp-json\/wp\/v2\/pages\/5868","targetHints":{"allow":["GET"]}}],"collection":[{"href":"https:\/\/www.etran.rs\/2025\/wp-json\/wp\/v2\/pages"}],"about":[{"href":"https:\/\/www.etran.rs\/2025\/wp-json\/wp\/v2\/types\/page"}],"author":[{"embeddable":true,"href":"https:\/\/www.etran.rs\/2025\/wp-json\/wp\/v2\/users\/1"}],"replies":[{"embeddable":true,"href":"https:\/\/www.etran.rs\/2025\/wp-json\/wp\/v2\/comments?post=5868"}],"version-history":[{"count":2,"href":"https:\/\/www.etran.rs\/2025\/wp-json\/wp\/v2\/pages\/5868\/revisions"}],"predecessor-version":[{"id":5872,"href":"https:\/\/www.etran.rs\/2025\/wp-json\/wp\/v2\/pages\/5868\/revisions\/5872"}],"wp:featuredmedia":[{"embeddable":true,"href":"https:\/\/www.etran.rs\/2025\/wp-json\/wp\/v2\/media\/5869"}],"wp:attachment":[{"href":"https:\/\/www.etran.rs\/2025\/wp-json\/wp\/v2\/media?parent=5868"}],"curies":[{"name":"wp","href":"https:\/\/api.w.org\/{rel}","templated":true}]}}