{"id":5809,"date":"2025-03-29T00:01:05","date_gmt":"2025-03-29T00:01:05","guid":{"rendered":"https:\/\/www.etran.rs\/2025\/?page_id=5809"},"modified":"2025-03-29T00:01:06","modified_gmt":"2025-03-29T00:01:06","slug":"eplan-3","status":"publish","type":"page","link":"https:\/\/www.etran.rs\/2025\/eplan-3\/","title":{"rendered":"EPLAN"},"content":{"rendered":"\n<div class=\"wp-block-media-text is-stacked-on-mobile is-vertically-aligned-top\" style=\"grid-template-columns:33% auto\"><figure class=\"wp-block-media-text__media\"><img decoding=\"async\" width=\"110\" height=\"150\" src=\"https:\/\/www.etran.rs\/2025\/wp-content\/uploads\/2025\/03\/eplan_1.png\" alt=\"\" class=\"wp-image-5719 size-full\"\/><\/figure><div class=\"wp-block-media-text__content\">\n<p style=\"text-align: justify\">Eplan nudi softverska re\u0161enja u oblastima elektrotehnike, automatizacije i mehatronike. Kompanija razvija jedno od vode\u0107ih svetskih softverskih re\u0161enja za projektovanje upravlja\u010dkih ormana. Eplan je tako\u0111e idealan partner za pojednostavljivanje izazovnih in\u017eenjerskih procesa. Standardizovani i prilago\u0111eni interfejsi za ERP i PLM\/PDM sisteme obezbe\u0111uju doslednost podataka du\u017e \u010ditavog lanca vrednosti. Rad sa Eplan-om zna\u010di bezgrani\u010dnu komunikaciju u svim in\u017eenjerskim disciplinama. Bez obzira da li se radi o malim ili velikim preduze\u0107ima, kupci mogu efikasnije primeniti svoju stru\u010dnost. Eplan \u017eeli da raste dalje sa kupcima i partnerima i napreduje u integraciji i automatizaciji u in\u017eenjerstvu. \u0160irom sveta, Eplan podr\u017eava preko 68.000 kupaca. \u201eEfikasan in\u017eenjering\u201c je fokus na\u0161eg razvoja. Eplan je osnovan 1984. godine i deo je kompanije Friedhelm Loh, koja je i vlasnik. Grupa Friedhelm Loh posluje \u0161irom sveta sa vi\u0161e od 12 proizvodnih lokacija i vi\u0161e od 95 me\u0111unarodnih podru\u017enica. Cela grupa zapo\u0161ljava vi\u0161e od 12.100 ljudi i ostvarila je prihod od oko 3,3 milijardi evra u 2024. godini.<\/p>\n<\/div><\/div>\n\n\n\n<p>VI\u0160E O NAMA:<\/p>\n\n\n\n<div class=\"wp-block-buttons is-layout-flex wp-block-buttons-is-layout-flex\">\n<div class=\"wp-block-button has-custom-width wp-block-button__width-25\"><a class=\"wp-block-button__link has-vivid-green-cyan-background-color has-background wp-element-button\" href=\"https:\/\/www.eplan.rs\/\" style=\"border-radius:0px\">SAJT<\/a><\/div>\n<\/div>\n\n\n\n<p><\/p>\n","protected":false},"excerpt":{"rendered":"<p>Eplan nudi softverska re\u0161enja u oblastima elektrotehnike, automatizacije i mehatronike. Kompanija razvija jedno od vode\u0107ih svetskih softverskih re\u0161enja za projektovanje upravlja\u010dkih ormana. Eplan je tako\u0111e idealan partner za pojednostavljivanje izazovnih in\u017eenjerskih procesa. Standardizovani i prilago\u0111eni interfejsi za ERP i PLM\/PDM sisteme obezbe\u0111uju doslednost podataka du\u017e \u010ditavog lanca vrednosti. Rad sa Eplan-om zna\u010di bezgrani\u010dnu komunikaciju u &hellip; <\/p>\n","protected":false},"author":1,"featured_media":5719,"parent":0,"menu_order":0,"comment_status":"closed","ping_status":"closed","template":"","meta":{"_themeisle_gutenberg_block_has_review":false,"footnotes":""},"class_list":["post-5809","page","type-page","status-publish","has-post-thumbnail","hentry"],"yoast_head":"<!-- This site is optimized with the Yoast SEO plugin v25.7 - https:\/\/yoast.com\/wordpress\/plugins\/seo\/ -->\n<title>EPLAN -<\/title>\n<meta name=\"robots\" content=\"index, follow, max-snippet:-1, max-image-preview:large, max-video-preview:-1\" \/>\n<link rel=\"canonical\" href=\"https:\/\/www.etran.rs\/2025\/eplan-3\/\" \/>\n<meta property=\"og:locale\" content=\"en_US\" \/>\n<meta property=\"og:type\" content=\"article\" \/>\n<meta property=\"og:title\" content=\"EPLAN -\" \/>\n<meta property=\"og:description\" content=\"Eplan nudi softverska re\u0161enja u oblastima elektrotehnike, automatizacije i mehatronike. Kompanija razvija jedno od vode\u0107ih svetskih softverskih re\u0161enja za projektovanje upravlja\u010dkih ormana. Eplan je tako\u0111e idealan partner za pojednostavljivanje izazovnih in\u017eenjerskih procesa. Standardizovani i prilago\u0111eni interfejsi za ERP i PLM\/PDM sisteme obezbe\u0111uju doslednost podataka du\u017e \u010ditavog lanca vrednosti. Rad sa Eplan-om zna\u010di bezgrani\u010dnu komunikaciju u &hellip;\" \/>\n<meta property=\"og:url\" content=\"https:\/\/www.etran.rs\/2025\/eplan-3\/\" \/>\n<meta property=\"article:modified_time\" content=\"2025-03-29T00:01:06+00:00\" \/>\n<meta property=\"og:image\" content=\"https:\/\/www.etran.rs\/2025\/wp-content\/uploads\/2025\/03\/eplan_1.png\" \/>\n\t<meta property=\"og:image:width\" content=\"110\" \/>\n\t<meta property=\"og:image:height\" content=\"150\" \/>\n\t<meta property=\"og:image:type\" content=\"image\/png\" \/>\n<meta name=\"twitter:card\" content=\"summary_large_image\" \/>\n<meta name=\"twitter:label1\" content=\"Est. reading time\" \/>\n\t<meta name=\"twitter:data1\" content=\"2 minutes\" \/>\n<script type=\"application\/ld+json\" class=\"yoast-schema-graph\">{\"@context\":\"https:\/\/schema.org\",\"@graph\":[{\"@type\":\"WebPage\",\"@id\":\"https:\/\/www.etran.rs\/2025\/eplan-3\/\",\"url\":\"https:\/\/www.etran.rs\/2025\/eplan-3\/\",\"name\":\"EPLAN -\",\"isPartOf\":{\"@id\":\"https:\/\/www.etran.rs\/2025\/#website\"},\"primaryImageOfPage\":{\"@id\":\"https:\/\/www.etran.rs\/2025\/eplan-3\/#primaryimage\"},\"image\":{\"@id\":\"https:\/\/www.etran.rs\/2025\/eplan-3\/#primaryimage\"},\"thumbnailUrl\":\"https:\/\/www.etran.rs\/2025\/wp-content\/uploads\/2025\/03\/eplan_1.png\",\"datePublished\":\"2025-03-29T00:01:05+00:00\",\"dateModified\":\"2025-03-29T00:01:06+00:00\",\"breadcrumb\":{\"@id\":\"https:\/\/www.etran.rs\/2025\/eplan-3\/#breadcrumb\"},\"inLanguage\":\"en-US\",\"potentialAction\":[{\"@type\":\"ReadAction\",\"target\":[\"https:\/\/www.etran.rs\/2025\/eplan-3\/\"]}]},{\"@type\":\"ImageObject\",\"inLanguage\":\"en-US\",\"@id\":\"https:\/\/www.etran.rs\/2025\/eplan-3\/#primaryimage\",\"url\":\"https:\/\/www.etran.rs\/2025\/wp-content\/uploads\/2025\/03\/eplan_1.png\",\"contentUrl\":\"https:\/\/www.etran.rs\/2025\/wp-content\/uploads\/2025\/03\/eplan_1.png\",\"width\":110,\"height\":150},{\"@type\":\"BreadcrumbList\",\"@id\":\"https:\/\/www.etran.rs\/2025\/eplan-3\/#breadcrumb\",\"itemListElement\":[{\"@type\":\"ListItem\",\"position\":1,\"name\":\"Home\",\"item\":\"https:\/\/www.etran.rs\/2025\/en\/home-english\/\"},{\"@type\":\"ListItem\",\"position\":2,\"name\":\"EPLAN\"}]},{\"@type\":\"WebSite\",\"@id\":\"https:\/\/www.etran.rs\/2025\/#website\",\"url\":\"https:\/\/www.etran.rs\/2025\/\",\"name\":\"IcETRAN 2025\",\"description\":\"XII IcETRAN Conference 2025 - \u010ca\u010dak, June 9-12, 2025.\",\"publisher\":{\"@id\":\"https:\/\/www.etran.rs\/2025\/#organization\"},\"potentialAction\":[{\"@type\":\"SearchAction\",\"target\":{\"@type\":\"EntryPoint\",\"urlTemplate\":\"https:\/\/www.etran.rs\/2025\/?s={search_term_string}\"},\"query-input\":{\"@type\":\"PropertyValueSpecification\",\"valueRequired\":true,\"valueName\":\"search_term_string\"}}],\"inLanguage\":\"en-US\"},{\"@type\":\"Organization\",\"@id\":\"https:\/\/www.etran.rs\/2025\/#organization\",\"name\":\"ETRAN Society\",\"alternateName\":\"ETRAN\/IcETRAN\",\"url\":\"https:\/\/www.etran.rs\/2025\/\",\"logo\":{\"@type\":\"ImageObject\",\"inLanguage\":\"en-US\",\"@id\":\"https:\/\/www.etran.rs\/2025\/#\/schema\/logo\/image\/\",\"url\":\"https:\/\/www.etran.rs\/2025\/wp-content\/uploads\/2023\/05\/cropped-etrannovilogo-removebg-preview-e1684584979855.png\",\"contentUrl\":\"https:\/\/www.etran.rs\/2025\/wp-content\/uploads\/2023\/05\/cropped-etrannovilogo-removebg-preview-e1684584979855.png\",\"width\":250,\"height\":54,\"caption\":\"ETRAN Society\"},\"image\":{\"@id\":\"https:\/\/www.etran.rs\/2025\/#\/schema\/logo\/image\/\"}}]}<\/script>\n<!-- \/ Yoast SEO plugin. -->","yoast_head_json":{"title":"EPLAN -","robots":{"index":"index","follow":"follow","max-snippet":"max-snippet:-1","max-image-preview":"max-image-preview:large","max-video-preview":"max-video-preview:-1"},"canonical":"https:\/\/www.etran.rs\/2025\/eplan-3\/","og_locale":"en_US","og_type":"article","og_title":"EPLAN -","og_description":"Eplan nudi softverska re\u0161enja u oblastima elektrotehnike, automatizacije i mehatronike. Kompanija razvija jedno od vode\u0107ih svetskih softverskih re\u0161enja za projektovanje upravlja\u010dkih ormana. Eplan je tako\u0111e idealan partner za pojednostavljivanje izazovnih in\u017eenjerskih procesa. Standardizovani i prilago\u0111eni interfejsi za ERP i PLM\/PDM sisteme obezbe\u0111uju doslednost podataka du\u017e \u010ditavog lanca vrednosti. Rad sa Eplan-om zna\u010di bezgrani\u010dnu komunikaciju u &hellip;","og_url":"https:\/\/www.etran.rs\/2025\/eplan-3\/","article_modified_time":"2025-03-29T00:01:06+00:00","og_image":[{"width":110,"height":150,"url":"https:\/\/www.etran.rs\/2025\/wp-content\/uploads\/2025\/03\/eplan_1.png","type":"image\/png"}],"twitter_card":"summary_large_image","twitter_misc":{"Est. reading time":"2 minutes"},"schema":{"@context":"https:\/\/schema.org","@graph":[{"@type":"WebPage","@id":"https:\/\/www.etran.rs\/2025\/eplan-3\/","url":"https:\/\/www.etran.rs\/2025\/eplan-3\/","name":"EPLAN -","isPartOf":{"@id":"https:\/\/www.etran.rs\/2025\/#website"},"primaryImageOfPage":{"@id":"https:\/\/www.etran.rs\/2025\/eplan-3\/#primaryimage"},"image":{"@id":"https:\/\/www.etran.rs\/2025\/eplan-3\/#primaryimage"},"thumbnailUrl":"https:\/\/www.etran.rs\/2025\/wp-content\/uploads\/2025\/03\/eplan_1.png","datePublished":"2025-03-29T00:01:05+00:00","dateModified":"2025-03-29T00:01:06+00:00","breadcrumb":{"@id":"https:\/\/www.etran.rs\/2025\/eplan-3\/#breadcrumb"},"inLanguage":"en-US","potentialAction":[{"@type":"ReadAction","target":["https:\/\/www.etran.rs\/2025\/eplan-3\/"]}]},{"@type":"ImageObject","inLanguage":"en-US","@id":"https:\/\/www.etran.rs\/2025\/eplan-3\/#primaryimage","url":"https:\/\/www.etran.rs\/2025\/wp-content\/uploads\/2025\/03\/eplan_1.png","contentUrl":"https:\/\/www.etran.rs\/2025\/wp-content\/uploads\/2025\/03\/eplan_1.png","width":110,"height":150},{"@type":"BreadcrumbList","@id":"https:\/\/www.etran.rs\/2025\/eplan-3\/#breadcrumb","itemListElement":[{"@type":"ListItem","position":1,"name":"Home","item":"https:\/\/www.etran.rs\/2025\/en\/home-english\/"},{"@type":"ListItem","position":2,"name":"EPLAN"}]},{"@type":"WebSite","@id":"https:\/\/www.etran.rs\/2025\/#website","url":"https:\/\/www.etran.rs\/2025\/","name":"IcETRAN 2025","description":"XII IcETRAN Conference 2025 - \u010ca\u010dak, June 9-12, 2025.","publisher":{"@id":"https:\/\/www.etran.rs\/2025\/#organization"},"potentialAction":[{"@type":"SearchAction","target":{"@type":"EntryPoint","urlTemplate":"https:\/\/www.etran.rs\/2025\/?s={search_term_string}"},"query-input":{"@type":"PropertyValueSpecification","valueRequired":true,"valueName":"search_term_string"}}],"inLanguage":"en-US"},{"@type":"Organization","@id":"https:\/\/www.etran.rs\/2025\/#organization","name":"ETRAN Society","alternateName":"ETRAN\/IcETRAN","url":"https:\/\/www.etran.rs\/2025\/","logo":{"@type":"ImageObject","inLanguage":"en-US","@id":"https:\/\/www.etran.rs\/2025\/#\/schema\/logo\/image\/","url":"https:\/\/www.etran.rs\/2025\/wp-content\/uploads\/2023\/05\/cropped-etrannovilogo-removebg-preview-e1684584979855.png","contentUrl":"https:\/\/www.etran.rs\/2025\/wp-content\/uploads\/2023\/05\/cropped-etrannovilogo-removebg-preview-e1684584979855.png","width":250,"height":54,"caption":"ETRAN Society"},"image":{"@id":"https:\/\/www.etran.rs\/2025\/#\/schema\/logo\/image\/"}}]}},"_links":{"self":[{"href":"https:\/\/www.etran.rs\/2025\/wp-json\/wp\/v2\/pages\/5809","targetHints":{"allow":["GET"]}}],"collection":[{"href":"https:\/\/www.etran.rs\/2025\/wp-json\/wp\/v2\/pages"}],"about":[{"href":"https:\/\/www.etran.rs\/2025\/wp-json\/wp\/v2\/types\/page"}],"author":[{"embeddable":true,"href":"https:\/\/www.etran.rs\/2025\/wp-json\/wp\/v2\/users\/1"}],"replies":[{"embeddable":true,"href":"https:\/\/www.etran.rs\/2025\/wp-json\/wp\/v2\/comments?post=5809"}],"version-history":[{"count":1,"href":"https:\/\/www.etran.rs\/2025\/wp-json\/wp\/v2\/pages\/5809\/revisions"}],"predecessor-version":[{"id":5810,"href":"https:\/\/www.etran.rs\/2025\/wp-json\/wp\/v2\/pages\/5809\/revisions\/5810"}],"wp:featuredmedia":[{"embeddable":true,"href":"https:\/\/www.etran.rs\/2025\/wp-json\/wp\/v2\/media\/5719"}],"wp:attachment":[{"href":"https:\/\/www.etran.rs\/2025\/wp-json\/wp\/v2\/media?parent=5809"}],"curies":[{"name":"wp","href":"https:\/\/api.w.org\/{rel}","templated":true}]}}