{"id":5796,"date":"2025-03-28T23:26:04","date_gmt":"2025-03-28T23:26:04","guid":{"rendered":"https:\/\/www.etran.rs\/2025\/?page_id=5796"},"modified":"2025-05-30T21:49:51","modified_gmt":"2025-05-30T21:49:51","slug":"fenix-igma","status":"publish","type":"page","link":"https:\/\/www.etran.rs\/2025\/fenix-igma\/","title":{"rendered":"Fenix IgMa"},"content":{"rendered":"\n<div class=\"wp-block-media-text is-stacked-on-mobile is-vertically-aligned-top\" style=\"grid-template-columns:33% auto\"><figure class=\"wp-block-media-text__media\"><img fetchpriority=\"high\" decoding=\"async\" width=\"1024\" height=\"576\" src=\"https:\/\/www.etran.rs\/2025\/wp-content\/uploads\/2025\/03\/FenixIgma_Logo_Horizontalni_1-1024x576.png\" alt=\"\" class=\"wp-image-5858 size-full\" srcset=\"https:\/\/www.etran.rs\/2025\/wp-content\/uploads\/2025\/03\/FenixIgma_Logo_Horizontalni_1-1024x576.png 1024w, https:\/\/www.etran.rs\/2025\/wp-content\/uploads\/2025\/03\/FenixIgma_Logo_Horizontalni_1-300x169.png 300w, https:\/\/www.etran.rs\/2025\/wp-content\/uploads\/2025\/03\/FenixIgma_Logo_Horizontalni_1-768x432.png 768w, https:\/\/www.etran.rs\/2025\/wp-content\/uploads\/2025\/03\/FenixIgma_Logo_Horizontalni_1-1536x864.png 1536w, https:\/\/www.etran.rs\/2025\/wp-content\/uploads\/2025\/03\/FenixIgma_Logo_Horizontalni_1-2048x1152.png 2048w\" sizes=\"(max-width: 1024px) 100vw, 1024px\" \/><\/figure><div class=\"wp-block-media-text__content\">\n<p style=\"text-align: justify\">Firma \u201eFenix IgMa\u201c specijalizovana je za prodaju, iznajmljivanje i servisiranje dizel i benzinskih elektro agregata. Nudimo \u0161irok asortiman agregata, od prenosnih jedinica male snage do industrijskih modela do 1000 kVa. Pored najma, obezbe\u0111ujemo prevoz, monta\u017eu, povezivanje i odr\u017eavanje. Na\u0161 ovla\u0161\u0107eni servis pru\u017ea brzu i pouzdanu popravku uz kori\u0161\u0107enje originalnih delova. Smatramo da samo pravilno instaliran agregat mo\u017ee besprekorno raditi, zato nudimo stru\u010dnu monta\u017eu kupljenih i iznajmljenih agregata. Detaljnu ponudu mo\u017eete prona\u0107i na na\u0161em sajtu u sekciji \u201eProizvodi\u201c.<\/p>\n<\/div><\/div>\n\n\n\n<div class=\"wp-block-buttons is-layout-flex wp-block-buttons-is-layout-flex\">\n<div class=\"wp-block-button has-custom-width wp-block-button__width-25 animated bounceIn is-style-fill\"><a class=\"wp-block-button__link has-vivid-green-cyan-background-color has-background wp-element-button\" style=\"border-radius:0px\">SAJT<\/a><\/div>\n<\/div>\n","protected":false},"excerpt":{"rendered":"<p>Firma \u201eFenix IgMa\u201c specijalizovana je za prodaju, iznajmljivanje i servisiranje dizel i benzinskih elektro agregata. Nudimo \u0161irok asortiman agregata, od prenosnih jedinica male snage do industrijskih modela do 1000 kVa. Pored najma, obezbe\u0111ujemo prevoz, monta\u017eu, povezivanje i odr\u017eavanje. Na\u0161 ovla\u0161\u0107eni servis pru\u017ea brzu i pouzdanu popravku uz kori\u0161\u0107enje originalnih delova. Smatramo da samo pravilno instaliran &hellip; <\/p>\n","protected":false},"author":1,"featured_media":5760,"parent":0,"menu_order":0,"comment_status":"closed","ping_status":"closed","template":"","meta":{"_themeisle_gutenberg_block_has_review":false,"footnotes":""},"class_list":["post-5796","page","type-page","status-publish","has-post-thumbnail","hentry"],"yoast_head":"<!-- This site is optimized with the Yoast SEO plugin v25.7 - https:\/\/yoast.com\/wordpress\/plugins\/seo\/ -->\n<title>Fenix IgMa -<\/title>\n<meta name=\"robots\" content=\"index, follow, max-snippet:-1, max-image-preview:large, max-video-preview:-1\" \/>\n<link rel=\"canonical\" href=\"https:\/\/www.etran.rs\/2025\/fenix-igma\/\" \/>\n<meta property=\"og:locale\" content=\"en_US\" \/>\n<meta property=\"og:type\" content=\"article\" \/>\n<meta property=\"og:title\" content=\"Fenix IgMa -\" \/>\n<meta property=\"og:description\" content=\"Firma \u201eFenix IgMa\u201c specijalizovana je za prodaju, iznajmljivanje i servisiranje dizel i benzinskih elektro agregata. Nudimo \u0161irok asortiman agregata, od prenosnih jedinica male snage do industrijskih modela do 1000 kVa. Pored najma, obezbe\u0111ujemo prevoz, monta\u017eu, povezivanje i odr\u017eavanje. Na\u0161 ovla\u0161\u0107eni servis pru\u017ea brzu i pouzdanu popravku uz kori\u0161\u0107enje originalnih delova. Smatramo da samo pravilno instaliran &hellip;\" \/>\n<meta property=\"og:url\" content=\"https:\/\/www.etran.rs\/2025\/fenix-igma\/\" \/>\n<meta property=\"article:modified_time\" content=\"2025-05-30T21:49:51+00:00\" \/>\n<meta property=\"og:image\" content=\"https:\/\/www.etran.rs\/2025\/wp-content\/uploads\/2025\/03\/fenix.png\" \/>\n\t<meta property=\"og:image:width\" content=\"200\" \/>\n\t<meta property=\"og:image:height\" content=\"100\" \/>\n\t<meta property=\"og:image:type\" content=\"image\/png\" \/>\n<meta name=\"twitter:card\" content=\"summary_large_image\" \/>\n<meta name=\"twitter:label1\" content=\"Est. reading time\" \/>\n\t<meta name=\"twitter:data1\" content=\"1 minute\" \/>\n<script type=\"application\/ld+json\" class=\"yoast-schema-graph\">{\"@context\":\"https:\/\/schema.org\",\"@graph\":[{\"@type\":\"WebPage\",\"@id\":\"https:\/\/www.etran.rs\/2025\/fenix-igma\/\",\"url\":\"https:\/\/www.etran.rs\/2025\/fenix-igma\/\",\"name\":\"Fenix IgMa -\",\"isPartOf\":{\"@id\":\"https:\/\/www.etran.rs\/2025\/#website\"},\"primaryImageOfPage\":{\"@id\":\"https:\/\/www.etran.rs\/2025\/fenix-igma\/#primaryimage\"},\"image\":{\"@id\":\"https:\/\/www.etran.rs\/2025\/fenix-igma\/#primaryimage\"},\"thumbnailUrl\":\"https:\/\/www.etran.rs\/2025\/wp-content\/uploads\/2025\/03\/fenix.png\",\"datePublished\":\"2025-03-28T23:26:04+00:00\",\"dateModified\":\"2025-05-30T21:49:51+00:00\",\"breadcrumb\":{\"@id\":\"https:\/\/www.etran.rs\/2025\/fenix-igma\/#breadcrumb\"},\"inLanguage\":\"en-US\",\"potentialAction\":[{\"@type\":\"ReadAction\",\"target\":[\"https:\/\/www.etran.rs\/2025\/fenix-igma\/\"]}]},{\"@type\":\"ImageObject\",\"inLanguage\":\"en-US\",\"@id\":\"https:\/\/www.etran.rs\/2025\/fenix-igma\/#primaryimage\",\"url\":\"https:\/\/www.etran.rs\/2025\/wp-content\/uploads\/2025\/03\/fenix.png\",\"contentUrl\":\"https:\/\/www.etran.rs\/2025\/wp-content\/uploads\/2025\/03\/fenix.png\",\"width\":200,\"height\":100},{\"@type\":\"BreadcrumbList\",\"@id\":\"https:\/\/www.etran.rs\/2025\/fenix-igma\/#breadcrumb\",\"itemListElement\":[{\"@type\":\"ListItem\",\"position\":1,\"name\":\"Home\",\"item\":\"https:\/\/www.etran.rs\/2025\/en\/home-english\/\"},{\"@type\":\"ListItem\",\"position\":2,\"name\":\"Fenix IgMa\"}]},{\"@type\":\"WebSite\",\"@id\":\"https:\/\/www.etran.rs\/2025\/#website\",\"url\":\"https:\/\/www.etran.rs\/2025\/\",\"name\":\"IcETRAN 2025\",\"description\":\"XII IcETRAN Conference 2025 - \u010ca\u010dak, June 9-12, 2025.\",\"publisher\":{\"@id\":\"https:\/\/www.etran.rs\/2025\/#organization\"},\"potentialAction\":[{\"@type\":\"SearchAction\",\"target\":{\"@type\":\"EntryPoint\",\"urlTemplate\":\"https:\/\/www.etran.rs\/2025\/?s={search_term_string}\"},\"query-input\":{\"@type\":\"PropertyValueSpecification\",\"valueRequired\":true,\"valueName\":\"search_term_string\"}}],\"inLanguage\":\"en-US\"},{\"@type\":\"Organization\",\"@id\":\"https:\/\/www.etran.rs\/2025\/#organization\",\"name\":\"ETRAN Society\",\"alternateName\":\"ETRAN\/IcETRAN\",\"url\":\"https:\/\/www.etran.rs\/2025\/\",\"logo\":{\"@type\":\"ImageObject\",\"inLanguage\":\"en-US\",\"@id\":\"https:\/\/www.etran.rs\/2025\/#\/schema\/logo\/image\/\",\"url\":\"https:\/\/www.etran.rs\/2025\/wp-content\/uploads\/2023\/05\/cropped-etrannovilogo-removebg-preview-e1684584979855.png\",\"contentUrl\":\"https:\/\/www.etran.rs\/2025\/wp-content\/uploads\/2023\/05\/cropped-etrannovilogo-removebg-preview-e1684584979855.png\",\"width\":250,\"height\":54,\"caption\":\"ETRAN Society\"},\"image\":{\"@id\":\"https:\/\/www.etran.rs\/2025\/#\/schema\/logo\/image\/\"}}]}<\/script>\n<!-- \/ Yoast SEO plugin. -->","yoast_head_json":{"title":"Fenix IgMa -","robots":{"index":"index","follow":"follow","max-snippet":"max-snippet:-1","max-image-preview":"max-image-preview:large","max-video-preview":"max-video-preview:-1"},"canonical":"https:\/\/www.etran.rs\/2025\/fenix-igma\/","og_locale":"en_US","og_type":"article","og_title":"Fenix IgMa -","og_description":"Firma \u201eFenix IgMa\u201c specijalizovana je za prodaju, iznajmljivanje i servisiranje dizel i benzinskih elektro agregata. Nudimo \u0161irok asortiman agregata, od prenosnih jedinica male snage do industrijskih modela do 1000 kVa. Pored najma, obezbe\u0111ujemo prevoz, monta\u017eu, povezivanje i odr\u017eavanje. Na\u0161 ovla\u0161\u0107eni servis pru\u017ea brzu i pouzdanu popravku uz kori\u0161\u0107enje originalnih delova. Smatramo da samo pravilno instaliran &hellip;","og_url":"https:\/\/www.etran.rs\/2025\/fenix-igma\/","article_modified_time":"2025-05-30T21:49:51+00:00","og_image":[{"width":200,"height":100,"url":"https:\/\/www.etran.rs\/2025\/wp-content\/uploads\/2025\/03\/fenix.png","type":"image\/png"}],"twitter_card":"summary_large_image","twitter_misc":{"Est. reading time":"1 minute"},"schema":{"@context":"https:\/\/schema.org","@graph":[{"@type":"WebPage","@id":"https:\/\/www.etran.rs\/2025\/fenix-igma\/","url":"https:\/\/www.etran.rs\/2025\/fenix-igma\/","name":"Fenix IgMa -","isPartOf":{"@id":"https:\/\/www.etran.rs\/2025\/#website"},"primaryImageOfPage":{"@id":"https:\/\/www.etran.rs\/2025\/fenix-igma\/#primaryimage"},"image":{"@id":"https:\/\/www.etran.rs\/2025\/fenix-igma\/#primaryimage"},"thumbnailUrl":"https:\/\/www.etran.rs\/2025\/wp-content\/uploads\/2025\/03\/fenix.png","datePublished":"2025-03-28T23:26:04+00:00","dateModified":"2025-05-30T21:49:51+00:00","breadcrumb":{"@id":"https:\/\/www.etran.rs\/2025\/fenix-igma\/#breadcrumb"},"inLanguage":"en-US","potentialAction":[{"@type":"ReadAction","target":["https:\/\/www.etran.rs\/2025\/fenix-igma\/"]}]},{"@type":"ImageObject","inLanguage":"en-US","@id":"https:\/\/www.etran.rs\/2025\/fenix-igma\/#primaryimage","url":"https:\/\/www.etran.rs\/2025\/wp-content\/uploads\/2025\/03\/fenix.png","contentUrl":"https:\/\/www.etran.rs\/2025\/wp-content\/uploads\/2025\/03\/fenix.png","width":200,"height":100},{"@type":"BreadcrumbList","@id":"https:\/\/www.etran.rs\/2025\/fenix-igma\/#breadcrumb","itemListElement":[{"@type":"ListItem","position":1,"name":"Home","item":"https:\/\/www.etran.rs\/2025\/en\/home-english\/"},{"@type":"ListItem","position":2,"name":"Fenix IgMa"}]},{"@type":"WebSite","@id":"https:\/\/www.etran.rs\/2025\/#website","url":"https:\/\/www.etran.rs\/2025\/","name":"IcETRAN 2025","description":"XII IcETRAN Conference 2025 - \u010ca\u010dak, June 9-12, 2025.","publisher":{"@id":"https:\/\/www.etran.rs\/2025\/#organization"},"potentialAction":[{"@type":"SearchAction","target":{"@type":"EntryPoint","urlTemplate":"https:\/\/www.etran.rs\/2025\/?s={search_term_string}"},"query-input":{"@type":"PropertyValueSpecification","valueRequired":true,"valueName":"search_term_string"}}],"inLanguage":"en-US"},{"@type":"Organization","@id":"https:\/\/www.etran.rs\/2025\/#organization","name":"ETRAN Society","alternateName":"ETRAN\/IcETRAN","url":"https:\/\/www.etran.rs\/2025\/","logo":{"@type":"ImageObject","inLanguage":"en-US","@id":"https:\/\/www.etran.rs\/2025\/#\/schema\/logo\/image\/","url":"https:\/\/www.etran.rs\/2025\/wp-content\/uploads\/2023\/05\/cropped-etrannovilogo-removebg-preview-e1684584979855.png","contentUrl":"https:\/\/www.etran.rs\/2025\/wp-content\/uploads\/2023\/05\/cropped-etrannovilogo-removebg-preview-e1684584979855.png","width":250,"height":54,"caption":"ETRAN Society"},"image":{"@id":"https:\/\/www.etran.rs\/2025\/#\/schema\/logo\/image\/"}}]}},"_links":{"self":[{"href":"https:\/\/www.etran.rs\/2025\/wp-json\/wp\/v2\/pages\/5796","targetHints":{"allow":["GET"]}}],"collection":[{"href":"https:\/\/www.etran.rs\/2025\/wp-json\/wp\/v2\/pages"}],"about":[{"href":"https:\/\/www.etran.rs\/2025\/wp-json\/wp\/v2\/types\/page"}],"author":[{"embeddable":true,"href":"https:\/\/www.etran.rs\/2025\/wp-json\/wp\/v2\/users\/1"}],"replies":[{"embeddable":true,"href":"https:\/\/www.etran.rs\/2025\/wp-json\/wp\/v2\/comments?post=5796"}],"version-history":[{"count":6,"href":"https:\/\/www.etran.rs\/2025\/wp-json\/wp\/v2\/pages\/5796\/revisions"}],"predecessor-version":[{"id":6333,"href":"https:\/\/www.etran.rs\/2025\/wp-json\/wp\/v2\/pages\/5796\/revisions\/6333"}],"wp:featuredmedia":[{"embeddable":true,"href":"https:\/\/www.etran.rs\/2025\/wp-json\/wp\/v2\/media\/5760"}],"wp:attachment":[{"href":"https:\/\/www.etran.rs\/2025\/wp-json\/wp\/v2\/media?parent=5796"}],"curies":[{"name":"wp","href":"https:\/\/api.w.org\/{rel}","templated":true}]}}