{"id":5790,"date":"2025-03-28T23:20:23","date_gmt":"2025-03-28T23:20:23","guid":{"rendered":"https:\/\/www.etran.rs\/2025\/?page_id=5790"},"modified":"2025-05-30T21:51:15","modified_gmt":"2025-05-30T21:51:15","slug":"del-systems","status":"publish","type":"page","link":"https:\/\/www.etran.rs\/2025\/del-systems\/","title":{"rendered":"Del Systems"},"content":{"rendered":"\n<div class=\"wp-block-media-text is-stacked-on-mobile is-vertically-aligned-top\" style=\"grid-template-columns:33% auto\"><figure class=\"wp-block-media-text__media\"><img fetchpriority=\"high\" decoding=\"async\" width=\"400\" height=\"400\" src=\"https:\/\/www.etran.rs\/2025\/wp-content\/uploads\/2025\/03\/ds_logo_01.png\" alt=\"\" class=\"wp-image-5786 size-full\" srcset=\"https:\/\/www.etran.rs\/2025\/wp-content\/uploads\/2025\/03\/ds_logo_01.png 400w, https:\/\/www.etran.rs\/2025\/wp-content\/uploads\/2025\/03\/ds_logo_01-300x300.png 300w, https:\/\/www.etran.rs\/2025\/wp-content\/uploads\/2025\/03\/ds_logo_01-150x150.png 150w\" sizes=\"(max-width: 400px) 100vw, 400px\" \/><\/figure><div class=\"wp-block-media-text__content\">\n<p>Del Systems je inovativna tehnolo\u0161ka kompanija posve\u0107ena izradi re\u0161enja koja pojednostavljuju svakodnevne tokove rada i podr\u017eavajuju biznise u razli\u010ditim fazama rasta.&nbsp;<\/p>\n\n\n\n<p>Osnovana je 2003. godine i po\u010dela je tako \u0161to je zna\u010dajno unapredila umre\u017eenost lokalnih biznisa uz pomo\u0107 inovacija u domenu be\u017ei\u010dnog interneta i opti\u010dke infrastrukture. Njihov fokus se 2008. godine pomerio na razvijanje strate\u0161kih, internih re\u0161enja za klijente. Inspirisani tehnologijama koje su uveli me\u0111u prvima, Del Systems je po\u010deo da razvija svoj softver za anga\u017eovanje klijenata.&nbsp;<\/p>\n\n\n\n<p>Danas je napredna tehnologija koju razvija Del Systems dostupna za \u0161iru upotrebu, oboga\u0107ena inovativnim funkcionalnostima koje su potrebne svakom biznisu i stalno se razvija. Njihova vizija je da postanu vode\u0107a kompanija u oblasti izrade aplikacija koje pojednostavljuju tokove rada i poma\u017eu biznisima da napreduju u svojim stru\u010dnim oblastima.&nbsp;<\/p>\n\n\n\n<p>Pored toga, Del Systems je okrenut tome da doprinosi zajednici i da zapo\u0161ljava posve\u0107ene, talentovane ljude koji dele viziju kompanije.&nbsp;<\/p>\n<\/div><\/div>\n\n\n\n<div class=\"wp-block-buttons is-layout-flex wp-block-buttons-is-layout-flex\">\n<div class=\"wp-block-button has-custom-width wp-block-button__width-25\"><a class=\"wp-block-button__link has-vivid-green-cyan-background-color has-background wp-element-button\" href=\"https:\/\/delsystems.net\/\" style=\"border-radius:0px\" target=\"_blank\" rel=\"noreferrer noopener\">SAJT<\/a><\/div>\n<\/div>\n","protected":false},"excerpt":{"rendered":"<p>Del Systems je inovativna tehnolo\u0161ka kompanija posve\u0107ena izradi re\u0161enja koja pojednostavljuju svakodnevne tokove rada i podr\u017eavajuju biznise u razli\u010ditim fazama rasta.&nbsp; Osnovana je 2003. godine i po\u010dela je tako \u0161to je zna\u010dajno unapredila umre\u017eenost lokalnih biznisa uz pomo\u0107 inovacija u domenu be\u017ei\u010dnog interneta i opti\u010dke infrastrukture. Njihov fokus se 2008. godine pomerio na razvijanje strate\u0161kih, &hellip; <\/p>\n","protected":false},"author":1,"featured_media":5786,"parent":0,"menu_order":0,"comment_status":"closed","ping_status":"closed","template":"","meta":{"_themeisle_gutenberg_block_has_review":false,"footnotes":""},"class_list":["post-5790","page","type-page","status-publish","has-post-thumbnail","hentry"],"yoast_head":"<!-- This site is optimized with the Yoast SEO plugin v25.7 - https:\/\/yoast.com\/wordpress\/plugins\/seo\/ -->\n<title>Del Systems -<\/title>\n<meta name=\"robots\" content=\"index, follow, max-snippet:-1, max-image-preview:large, max-video-preview:-1\" \/>\n<link rel=\"canonical\" href=\"https:\/\/www.etran.rs\/2025\/del-systems\/\" \/>\n<meta property=\"og:locale\" content=\"en_US\" \/>\n<meta property=\"og:type\" content=\"article\" \/>\n<meta property=\"og:title\" content=\"Del Systems -\" \/>\n<meta property=\"og:description\" content=\"Del Systems je inovativna tehnolo\u0161ka kompanija posve\u0107ena izradi re\u0161enja koja pojednostavljuju svakodnevne tokove rada i podr\u017eavajuju biznise u razli\u010ditim fazama rasta.&nbsp; Osnovana je 2003. godine i po\u010dela je tako \u0161to je zna\u010dajno unapredila umre\u017eenost lokalnih biznisa uz pomo\u0107 inovacija u domenu be\u017ei\u010dnog interneta i opti\u010dke infrastrukture. Njihov fokus se 2008. godine pomerio na razvijanje strate\u0161kih, &hellip;\" \/>\n<meta property=\"og:url\" content=\"https:\/\/www.etran.rs\/2025\/del-systems\/\" \/>\n<meta property=\"article:modified_time\" content=\"2025-05-30T21:51:15+00:00\" \/>\n<meta property=\"og:image\" content=\"https:\/\/www.etran.rs\/2025\/wp-content\/uploads\/2025\/03\/ds_logo_01.png\" \/>\n\t<meta property=\"og:image:width\" content=\"400\" \/>\n\t<meta property=\"og:image:height\" content=\"400\" \/>\n\t<meta property=\"og:image:type\" content=\"image\/png\" \/>\n<meta name=\"twitter:card\" content=\"summary_large_image\" \/>\n<meta name=\"twitter:label1\" content=\"Est. reading time\" \/>\n\t<meta name=\"twitter:data1\" content=\"2 minutes\" \/>\n<script type=\"application\/ld+json\" class=\"yoast-schema-graph\">{\"@context\":\"https:\/\/schema.org\",\"@graph\":[{\"@type\":\"WebPage\",\"@id\":\"https:\/\/www.etran.rs\/2025\/del-systems\/\",\"url\":\"https:\/\/www.etran.rs\/2025\/del-systems\/\",\"name\":\"Del Systems -\",\"isPartOf\":{\"@id\":\"https:\/\/www.etran.rs\/2025\/#website\"},\"primaryImageOfPage\":{\"@id\":\"https:\/\/www.etran.rs\/2025\/del-systems\/#primaryimage\"},\"image\":{\"@id\":\"https:\/\/www.etran.rs\/2025\/del-systems\/#primaryimage\"},\"thumbnailUrl\":\"https:\/\/www.etran.rs\/2025\/wp-content\/uploads\/2025\/03\/ds_logo_01.png\",\"datePublished\":\"2025-03-28T23:20:23+00:00\",\"dateModified\":\"2025-05-30T21:51:15+00:00\",\"breadcrumb\":{\"@id\":\"https:\/\/www.etran.rs\/2025\/del-systems\/#breadcrumb\"},\"inLanguage\":\"en-US\",\"potentialAction\":[{\"@type\":\"ReadAction\",\"target\":[\"https:\/\/www.etran.rs\/2025\/del-systems\/\"]}]},{\"@type\":\"ImageObject\",\"inLanguage\":\"en-US\",\"@id\":\"https:\/\/www.etran.rs\/2025\/del-systems\/#primaryimage\",\"url\":\"https:\/\/www.etran.rs\/2025\/wp-content\/uploads\/2025\/03\/ds_logo_01.png\",\"contentUrl\":\"https:\/\/www.etran.rs\/2025\/wp-content\/uploads\/2025\/03\/ds_logo_01.png\",\"width\":400,\"height\":400},{\"@type\":\"BreadcrumbList\",\"@id\":\"https:\/\/www.etran.rs\/2025\/del-systems\/#breadcrumb\",\"itemListElement\":[{\"@type\":\"ListItem\",\"position\":1,\"name\":\"Home\",\"item\":\"https:\/\/www.etran.rs\/2025\/en\/home-english\/\"},{\"@type\":\"ListItem\",\"position\":2,\"name\":\"Del Systems\"}]},{\"@type\":\"WebSite\",\"@id\":\"https:\/\/www.etran.rs\/2025\/#website\",\"url\":\"https:\/\/www.etran.rs\/2025\/\",\"name\":\"IcETRAN 2025\",\"description\":\"XII IcETRAN Conference 2025 - \u010ca\u010dak, June 9-12, 2025.\",\"publisher\":{\"@id\":\"https:\/\/www.etran.rs\/2025\/#organization\"},\"potentialAction\":[{\"@type\":\"SearchAction\",\"target\":{\"@type\":\"EntryPoint\",\"urlTemplate\":\"https:\/\/www.etran.rs\/2025\/?s={search_term_string}\"},\"query-input\":{\"@type\":\"PropertyValueSpecification\",\"valueRequired\":true,\"valueName\":\"search_term_string\"}}],\"inLanguage\":\"en-US\"},{\"@type\":\"Organization\",\"@id\":\"https:\/\/www.etran.rs\/2025\/#organization\",\"name\":\"ETRAN Society\",\"alternateName\":\"ETRAN\/IcETRAN\",\"url\":\"https:\/\/www.etran.rs\/2025\/\",\"logo\":{\"@type\":\"ImageObject\",\"inLanguage\":\"en-US\",\"@id\":\"https:\/\/www.etran.rs\/2025\/#\/schema\/logo\/image\/\",\"url\":\"https:\/\/www.etran.rs\/2025\/wp-content\/uploads\/2023\/05\/cropped-etrannovilogo-removebg-preview-e1684584979855.png\",\"contentUrl\":\"https:\/\/www.etran.rs\/2025\/wp-content\/uploads\/2023\/05\/cropped-etrannovilogo-removebg-preview-e1684584979855.png\",\"width\":250,\"height\":54,\"caption\":\"ETRAN Society\"},\"image\":{\"@id\":\"https:\/\/www.etran.rs\/2025\/#\/schema\/logo\/image\/\"}}]}<\/script>\n<!-- \/ Yoast SEO plugin. -->","yoast_head_json":{"title":"Del Systems -","robots":{"index":"index","follow":"follow","max-snippet":"max-snippet:-1","max-image-preview":"max-image-preview:large","max-video-preview":"max-video-preview:-1"},"canonical":"https:\/\/www.etran.rs\/2025\/del-systems\/","og_locale":"en_US","og_type":"article","og_title":"Del Systems -","og_description":"Del Systems je inovativna tehnolo\u0161ka kompanija posve\u0107ena izradi re\u0161enja koja pojednostavljuju svakodnevne tokove rada i podr\u017eavajuju biznise u razli\u010ditim fazama rasta.&nbsp; Osnovana je 2003. godine i po\u010dela je tako \u0161to je zna\u010dajno unapredila umre\u017eenost lokalnih biznisa uz pomo\u0107 inovacija u domenu be\u017ei\u010dnog interneta i opti\u010dke infrastrukture. Njihov fokus se 2008. godine pomerio na razvijanje strate\u0161kih, &hellip;","og_url":"https:\/\/www.etran.rs\/2025\/del-systems\/","article_modified_time":"2025-05-30T21:51:15+00:00","og_image":[{"width":400,"height":400,"url":"https:\/\/www.etran.rs\/2025\/wp-content\/uploads\/2025\/03\/ds_logo_01.png","type":"image\/png"}],"twitter_card":"summary_large_image","twitter_misc":{"Est. reading time":"2 minutes"},"schema":{"@context":"https:\/\/schema.org","@graph":[{"@type":"WebPage","@id":"https:\/\/www.etran.rs\/2025\/del-systems\/","url":"https:\/\/www.etran.rs\/2025\/del-systems\/","name":"Del Systems -","isPartOf":{"@id":"https:\/\/www.etran.rs\/2025\/#website"},"primaryImageOfPage":{"@id":"https:\/\/www.etran.rs\/2025\/del-systems\/#primaryimage"},"image":{"@id":"https:\/\/www.etran.rs\/2025\/del-systems\/#primaryimage"},"thumbnailUrl":"https:\/\/www.etran.rs\/2025\/wp-content\/uploads\/2025\/03\/ds_logo_01.png","datePublished":"2025-03-28T23:20:23+00:00","dateModified":"2025-05-30T21:51:15+00:00","breadcrumb":{"@id":"https:\/\/www.etran.rs\/2025\/del-systems\/#breadcrumb"},"inLanguage":"en-US","potentialAction":[{"@type":"ReadAction","target":["https:\/\/www.etran.rs\/2025\/del-systems\/"]}]},{"@type":"ImageObject","inLanguage":"en-US","@id":"https:\/\/www.etran.rs\/2025\/del-systems\/#primaryimage","url":"https:\/\/www.etran.rs\/2025\/wp-content\/uploads\/2025\/03\/ds_logo_01.png","contentUrl":"https:\/\/www.etran.rs\/2025\/wp-content\/uploads\/2025\/03\/ds_logo_01.png","width":400,"height":400},{"@type":"BreadcrumbList","@id":"https:\/\/www.etran.rs\/2025\/del-systems\/#breadcrumb","itemListElement":[{"@type":"ListItem","position":1,"name":"Home","item":"https:\/\/www.etran.rs\/2025\/en\/home-english\/"},{"@type":"ListItem","position":2,"name":"Del Systems"}]},{"@type":"WebSite","@id":"https:\/\/www.etran.rs\/2025\/#website","url":"https:\/\/www.etran.rs\/2025\/","name":"IcETRAN 2025","description":"XII IcETRAN Conference 2025 - \u010ca\u010dak, June 9-12, 2025.","publisher":{"@id":"https:\/\/www.etran.rs\/2025\/#organization"},"potentialAction":[{"@type":"SearchAction","target":{"@type":"EntryPoint","urlTemplate":"https:\/\/www.etran.rs\/2025\/?s={search_term_string}"},"query-input":{"@type":"PropertyValueSpecification","valueRequired":true,"valueName":"search_term_string"}}],"inLanguage":"en-US"},{"@type":"Organization","@id":"https:\/\/www.etran.rs\/2025\/#organization","name":"ETRAN Society","alternateName":"ETRAN\/IcETRAN","url":"https:\/\/www.etran.rs\/2025\/","logo":{"@type":"ImageObject","inLanguage":"en-US","@id":"https:\/\/www.etran.rs\/2025\/#\/schema\/logo\/image\/","url":"https:\/\/www.etran.rs\/2025\/wp-content\/uploads\/2023\/05\/cropped-etrannovilogo-removebg-preview-e1684584979855.png","contentUrl":"https:\/\/www.etran.rs\/2025\/wp-content\/uploads\/2023\/05\/cropped-etrannovilogo-removebg-preview-e1684584979855.png","width":250,"height":54,"caption":"ETRAN Society"},"image":{"@id":"https:\/\/www.etran.rs\/2025\/#\/schema\/logo\/image\/"}}]}},"_links":{"self":[{"href":"https:\/\/www.etran.rs\/2025\/wp-json\/wp\/v2\/pages\/5790","targetHints":{"allow":["GET"]}}],"collection":[{"href":"https:\/\/www.etran.rs\/2025\/wp-json\/wp\/v2\/pages"}],"about":[{"href":"https:\/\/www.etran.rs\/2025\/wp-json\/wp\/v2\/types\/page"}],"author":[{"embeddable":true,"href":"https:\/\/www.etran.rs\/2025\/wp-json\/wp\/v2\/users\/1"}],"replies":[{"embeddable":true,"href":"https:\/\/www.etran.rs\/2025\/wp-json\/wp\/v2\/comments?post=5790"}],"version-history":[{"count":2,"href":"https:\/\/www.etran.rs\/2025\/wp-json\/wp\/v2\/pages\/5790\/revisions"}],"predecessor-version":[{"id":6334,"href":"https:\/\/www.etran.rs\/2025\/wp-json\/wp\/v2\/pages\/5790\/revisions\/6334"}],"wp:featuredmedia":[{"embeddable":true,"href":"https:\/\/www.etran.rs\/2025\/wp-json\/wp\/v2\/media\/5786"}],"wp:attachment":[{"href":"https:\/\/www.etran.rs\/2025\/wp-json\/wp\/v2\/media?parent=5790"}],"curies":[{"name":"wp","href":"https:\/\/api.w.org\/{rel}","templated":true}]}}