{"id":5389,"date":"2025-06-15T21:22:50","date_gmt":"2025-06-15T21:22:50","guid":{"rendered":"https:\/\/www.etran.rs\/2024\/?page_id=5389"},"modified":"2025-06-15T21:39:33","modified_gmt":"2025-06-15T21:39:33","slug":"nagradjeni-autori-na-konferencijama-e","status":"publish","type":"page","link":"https:\/\/www.etran.rs\/2025\/nagradjeni-autori-na-konferencijama-e\/","title":{"rendered":"Nagra\u0111eni autori na konferencijama ETRAN 2025 i IcETRAN 2025"},"content":{"rendered":"\n<!DOCTYPE html>\n<html lang=\"sr\">\n<head>\n  <meta charset=\"UTF-8\">\n  <title>\u041d\u0430\u0433\u0440\u0430\u0452\u0435\u043d\u0438 \u0430\u0443\u0442\u043e\u0440\u0438 \u2013 ETRAN &#038; IcETRAN 2025<\/title>\n  <style>\n    body { font-family: Arial, sans-serif; margin: 20px; }\n    h2 { background-color: #f2f2f2; padding: 10px; }\n    table { width: 100%; border-collapse: collapse; margin-bottom: 40px; }\n    th, td { border: 1px solid #ddd; padding: 8px; vertical-align: top; word-break: break-word; }\n    th { background-color: #e0e0e0; }\n  <\/style>\n<\/head>\n<body>\n\n  <h2>MLADI AUTORI \u2013 IcETRAN<\/h2>\n  <table>\n    <tr><th>Sekcija<\/th><th>Autori<\/th><th>Naslov rada<\/th><\/tr>\n    <tr><td>AKI<\/td><td>Vasilije Kova\u010devi\u0107, Marija Ratkovi\u0107, Tatjana Miljkovi\u0107, Maksim Kostadinov, Milo\u0161 Bjeli\u0107<\/td><td>Drone-based ultrasound system towards high frequency pest deterrence<\/td><\/tr>\n    <tr><td>AUI<\/td><td>Isidora Petrovi\u0107, Slobodan Dra\u0161kovi\u0107, \u017deljko \u0110urovi\u0107, Goran Diki\u0107, Marko Milivoj\u010devi\u0107<\/td><td>Identification and control of large transport delay temperature process<\/td><\/tr>\n    <tr><td>BTI \u2013 Nagrada \u201cDejan Popovi\u0107\u201d<\/td><td>Ksenija Barakovi\u0107, Nikola Jorgovanovi\u0107, Filip Ga\u0161pari\u0107, Bojan Jorgovanovi\u0107, Strahinja Do\u0161en<\/td><td>Time-of-Flight sensing for the recognition of object properties in prosthesis control<\/td><\/tr>\n    <tr><td>EDUI<\/td><td>Vanja Milutinovi\u0107, Jelica Cincovi\u0107, Vladimir Jocovi\u0107, Dra\u017een Dra\u0161kovi\u0107<\/td><td>Applied AI, Teamwork, and Learning in Student Hackathons: Case Study from Serbia<\/td><\/tr>\n    <tr><td>EEI<\/td><td>Stevan Rako\u010devi\u0107, Martin \u0106alasan, Milo\u0161 Milovanovi\u0107<br>An\u0111ela Stojiljkovi\u0107, Milutin Petronijevi\u0107, M. Asim Amin<\/td><td>Parameter tuning and strategic placement of passive harmonic filters for power quality enhacement in modern distribution networks<br>A Machine Learning-Based Approach For Early Fault Detection in Induction Motor Drives<\/td><\/tr>\n    <tr><td>EKI<\/td><td>Mihajlo Tatovi\u0107, Predrag B. Petrovi\u0107<\/td><td>Electronic devices for connecting, controlling and monitoring vending machines, car washes, coffee machines via PC and POS terminal<\/td><\/tr>\n    <tr><td>ELI<\/td><td>Novak Radivojevi\u0107, Uro\u0161 Ili\u0107, Andrija Petru\u0161i\u0107, Miona Andrejevi\u0107 Sto\u0161ovi\u0107<\/td><td>Effect of Solar and Weather Parameters on LSTM-based Model Predictions of Solar Power Production<\/td><\/tr>\n    <tr><td>MLI<\/td><td>Ivan Tomi\u0107, Marjan Ure\u03baar<\/td><td>Autotuning and Measurement of PI Controllers for Low-Power DC Motors: A Microcontroller-Based Implementation Using the Relay Method and Python GUI<\/td><\/tr>\n    <tr><td>MOI<\/td><td>Ivan Pesi\u0107, Marko Spasenovi\u0107, Milena Ra\u0161lji\u0107-Rafailjovi\u0107, Stefan Ili\u0107, Marko V. Bo\u0161kovi\u0107, \u017dan-Olivje Durand, Marija Pergal<\/td><td>Wearable heart rate sensor based on MXene-coated polymer membrane<\/td><\/tr>\n    <tr><td>ROI<\/td><td>Marko Skakun, Vojislav Vuji\u010di\u0107, Veljko Todi\u0107, Zavi\u0161a Gordi\u0107, Nikola Kne\u017eevi\u0107, Kosta Jovanovi\u0107<\/td><td>Advancing human-robot collaboration through extended reality &#8211; assembly use case<\/td><\/tr>\n    <tr><td>RTI<\/td><td>Du\u0161an Stojkovi\u0107, Miroslav Popovi\u0107<\/td><td>A way to identify potential functions for vectorization for RISC-V<\/td><\/tr>\n    <tr><td>VII<\/td><td>Milan \u010cugurovi\u0107, Ivan Ristovi\u0107, Strahinja Stanojevi\u0107, Marko Spasi\u0107, Vesna Marinkovi\u0107, Milena Vujo\u0161evi\u0107 Jani\u010di\u0107<\/td><td>ML-Driven Prediction of Optimal Control Flow Graph Traversal Algorithm in Modern Applications<\/td><\/tr>\n  <\/table>\n\n  <h2>MLADI AUTORI \u2013 ETRAN<\/h2>\n  <table>\n    <tr><th>Sekcija<\/th><th>Autori<\/th><th>Naslov rada<\/th><\/tr>\n    <tr><td>AP<\/td><td>Ilija Kuzman, Branko Kolund\u017eija<\/td><td>The Influence of the Proximity Effect on the Accuracy of Modeling of Wire Antennas Based on Thin-Wire Approximation<\/td><\/tr>\n    <tr><td>ML<\/td><td>Raj\u010devi\u0107 Jovan, Dragan Peji\u0107, \u0110or\u0111e Novakovi\u0107, Nemanja Gazivoda, Novica Markovi\u0107<\/td><td>Merenje podu\u017ene elektri\u010dne otpornosti cevi naftovoda<\/td><\/tr>\n    <tr><td>NM<\/td><td>Milo\u0161 \u0110or\u0111evi\u0107, Vesna Paunovi\u0107, Aneta Priji\u0107, Zoran Priji\u0107<\/td><td>Uticaj Er3+ jona na specifi\u010dnu elektri\u010dnu provodnost dopirane BaTiO3 keramike<\/td><\/tr>\n    <tr><td>NT<\/td><td>Danica Jova\u0161evi\u0107, Maja Rajkovi\u0107, Ivana Jeli\u0107, Kristina Pavi\u0107evi\u0107, Marija Jankovi\u0107, Marija \u0160ljivi\u0107-Ivanovi\u0107<\/td><td>Trendovi u upravljanju tokovima radioaktivnog otpada: Izazovi i perspektive<\/td><\/tr>\n    <tr><td>TE<\/td><td>Ognjen Pej\u010di\u0107, Nemanja \u0160epa, Boban Sazdi\u0107-Joti\u0107<\/td><td>Predikcija efikasnosti radio-ometanja primenom algoritma ve\u0161ta\u010dke inteligencije<\/td><\/tr>\n  <\/table>\n\n  <h2>NAJBOLJI RADOVI NA SEKCIJAMA \u2013 IcETRAN<\/h2>\n  <table>\n    <tr><th>Sekcija<\/th><th>Autori<\/th><th>Naslov rada<\/th><\/tr>\n    <tr><td>AKI<\/td><td>Branko R. Markovi\u0107, Veljko Lon\u010darevi\u0107, Jovan Gali\u0107<\/td><td>A Comparative Analysis of Different Wavelet Transformations on Normal and Whisper Speech Recognition<\/td><\/tr>\n    <tr><td>API<\/td><td>Branislav Ninkovi\u0107, Miodrag Tasi\u0107<\/td><td>On the Quadrilateral Meshing of the Fractured Human Femur Bone in Electromagnetic Simulations<\/td><\/tr>\n    <tr><td>EDUI<\/td><td>Miroslav Bjeki\u0107, Marko Rosi\u0107, Darko Miljojkovi\u0107<\/td><td>Dc Machine Winding Geogebra Application<\/td><\/tr>\n    <tr><td>EEI<\/td><td>Sr\u0111an Divac, K\u0161i\u0161tof \u010cvastek, Mariu\u0161 Najgebauer, Branko Koprivica<\/td><td>Single-phase Transformer Circuit Solving Using Harmonic Interpolation Method<\/td><\/tr>\n    <tr><td>ELI<\/td><td>\u0110or\u0111e Ga\u0107i\u0107, Dejan Petkovi\u0107, Vladimir Milovanovi\u0107<\/td><td>Coarse Tuning Mechanisms in CMOS Standard-Cell Library Ring-Based Digitally Controlled Oscillators<\/td><\/tr>\n    <tr><td>MLI<\/td><td>Slobodan Suboti\u0107, Jelena Jovanovi\u0107, Milo\u0161 Jovanovi\u0107, Neda Spasosi\u0107, Dragan Lazi\u0107, Nikola Jovi\u0107i\u0107<\/td><td>Temperature Effects on Precision Resistors: A Review of Methods for Determining Temperature and Load Coefficients, Their Advantages, Limitations and Results<\/td><\/tr>\n    <tr><td>MTI \u2013 Nagrada \u201cAleksandar Marin\u010di\u0107\u201d<\/td><td>Paolo Espozito, D\u017eanluka Barile, Leonardo Pantoli, Vin\u0107enco Storneli, \u0110uzepe Feri<\/td><td>A 3D-Printed Structure Approaching Low-Pass Filters for High-Frequency Applications<\/td><\/tr>\n    <tr><td>NMI<\/td><td>Neboj\u0161a Mitrovi\u0107, Jelena Orelj, Radoslav Surla, Borivoje Nedeljkovi\u0107, Vladimir Pavlovi\u0107<\/td><td>Penetration Depth and Magnetoimpedance Effect in CoFeSiB and FeNbCuSiB Amorphous Wires<\/td><\/tr>\n    <tr><td>RTI<\/td><td>Nikola Vuki\u0107, Veljko Petrovi\u0107, Dinu Dragan, Du\u0161an Gaji\u0107<\/td><td>LLM-based Tooling for Smart Contract Auditing<\/td><\/tr>\n    <tr><td>TEI<\/td><td>Miljko Eri\u0107, Nenad Vukmirovi\u0107, Milo\u0161 Jani\u0107<\/td><td>Concept of Spectrum Sharing in a Non-Cooperative Multiuser Scenario Based on Joint Spatio-Temporal Spectrum Sensing<\/td><\/tr>\n    <tr><td>VII<\/td><td>Branislav Risti\u0107, Dinu Dragan, Veljko Petrovi\u0107, Du\u0161an Gaji\u0107<\/td><td>Development of a System based on Deep Learning for Face and Hand Gesture Recognition<\/td><\/tr>\n  <\/table>\n\n  <h2>NAJBOLJI RADOVI NA SEKCIJAMA \u2013 ETRAN<\/h2>\n  <table>\n    <tr><th>Sekcija<\/th><th>Autori<\/th><th>Naslov rada<\/th><\/tr>\n    <tr><td>BT \u2013 Nagrada \u201cDejan Popovi\u0107\u201d<\/td><td>Jelena Kr\u0161i\u0107, Aleksandra Malu\u010dkov, Danka Stojanovi\u0107, Vladimir Atanasoski, Marija D. Ivanovi\u0107, Jovana Petrovi\u0107<\/td><td>Ritmovi srca: znaci slo\u017eenosti i poreme\u0107aja u elektrokardiografskim signalima<\/td><\/tr>\n    <tr><td>EK<\/td><td>Nikola Petrovi\u0107, Du\u0161an Gruji\u0107<\/td><td>Sistem za prijem podataka sa FMCW radarskog senzora preko LVDS interfejsa<\/td><\/tr>\n    <tr><td>ML<\/td><td>Milica Stoji\u0107, Dragan \u017divanovi\u0107, Jelena \u0110or\u0111evi\u0107 Kozarov, Milan Simi\u0107, Miroljub Pe\u0161i\u0107<\/td><td>Merenje sile mernim trakama sa pobudom naizmeni\u010dnim naponom i primenom metode digitalnog lock-in poja\u010dava\u010da<\/td><\/tr>\n    <tr><td>MO<\/td><td>Milo\u0161 Marjanovi\u0107, Aneta Priji\u0107, Danijel Dankovi\u0107, Zoran Priji\u0107<\/td><td>Primena prediktivnih tehnolo\u0161kih modela u SPICE simulaciji prstenastog oscilatora<\/td><\/tr>\n    <tr><td>RO<\/td><td>Aleksandar Rodi\u0107<\/td><td>Sinteza kolaborativne svesti kod robota<\/td><\/tr>\n    <tr><td>RT<\/td><td>Teodora Radaljac, Danko Miladinovi\u0107, Pavle Vuleti\u0107, \u017darko Stanislavevi\u0107<\/td><td>Uporedna analiza performansi Google Cloud i lokalne infrastrukture<\/td><\/tr>\n  <\/table>\n\n<\/body>\n<\/html>\n\n\n\n<p><\/p>\n","protected":false},"excerpt":{"rendered":"<p>\u041d\u0430\u0433\u0440\u0430\u0452\u0435\u043d\u0438 \u0430\u0443\u0442\u043e\u0440\u0438 \u2013 ETRAN &#038; IcETRAN 2025 MLADI AUTORI \u2013 IcETRAN Sekcija Autori Naslov rada AKI Vasilije Kova\u010devi\u0107, Marija Ratkovi\u0107, Tatjana Miljkovi\u0107, Maksim Kostadinov, Milo\u0161 Bjeli\u0107 Drone-based ultrasound system towards high frequency pest deterrence AUI Isidora Petrovi\u0107, Slobodan Dra\u0161kovi\u0107, \u017deljko \u0110urovi\u0107, Goran Diki\u0107, Marko Milivoj\u010devi\u0107 Identification and control of large transport delay temperature process BTI &hellip; <\/p>\n","protected":false},"author":1,"featured_media":7340,"parent":0,"menu_order":0,"comment_status":"closed","ping_status":"closed","template":"","meta":{"_themeisle_gutenberg_block_has_review":false,"footnotes":""},"class_list":["post-5389","page","type-page","status-publish","has-post-thumbnail","hentry"],"yoast_head":"<!-- This site is optimized with the Yoast SEO plugin v25.7 - https:\/\/yoast.com\/wordpress\/plugins\/seo\/ -->\n<title>Nagra\u0111eni autori na konferencijama ETRAN 2025 i IcETRAN 2025 -<\/title>\n<meta name=\"robots\" content=\"index, follow, max-snippet:-1, max-image-preview:large, max-video-preview:-1\" \/>\n<link rel=\"canonical\" href=\"https:\/\/www.etran.rs\/2025\/nagradjeni-autori-na-konferencijama-e\/\" \/>\n<meta property=\"og:locale\" content=\"en_US\" \/>\n<meta property=\"og:type\" content=\"article\" \/>\n<meta property=\"og:title\" content=\"Nagra\u0111eni autori na konferencijama ETRAN 2025 i IcETRAN 2025 -\" \/>\n<meta property=\"og:description\" content=\"\u041d\u0430\u0433\u0440\u0430\u0452\u0435\u043d\u0438 \u0430\u0443\u0442\u043e\u0440\u0438 \u2013 ETRAN &#038; IcETRAN 2025 MLADI AUTORI \u2013 IcETRAN Sekcija Autori Naslov rada AKI Vasilije Kova\u010devi\u0107, Marija Ratkovi\u0107, Tatjana Miljkovi\u0107, Maksim Kostadinov, Milo\u0161 Bjeli\u0107 Drone-based ultrasound system towards high frequency pest deterrence AUI Isidora Petrovi\u0107, Slobodan Dra\u0161kovi\u0107, \u017deljko \u0110urovi\u0107, Goran Diki\u0107, Marko Milivoj\u010devi\u0107 Identification and control of large transport delay temperature process BTI &hellip;\" \/>\n<meta property=\"og:url\" content=\"https:\/\/www.etran.rs\/2025\/nagradjeni-autori-na-konferencijama-e\/\" \/>\n<meta property=\"article:modified_time\" content=\"2025-06-15T21:39:33+00:00\" \/>\n<meta property=\"og:image\" content=\"https:\/\/www.etran.rs\/2025\/wp-content\/uploads\/2025\/06\/BUS_3600-scaled.jpg\" \/>\n\t<meta property=\"og:image:width\" content=\"1707\" \/>\n\t<meta property=\"og:image:height\" content=\"2560\" \/>\n\t<meta property=\"og:image:type\" content=\"image\/jpeg\" \/>\n<meta name=\"twitter:card\" content=\"summary_large_image\" \/>\n<meta name=\"twitter:label1\" content=\"Est. reading time\" \/>\n\t<meta name=\"twitter:data1\" content=\"4 minutes\" \/>\n<script type=\"application\/ld+json\" class=\"yoast-schema-graph\">{\"@context\":\"https:\/\/schema.org\",\"@graph\":[{\"@type\":\"WebPage\",\"@id\":\"https:\/\/www.etran.rs\/2025\/nagradjeni-autori-na-konferencijama-e\/\",\"url\":\"https:\/\/www.etran.rs\/2025\/nagradjeni-autori-na-konferencijama-e\/\",\"name\":\"\u041d\u0430\u0433\u0440\u0430\u0452\u0435\u043d\u0438 \u0430\u0443\u0442\u043e\u0440\u0438 \u043d\u0430 \u043a\u043e\u043d\u0444\u0435\u0440\u0435\u043d\u0446\u0438\u0458\u0430\u043c\u0430 \u0415\u0422\u0420\u0410\u041d 2025 \u0438 \u0418\u0446\u0415\u0422\u0420\u0410\u041d 2025 -\",\"isPartOf\":{\"@id\":\"https:\/\/www.etran.rs\/2025\/#website\"},\"primaryImageOfPage\":{\"@id\":\"https:\/\/www.etran.rs\/2025\/nagradjeni-autori-na-konferencijama-e\/#primaryimage\"},\"image\":{\"@id\":\"https:\/\/www.etran.rs\/2025\/nagradjeni-autori-na-konferencijama-e\/#primaryimage\"},\"thumbnailUrl\":\"https:\/\/www.etran.rs\/2025\/wp-content\/uploads\/2025\/06\/BUS_3600-scaled.jpg\",\"datePublished\":\"2025-06-15T21:22:50+00:00\",\"dateModified\":\"2025-06-15T21:39:33+00:00\",\"breadcrumb\":{\"@id\":\"https:\/\/www.etran.rs\/2025\/nagradjeni-autori-na-konferencijama-e\/#breadcrumb\"},\"inLanguage\":\"en-US\",\"potentialAction\":[{\"@type\":\"ReadAction\",\"target\":[\"https:\/\/www.etran.rs\/2025\/nagradjeni-autori-na-konferencijama-e\/\"]}]},{\"@type\":\"ImageObject\",\"inLanguage\":\"en-US\",\"@id\":\"https:\/\/www.etran.rs\/2025\/nagradjeni-autori-na-konferencijama-e\/#primaryimage\",\"url\":\"https:\/\/www.etran.rs\/2025\/wp-content\/uploads\/2025\/06\/BUS_3600-scaled.jpg\",\"contentUrl\":\"https:\/\/www.etran.rs\/2025\/wp-content\/uploads\/2025\/06\/BUS_3600-scaled.jpg\",\"width\":1707,\"height\":2560},{\"@type\":\"BreadcrumbList\",\"@id\":\"https:\/\/www.etran.rs\/2025\/nagradjeni-autori-na-konferencijama-e\/#breadcrumb\",\"itemListElement\":[{\"@type\":\"ListItem\",\"position\":1,\"name\":\"Home\",\"item\":\"https:\/\/www.etran.rs\/2025\/en\/home-english\/\"},{\"@type\":\"ListItem\",\"position\":2,\"name\":\"\u041d\u0430\u0433\u0440\u0430\u0452\u0435\u043d\u0438 \u0430\u0443\u0442\u043e\u0440\u0438 \u043d\u0430 \u043a\u043e\u043d\u0444\u0435\u0440\u0435\u043d\u0446\u0438\u0458\u0430\u043c\u0430 \u0415\u0422\u0420\u0410\u041d 2025 \u0438 \u0418\u0446\u0415\u0422\u0420\u0410\u041d 2025\"}]},{\"@type\":\"WebSite\",\"@id\":\"https:\/\/www.etran.rs\/2025\/#website\",\"url\":\"https:\/\/www.etran.rs\/2025\/\",\"name\":\"IcETRAN 2025\",\"description\":\"XII IcETRAN Conference 2025 - \u010ca\u010dak, June 9-12, 2025.\",\"publisher\":{\"@id\":\"https:\/\/www.etran.rs\/2025\/#organization\"},\"potentialAction\":[{\"@type\":\"SearchAction\",\"target\":{\"@type\":\"EntryPoint\",\"urlTemplate\":\"https:\/\/www.etran.rs\/2025\/?s={search_term_string}\"},\"query-input\":{\"@type\":\"PropertyValueSpecification\",\"valueRequired\":true,\"valueName\":\"search_term_string\"}}],\"inLanguage\":\"en-US\"},{\"@type\":\"Organization\",\"@id\":\"https:\/\/www.etran.rs\/2025\/#organization\",\"name\":\"ETRAN Society\",\"alternateName\":\"ETRAN\/IcETRAN\",\"url\":\"https:\/\/www.etran.rs\/2025\/\",\"logo\":{\"@type\":\"ImageObject\",\"inLanguage\":\"en-US\",\"@id\":\"https:\/\/www.etran.rs\/2025\/#\/schema\/logo\/image\/\",\"url\":\"https:\/\/www.etran.rs\/2025\/wp-content\/uploads\/2023\/05\/cropped-etrannovilogo-removebg-preview-e1684584979855.png\",\"contentUrl\":\"https:\/\/www.etran.rs\/2025\/wp-content\/uploads\/2023\/05\/cropped-etrannovilogo-removebg-preview-e1684584979855.png\",\"width\":250,\"height\":54,\"caption\":\"ETRAN Society\"},\"image\":{\"@id\":\"https:\/\/www.etran.rs\/2025\/#\/schema\/logo\/image\/\"}}]}<\/script>\n<!-- \/ Yoast SEO plugin. -->","yoast_head_json":{"title":"Nagra\u0111eni autori na konferencijama ETRAN 2025 i IcETRAN 2025 -","robots":{"index":"index","follow":"follow","max-snippet":"max-snippet:-1","max-image-preview":"max-image-preview:large","max-video-preview":"max-video-preview:-1"},"canonical":"https:\/\/www.etran.rs\/2025\/nagradjeni-autori-na-konferencijama-e\/","og_locale":"en_US","og_type":"article","og_title":"Nagra\u0111eni autori na konferencijama ETRAN 2025 i IcETRAN 2025 -","og_description":"\u041d\u0430\u0433\u0440\u0430\u0452\u0435\u043d\u0438 \u0430\u0443\u0442\u043e\u0440\u0438 \u2013 ETRAN &#038; IcETRAN 2025 MLADI AUTORI \u2013 IcETRAN Sekcija Autori Naslov rada AKI Vasilije Kova\u010devi\u0107, Marija Ratkovi\u0107, Tatjana Miljkovi\u0107, Maksim Kostadinov, Milo\u0161 Bjeli\u0107 Drone-based ultrasound system towards high frequency pest deterrence AUI Isidora Petrovi\u0107, Slobodan Dra\u0161kovi\u0107, \u017deljko \u0110urovi\u0107, Goran Diki\u0107, Marko Milivoj\u010devi\u0107 Identification and control of large transport delay temperature process BTI &hellip;","og_url":"https:\/\/www.etran.rs\/2025\/nagradjeni-autori-na-konferencijama-e\/","article_modified_time":"2025-06-15T21:39:33+00:00","og_image":[{"width":1707,"height":2560,"url":"https:\/\/www.etran.rs\/2025\/wp-content\/uploads\/2025\/06\/BUS_3600-scaled.jpg","type":"image\/jpeg"}],"twitter_card":"summary_large_image","twitter_misc":{"Est. reading time":"4 minutes"},"schema":{"@context":"https:\/\/schema.org","@graph":[{"@type":"WebPage","@id":"https:\/\/www.etran.rs\/2025\/nagradjeni-autori-na-konferencijama-e\/","url":"https:\/\/www.etran.rs\/2025\/nagradjeni-autori-na-konferencijama-e\/","name":"\u041d\u0430\u0433\u0440\u0430\u0452\u0435\u043d\u0438 \u0430\u0443\u0442\u043e\u0440\u0438 \u043d\u0430 \u043a\u043e\u043d\u0444\u0435\u0440\u0435\u043d\u0446\u0438\u0458\u0430\u043c\u0430 \u0415\u0422\u0420\u0410\u041d 2025 \u0438 \u0418\u0446\u0415\u0422\u0420\u0410\u041d 2025 -","isPartOf":{"@id":"https:\/\/www.etran.rs\/2025\/#website"},"primaryImageOfPage":{"@id":"https:\/\/www.etran.rs\/2025\/nagradjeni-autori-na-konferencijama-e\/#primaryimage"},"image":{"@id":"https:\/\/www.etran.rs\/2025\/nagradjeni-autori-na-konferencijama-e\/#primaryimage"},"thumbnailUrl":"https:\/\/www.etran.rs\/2025\/wp-content\/uploads\/2025\/06\/BUS_3600-scaled.jpg","datePublished":"2025-06-15T21:22:50+00:00","dateModified":"2025-06-15T21:39:33+00:00","breadcrumb":{"@id":"https:\/\/www.etran.rs\/2025\/nagradjeni-autori-na-konferencijama-e\/#breadcrumb"},"inLanguage":"en-US","potentialAction":[{"@type":"ReadAction","target":["https:\/\/www.etran.rs\/2025\/nagradjeni-autori-na-konferencijama-e\/"]}]},{"@type":"ImageObject","inLanguage":"en-US","@id":"https:\/\/www.etran.rs\/2025\/nagradjeni-autori-na-konferencijama-e\/#primaryimage","url":"https:\/\/www.etran.rs\/2025\/wp-content\/uploads\/2025\/06\/BUS_3600-scaled.jpg","contentUrl":"https:\/\/www.etran.rs\/2025\/wp-content\/uploads\/2025\/06\/BUS_3600-scaled.jpg","width":1707,"height":2560},{"@type":"BreadcrumbList","@id":"https:\/\/www.etran.rs\/2025\/nagradjeni-autori-na-konferencijama-e\/#breadcrumb","itemListElement":[{"@type":"ListItem","position":1,"name":"Home","item":"https:\/\/www.etran.rs\/2025\/en\/home-english\/"},{"@type":"ListItem","position":2,"name":"\u041d\u0430\u0433\u0440\u0430\u0452\u0435\u043d\u0438 \u0430\u0443\u0442\u043e\u0440\u0438 \u043d\u0430 \u043a\u043e\u043d\u0444\u0435\u0440\u0435\u043d\u0446\u0438\u0458\u0430\u043c\u0430 \u0415\u0422\u0420\u0410\u041d 2025 \u0438 \u0418\u0446\u0415\u0422\u0420\u0410\u041d 2025"}]},{"@type":"WebSite","@id":"https:\/\/www.etran.rs\/2025\/#website","url":"https:\/\/www.etran.rs\/2025\/","name":"IcETRAN 2025","description":"XII IcETRAN Conference 2025 - \u010ca\u010dak, June 9-12, 2025.","publisher":{"@id":"https:\/\/www.etran.rs\/2025\/#organization"},"potentialAction":[{"@type":"SearchAction","target":{"@type":"EntryPoint","urlTemplate":"https:\/\/www.etran.rs\/2025\/?s={search_term_string}"},"query-input":{"@type":"PropertyValueSpecification","valueRequired":true,"valueName":"search_term_string"}}],"inLanguage":"en-US"},{"@type":"Organization","@id":"https:\/\/www.etran.rs\/2025\/#organization","name":"ETRAN Society","alternateName":"ETRAN\/IcETRAN","url":"https:\/\/www.etran.rs\/2025\/","logo":{"@type":"ImageObject","inLanguage":"en-US","@id":"https:\/\/www.etran.rs\/2025\/#\/schema\/logo\/image\/","url":"https:\/\/www.etran.rs\/2025\/wp-content\/uploads\/2023\/05\/cropped-etrannovilogo-removebg-preview-e1684584979855.png","contentUrl":"https:\/\/www.etran.rs\/2025\/wp-content\/uploads\/2023\/05\/cropped-etrannovilogo-removebg-preview-e1684584979855.png","width":250,"height":54,"caption":"ETRAN Society"},"image":{"@id":"https:\/\/www.etran.rs\/2025\/#\/schema\/logo\/image\/"}}]}},"_links":{"self":[{"href":"https:\/\/www.etran.rs\/2025\/wp-json\/wp\/v2\/pages\/5389","targetHints":{"allow":["GET"]}}],"collection":[{"href":"https:\/\/www.etran.rs\/2025\/wp-json\/wp\/v2\/pages"}],"about":[{"href":"https:\/\/www.etran.rs\/2025\/wp-json\/wp\/v2\/types\/page"}],"author":[{"embeddable":true,"href":"https:\/\/www.etran.rs\/2025\/wp-json\/wp\/v2\/users\/1"}],"replies":[{"embeddable":true,"href":"https:\/\/www.etran.rs\/2025\/wp-json\/wp\/v2\/comments?post=5389"}],"version-history":[{"count":7,"href":"https:\/\/www.etran.rs\/2025\/wp-json\/wp\/v2\/pages\/5389\/revisions"}],"predecessor-version":[{"id":7389,"href":"https:\/\/www.etran.rs\/2025\/wp-json\/wp\/v2\/pages\/5389\/revisions\/7389"}],"wp:featuredmedia":[{"embeddable":true,"href":"https:\/\/www.etran.rs\/2025\/wp-json\/wp\/v2\/media\/7340"}],"wp:attachment":[{"href":"https:\/\/www.etran.rs\/2025\/wp-json\/wp\/v2\/media?parent=5389"}],"curies":[{"name":"wp","href":"https:\/\/api.w.org\/{rel}","templated":true}]}}