{"id":3665,"date":"2021-07-21T23:37:35","date_gmt":"2021-07-21T23:37:35","guid":{"rendered":"https:\/\/www.etran.rs\/2023\/?page_id=3665"},"modified":"2025-05-28T08:59:48","modified_gmt":"2025-05-28T08:59:48","slug":"conference-program","status":"publish","type":"page","link":"https:\/\/www.etran.rs\/2025\/en\/conference-program\/","title":{"rendered":"Conference program"},"content":{"rendered":"\n<style>\n.etran-day {\n  margin-bottom: 40px;\n  border-bottom: 1px solid #ccc;\n  padding-bottom: 20px;\n}\n.etran-date {\n  font-size: 20px;\n  font-weight: bold;\n  color: #004080;\n  margin-bottom: 10px;\n}\n.etran-session {\n  display: flex;\n  flex-wrap: wrap;\n  gap: 15px;\n  margin-bottom: 15px;\n  background: #f7f9fb;\n  border-radius: 8px;\n  padding: 10px;\n  box-shadow: 0 0 5px rgba(0,0,0,0.05);\n}\n.etran-time {\n  flex: 1 0 100px;\n  font-weight: bold;\n  color: #800000;\n}\n.etran-hall {\n  flex: 1 1 200px;\n  background: #e9f3ff;\n  padding: 10px;\n  border-radius: 4px;\n}\n.etran-hall-title {\n  font-weight: bold;\n}\n.c1 {\n  background-color: #6e65d9;\n}\n.c2 {\n  background-color: #b5d965;\n}\n.c3 {\n  background-color: yellow;\n}\n.c4 {\n  background-color: #d98665;\n}\n.c5 {\n  background-color: #d96591;\n}\n.c6 {\n  background-color: cyan;\n}\n@media (max-width: 600px) {\n  .etran-session {\n    flex-direction: column;\n  }\n}\n<\/style>\n\n<!-- Ponedeljak -->\n<div class=\"etran-day\">\n  <div class=\"etran-date\">Monday, June 9th 2025.<\/div>\n\n    <div class=\"etran-session\">\n    <div class=\"etran-time\">09:00 \u2013 10:45<\/div>\n    <div class=\"etran-hall c6\"><div class=\"etran-hall-title\">EL \/ ELI 1<\/div>Hall 1<\/div>\n    <div class=\"etran-hall c6\"><div class=\"etran-hall-title\">AU \/ AUI 1<\/div>Hall 2<\/div>\n    <div class=\"etran-hall c6\"><div class=\"etran-hall-title\">RO \/ ROI 1<\/div>Hall 3<\/div>\n    <div class=\"etran-hall c6\"><div class=\"etran-hall-title\">RT \/ RTI 1<\/div>Hall 4<\/div>\n    <div class=\"etran-hall c6\"><div class=\"etran-hall-title\">ML \/ MLI 1<\/div>Hall 5<\/div>\n    <div class=\"etran-hall c6\"><div class=\"etran-hall-title\">CTC \/ STS | EDU\/ EDUI <\/div>Hall 6<\/div>\n  <\/div>\n\n  <div class=\"etran-session\">\n    <div class=\"etran-time\">10:45 \u2013 11:00<\/div>\n    <div class=\"etran-hall c3\"><div class=\"etran-hall-title\">COFFE BREAK<\/div><\/div>\n  <\/div>\n\n  <div class=\"etran-session\">\n    <div class=\"etran-time\">11:00 \u2013 14:00<\/div>\n    \n      <div class=\"etran-hall c6\"><div class=\"etran-hall-title\">EE \/ EEI 1<\/div>Hall 1<\/div>\n      <div class=\"etran-hall c6\"><div class=\"etran-hall-title\">AP \/ API 1<\/div>Hall 2<\/div>\n      <div class=\"etran-hall c6\"><div class=\"etran-hall-title\">MT \/ MTI 1<\/div>Hall 2<\/div>\n      <div class=\"etran-hall c6\"><div class=\"etran-hall-title\">EK \/ EKI 1<\/div>Hall 3<\/div>\n      <div class=\"etran-hall c6\"><div class=\"etran-hall-title\">RT \/ RTI 2<\/div>Hall 4<\/div>\n      <div class=\"etran-hall c6\"><div class=\"etran-hall-title\">ML \/ MLI 2<\/div>Hall 5<\/div>\n      <div class=\"etran-hall c6\"><div class=\"etran-hall-title\">AK \/ AKI 1<\/div>Hall 6<\/div>\n    \n  <\/div>\n\n  <div class=\"etran-session\">\n    <div class=\"etran-time\">14:00 \u2013 15:00<\/div>\n    <div class=\"etran-hall c3\">\n      <div class=\"etran-hall-title\">Free time<\/div>\n    <\/div>\n  <\/div>\n\n  <div class=\"etran-session\">\n    <div class=\"etran-time\">15:00 \u2013 16:45<\/div>\n    <div class=\"etran-hall c6\"><div class=\"etran-hall-title\">EL \/ ELI 2<\/div>Hall 1<\/div>\n    <div class=\"etran-hall c6\"><div class=\"etran-hall-title\">AU \/ AUI 2<\/div>Hall 2<\/div>\n    <div class=\"etran-hall c6\"><div class=\"etran-hall-title\">RO \/ ROI 2<\/div>Hall 3<\/div>\n    <div class=\"etran-hall c6\"><div class=\"etran-hall-title\">RT \/ RTI 3<\/div>Hall 4<\/div>\n    <div class=\"etran-hall c6\"><div class=\"etran-hall-title\">NM \/ NMI 1<\/div>Hall 5<\/div>\n    <div class=\"etran-hall c6\"><div class=\"etran-hall-title\">BT \/ BTI 1<\/div>Hall 6<\/div>\n  <\/div>\n\n  <div class=\"etran-session\">\n    <div class=\"etran-time\">16:45 \u2013 17:00<\/div>\n    <div class=\"etran-hall c3\">\n      <div class=\"etran-hall-title\">COFFE BREAK<\/div>\n    <\/div>\n  <\/div>\n\n  <div class=\"etran-session\">\n    <div class=\"etran-time\">17:00 \u2013 17:30<\/div>\n      <div class=\"etran-hall c2\">\n      <div class=\"etran-hall-title\">OPENING CEREMONY<\/div>\n    <\/div>\n  <\/div>\n\n  <div class=\"etran-session\">\n    <div class=\"etran-time\">17:30 \u2013 19:00<\/div>\n    <div class=\"etran-hall c1\">\n      <div class=\"etran-hall-title\">KEY NOTE LECTURES<\/div>Ron Dabora, Vojislav Kecman, Petar Grbovi\u0107\n      <\/div>\n  <\/div>\n\n  <div class=\"etran-session\">\n    <div class=\"etran-time\">19:00 \u2013 21:00<\/div>\n    <div class=\"etran-hall c4\">\n      <div class=\"etran-hall-title\">COCTAILS<\/div>\n    <\/div>\n  <\/div>\n\n<\/div>\n\n<!-- Utorak -->\n<div class=\"etran-day\">\n  <div class=\"etran-date\">Tuesday, June 10th 2025.<\/div>\n\n  <div class=\"etran-session\">\n    <div class=\"etran-time\">09:00 \u2013 10:45<\/div>\n    <div class=\"etran-hall c6\"><div class=\"etran-hall-title\">EE \/ EEI 2<\/div>Hall 1<\/div>\n    <div class=\"etran-hall c6\"><div class=\"etran-hall-title\">BT \/ BTI 2<\/div>Hall 2<\/div>\n    <div class=\"etran-hall c6\"><div class=\"etran-hall-title\">VI \/ VII 1<\/div>Hall 3<\/div>\n    <div class=\"etran-hall c6\"><div class=\"etran-hall-title\">TE \/ TEI 1<\/div>Hall 4<\/div>\n    <div class=\"etran-hall c6\"><div class=\"etran-hall-title\">ML \/ MLI 3<\/div>Hall 5<\/div>\n    <div class=\"etran-hall c6\"><div class=\"etran-hall-title\">MO \/ MOI 1<\/div>Hall 6<\/div>\n  <\/div>\n\n  <div class=\"etran-session\">\n    <div class=\"etran-time\">10:45 \u2013 11:00<\/div>\n    <div class=\"etran-hall c3\"><div class=\"etran-hall-title\">COFFE BREAK<\/div><\/div>\n  <\/div>\n\n  <div class=\"etran-session\">\n    <div class=\"etran-time\">10:00 \u2013 12:00<\/div>\n    <div class=\"etran-hall c5\"><div class=\"etran-hall-title\">COMPANY PRESENTATIONS<\/div>Golden Sponsors<\/div>\n  <\/div>\n\n  <div class=\"etran-session\">\n    <div class=\"etran-time\">12:00 \u2013 13:00<\/div>\n    <div class=\"etran-hall c5\"><div class=\"etran-hall-title\">COMPANY PRESENTATIONS<\/div>Silver Sponsors(for students)<\/div>\n  <\/div>\n\n  <div class=\"etran-session\">\n    <div class=\"etran-time\">13:00 \u2013 14:00<\/div>\n    <div class=\"etran-hall c5\"><div class=\"etran-hall-title\">Industry Session &#8211; Panel discussion<\/div> Industry of The Future: The Role of Artificial Intelligence in Modernizing the Economy<\/div>\n  <\/div>\n\n  <div class=\"etran-session\">\n    <div class=\"etran-time\">14:00 \u2013 15:00<\/div>\n    <div class=\"etran-hall c3\"><div class=\"etran-hall-title\">Company Coctail<\/div><\/div>\n  <\/div>\n\n  <div class=\"etran-session\">\n    <div class=\"etran-time\">15:00 \u2013 17:15<\/div>\n    <div class=\"etran-hall c6\"><div class=\"etran-hall-title\">EE \/ EEI 3<\/div>Hall 1<\/div>\n    <div class=\"etran-hall c6\"><div class=\"etran-hall-title\">NT \/ NTI 1<\/div>Hall 2<\/div>\n    <div class=\"etran-hall c6\"><div class=\"etran-hall-title\">VI \/ VII 2<\/div>Hall 3<\/div>\n    <div class=\"etran-hall c6\"><div class=\"etran-hall-title\">TE \/ TEI 2<\/div>Hall 4<\/div>\n    <div class=\"etran-hall c6\"><div class=\"etran-hall-title\">ML \/ MLI 4<\/div>Hall 5<\/div>\n    <div class=\"etran-hall c6\"><div class=\"etran-hall-title\">PS \/ AS \u2013 Digitalisation<\/div>Hall 6<\/div>\n    <div class=\"etran-hall c6\"><div class=\"etran-hall-title\">PS \/ AS \u2013 Heritology<\/div>Hall 6<\/div>\n  <\/div>\n\n  <div class=\"etran-session\">\n    <div class=\"etran-time\">17:15 \u2013 17:30<\/div>\n    <div class=\"etran-hall c3\"><div class=\"etran-hall-title\">COFFE BREAK<\/div><\/div>\n  <\/div>\n\n  <div class=\"etran-session\">\n    <div class=\"etran-time\">17:30 \u2013 18:15<\/div>\n    <div class=\"etran-hall c1\"><div class=\"etran-hall-title\">KEY NOTE LECTURES<\/div>Vesna Spasi\u0107-Joki\u0107<\/div>\n  <\/div>\n    <div class=\"etran-session\">\n    <div class=\"etran-time\">18:15 \u2013 19:15<\/div>\n    <div class=\"etran-hall c2\"><div class=\"etran-hall-title\">GENERAL ASSEMBLY of ETRAN SOCIETY<\/div><\/div>\n  <\/div>\n\n  <div class=\"etran-session\">\n    <div class=\"etran-time\">19:15 \u2013 20:00<\/div>\n    <div class=\"etran-hall c4\"><div class=\"etran-hall-title\">In memoriam:<\/div>Prof. Mili\u0107 \u0110eki\u0107<\/div>\n    <div class=\"etran-hall c4\"><div class=\"etran-hall-title\">In memoriam:<\/div>Dr Zoran Jak\u0161i\u0107<\/div>\n  <\/div>\n\n  <div class=\"etran-session\">\n    <div class=\"etran-time\">20:00 \u2013 24:00<\/div>\n    <div class=\"etran-hall\"><div class=\"etran-hall-title\">Awards for best papers 2025<\/div><\/div>\n    <div class=\"etran-hall\"><div class=\"etran-hall-title\">GALA DINNER<\/div><\/div>\n  <\/div>\n<\/div>\n\n<!-- Sreda -->\n<div class=\"etran-day\">\n  <div class=\"etran-date\">Wednesday, June 11th 2025.<\/div>\n\n  <div class=\"etran-session\">\n    <div class=\"etran-time\">09:00 \u2013 10:45<\/div>\n    <div class=\"etran-hall c6\"><div class=\"etran-hall-title\">PS \/ AS \u2013 Forensics<\/div>Hall 1<\/div>\n    <div class=\"etran-hall c6\"><div class=\"etran-hall-title\">PS \/ AS \u2013 Thermal performance<\/div>Hall 2<\/div>\n    <div class=\"etran-hall c6\"><div class=\"etran-hall-title\">PS \/ AS \u2013 Multidisciplinary<\/div>Hall 3<\/div>\n  <\/div>\n\n  <div class=\"etran-session\">\n    <div class=\"etran-time\">10:45 \u2013 11:00<\/div>\n    <div class=\"etran-hall c3\">\n      <div class=\"etran-hall-title\">COFFE BREAK<\/div>\n    <\/div>\n  <\/div>\n\n  <div class=\"etran-session\">\n    <div class=\"etran-time\">11:00 \u2013 16:00<\/div>\n    <div class=\"etran-hall\"><div class=\"etran-hall-title\">Excursion<\/div>Ov\u010dar spa<\/div>\n  <\/div>\n\n<\/div>\n\n<!-- \u010cetvrtak -->\n<div class=\"etran-day\">\n  <div class=\"etran-date\">Thursday, June 12th 2025.<\/div>\n\n  <div class=\"etran-session\">\n    <div class=\"etran-time\">09:00 \u2013 10:45<\/div>\n    <div class=\"etran-hall\"><div class=\"etran-hall-title\">ERASMUS + PROJECTS PRESENTATIONS<\/div>Moderator: Neboj\u0161a Arsi\u0107, Rector of University of Pri\u0161tina<\/div>\n<div class=\"etran-hall\"><div class=\"etran-hall-title\">DGTRANS<\/div>9:00-9:45<\/div>\n<div class=\"etran-hall\"><div class=\"etran-hall-title\">PELMOB<\/div>9:45-10:15<\/div>\n<div class=\"etran-hall\"><div class=\"etran-hall-title\">SPHERE<\/div>10:15-10:45<\/div>\n  <\/div>\n\n  <div class=\"etran-session\">\n    <div class=\"etran-time\">10:45 \u2013 11:00<\/div>\n    <div class=\"etran-hall c3\"><div class=\"etran-hall-title\">COFFE BREAK<\/div><\/div>\n  <\/div>\n\n  <div class=\"etran-session\">\n    <div class=\"etran-time\">11:00 \u2013 12:45<\/div>\n    <div class=\"etran-hall\"><div class=\"etran-hall-title\">PROJECT PRESENTATION 2<\/div><\/div>\n  <\/div>\n\n    <div class=\"etran-session\">\n    <div class=\"etran-time\">12:45 \u2013 13:45<\/div>\n    <div class=\"etran-hall\"><div class=\"etran-hall-title\">Visit to STP \u010ca\u010dak<\/div>( Optional, depending on the number of applicants )<\/div>\n  <\/div>\n\n<\/div>\n","protected":false},"excerpt":{"rendered":"<p>Monday, June 9th 2025. 09:00 \u2013 10:45 EL \/ ELI 1 Hall 1 AU \/ AUI 1 Hall 2 RO \/ ROI 1 Hall 3 RT \/ RTI 1 Hall 4 ML \/ MLI 1 Hall 5 CTC \/ STS | EDU\/ EDUI Hall 6 10:45 \u2013 11:00 COFFE BREAK 11:00 \u2013 14:00 EE \/ &hellip; <\/p>\n","protected":false},"author":1,"featured_media":0,"parent":0,"menu_order":0,"comment_status":"closed","ping_status":"closed","template":"elementor_canvas","meta":{"_themeisle_gutenberg_block_has_review":false,"footnotes":""},"class_list":["post-3665","page","type-page","status-publish","hentry"],"yoast_head":"<!-- This site is optimized with the Yoast SEO plugin v25.7 - https:\/\/yoast.com\/wordpress\/plugins\/seo\/ -->\n<title>Conference program -<\/title>\n<meta name=\"robots\" content=\"index, follow, max-snippet:-1, max-image-preview:large, max-video-preview:-1\" \/>\n<link rel=\"canonical\" href=\"https:\/\/www.etran.rs\/2025\/en\/conference-program\/\" \/>\n<meta property=\"og:locale\" content=\"en_US\" \/>\n<meta property=\"og:type\" content=\"article\" \/>\n<meta property=\"og:title\" content=\"Conference program -\" \/>\n<meta property=\"og:description\" content=\"Monday, June 9th 2025. 09:00 \u2013 10:45 EL \/ ELI 1 Hall 1 AU \/ AUI 1 Hall 2 RO \/ ROI 1 Hall 3 RT \/ RTI 1 Hall 4 ML \/ MLI 1 Hall 5 CTC \/ STS | EDU\/ EDUI Hall 6 10:45 \u2013 11:00 COFFE BREAK 11:00 \u2013 14:00 EE \/ &hellip;\" \/>\n<meta property=\"og:url\" content=\"https:\/\/www.etran.rs\/2025\/en\/conference-program\/\" \/>\n<meta property=\"article:modified_time\" content=\"2025-05-28T08:59:48+00:00\" \/>\n<meta name=\"twitter:card\" content=\"summary_large_image\" \/>\n<meta name=\"twitter:label1\" content=\"Est. reading time\" \/>\n\t<meta name=\"twitter:data1\" content=\"2 minutes\" \/>\n<script type=\"application\/ld+json\" class=\"yoast-schema-graph\">{\"@context\":\"https:\/\/schema.org\",\"@graph\":[{\"@type\":\"WebPage\",\"@id\":\"https:\/\/www.etran.rs\/2025\/en\/conference-program\/\",\"url\":\"https:\/\/www.etran.rs\/2025\/en\/conference-program\/\",\"name\":\"Conference program -\",\"isPartOf\":{\"@id\":\"https:\/\/www.etran.rs\/2025\/#website\"},\"datePublished\":\"2021-07-21T23:37:35+00:00\",\"dateModified\":\"2025-05-28T08:59:48+00:00\",\"breadcrumb\":{\"@id\":\"https:\/\/www.etran.rs\/2025\/en\/conference-program\/#breadcrumb\"},\"inLanguage\":\"en-US\",\"potentialAction\":[{\"@type\":\"ReadAction\",\"target\":[\"https:\/\/www.etran.rs\/2025\/en\/conference-program\/\"]}]},{\"@type\":\"BreadcrumbList\",\"@id\":\"https:\/\/www.etran.rs\/2025\/en\/conference-program\/#breadcrumb\",\"itemListElement\":[{\"@type\":\"ListItem\",\"position\":1,\"name\":\"Home\",\"item\":\"https:\/\/www.etran.rs\/2025\/en\/home-english\/\"},{\"@type\":\"ListItem\",\"position\":2,\"name\":\"Conference program\"}]},{\"@type\":\"WebSite\",\"@id\":\"https:\/\/www.etran.rs\/2025\/#website\",\"url\":\"https:\/\/www.etran.rs\/2025\/\",\"name\":\"IcETRAN 2025\",\"description\":\"XII IcETRAN Conference 2025 - \u010ca\u010dak, June 9-12, 2025.\",\"publisher\":{\"@id\":\"https:\/\/www.etran.rs\/2025\/#organization\"},\"potentialAction\":[{\"@type\":\"SearchAction\",\"target\":{\"@type\":\"EntryPoint\",\"urlTemplate\":\"https:\/\/www.etran.rs\/2025\/?s={search_term_string}\"},\"query-input\":{\"@type\":\"PropertyValueSpecification\",\"valueRequired\":true,\"valueName\":\"search_term_string\"}}],\"inLanguage\":\"en-US\"},{\"@type\":\"Organization\",\"@id\":\"https:\/\/www.etran.rs\/2025\/#organization\",\"name\":\"ETRAN Society\",\"alternateName\":\"ETRAN\/IcETRAN\",\"url\":\"https:\/\/www.etran.rs\/2025\/\",\"logo\":{\"@type\":\"ImageObject\",\"inLanguage\":\"en-US\",\"@id\":\"https:\/\/www.etran.rs\/2025\/#\/schema\/logo\/image\/\",\"url\":\"https:\/\/www.etran.rs\/2025\/wp-content\/uploads\/2023\/05\/cropped-etrannovilogo-removebg-preview-e1684584979855.png\",\"contentUrl\":\"https:\/\/www.etran.rs\/2025\/wp-content\/uploads\/2023\/05\/cropped-etrannovilogo-removebg-preview-e1684584979855.png\",\"width\":250,\"height\":54,\"caption\":\"ETRAN Society\"},\"image\":{\"@id\":\"https:\/\/www.etran.rs\/2025\/#\/schema\/logo\/image\/\"}}]}<\/script>\n<!-- \/ Yoast SEO plugin. -->","yoast_head_json":{"title":"Conference program -","robots":{"index":"index","follow":"follow","max-snippet":"max-snippet:-1","max-image-preview":"max-image-preview:large","max-video-preview":"max-video-preview:-1"},"canonical":"https:\/\/www.etran.rs\/2025\/en\/conference-program\/","og_locale":"en_US","og_type":"article","og_title":"Conference program -","og_description":"Monday, June 9th 2025. 09:00 \u2013 10:45 EL \/ ELI 1 Hall 1 AU \/ AUI 1 Hall 2 RO \/ ROI 1 Hall 3 RT \/ RTI 1 Hall 4 ML \/ MLI 1 Hall 5 CTC \/ STS | EDU\/ EDUI Hall 6 10:45 \u2013 11:00 COFFE BREAK 11:00 \u2013 14:00 EE \/ &hellip;","og_url":"https:\/\/www.etran.rs\/2025\/en\/conference-program\/","article_modified_time":"2025-05-28T08:59:48+00:00","twitter_card":"summary_large_image","twitter_misc":{"Est. reading time":"2 minutes"},"schema":{"@context":"https:\/\/schema.org","@graph":[{"@type":"WebPage","@id":"https:\/\/www.etran.rs\/2025\/en\/conference-program\/","url":"https:\/\/www.etran.rs\/2025\/en\/conference-program\/","name":"Conference program -","isPartOf":{"@id":"https:\/\/www.etran.rs\/2025\/#website"},"datePublished":"2021-07-21T23:37:35+00:00","dateModified":"2025-05-28T08:59:48+00:00","breadcrumb":{"@id":"https:\/\/www.etran.rs\/2025\/en\/conference-program\/#breadcrumb"},"inLanguage":"en-US","potentialAction":[{"@type":"ReadAction","target":["https:\/\/www.etran.rs\/2025\/en\/conference-program\/"]}]},{"@type":"BreadcrumbList","@id":"https:\/\/www.etran.rs\/2025\/en\/conference-program\/#breadcrumb","itemListElement":[{"@type":"ListItem","position":1,"name":"Home","item":"https:\/\/www.etran.rs\/2025\/en\/home-english\/"},{"@type":"ListItem","position":2,"name":"Conference program"}]},{"@type":"WebSite","@id":"https:\/\/www.etran.rs\/2025\/#website","url":"https:\/\/www.etran.rs\/2025\/","name":"IcETRAN 2025","description":"XII IcETRAN Conference 2025 - \u010ca\u010dak, June 9-12, 2025.","publisher":{"@id":"https:\/\/www.etran.rs\/2025\/#organization"},"potentialAction":[{"@type":"SearchAction","target":{"@type":"EntryPoint","urlTemplate":"https:\/\/www.etran.rs\/2025\/?s={search_term_string}"},"query-input":{"@type":"PropertyValueSpecification","valueRequired":true,"valueName":"search_term_string"}}],"inLanguage":"en-US"},{"@type":"Organization","@id":"https:\/\/www.etran.rs\/2025\/#organization","name":"ETRAN Society","alternateName":"ETRAN\/IcETRAN","url":"https:\/\/www.etran.rs\/2025\/","logo":{"@type":"ImageObject","inLanguage":"en-US","@id":"https:\/\/www.etran.rs\/2025\/#\/schema\/logo\/image\/","url":"https:\/\/www.etran.rs\/2025\/wp-content\/uploads\/2023\/05\/cropped-etrannovilogo-removebg-preview-e1684584979855.png","contentUrl":"https:\/\/www.etran.rs\/2025\/wp-content\/uploads\/2023\/05\/cropped-etrannovilogo-removebg-preview-e1684584979855.png","width":250,"height":54,"caption":"ETRAN Society"},"image":{"@id":"https:\/\/www.etran.rs\/2025\/#\/schema\/logo\/image\/"}}]}},"_links":{"self":[{"href":"https:\/\/www.etran.rs\/2025\/wp-json\/wp\/v2\/pages\/3665","targetHints":{"allow":["GET"]}}],"collection":[{"href":"https:\/\/www.etran.rs\/2025\/wp-json\/wp\/v2\/pages"}],"about":[{"href":"https:\/\/www.etran.rs\/2025\/wp-json\/wp\/v2\/types\/page"}],"author":[{"embeddable":true,"href":"https:\/\/www.etran.rs\/2025\/wp-json\/wp\/v2\/users\/1"}],"replies":[{"embeddable":true,"href":"https:\/\/www.etran.rs\/2025\/wp-json\/wp\/v2\/comments?post=3665"}],"version-history":[{"count":8,"href":"https:\/\/www.etran.rs\/2025\/wp-json\/wp\/v2\/pages\/3665\/revisions"}],"predecessor-version":[{"id":6309,"href":"https:\/\/www.etran.rs\/2025\/wp-json\/wp\/v2\/pages\/3665\/revisions\/6309"}],"wp:attachment":[{"href":"https:\/\/www.etran.rs\/2025\/wp-json\/wp\/v2\/media?parent=3665"}],"curies":[{"name":"wp","href":"https:\/\/api.w.org\/{rel}","templated":true}]}}