{"id":3431,"date":"2023-02-19T22:31:54","date_gmt":"2023-02-19T22:31:54","guid":{"rendered":"https:\/\/www.etran.rs\/2023\/?page_id=3431"},"modified":"2025-03-29T02:34:26","modified_gmt":"2025-03-29T02:34:26","slug":"uputstvo-za-pripremu-radova-za-konfer-2","status":"publish","type":"page","link":"https:\/\/www.etran.rs\/2025\/uputstvo-za-pripremu-radova-za-konfer-2\/","title":{"rendered":"Uputstvo za pripremu radova za ETRAN konferenciju"},"content":{"rendered":"\n<p>Za Konferencije ETRAN i IcETRAN mogu se podneti isklju\u010divo radovi koji sadr\u017ee originalne teorijske ili prakti\u010dne rezultate istra\u017eivanja, rezultate primene teorijskih metoda u re\u0161avanju konkretnih in\u017eenjerskih problema i prikaze prakti\u010dnih re\u0161enja ili ure\u0111aja. Prihvataju se isklju\u010divo radovi koji nisu prethodno saop\u0161teni, objavljeni ili na neki drugi na\u010din prikazani. Pored radova u tematici postoje\u0107ih stru\u010dnih sekcija Dru\u0161tva za ETRAN autori se pozivaju da prijave i radove posve\u0107ene obrazovanju u oblastima koje pokrivaju sekcije.<\/p>\n\n\n\n<p>Pozivaju se autori da podnose radove iz oblasti nanonauka i nanotehnologija za 16. godi\u0161nju radionicu nanoETRAN koja \u0107e i ove godine biti odr\u017eana u okviru sekcije za Mikroelektroniku i optoelektroniku (MO).<\/p>\n\n\n\n<p>Posebno se pozivaju i bi\u0107e stimulisani studenti redovnih studija da podnesu radove koji \u0107e biti razmotreni za prezentaciju na posebnoj studentskoj sekciji.<\/p>\n\n\n\n<p>Ovde mo\u017eete na\u0107i kompletno uputstvo autorima radova u MS Word i Adobe PDF formatu na srpskom jeziku (radi se o modifikovanom IEEE Transactions formatu; uputstvo za rad na engleskom na\u0107i \u0107ete na stranicama IcETRAN-a):<\/p>\n\n\n\n<p><span style=\"color: #339966;\"><a href=\"https:\/\/www.etran.rs\/2025\/wp-content\/uploads\/2025\/03\/ETRAN_uputstvo_za_pripremu_rada_2025_CC.docx\"><strong>MS Word uzorak<\/strong><\/a><\/span><\/p>\n\n\n\n<p>Radovi u elektronskom obliku (isklju\u010divo .pdf format) moraju biti prosle\u0111eni putem <span style=\"color: #339966;\"><a href=\"https:\/\/easychair.org\/my\/conference?conf=icetran2025\" target=\"_blank\" rel=\"noreferrer noopener\">EasyChair conference management system<\/a>.<\/span><\/p>\n\n\n\n<p>Podnete radove recenziraju po dva anonimna stru\u010dnjaka iz oblasti prijavljenog rada. Prihva\u0107eni radovi se objavljuju u zborniku radova neposredno pre konferencije, koji ima ISBN broj. Dru\u0161tvo neguje Open Access pristup pa \u0107e svi radovi biti dostupni u\u010desnicima na konferenciji, kao i svim zainteresovanim na sajtu Dru\u0161tva za ETRAN nakon konferencije.<\/p>\n\n\n\n<p>Konferencije su podr\u017eane od strane Ministarstva nauke, tehnolo\u0161kog razvoja i inovacija &nbsp;Republike Srbije i drugih profesionalnih sponzora.<\/p>\n","protected":false},"excerpt":{"rendered":"<p>Za Konferencije ETRAN i IcETRAN mogu se podneti isklju\u010divo radovi koji sadr\u017ee originalne teorijske ili prakti\u010dne rezultate istra\u017eivanja, rezultate primene teorijskih metoda u re\u0161avanju konkretnih in\u017eenjerskih problema i prikaze prakti\u010dnih re\u0161enja ili ure\u0111aja. Prihvataju se isklju\u010divo radovi koji nisu prethodno saop\u0161teni, objavljeni ili na neki drugi na\u010din prikazani. Pored radova u tematici postoje\u0107ih stru\u010dnih sekcija &hellip; <\/p>\n","protected":false},"author":1,"featured_media":0,"parent":0,"menu_order":0,"comment_status":"closed","ping_status":"closed","template":"","meta":{"_themeisle_gutenberg_block_has_review":false,"footnotes":""},"class_list":["post-3431","page","type-page","status-publish","hentry"],"yoast_head":"<!-- This site is optimized with the Yoast SEO plugin v25.7 - https:\/\/yoast.com\/wordpress\/plugins\/seo\/ -->\n<title>Uputstvo za pripremu radova za ETRAN konferenciju -<\/title>\n<meta name=\"robots\" content=\"index, follow, max-snippet:-1, max-image-preview:large, max-video-preview:-1\" \/>\n<link rel=\"canonical\" href=\"https:\/\/www.etran.rs\/2025\/uputstvo-za-pripremu-radova-za-konfer-2\/\" \/>\n<meta property=\"og:locale\" content=\"en_US\" \/>\n<meta property=\"og:type\" content=\"article\" \/>\n<meta property=\"og:title\" content=\"Uputstvo za pripremu radova za ETRAN konferenciju -\" \/>\n<meta property=\"og:description\" content=\"Za Konferencije ETRAN i IcETRAN mogu se podneti isklju\u010divo radovi koji sadr\u017ee originalne teorijske ili prakti\u010dne rezultate istra\u017eivanja, rezultate primene teorijskih metoda u re\u0161avanju konkretnih in\u017eenjerskih problema i prikaze prakti\u010dnih re\u0161enja ili ure\u0111aja. Prihvataju se isklju\u010divo radovi koji nisu prethodno saop\u0161teni, objavljeni ili na neki drugi na\u010din prikazani. Pored radova u tematici postoje\u0107ih stru\u010dnih sekcija &hellip;\" \/>\n<meta property=\"og:url\" content=\"https:\/\/www.etran.rs\/2025\/uputstvo-za-pripremu-radova-za-konfer-2\/\" \/>\n<meta property=\"article:modified_time\" content=\"2025-03-29T02:34:26+00:00\" \/>\n<meta name=\"twitter:card\" content=\"summary_large_image\" \/>\n<meta name=\"twitter:label1\" content=\"Est. reading time\" \/>\n\t<meta name=\"twitter:data1\" content=\"2 minutes\" \/>\n<script type=\"application\/ld+json\" class=\"yoast-schema-graph\">{\"@context\":\"https:\/\/schema.org\",\"@graph\":[{\"@type\":\"WebPage\",\"@id\":\"https:\/\/www.etran.rs\/2025\/uputstvo-za-pripremu-radova-za-konfer-2\/\",\"url\":\"https:\/\/www.etran.rs\/2025\/uputstvo-za-pripremu-radova-za-konfer-2\/\",\"name\":\"\u0423\u043f\u0443\u0442\u0441\u0442\u0432\u043e \u0437\u0430 \u043f\u0440\u0438\u043f\u0440\u0435\u043c\u0443 \u0440\u0430\u0434\u043e\u0432\u0430 \u0437\u0430 \u0415\u0422\u0420\u0410\u041d \u043a\u043e\u043d\u0444\u0435\u0440\u0435\u043d\u0446\u0438\u0458\u0443 -\",\"isPartOf\":{\"@id\":\"https:\/\/www.etran.rs\/2025\/#website\"},\"datePublished\":\"2023-02-19T22:31:54+00:00\",\"dateModified\":\"2025-03-29T02:34:26+00:00\",\"breadcrumb\":{\"@id\":\"https:\/\/www.etran.rs\/2025\/uputstvo-za-pripremu-radova-za-konfer-2\/#breadcrumb\"},\"inLanguage\":\"en-US\",\"potentialAction\":[{\"@type\":\"ReadAction\",\"target\":[\"https:\/\/www.etran.rs\/2025\/uputstvo-za-pripremu-radova-za-konfer-2\/\"]}]},{\"@type\":\"BreadcrumbList\",\"@id\":\"https:\/\/www.etran.rs\/2025\/uputstvo-za-pripremu-radova-za-konfer-2\/#breadcrumb\",\"itemListElement\":[{\"@type\":\"ListItem\",\"position\":1,\"name\":\"Home\",\"item\":\"https:\/\/www.etran.rs\/2025\/en\/home-english\/\"},{\"@type\":\"ListItem\",\"position\":2,\"name\":\"\u0423\u043f\u0443\u0442\u0441\u0442\u0432\u043e \u0437\u0430 \u043f\u0440\u0438\u043f\u0440\u0435\u043c\u0443 \u0440\u0430\u0434\u043e\u0432\u0430 \u0437\u0430 \u0415\u0422\u0420\u0410\u041d \u043a\u043e\u043d\u0444\u0435\u0440\u0435\u043d\u0446\u0438\u0458\u0443\"}]},{\"@type\":\"WebSite\",\"@id\":\"https:\/\/www.etran.rs\/2025\/#website\",\"url\":\"https:\/\/www.etran.rs\/2025\/\",\"name\":\"IcETRAN 2025\",\"description\":\"XII IcETRAN Conference 2025 - \u010ca\u010dak, June 9-12, 2025.\",\"publisher\":{\"@id\":\"https:\/\/www.etran.rs\/2025\/#organization\"},\"potentialAction\":[{\"@type\":\"SearchAction\",\"target\":{\"@type\":\"EntryPoint\",\"urlTemplate\":\"https:\/\/www.etran.rs\/2025\/?s={search_term_string}\"},\"query-input\":{\"@type\":\"PropertyValueSpecification\",\"valueRequired\":true,\"valueName\":\"search_term_string\"}}],\"inLanguage\":\"en-US\"},{\"@type\":\"Organization\",\"@id\":\"https:\/\/www.etran.rs\/2025\/#organization\",\"name\":\"ETRAN Society\",\"alternateName\":\"ETRAN\/IcETRAN\",\"url\":\"https:\/\/www.etran.rs\/2025\/\",\"logo\":{\"@type\":\"ImageObject\",\"inLanguage\":\"en-US\",\"@id\":\"https:\/\/www.etran.rs\/2025\/#\/schema\/logo\/image\/\",\"url\":\"https:\/\/www.etran.rs\/2025\/wp-content\/uploads\/2023\/05\/cropped-etrannovilogo-removebg-preview-e1684584979855.png\",\"contentUrl\":\"https:\/\/www.etran.rs\/2025\/wp-content\/uploads\/2023\/05\/cropped-etrannovilogo-removebg-preview-e1684584979855.png\",\"width\":250,\"height\":54,\"caption\":\"ETRAN Society\"},\"image\":{\"@id\":\"https:\/\/www.etran.rs\/2025\/#\/schema\/logo\/image\/\"}}]}<\/script>\n<!-- \/ Yoast SEO plugin. -->","yoast_head_json":{"title":"Uputstvo za pripremu radova za ETRAN konferenciju -","robots":{"index":"index","follow":"follow","max-snippet":"max-snippet:-1","max-image-preview":"max-image-preview:large","max-video-preview":"max-video-preview:-1"},"canonical":"https:\/\/www.etran.rs\/2025\/uputstvo-za-pripremu-radova-za-konfer-2\/","og_locale":"en_US","og_type":"article","og_title":"Uputstvo za pripremu radova za ETRAN konferenciju -","og_description":"Za Konferencije ETRAN i IcETRAN mogu se podneti isklju\u010divo radovi koji sadr\u017ee originalne teorijske ili prakti\u010dne rezultate istra\u017eivanja, rezultate primene teorijskih metoda u re\u0161avanju konkretnih in\u017eenjerskih problema i prikaze prakti\u010dnih re\u0161enja ili ure\u0111aja. Prihvataju se isklju\u010divo radovi koji nisu prethodno saop\u0161teni, objavljeni ili na neki drugi na\u010din prikazani. Pored radova u tematici postoje\u0107ih stru\u010dnih sekcija &hellip;","og_url":"https:\/\/www.etran.rs\/2025\/uputstvo-za-pripremu-radova-za-konfer-2\/","article_modified_time":"2025-03-29T02:34:26+00:00","twitter_card":"summary_large_image","twitter_misc":{"Est. reading time":"2 minutes"},"schema":{"@context":"https:\/\/schema.org","@graph":[{"@type":"WebPage","@id":"https:\/\/www.etran.rs\/2025\/uputstvo-za-pripremu-radova-za-konfer-2\/","url":"https:\/\/www.etran.rs\/2025\/uputstvo-za-pripremu-radova-za-konfer-2\/","name":"\u0423\u043f\u0443\u0442\u0441\u0442\u0432\u043e \u0437\u0430 \u043f\u0440\u0438\u043f\u0440\u0435\u043c\u0443 \u0440\u0430\u0434\u043e\u0432\u0430 \u0437\u0430 \u0415\u0422\u0420\u0410\u041d \u043a\u043e\u043d\u0444\u0435\u0440\u0435\u043d\u0446\u0438\u0458\u0443 -","isPartOf":{"@id":"https:\/\/www.etran.rs\/2025\/#website"},"datePublished":"2023-02-19T22:31:54+00:00","dateModified":"2025-03-29T02:34:26+00:00","breadcrumb":{"@id":"https:\/\/www.etran.rs\/2025\/uputstvo-za-pripremu-radova-za-konfer-2\/#breadcrumb"},"inLanguage":"en-US","potentialAction":[{"@type":"ReadAction","target":["https:\/\/www.etran.rs\/2025\/uputstvo-za-pripremu-radova-za-konfer-2\/"]}]},{"@type":"BreadcrumbList","@id":"https:\/\/www.etran.rs\/2025\/uputstvo-za-pripremu-radova-za-konfer-2\/#breadcrumb","itemListElement":[{"@type":"ListItem","position":1,"name":"Home","item":"https:\/\/www.etran.rs\/2025\/en\/home-english\/"},{"@type":"ListItem","position":2,"name":"\u0423\u043f\u0443\u0442\u0441\u0442\u0432\u043e \u0437\u0430 \u043f\u0440\u0438\u043f\u0440\u0435\u043c\u0443 \u0440\u0430\u0434\u043e\u0432\u0430 \u0437\u0430 \u0415\u0422\u0420\u0410\u041d \u043a\u043e\u043d\u0444\u0435\u0440\u0435\u043d\u0446\u0438\u0458\u0443"}]},{"@type":"WebSite","@id":"https:\/\/www.etran.rs\/2025\/#website","url":"https:\/\/www.etran.rs\/2025\/","name":"IcETRAN 2025","description":"XII IcETRAN Conference 2025 - \u010ca\u010dak, June 9-12, 2025.","publisher":{"@id":"https:\/\/www.etran.rs\/2025\/#organization"},"potentialAction":[{"@type":"SearchAction","target":{"@type":"EntryPoint","urlTemplate":"https:\/\/www.etran.rs\/2025\/?s={search_term_string}"},"query-input":{"@type":"PropertyValueSpecification","valueRequired":true,"valueName":"search_term_string"}}],"inLanguage":"en-US"},{"@type":"Organization","@id":"https:\/\/www.etran.rs\/2025\/#organization","name":"ETRAN Society","alternateName":"ETRAN\/IcETRAN","url":"https:\/\/www.etran.rs\/2025\/","logo":{"@type":"ImageObject","inLanguage":"en-US","@id":"https:\/\/www.etran.rs\/2025\/#\/schema\/logo\/image\/","url":"https:\/\/www.etran.rs\/2025\/wp-content\/uploads\/2023\/05\/cropped-etrannovilogo-removebg-preview-e1684584979855.png","contentUrl":"https:\/\/www.etran.rs\/2025\/wp-content\/uploads\/2023\/05\/cropped-etrannovilogo-removebg-preview-e1684584979855.png","width":250,"height":54,"caption":"ETRAN Society"},"image":{"@id":"https:\/\/www.etran.rs\/2025\/#\/schema\/logo\/image\/"}}]}},"_links":{"self":[{"href":"https:\/\/www.etran.rs\/2025\/wp-json\/wp\/v2\/pages\/3431","targetHints":{"allow":["GET"]}}],"collection":[{"href":"https:\/\/www.etran.rs\/2025\/wp-json\/wp\/v2\/pages"}],"about":[{"href":"https:\/\/www.etran.rs\/2025\/wp-json\/wp\/v2\/types\/page"}],"author":[{"embeddable":true,"href":"https:\/\/www.etran.rs\/2025\/wp-json\/wp\/v2\/users\/1"}],"replies":[{"embeddable":true,"href":"https:\/\/www.etran.rs\/2025\/wp-json\/wp\/v2\/comments?post=3431"}],"version-history":[{"count":32,"href":"https:\/\/www.etran.rs\/2025\/wp-json\/wp\/v2\/pages\/3431\/revisions"}],"predecessor-version":[{"id":5838,"href":"https:\/\/www.etran.rs\/2025\/wp-json\/wp\/v2\/pages\/3431\/revisions\/5838"}],"wp:attachment":[{"href":"https:\/\/www.etran.rs\/2025\/wp-json\/wp\/v2\/media?parent=3431"}],"curies":[{"name":"wp","href":"https:\/\/api.w.org\/{rel}","templated":true}]}}