{"id":176,"date":"2018-10-05T08:51:21","date_gmt":"2018-10-05T08:51:21","guid":{"rendered":"http:\/\/rarathemesdemo.com\/the-conference-pro\/?page_id=176"},"modified":"2025-04-23T21:05:15","modified_gmt":"2025-04-23T21:05:15","slug":"about","status":"publish","type":"page","link":"https:\/\/www.etran.rs\/2025\/about\/","title":{"rendered":"O konferenciji ETRAN 2025"},"content":{"rendered":"<p class=\"has-text-align-justify\" style=\"text-align: justify;\">Dru\u0161tvo ETRAN je najstarije, najve\u0107e i najpresti\u017enije profesionalno udru\u017eenje Srbije u oblasti elektrotehni\u010dkog in\u017eenjerstva i komplementarnih oblasti. Od 1955. godine organizuje nacionalne konferencije (pod imenom ETAN), koje su privla\u010dile istra\u017eiva\u010de iz eks\u2010Jugoslavije i regiona. 2014. godine, ETRAN je po\u010deo seriju me\u0111unarodnih konferencija IcETRAN koje se organizuju istovremeno sa nacionalnim konferencijama ETRAN.<\/p>\r\n<!-- \/wp:post-content -->\r\n\r\n<!-- wp:paragraph -->\r\n<p class=\"has-text-align-justify\" style=\"text-align: justify;\">Me\u0111unarodna konferencija IcETRAN je posve\u0107ena istim temama kao i ETRAN. Konferencija je organizovana uz podr\u0161ku udru\u017eenja <a href=\"https:\/\/www.ieee.org\/\" target=\"_blank\" rel=\"noopener\">IEEE<\/a>. Zvani\u010dni jezik IcETRAN\u2010a je engleski, a konferencije ETRAN srpski. Obe konferencije uklju\u010duju pozivna predavanja, tutorijale, okrugle stolove i sednice u okviru \u0161esnaest oblasti in\u017eenjerstva, koje neguju sekcije Dru\u0161tva za ETRAN.<\/p>\r\n<!-- \/wp:paragraph -->\r\n\r\n<!-- wp:paragraph -->\r\n<p class=\"has-text-align-justify\" style=\"text-align: justify;\">Podnete radove recenziraju po dva anonimna stru\u010dnjaka iz oblasti prijavljenog rada. Prihva\u0107eni radovi se objavljuju u zborniku radova neposredno pre konferencije, koji ima ISBN broj. Dru\u0161tvo neguje Open Access pristup pa \u0107e svi radovi biti dostupni u\u010desnicima na konferenciji, kao i svim zainteresovanim na sajtu Dru\u0161tva za ETRAN nakon konferencije.<\/p>\r\n<!-- \/wp:paragraph -->\r\n\r\n<!-- wp:paragraph -->\r\n<p class=\"has-text-align-justify\" style=\"text-align: justify;\">Konferencija je planirana sa ciljem da okuplja mlade istra\u017eiva\u010de pa se primenjuje atraktivna finansijska opcija za registraciju i boravak u\u010desnika. Ona uklju\u010duje i socijalne doga\u0111aje kako bi se u\u010desnicima omogu\u0107ilo dru\u017eenje i razmena pojedina\u010dnih iskustava.<\/p>\r\n<!-- \/wp:paragraph -->\r\n\r\n<!-- wp:paragraph -->\r\n<p class=\"has-text-align-justify\" style=\"text-align: justify;\">Konferencije su podr\u017eane od strane Ministarstva prosvete, nauke i tehnolo\u0161kog razvoja Republike Srbije i drugih profesionalnih sponzora.<\/p>\r\n<!-- \/wp:paragraph -->","protected":false},"excerpt":{"rendered":"<p>Dru\u0161tvo ETRAN je najstarije, najve\u0107e i najpresti\u017enije profesionalno udru\u017eenje Srbije u oblasti elektrotehni\u010dkog in\u017eenjerstva i komplementarnih oblasti. Od 1955. godine organizuje nacionalne konferencije (pod imenom ETAN), koje su privla\u010dile istra\u017eiva\u010de iz eks\u2010Jugoslavije i regiona. 2014. godine, ETRAN je po\u010deo seriju me\u0111unarodnih konferencija IcETRAN koje se organizuju istovremeno sa nacionalnim konferencijama ETRAN. Me\u0111unarodna konferencija IcETRAN je &hellip; <\/p>\n","protected":false},"author":1,"featured_media":0,"parent":0,"menu_order":0,"comment_status":"closed","ping_status":"closed","template":"","meta":{"_themeisle_gutenberg_block_has_review":false,"footnotes":""},"class_list":["post-176","page","type-page","status-publish","hentry"],"yoast_head":"<!-- This site is optimized with the Yoast SEO plugin v25.7 - https:\/\/yoast.com\/wordpress\/plugins\/seo\/ -->\n<title>O konferenciji ETRAN 2025 -<\/title>\n<meta name=\"robots\" content=\"index, follow, max-snippet:-1, max-image-preview:large, max-video-preview:-1\" \/>\n<link rel=\"canonical\" href=\"https:\/\/www.etran.rs\/2025\/about\/\" \/>\n<meta property=\"og:locale\" content=\"en_US\" \/>\n<meta property=\"og:type\" content=\"article\" \/>\n<meta property=\"og:title\" content=\"O konferenciji ETRAN 2025 -\" \/>\n<meta property=\"og:description\" content=\"Dru\u0161tvo ETRAN je najstarije, najve\u0107e i najpresti\u017enije profesionalno udru\u017eenje Srbije u oblasti elektrotehni\u010dkog in\u017eenjerstva i komplementarnih oblasti. Od 1955. godine organizuje nacionalne konferencije (pod imenom ETAN), koje su privla\u010dile istra\u017eiva\u010de iz eks\u2010Jugoslavije i regiona. 2014. godine, ETRAN je po\u010deo seriju me\u0111unarodnih konferencija IcETRAN koje se organizuju istovremeno sa nacionalnim konferencijama ETRAN. Me\u0111unarodna konferencija IcETRAN je &hellip;\" \/>\n<meta property=\"og:url\" content=\"https:\/\/www.etran.rs\/2025\/about\/\" \/>\n<meta property=\"article:modified_time\" content=\"2025-04-23T21:05:15+00:00\" \/>\n<meta name=\"twitter:card\" content=\"summary_large_image\" \/>\n<script type=\"application\/ld+json\" class=\"yoast-schema-graph\">{\"@context\":\"https:\/\/schema.org\",\"@graph\":[{\"@type\":\"WebPage\",\"@id\":\"https:\/\/www.etran.rs\/2025\/about\/\",\"url\":\"https:\/\/www.etran.rs\/2025\/about\/\",\"name\":\"O \u043a\u043e\u043d\u0444\u0435\u0440\u0435\u043d\u0446\u0438\u0458\u0438 \u0415\u0422\u0420\u0410\u041d 2025 -\",\"isPartOf\":{\"@id\":\"https:\/\/www.etran.rs\/2025\/#website\"},\"datePublished\":\"2018-10-05T08:51:21+00:00\",\"dateModified\":\"2025-04-23T21:05:15+00:00\",\"breadcrumb\":{\"@id\":\"https:\/\/www.etran.rs\/2025\/about\/#breadcrumb\"},\"inLanguage\":\"en-US\",\"potentialAction\":[{\"@type\":\"ReadAction\",\"target\":[\"https:\/\/www.etran.rs\/2025\/about\/\"]}]},{\"@type\":\"BreadcrumbList\",\"@id\":\"https:\/\/www.etran.rs\/2025\/about\/#breadcrumb\",\"itemListElement\":[{\"@type\":\"ListItem\",\"position\":1,\"name\":\"Home\",\"item\":\"https:\/\/www.etran.rs\/2025\/en\/home-english\/\"},{\"@type\":\"ListItem\",\"position\":2,\"name\":\"O \u043a\u043e\u043d\u0444\u0435\u0440\u0435\u043d\u0446\u0438\u0458\u0438 \u0415\u0422\u0420\u0410\u041d 2025\"}]},{\"@type\":\"WebSite\",\"@id\":\"https:\/\/www.etran.rs\/2025\/#website\",\"url\":\"https:\/\/www.etran.rs\/2025\/\",\"name\":\"IcETRAN 2025\",\"description\":\"XII IcETRAN Conference 2025 - \u010ca\u010dak, June 9-12, 2025.\",\"publisher\":{\"@id\":\"https:\/\/www.etran.rs\/2025\/#organization\"},\"potentialAction\":[{\"@type\":\"SearchAction\",\"target\":{\"@type\":\"EntryPoint\",\"urlTemplate\":\"https:\/\/www.etran.rs\/2025\/?s={search_term_string}\"},\"query-input\":{\"@type\":\"PropertyValueSpecification\",\"valueRequired\":true,\"valueName\":\"search_term_string\"}}],\"inLanguage\":\"en-US\"},{\"@type\":\"Organization\",\"@id\":\"https:\/\/www.etran.rs\/2025\/#organization\",\"name\":\"ETRAN Society\",\"alternateName\":\"ETRAN\/IcETRAN\",\"url\":\"https:\/\/www.etran.rs\/2025\/\",\"logo\":{\"@type\":\"ImageObject\",\"inLanguage\":\"en-US\",\"@id\":\"https:\/\/www.etran.rs\/2025\/#\/schema\/logo\/image\/\",\"url\":\"https:\/\/www.etran.rs\/2025\/wp-content\/uploads\/2023\/05\/cropped-etrannovilogo-removebg-preview-e1684584979855.png\",\"contentUrl\":\"https:\/\/www.etran.rs\/2025\/wp-content\/uploads\/2023\/05\/cropped-etrannovilogo-removebg-preview-e1684584979855.png\",\"width\":250,\"height\":54,\"caption\":\"ETRAN Society\"},\"image\":{\"@id\":\"https:\/\/www.etran.rs\/2025\/#\/schema\/logo\/image\/\"}}]}<\/script>\n<!-- \/ Yoast SEO plugin. -->","yoast_head_json":{"title":"O konferenciji ETRAN 2025 -","robots":{"index":"index","follow":"follow","max-snippet":"max-snippet:-1","max-image-preview":"max-image-preview:large","max-video-preview":"max-video-preview:-1"},"canonical":"https:\/\/www.etran.rs\/2025\/about\/","og_locale":"en_US","og_type":"article","og_title":"O konferenciji ETRAN 2025 -","og_description":"Dru\u0161tvo ETRAN je najstarije, najve\u0107e i najpresti\u017enije profesionalno udru\u017eenje Srbije u oblasti elektrotehni\u010dkog in\u017eenjerstva i komplementarnih oblasti. Od 1955. godine organizuje nacionalne konferencije (pod imenom ETAN), koje su privla\u010dile istra\u017eiva\u010de iz eks\u2010Jugoslavije i regiona. 2014. godine, ETRAN je po\u010deo seriju me\u0111unarodnih konferencija IcETRAN koje se organizuju istovremeno sa nacionalnim konferencijama ETRAN. Me\u0111unarodna konferencija IcETRAN je &hellip;","og_url":"https:\/\/www.etran.rs\/2025\/about\/","article_modified_time":"2025-04-23T21:05:15+00:00","twitter_card":"summary_large_image","schema":{"@context":"https:\/\/schema.org","@graph":[{"@type":"WebPage","@id":"https:\/\/www.etran.rs\/2025\/about\/","url":"https:\/\/www.etran.rs\/2025\/about\/","name":"O \u043a\u043e\u043d\u0444\u0435\u0440\u0435\u043d\u0446\u0438\u0458\u0438 \u0415\u0422\u0420\u0410\u041d 2025 -","isPartOf":{"@id":"https:\/\/www.etran.rs\/2025\/#website"},"datePublished":"2018-10-05T08:51:21+00:00","dateModified":"2025-04-23T21:05:15+00:00","breadcrumb":{"@id":"https:\/\/www.etran.rs\/2025\/about\/#breadcrumb"},"inLanguage":"en-US","potentialAction":[{"@type":"ReadAction","target":["https:\/\/www.etran.rs\/2025\/about\/"]}]},{"@type":"BreadcrumbList","@id":"https:\/\/www.etran.rs\/2025\/about\/#breadcrumb","itemListElement":[{"@type":"ListItem","position":1,"name":"Home","item":"https:\/\/www.etran.rs\/2025\/en\/home-english\/"},{"@type":"ListItem","position":2,"name":"O \u043a\u043e\u043d\u0444\u0435\u0440\u0435\u043d\u0446\u0438\u0458\u0438 \u0415\u0422\u0420\u0410\u041d 2025"}]},{"@type":"WebSite","@id":"https:\/\/www.etran.rs\/2025\/#website","url":"https:\/\/www.etran.rs\/2025\/","name":"IcETRAN 2025","description":"XII IcETRAN Conference 2025 - \u010ca\u010dak, June 9-12, 2025.","publisher":{"@id":"https:\/\/www.etran.rs\/2025\/#organization"},"potentialAction":[{"@type":"SearchAction","target":{"@type":"EntryPoint","urlTemplate":"https:\/\/www.etran.rs\/2025\/?s={search_term_string}"},"query-input":{"@type":"PropertyValueSpecification","valueRequired":true,"valueName":"search_term_string"}}],"inLanguage":"en-US"},{"@type":"Organization","@id":"https:\/\/www.etran.rs\/2025\/#organization","name":"ETRAN Society","alternateName":"ETRAN\/IcETRAN","url":"https:\/\/www.etran.rs\/2025\/","logo":{"@type":"ImageObject","inLanguage":"en-US","@id":"https:\/\/www.etran.rs\/2025\/#\/schema\/logo\/image\/","url":"https:\/\/www.etran.rs\/2025\/wp-content\/uploads\/2023\/05\/cropped-etrannovilogo-removebg-preview-e1684584979855.png","contentUrl":"https:\/\/www.etran.rs\/2025\/wp-content\/uploads\/2023\/05\/cropped-etrannovilogo-removebg-preview-e1684584979855.png","width":250,"height":54,"caption":"ETRAN Society"},"image":{"@id":"https:\/\/www.etran.rs\/2025\/#\/schema\/logo\/image\/"}}]}},"_links":{"self":[{"href":"https:\/\/www.etran.rs\/2025\/wp-json\/wp\/v2\/pages\/176","targetHints":{"allow":["GET"]}}],"collection":[{"href":"https:\/\/www.etran.rs\/2025\/wp-json\/wp\/v2\/pages"}],"about":[{"href":"https:\/\/www.etran.rs\/2025\/wp-json\/wp\/v2\/types\/page"}],"author":[{"embeddable":true,"href":"https:\/\/www.etran.rs\/2025\/wp-json\/wp\/v2\/users\/1"}],"replies":[{"embeddable":true,"href":"https:\/\/www.etran.rs\/2025\/wp-json\/wp\/v2\/comments?post=176"}],"version-history":[{"count":32,"href":"https:\/\/www.etran.rs\/2025\/wp-json\/wp\/v2\/pages\/176\/revisions"}],"predecessor-version":[{"id":5957,"href":"https:\/\/www.etran.rs\/2025\/wp-json\/wp\/v2\/pages\/176\/revisions\/5957"}],"wp:attachment":[{"href":"https:\/\/www.etran.rs\/2025\/wp-json\/wp\/v2\/media?parent=176"}],"curies":[{"name":"wp","href":"https:\/\/api.w.org\/{rel}","templated":true}]}}