{"id":1498,"date":"2021-06-14T22:23:30","date_gmt":"2021-06-14T22:23:30","guid":{"rendered":"https:\/\/www.etran.rs\/2021\/?page_id=1498"},"modified":"2025-01-11T20:19:44","modified_gmt":"2025-01-11T20:19:44","slug":"nagrade-za-najbolje-radove","status":"publish","type":"page","link":"https:\/\/www.etran.rs\/2025\/nagrade-za-najbolje-radove\/","title":{"rendered":"Nagrade"},"content":{"rendered":"<p align=\"justify\">Dru\u0161tvo za ETRAN progla\u0161ava <strong>najbolji rad na sekciji <\/strong>uzimaju\u0107i u obzir obe konferencije: ETRAN i IcETRAN. U konkurenciji su svi radovi koji su prihva\u0107eni i prikazani na konferencijama bez obzira da li je prezentacija bila oralna ili u obliku postera. Odluku o nagradi donosi nau\u010dni odbor konferencije, a predlog daju predsedni\u0161tvo sekcije i predsedavaju\u0107i sesija u okviru sekcije. Sekcije mogu da odlu\u010de da ni jedan rad ne treba da bude predlo\u017een kao najbolji rad.<\/p>\n<p align=\"justify\">Svi autori odabranog rada su ravnopravno dobitnici. Nagra\u0111enim autorima uru\u010duje se diploma Dru\u0161tva za ETRAN. Autori nagra\u0111enog rada dobijaju poziv da modifikovanu verziju rada po\u0161alju za publikovanje u specijalnom broju jednog od nau\u010dnih \u010dasopisa kategorije M23, M51 ili M52 sa kojima sara\u0111uje ETRAN. Svaki \u010dasopis sprovodi uobi\u010dajenu recenziju radova koji su podneti za \u0161tampanje.<\/p>\n<hr \/>\n<p align=\"justify\">Dru\u0161tvo za ETRAN nagra\u0111uje <strong>najbolji rad mladog istra\u017eiva\u010da<sup><span class=\"exponent\">1<\/span><\/sup><\/strong> <strong>iz Srbije na sekciji<sup><span class=\"exponent\">2<\/span><\/sup><\/strong> uzimaju\u0107i u obzir obe konferencije: ETRAN i IcETRAN. Odluku o nagradi donosi nau\u010dni odbor konferencije, a predlog daju predsedni\u0161tvo sekcije i predsedavaju\u0107i sesija u okviru sekcije.<\/p>\n<p align=\"justify\">Nagrada se dodeljuje samo prvom autoru. Kandidat za nagradu mora biti prvi autor na radu i mora li\u010dno izlagati rad u okviru oralne prezentacije ili postera.<\/p>\n<p align=\"justify\">Nagra\u0111enom autoru uru\u010duje se specijalna diploma Dru\u0161tva za ETRAN. Nagra\u0111enom mladom istra\u017eiva\u010du je na toj slede\u0107oj konferenciji pla\u0107en jednodnevni sme\u0161taj da bi mu bila uru\u010dena diploma. Nagra\u0111eni mladi autor je oslobo\u0111en pla\u0107anja kotizacije na slede\u0107oj konferenciji ako mu rad bude prihva\u0107en, i to pravo ne mo\u017ee da prenese na drugog.<\/p>\n<p><strong>NAGRADE ZA NAJBOLJI RAD<\/strong> (najvi\u0161e 16) \u2013 Svaka sekcija ETRAN-a progla\u0161ava najbolji rad uzimaju\u0107i u obzir obe konferencije: ETRAN i IcETRAN.<\/p>\n<p><strong>NAGRADE ZA NAJBOLJI RAD MLADOG AUTORA<\/strong> \u2013 Svaka sekcija ETRAN-a progla\u0161ava najbolji rad mladog autora (studenti doktorskih ili master studija) uzimaju\u0107i u obzir obe konferencije: ETRAN i IcETRAN.<\/p>\n<p>Nagra\u0111enim autorima \u0107e biti ponu\u0111eno da dopunjene verzije svojih nagra\u0111enih radova publikuju u jednom od me\u0111unarodnih \u010dasopisa, koji sara\u0111uju sa ETRAN-om :<\/p>\n<ul>\n<li>Science of Sintering, <a href=\"http:\/\/ojs.itn.sanu.ac.rs\">http:\/\/ojs.itn.sanu.ac.rs<\/a>, Published by ETRAN Soc., (Web of Science, Scopus, Crossref, DOAJ; SJR rang Q2; MNTRI Srbije rang: M22),<\/li>\n<li>Facta Universitatis, Series: Electronics and Energetics,<a href=\"https:\/\/casopisi.junis.ni.ac.rs\/index.php\/FUElectEnerg\">FUElectEnerg<\/a>, Published by University of Ni\u0161, (Scopus, Crossref, DOAJ; SJR rang Q4; MNTRI Srbije rank M24)<\/li>\n<li>Serbian Journal of Electrical Engineering, <a href=\"https:\/\/sjee.ftn.kg.ac.rs\/index.php\/sjee\">SJEE<\/a>, Published by FTN \u010ca\u010dak, (Scopus, Crossref, DOAJ, SJR rank Q4; MNTRI Srbije rang M51),<\/li>\n<li>Electronics Journal, <a href=\"http:\/\/els-journal.etf.unibl.org\">http:\/\/els-journal.etf.unibl.org<\/a>, Published by ETF Banja Luka, (Scopus, DOAJ, SJR rank Q4; MPNTR Srbije rank M53)<\/li>\n<li>Microwave Review, <a href=\"https:\/\/www.mtt-serbia.org.rs\/microwave_review\">https:\/\/www.mtt-serbia.org.rs\/microwave_review<\/a>, Published by MTTS, (Scopus, IET Inspec, EBSCO, Crossref, DOAJ; SJR rang Q4; MNTRI Srbije rang M53)<\/li>\n<\/ul>\n<p align=\"justify\">Da bi iskoristili ovu pogodnost, nagra\u0111eni moraju\u00a0<strong><em>obavezno<\/em><\/strong> da se jave u Sekretarijat ETRAN-a Mirjani Jovani\u0107.<\/p>\n<p class=\"footnote\" align=\"justify\"><span style=\"font-size: 10pt;\"><sup><span class=\"exponent\">1<\/span> <\/sup>Mladi istra\u017eiva\u010d je definisan kao student redovnih akademskih, master i doktorskih studija \u010dija starost u godini za koju se dodeljuje nagrada, ne prelazi 25, 27, 40 godina respektivno. Ovi podaci obavezno se navode na prijavnom listu prilo\u017eenom uz rad koji konkuri\u0161e za nagradu.<\/span><\/p>\n<p class=\"footnote\" align=\"justify\"><span style=\"font-size: 10pt;\"><sup><span class=\"exponent\">2<\/span> <\/sup>Nagrada se dodeljuje ako na sekciji ima bar osam radova i najmanje tri rada mladih istra\u017eiva\u010da. Ukoliko sekcija ima vi\u0161e od 24 rada, i najmanje 9 mladih istra\u017eiva\u010da mogu se dodeliti dve nagrade. Sekcija mo\u017ee doneti odluku da ne dodeli nagradu nijednom istra\u017eiva\u010du.<\/span><\/p>\n","protected":false},"excerpt":{"rendered":"<p>Dru\u0161tvo za ETRAN progla\u0161ava najbolji rad na sekciji uzimaju\u0107i u obzir obe konferencije: ETRAN i IcETRAN. U konkurenciji su svi radovi koji su prihva\u0107eni i prikazani na konferencijama bez obzira da li je prezentacija bila oralna ili u obliku postera. Odluku o nagradi donosi nau\u010dni odbor konferencije, a predlog daju predsedni\u0161tvo sekcije i predsedavaju\u0107i sesija &hellip; <\/p>\n","protected":false},"author":1,"featured_media":0,"parent":0,"menu_order":0,"comment_status":"closed","ping_status":"closed","template":"","meta":{"_themeisle_gutenberg_block_has_review":false,"footnotes":""},"class_list":["post-1498","page","type-page","status-publish","hentry"],"yoast_head":"<!-- This site is optimized with the Yoast SEO plugin v25.7 - https:\/\/yoast.com\/wordpress\/plugins\/seo\/ -->\n<title>Nagrade -<\/title>\n<meta name=\"robots\" content=\"index, follow, max-snippet:-1, max-image-preview:large, max-video-preview:-1\" \/>\n<link rel=\"canonical\" href=\"https:\/\/www.etran.rs\/2025\/nagrade-za-najbolje-radove\/\" \/>\n<meta property=\"og:locale\" content=\"en_US\" \/>\n<meta property=\"og:type\" content=\"article\" \/>\n<meta property=\"og:title\" content=\"Nagrade -\" \/>\n<meta property=\"og:description\" content=\"\u0414\u0440\u0443\u0448\u0442\u0432o \u0437\u0430 \u0415\u0422\u0420\u0410\u041d \u043f\u0440\u043e\u0433\u043b\u0430\u0448\u0430\u0432\u0430 \u043d\u0430\u0458\u0431\u043e\u0459\u0438 \u0440\u0430\u0434 \u043d\u0430 \u0441\u0435\u043a\u0446\u0438\u0458\u0438 \u0443\u0437\u0438\u043c\u0430\u0458\u0443\u045b\u0438 \u0443 \u043e\u0431\u0437\u0438\u0440 \u043e\u0431\u0435 \u043a\u043e\u043d\u0444\u0435\u0440\u0435\u043d\u0446\u0438\u0458\u0435: \u0415\u0422\u0420\u0410\u041d \u0438 IcETRAN. \u0423 \u043a\u043e\u043d\u043a\u0443\u0440\u0435\u043d\u0446\u0438\u0458\u0438 \u0441\u0443 \u0441\u0432\u0438 \u0440\u0430\u0434\u043e\u0432\u0438 \u043a\u043e\u0458\u0438 \u0441\u0443 \u043f\u0440\u0438\u0445\u0432\u0430\u045b\u0435\u043d\u0438 \u0438 \u043f\u0440\u0438\u043a\u0430\u0437\u0430\u043d\u0438 \u043d\u0430 \u043a\u043e\u043d\u0444\u0435\u0440\u0435\u043d\u0446\u0438\u0458\u0430\u043c\u0430 \u0431\u0435\u0437 \u043e\u0431\u0437\u0438\u0440\u0430 \u0434\u0430 \u043b\u0438 \u0458\u0435 \u043f\u0440\u0435\u0437\u0435\u043d\u0442\u0430\u0446\u0438\u0458\u0430 \u0431\u0438\u043b\u0430 \u043e\u0440\u0430\u043b\u043d\u0430 \u0438\u043b\u0438 \u0443 \u043e\u0431\u043b\u0438\u043a\u0443 \u043f\u043e\u0441\u0442\u0435\u0440\u0430. \u041e\u0434\u043b\u0443\u043a\u0443 \u043e \u043d\u0430\u0433\u0440\u0430\u0434\u0438 \u0434\u043e\u043d\u043e\u0441\u0438 \u043d\u0430\u0443\u0447\u043d\u0438 \u043e\u0434\u0431\u043e\u0440 \u043a\u043e\u043d\u0444\u0435\u0440\u0435\u043d\u0446\u0438\u0458\u0435, \u0430 \u043f\u0440\u0435\u0434\u043b\u043e\u0433 \u0434\u0430\u0458\u0443 \u043f\u0440\u0435\u0434\u0441\u0435\u0434\u043d\u0438\u0448\u0442\u0432\u043e \u0441\u0435\u043a\u0446\u0438\u0458\u0435 \u0438 \u043f\u0440\u0435\u0434\u0441\u0435\u0434\u0430\u0432\u0430\u0458\u0443\u045b\u0438 \u0441\u0435\u0441\u0438\u0458\u0430 &hellip;\" \/>\n<meta property=\"og:url\" content=\"https:\/\/www.etran.rs\/2025\/nagrade-za-najbolje-radove\/\" \/>\n<meta property=\"article:modified_time\" content=\"2025-01-11T20:19:44+00:00\" \/>\n<meta name=\"twitter:card\" content=\"summary_large_image\" \/>\n<meta name=\"twitter:label1\" content=\"Est. reading time\" \/>\n\t<meta name=\"twitter:data1\" content=\"3 minutes\" \/>\n<script type=\"application\/ld+json\" class=\"yoast-schema-graph\">{\"@context\":\"https:\/\/schema.org\",\"@graph\":[{\"@type\":\"WebPage\",\"@id\":\"https:\/\/www.etran.rs\/2025\/nagrade-za-najbolje-radove\/\",\"url\":\"https:\/\/www.etran.rs\/2025\/nagrade-za-najbolje-radove\/\",\"name\":\"\u041d\u0430\u0433\u0440\u0430\u0434\u0435 -\",\"isPartOf\":{\"@id\":\"https:\/\/www.etran.rs\/2025\/#website\"},\"datePublished\":\"2021-06-14T22:23:30+00:00\",\"dateModified\":\"2025-01-11T20:19:44+00:00\",\"breadcrumb\":{\"@id\":\"https:\/\/www.etran.rs\/2025\/nagrade-za-najbolje-radove\/#breadcrumb\"},\"inLanguage\":\"en-US\",\"potentialAction\":[{\"@type\":\"ReadAction\",\"target\":[\"https:\/\/www.etran.rs\/2025\/nagrade-za-najbolje-radove\/\"]}]},{\"@type\":\"BreadcrumbList\",\"@id\":\"https:\/\/www.etran.rs\/2025\/nagrade-za-najbolje-radove\/#breadcrumb\",\"itemListElement\":[{\"@type\":\"ListItem\",\"position\":1,\"name\":\"Home\",\"item\":\"https:\/\/www.etran.rs\/2025\/en\/home-english\/\"},{\"@type\":\"ListItem\",\"position\":2,\"name\":\"\u041d\u0430\u0433\u0440\u0430\u0434\u0435\"}]},{\"@type\":\"WebSite\",\"@id\":\"https:\/\/www.etran.rs\/2025\/#website\",\"url\":\"https:\/\/www.etran.rs\/2025\/\",\"name\":\"IcETRAN 2025\",\"description\":\"XII IcETRAN Conference 2025 - \u010ca\u010dak, June 9-12, 2025.\",\"publisher\":{\"@id\":\"https:\/\/www.etran.rs\/2025\/#organization\"},\"potentialAction\":[{\"@type\":\"SearchAction\",\"target\":{\"@type\":\"EntryPoint\",\"urlTemplate\":\"https:\/\/www.etran.rs\/2025\/?s={search_term_string}\"},\"query-input\":{\"@type\":\"PropertyValueSpecification\",\"valueRequired\":true,\"valueName\":\"search_term_string\"}}],\"inLanguage\":\"en-US\"},{\"@type\":\"Organization\",\"@id\":\"https:\/\/www.etran.rs\/2025\/#organization\",\"name\":\"ETRAN Society\",\"alternateName\":\"ETRAN\/IcETRAN\",\"url\":\"https:\/\/www.etran.rs\/2025\/\",\"logo\":{\"@type\":\"ImageObject\",\"inLanguage\":\"en-US\",\"@id\":\"https:\/\/www.etran.rs\/2025\/#\/schema\/logo\/image\/\",\"url\":\"https:\/\/www.etran.rs\/2025\/wp-content\/uploads\/2023\/05\/cropped-etrannovilogo-removebg-preview-e1684584979855.png\",\"contentUrl\":\"https:\/\/www.etran.rs\/2025\/wp-content\/uploads\/2023\/05\/cropped-etrannovilogo-removebg-preview-e1684584979855.png\",\"width\":250,\"height\":54,\"caption\":\"ETRAN Society\"},\"image\":{\"@id\":\"https:\/\/www.etran.rs\/2025\/#\/schema\/logo\/image\/\"}}]}<\/script>\n<!-- \/ Yoast SEO plugin. -->","yoast_head_json":{"title":"Nagrade -","robots":{"index":"index","follow":"follow","max-snippet":"max-snippet:-1","max-image-preview":"max-image-preview:large","max-video-preview":"max-video-preview:-1"},"canonical":"https:\/\/www.etran.rs\/2025\/nagrade-za-najbolje-radove\/","og_locale":"en_US","og_type":"article","og_title":"Nagrade -","og_description":"\u0414\u0440\u0443\u0448\u0442\u0432o \u0437\u0430 \u0415\u0422\u0420\u0410\u041d \u043f\u0440\u043e\u0433\u043b\u0430\u0448\u0430\u0432\u0430 \u043d\u0430\u0458\u0431\u043e\u0459\u0438 \u0440\u0430\u0434 \u043d\u0430 \u0441\u0435\u043a\u0446\u0438\u0458\u0438 \u0443\u0437\u0438\u043c\u0430\u0458\u0443\u045b\u0438 \u0443 \u043e\u0431\u0437\u0438\u0440 \u043e\u0431\u0435 \u043a\u043e\u043d\u0444\u0435\u0440\u0435\u043d\u0446\u0438\u0458\u0435: \u0415\u0422\u0420\u0410\u041d \u0438 IcETRAN. \u0423 \u043a\u043e\u043d\u043a\u0443\u0440\u0435\u043d\u0446\u0438\u0458\u0438 \u0441\u0443 \u0441\u0432\u0438 \u0440\u0430\u0434\u043e\u0432\u0438 \u043a\u043e\u0458\u0438 \u0441\u0443 \u043f\u0440\u0438\u0445\u0432\u0430\u045b\u0435\u043d\u0438 \u0438 \u043f\u0440\u0438\u043a\u0430\u0437\u0430\u043d\u0438 \u043d\u0430 \u043a\u043e\u043d\u0444\u0435\u0440\u0435\u043d\u0446\u0438\u0458\u0430\u043c\u0430 \u0431\u0435\u0437 \u043e\u0431\u0437\u0438\u0440\u0430 \u0434\u0430 \u043b\u0438 \u0458\u0435 \u043f\u0440\u0435\u0437\u0435\u043d\u0442\u0430\u0446\u0438\u0458\u0430 \u0431\u0438\u043b\u0430 \u043e\u0440\u0430\u043b\u043d\u0430 \u0438\u043b\u0438 \u0443 \u043e\u0431\u043b\u0438\u043a\u0443 \u043f\u043e\u0441\u0442\u0435\u0440\u0430. \u041e\u0434\u043b\u0443\u043a\u0443 \u043e \u043d\u0430\u0433\u0440\u0430\u0434\u0438 \u0434\u043e\u043d\u043e\u0441\u0438 \u043d\u0430\u0443\u0447\u043d\u0438 \u043e\u0434\u0431\u043e\u0440 \u043a\u043e\u043d\u0444\u0435\u0440\u0435\u043d\u0446\u0438\u0458\u0435, \u0430 \u043f\u0440\u0435\u0434\u043b\u043e\u0433 \u0434\u0430\u0458\u0443 \u043f\u0440\u0435\u0434\u0441\u0435\u0434\u043d\u0438\u0448\u0442\u0432\u043e \u0441\u0435\u043a\u0446\u0438\u0458\u0435 \u0438 \u043f\u0440\u0435\u0434\u0441\u0435\u0434\u0430\u0432\u0430\u0458\u0443\u045b\u0438 \u0441\u0435\u0441\u0438\u0458\u0430 &hellip;","og_url":"https:\/\/www.etran.rs\/2025\/nagrade-za-najbolje-radove\/","article_modified_time":"2025-01-11T20:19:44+00:00","twitter_card":"summary_large_image","twitter_misc":{"Est. reading time":"3 minutes"},"schema":{"@context":"https:\/\/schema.org","@graph":[{"@type":"WebPage","@id":"https:\/\/www.etran.rs\/2025\/nagrade-za-najbolje-radove\/","url":"https:\/\/www.etran.rs\/2025\/nagrade-za-najbolje-radove\/","name":"\u041d\u0430\u0433\u0440\u0430\u0434\u0435 -","isPartOf":{"@id":"https:\/\/www.etran.rs\/2025\/#website"},"datePublished":"2021-06-14T22:23:30+00:00","dateModified":"2025-01-11T20:19:44+00:00","breadcrumb":{"@id":"https:\/\/www.etran.rs\/2025\/nagrade-za-najbolje-radove\/#breadcrumb"},"inLanguage":"en-US","potentialAction":[{"@type":"ReadAction","target":["https:\/\/www.etran.rs\/2025\/nagrade-za-najbolje-radove\/"]}]},{"@type":"BreadcrumbList","@id":"https:\/\/www.etran.rs\/2025\/nagrade-za-najbolje-radove\/#breadcrumb","itemListElement":[{"@type":"ListItem","position":1,"name":"Home","item":"https:\/\/www.etran.rs\/2025\/en\/home-english\/"},{"@type":"ListItem","position":2,"name":"\u041d\u0430\u0433\u0440\u0430\u0434\u0435"}]},{"@type":"WebSite","@id":"https:\/\/www.etran.rs\/2025\/#website","url":"https:\/\/www.etran.rs\/2025\/","name":"IcETRAN 2025","description":"XII IcETRAN Conference 2025 - \u010ca\u010dak, June 9-12, 2025.","publisher":{"@id":"https:\/\/www.etran.rs\/2025\/#organization"},"potentialAction":[{"@type":"SearchAction","target":{"@type":"EntryPoint","urlTemplate":"https:\/\/www.etran.rs\/2025\/?s={search_term_string}"},"query-input":{"@type":"PropertyValueSpecification","valueRequired":true,"valueName":"search_term_string"}}],"inLanguage":"en-US"},{"@type":"Organization","@id":"https:\/\/www.etran.rs\/2025\/#organization","name":"ETRAN Society","alternateName":"ETRAN\/IcETRAN","url":"https:\/\/www.etran.rs\/2025\/","logo":{"@type":"ImageObject","inLanguage":"en-US","@id":"https:\/\/www.etran.rs\/2025\/#\/schema\/logo\/image\/","url":"https:\/\/www.etran.rs\/2025\/wp-content\/uploads\/2023\/05\/cropped-etrannovilogo-removebg-preview-e1684584979855.png","contentUrl":"https:\/\/www.etran.rs\/2025\/wp-content\/uploads\/2023\/05\/cropped-etrannovilogo-removebg-preview-e1684584979855.png","width":250,"height":54,"caption":"ETRAN Society"},"image":{"@id":"https:\/\/www.etran.rs\/2025\/#\/schema\/logo\/image\/"}}]}},"_links":{"self":[{"href":"https:\/\/www.etran.rs\/2025\/wp-json\/wp\/v2\/pages\/1498","targetHints":{"allow":["GET"]}}],"collection":[{"href":"https:\/\/www.etran.rs\/2025\/wp-json\/wp\/v2\/pages"}],"about":[{"href":"https:\/\/www.etran.rs\/2025\/wp-json\/wp\/v2\/types\/page"}],"author":[{"embeddable":true,"href":"https:\/\/www.etran.rs\/2025\/wp-json\/wp\/v2\/users\/1"}],"replies":[{"embeddable":true,"href":"https:\/\/www.etran.rs\/2025\/wp-json\/wp\/v2\/comments?post=1498"}],"version-history":[{"count":24,"href":"https:\/\/www.etran.rs\/2025\/wp-json\/wp\/v2\/pages\/1498\/revisions"}],"predecessor-version":[{"id":5632,"href":"https:\/\/www.etran.rs\/2025\/wp-json\/wp\/v2\/pages\/1498\/revisions\/5632"}],"wp:attachment":[{"href":"https:\/\/www.etran.rs\/2025\/wp-json\/wp\/v2\/media?parent=1498"}],"curies":[{"name":"wp","href":"https:\/\/api.w.org\/{rel}","templated":true}]}}