{"id":1403,"date":"2021-11-12T20:11:57","date_gmt":"2021-11-12T20:11:57","guid":{"rendered":"https:\/\/www.etran.rs\/2021\/?page_id=1403"},"modified":"2025-03-29T01:17:22","modified_gmt":"2025-03-29T01:17:22","slug":"mesto-odrzavanja-konferencije-nis","status":"publish","type":"page","link":"https:\/\/www.etran.rs\/2025\/mesto-odrzavanja-konferencije-nis\/","title":{"rendered":"Mesto odr\u017eavanja konferencije: grad \u010ca\u010dak"},"content":{"rendered":"\n<p>Mesto odr\u017eavanja konferencije je grad \u010ca\u010dak, Srbija. Doma\u0107in konferencija je Fakultet tehni\u010dkih nauka u \u010ca\u010dku Univerziteta u Kragujevcu, a suorganizator Univerzitet u Pri\u0161tini sa privremenim sedi\u0161tem u Kosovskoj Mitrovici.<\/p>\n\n\n\n<figure class=\"wp-block-gallery has-nested-images columns-default is-cropped wp-block-gallery-1 is-layout-flex wp-block-gallery-is-layout-flex\">\n<figure class=\"wp-block-image size-large\"><img fetchpriority=\"high\" decoding=\"async\" width=\"1024\" height=\"683\" data-id=\"5555\" src=\"https:\/\/www.etran.rs\/2025\/wp-content\/uploads\/2024\/09\/MG_4367-1024x683.jpg\" alt=\"\" class=\"wp-image-5555\" srcset=\"https:\/\/www.etran.rs\/2025\/wp-content\/uploads\/2024\/09\/MG_4367-1024x683.jpg 1024w, https:\/\/www.etran.rs\/2025\/wp-content\/uploads\/2024\/09\/MG_4367-300x200.jpg 300w, https:\/\/www.etran.rs\/2025\/wp-content\/uploads\/2024\/09\/MG_4367-768x512.jpg 768w, https:\/\/www.etran.rs\/2025\/wp-content\/uploads\/2024\/09\/MG_4367-1536x1024.jpg 1536w, https:\/\/www.etran.rs\/2025\/wp-content\/uploads\/2024\/09\/MG_4367-2048x1365.jpg 2048w\" sizes=\"(max-width: 1024px) 100vw, 1024px\" \/><\/figure>\n\n\n\n<figure class=\"wp-block-image size-large\"><img decoding=\"async\" width=\"1024\" height=\"576\" data-id=\"5556\" src=\"https:\/\/www.etran.rs\/2025\/wp-content\/uploads\/2024\/09\/IMG_20200904_175132-1024x576.jpg\" alt=\"\" class=\"wp-image-5556\" srcset=\"https:\/\/www.etran.rs\/2025\/wp-content\/uploads\/2024\/09\/IMG_20200904_175132-1024x576.jpg 1024w, https:\/\/www.etran.rs\/2025\/wp-content\/uploads\/2024\/09\/IMG_20200904_175132-300x169.jpg 300w, https:\/\/www.etran.rs\/2025\/wp-content\/uploads\/2024\/09\/IMG_20200904_175132-768x432.jpg 768w, https:\/\/www.etran.rs\/2025\/wp-content\/uploads\/2024\/09\/IMG_20200904_175132-1536x864.jpg 1536w, https:\/\/www.etran.rs\/2025\/wp-content\/uploads\/2024\/09\/IMG_20200904_175132-2048x1152.jpg 2048w\" sizes=\"(max-width: 1024px) 100vw, 1024px\" \/><\/figure>\n\n\n\n<figure class=\"wp-block-image size-large\"><img decoding=\"async\" width=\"1024\" height=\"478\" data-id=\"5554\" src=\"https:\/\/www.etran.rs\/2025\/wp-content\/uploads\/2024\/09\/IMG_20200905_123852-1024x478.jpg\" alt=\"\" class=\"wp-image-5554\" srcset=\"https:\/\/www.etran.rs\/2025\/wp-content\/uploads\/2024\/09\/IMG_20200905_123852-1024x478.jpg 1024w, https:\/\/www.etran.rs\/2025\/wp-content\/uploads\/2024\/09\/IMG_20200905_123852-300x140.jpg 300w, https:\/\/www.etran.rs\/2025\/wp-content\/uploads\/2024\/09\/IMG_20200905_123852-768x358.jpg 768w, https:\/\/www.etran.rs\/2025\/wp-content\/uploads\/2024\/09\/IMG_20200905_123852-1536x716.jpg 1536w, https:\/\/www.etran.rs\/2025\/wp-content\/uploads\/2024\/09\/IMG_20200905_123852-2048x955.jpg 2048w\" sizes=\"(max-width: 1024px) 100vw, 1024px\" \/><\/figure>\n<\/figure>\n\n\n\n<p>Vi\u0161e informacija o doma\u0107inu konferencija mo\u017eete na\u0107i na: <a href=\"http:\/\/www.ftn.kg.ac.rs\/\" target=\"_blank\" rel=\"noreferrer noopener\">http:\/\/www.ftn.kg.ac.rs\/<\/a><\/p>\n\n\n\n<p>IcETRAN konferencija ima tehni\u010dko sponzorstvo IEEE R8, IEEE Serbia and Montenegro Section, IEEE Bosnia and Herzegovina Section, i IEEE Power and Energy Chapter of the S&amp;M Section. Svi radovi sa IcETRAN konferencije se mogu prijaviti za uklju\u010denje u digitalnu bazu IEEE Xplore, kao i za navo\u0111enje\/citiranje u SCOPUS-u i Web of Science<\/p>\n","protected":false},"excerpt":{"rendered":"<p>Mesto odr\u017eavanja konferencije je grad \u010ca\u010dak, Srbija. Doma\u0107in konferencija je Fakultet tehni\u010dkih nauka u \u010ca\u010dku Univerziteta u Kragujevcu, a suorganizator Univerzitet u Pri\u0161tini sa privremenim sedi\u0161tem u Kosovskoj Mitrovici. Vi\u0161e informacija o doma\u0107inu konferencija mo\u017eete na\u0107i na: http:\/\/www.ftn.kg.ac.rs\/ IcETRAN konferencija ima tehni\u010dko sponzorstvo IEEE R8, IEEE Serbia and Montenegro Section, IEEE Bosnia and Herzegovina Section, &hellip; <\/p>\n","protected":false},"author":1,"featured_media":5554,"parent":0,"menu_order":0,"comment_status":"closed","ping_status":"closed","template":"","meta":{"_themeisle_gutenberg_block_has_review":false,"footnotes":""},"class_list":["post-1403","page","type-page","status-publish","has-post-thumbnail","hentry"],"yoast_head":"<!-- This site is optimized with the Yoast SEO plugin v25.7 - https:\/\/yoast.com\/wordpress\/plugins\/seo\/ -->\n<title>Mesto odr\u017eavanja konferencije: grad \u010ca\u010dak -<\/title>\n<meta name=\"description\" content=\"Etno Selo Stani\u0161i\u0107i osnovano je 2003. godine, zahvaljuju\u0107i inspiraciji Borisa Stani\u0161i\u0107a. Vi\u0161e od nekoliko godina on je putovao po srpskim selima srednje Bosne u potrazi za starim ku\u0107ama i predmetima, koji \u0107e sa\u010duvati predstavu o jednom vremenu i kulturi \u017eivljenja sa kraja 19. i po\u010detka 20. vijeka. Rezultat je autenti\u010dno planinsko selo u sred semberske ravnice.\" \/>\n<meta name=\"robots\" content=\"index, follow, max-snippet:-1, max-image-preview:large, max-video-preview:-1\" \/>\n<link rel=\"canonical\" href=\"https:\/\/www.etran.rs\/2025\/mesto-odrzavanja-konferencije-nis\/\" \/>\n<meta property=\"og:locale\" content=\"en_US\" \/>\n<meta property=\"og:type\" content=\"article\" \/>\n<meta property=\"og:title\" content=\"Mesto odr\u017eavanja konferencije: grad \u010ca\u010dak -\" \/>\n<meta property=\"og:description\" content=\"\u0415\u0442\u043d\u043e \u0421\u0435\u043b\u043e \u0421\u0442\u0430\u043d\u0438\u0448\u0438\u045b\u0438 \u043e\u0441\u043d\u043e\u0432\u0430\u043d\u043e \u0458\u0435 2003. \u0433\u043e\u0434\u0438\u043d\u0435, \u0437\u0430\u0445\u0432\u0430\u0459\u0443\u0458\u0443\u045b\u0438 \u0438\u043d\u0441\u043f\u0438\u0440\u0430\u0446\u0438\u0458\u0438 \u0411\u043e\u0440\u0438\u0441\u0430 \u0421\u0442\u0430\u043d\u0438\u0448\u0438\u045b\u0430. \u0412\u0438\u0448\u0435 \u043e\u0434 \u043d\u0435\u043a\u043e\u043b\u0438\u043a\u043e \u0433\u043e\u0434\u0438\u043d\u0430 \u043e\u043d \u0458\u0435 \u043f\u0443\u0442\u043e\u0432\u0430\u043e \u043f\u043e \u0441\u0440\u043f\u0441\u043a\u0438\u043c \u0441\u0435\u043b\u0438\u043c\u0430 \u0441\u0440\u0435\u0434\u045a\u0435 \u0411\u043e\u0441\u043d\u0435 \u0443 \u043f\u043e\u0442\u0440\u0430\u0437\u0438 \u0437\u0430 \u0441\u0442\u0430\u0440\u0438\u043c \u043a\u0443\u045b\u0430\u043c\u0430 \u0438 \u043f\u0440\u0435\u0434\u043c\u0435\u0442\u0438\u043c\u0430, \u043a\u043e\u0458\u0438 \u045b\u0435 \u0441\u0430\u0447\u0443\u0432\u0430\u0442\u0438 \u043f\u0440\u0435\u0434\u0441\u0442\u0430\u0432\u0443 \u043e \u0458\u0435\u0434\u043d\u043e\u043c \u0432\u0440\u0435\u043c\u0435\u043d\u0443 \u0438 \u043a\u0443\u043b\u0442\u0443\u0440\u0438 \u0436\u0438\u0432\u0459\u0435\u045a\u0430 \u0441\u0430 \u043a\u0440\u0430\u0458\u0430 19. \u0438 \u043f\u043e\u0447\u0435\u0442\u043a\u0430 20. \u0432\u0438\u0458\u0435\u043a\u0430. \u0420\u0435\u0437\u0443\u043b\u0442\u0430\u0442 \u0458\u0435 \u0430\u0443\u0442\u0435\u043d\u0442\u0438\u0447\u043d\u043e \u043f\u043b\u0430\u043d\u0438\u043d\u0441\u043a\u043e \u0441\u0435\u043b\u043e \u0443 \u0441\u0440\u0435\u0434 \u0441\u0435\u043c\u0431\u0435\u0440\u0441\u043a\u0435 \u0440\u0430\u0432\u043d\u0438\u0446\u0435.\" \/>\n<meta property=\"og:url\" content=\"https:\/\/www.etran.rs\/2025\/mesto-odrzavanja-konferencije-nis\/\" \/>\n<meta property=\"article:modified_time\" content=\"2025-03-29T01:17:22+00:00\" \/>\n<meta property=\"og:image\" content=\"https:\/\/www.etran.rs\/2025\/wp-content\/uploads\/2024\/09\/IMG_20200905_123852-scaled.jpg\" \/>\n\t<meta property=\"og:image:width\" content=\"2560\" \/>\n\t<meta property=\"og:image:height\" content=\"1194\" \/>\n\t<meta property=\"og:image:type\" content=\"image\/jpeg\" \/>\n<meta name=\"twitter:card\" content=\"summary_large_image\" \/>\n<meta name=\"twitter:label1\" content=\"Est. reading time\" \/>\n\t<meta name=\"twitter:data1\" content=\"2 minutes\" \/>\n<script type=\"application\/ld+json\" class=\"yoast-schema-graph\">{\"@context\":\"https:\/\/schema.org\",\"@graph\":[{\"@type\":\"WebPage\",\"@id\":\"https:\/\/www.etran.rs\/2025\/mesto-odrzavanja-konferencije-nis\/\",\"url\":\"https:\/\/www.etran.rs\/2025\/mesto-odrzavanja-konferencije-nis\/\",\"name\":\"\u041c\u0435\u0441\u0442\u043e \u043e\u0434\u0440\u0436\u0430\u0432\u0430\u045a\u0430 \u043a\u043e\u043d\u0444\u0435\u0440\u0435\u043d\u0446\u0438\u0458\u0435: \u0433\u0440\u0430\u0434 \u0427\u0430\u0447\u0430\u043a -\",\"isPartOf\":{\"@id\":\"https:\/\/www.etran.rs\/2025\/#website\"},\"primaryImageOfPage\":{\"@id\":\"https:\/\/www.etran.rs\/2025\/mesto-odrzavanja-konferencije-nis\/#primaryimage\"},\"image\":{\"@id\":\"https:\/\/www.etran.rs\/2025\/mesto-odrzavanja-konferencije-nis\/#primaryimage\"},\"thumbnailUrl\":\"https:\/\/www.etran.rs\/2025\/wp-content\/uploads\/2024\/09\/IMG_20200905_123852-scaled.jpg\",\"datePublished\":\"2021-11-12T20:11:57+00:00\",\"dateModified\":\"2025-03-29T01:17:22+00:00\",\"description\":\"\u0415\u0442\u043d\u043e \u0421\u0435\u043b\u043e \u0421\u0442\u0430\u043d\u0438\u0448\u0438\u045b\u0438 \u043e\u0441\u043d\u043e\u0432\u0430\u043d\u043e \u0458\u0435 2003. \u0433\u043e\u0434\u0438\u043d\u0435, \u0437\u0430\u0445\u0432\u0430\u0459\u0443\u0458\u0443\u045b\u0438 \u0438\u043d\u0441\u043f\u0438\u0440\u0430\u0446\u0438\u0458\u0438 \u0411\u043e\u0440\u0438\u0441\u0430 \u0421\u0442\u0430\u043d\u0438\u0448\u0438\u045b\u0430. \u0412\u0438\u0448\u0435 \u043e\u0434 \u043d\u0435\u043a\u043e\u043b\u0438\u043a\u043e \u0433\u043e\u0434\u0438\u043d\u0430 \u043e\u043d \u0458\u0435 \u043f\u0443\u0442\u043e\u0432\u0430\u043e \u043f\u043e \u0441\u0440\u043f\u0441\u043a\u0438\u043c \u0441\u0435\u043b\u0438\u043c\u0430 \u0441\u0440\u0435\u0434\u045a\u0435 \u0411\u043e\u0441\u043d\u0435 \u0443 \u043f\u043e\u0442\u0440\u0430\u0437\u0438 \u0437\u0430 \u0441\u0442\u0430\u0440\u0438\u043c \u043a\u0443\u045b\u0430\u043c\u0430 \u0438 \u043f\u0440\u0435\u0434\u043c\u0435\u0442\u0438\u043c\u0430, \u043a\u043e\u0458\u0438 \u045b\u0435 \u0441\u0430\u0447\u0443\u0432\u0430\u0442\u0438 \u043f\u0440\u0435\u0434\u0441\u0442\u0430\u0432\u0443 \u043e \u0458\u0435\u0434\u043d\u043e\u043c \u0432\u0440\u0435\u043c\u0435\u043d\u0443 \u0438 \u043a\u0443\u043b\u0442\u0443\u0440\u0438 \u0436\u0438\u0432\u0459\u0435\u045a\u0430 \u0441\u0430 \u043a\u0440\u0430\u0458\u0430 19. \u0438 \u043f\u043e\u0447\u0435\u0442\u043a\u0430 20. \u0432\u0438\u0458\u0435\u043a\u0430. \u0420\u0435\u0437\u0443\u043b\u0442\u0430\u0442 \u0458\u0435 \u0430\u0443\u0442\u0435\u043d\u0442\u0438\u0447\u043d\u043e \u043f\u043b\u0430\u043d\u0438\u043d\u0441\u043a\u043e \u0441\u0435\u043b\u043e \u0443 \u0441\u0440\u0435\u0434 \u0441\u0435\u043c\u0431\u0435\u0440\u0441\u043a\u0435 \u0440\u0430\u0432\u043d\u0438\u0446\u0435.\",\"breadcrumb\":{\"@id\":\"https:\/\/www.etran.rs\/2025\/mesto-odrzavanja-konferencije-nis\/#breadcrumb\"},\"inLanguage\":\"en-US\",\"potentialAction\":[{\"@type\":\"ReadAction\",\"target\":[\"https:\/\/www.etran.rs\/2025\/mesto-odrzavanja-konferencije-nis\/\"]}]},{\"@type\":\"ImageObject\",\"inLanguage\":\"en-US\",\"@id\":\"https:\/\/www.etran.rs\/2025\/mesto-odrzavanja-konferencije-nis\/#primaryimage\",\"url\":\"https:\/\/www.etran.rs\/2025\/wp-content\/uploads\/2024\/09\/IMG_20200905_123852-scaled.jpg\",\"contentUrl\":\"https:\/\/www.etran.rs\/2025\/wp-content\/uploads\/2024\/09\/IMG_20200905_123852-scaled.jpg\",\"width\":2560,\"height\":1194},{\"@type\":\"BreadcrumbList\",\"@id\":\"https:\/\/www.etran.rs\/2025\/mesto-odrzavanja-konferencije-nis\/#breadcrumb\",\"itemListElement\":[{\"@type\":\"ListItem\",\"position\":1,\"name\":\"Home\",\"item\":\"https:\/\/www.etran.rs\/2025\/en\/home-english\/\"},{\"@type\":\"ListItem\",\"position\":2,\"name\":\"\u041c\u0435\u0441\u0442\u043e \u043e\u0434\u0440\u0436\u0430\u0432\u0430\u045a\u0430 \u043a\u043e\u043d\u0444\u0435\u0440\u0435\u043d\u0446\u0438\u0458\u0435: \u0433\u0440\u0430\u0434 \u0427\u0430\u0447\u0430\u043a\"}]},{\"@type\":\"WebSite\",\"@id\":\"https:\/\/www.etran.rs\/2025\/#website\",\"url\":\"https:\/\/www.etran.rs\/2025\/\",\"name\":\"IcETRAN 2025\",\"description\":\"XII IcETRAN Conference 2025 - \u010ca\u010dak, June 9-12, 2025.\",\"publisher\":{\"@id\":\"https:\/\/www.etran.rs\/2025\/#organization\"},\"potentialAction\":[{\"@type\":\"SearchAction\",\"target\":{\"@type\":\"EntryPoint\",\"urlTemplate\":\"https:\/\/www.etran.rs\/2025\/?s={search_term_string}\"},\"query-input\":{\"@type\":\"PropertyValueSpecification\",\"valueRequired\":true,\"valueName\":\"search_term_string\"}}],\"inLanguage\":\"en-US\"},{\"@type\":\"Organization\",\"@id\":\"https:\/\/www.etran.rs\/2025\/#organization\",\"name\":\"ETRAN Society\",\"alternateName\":\"ETRAN\/IcETRAN\",\"url\":\"https:\/\/www.etran.rs\/2025\/\",\"logo\":{\"@type\":\"ImageObject\",\"inLanguage\":\"en-US\",\"@id\":\"https:\/\/www.etran.rs\/2025\/#\/schema\/logo\/image\/\",\"url\":\"https:\/\/www.etran.rs\/2025\/wp-content\/uploads\/2023\/05\/cropped-etrannovilogo-removebg-preview-e1684584979855.png\",\"contentUrl\":\"https:\/\/www.etran.rs\/2025\/wp-content\/uploads\/2023\/05\/cropped-etrannovilogo-removebg-preview-e1684584979855.png\",\"width\":250,\"height\":54,\"caption\":\"ETRAN Society\"},\"image\":{\"@id\":\"https:\/\/www.etran.rs\/2025\/#\/schema\/logo\/image\/\"}}]}<\/script>\n<!-- \/ Yoast SEO plugin. -->","yoast_head_json":{"title":"Mesto odr\u017eavanja konferencije: grad \u010ca\u010dak -","description":"Etno Selo Stani\u0161i\u0107i osnovano je 2003. godine, zahvaljuju\u0107i inspiraciji Borisa Stani\u0161i\u0107a. Vi\u0161e od nekoliko godina on je putovao po srpskim selima srednje Bosne u potrazi za starim ku\u0107ama i predmetima, koji \u0107e sa\u010duvati predstavu o jednom vremenu i kulturi \u017eivljenja sa kraja 19. i po\u010detka 20. vijeka. Rezultat je autenti\u010dno planinsko selo u sred semberske ravnice.","robots":{"index":"index","follow":"follow","max-snippet":"max-snippet:-1","max-image-preview":"max-image-preview:large","max-video-preview":"max-video-preview:-1"},"canonical":"https:\/\/www.etran.rs\/2025\/mesto-odrzavanja-konferencije-nis\/","og_locale":"en_US","og_type":"article","og_title":"Mesto odr\u017eavanja konferencije: grad \u010ca\u010dak -","og_description":"\u0415\u0442\u043d\u043e \u0421\u0435\u043b\u043e \u0421\u0442\u0430\u043d\u0438\u0448\u0438\u045b\u0438 \u043e\u0441\u043d\u043e\u0432\u0430\u043d\u043e \u0458\u0435 2003. \u0433\u043e\u0434\u0438\u043d\u0435, \u0437\u0430\u0445\u0432\u0430\u0459\u0443\u0458\u0443\u045b\u0438 \u0438\u043d\u0441\u043f\u0438\u0440\u0430\u0446\u0438\u0458\u0438 \u0411\u043e\u0440\u0438\u0441\u0430 \u0421\u0442\u0430\u043d\u0438\u0448\u0438\u045b\u0430. \u0412\u0438\u0448\u0435 \u043e\u0434 \u043d\u0435\u043a\u043e\u043b\u0438\u043a\u043e \u0433\u043e\u0434\u0438\u043d\u0430 \u043e\u043d \u0458\u0435 \u043f\u0443\u0442\u043e\u0432\u0430\u043e \u043f\u043e \u0441\u0440\u043f\u0441\u043a\u0438\u043c \u0441\u0435\u043b\u0438\u043c\u0430 \u0441\u0440\u0435\u0434\u045a\u0435 \u0411\u043e\u0441\u043d\u0435 \u0443 \u043f\u043e\u0442\u0440\u0430\u0437\u0438 \u0437\u0430 \u0441\u0442\u0430\u0440\u0438\u043c \u043a\u0443\u045b\u0430\u043c\u0430 \u0438 \u043f\u0440\u0435\u0434\u043c\u0435\u0442\u0438\u043c\u0430, \u043a\u043e\u0458\u0438 \u045b\u0435 \u0441\u0430\u0447\u0443\u0432\u0430\u0442\u0438 \u043f\u0440\u0435\u0434\u0441\u0442\u0430\u0432\u0443 \u043e \u0458\u0435\u0434\u043d\u043e\u043c \u0432\u0440\u0435\u043c\u0435\u043d\u0443 \u0438 \u043a\u0443\u043b\u0442\u0443\u0440\u0438 \u0436\u0438\u0432\u0459\u0435\u045a\u0430 \u0441\u0430 \u043a\u0440\u0430\u0458\u0430 19. \u0438 \u043f\u043e\u0447\u0435\u0442\u043a\u0430 20. \u0432\u0438\u0458\u0435\u043a\u0430. \u0420\u0435\u0437\u0443\u043b\u0442\u0430\u0442 \u0458\u0435 \u0430\u0443\u0442\u0435\u043d\u0442\u0438\u0447\u043d\u043e \u043f\u043b\u0430\u043d\u0438\u043d\u0441\u043a\u043e \u0441\u0435\u043b\u043e \u0443 \u0441\u0440\u0435\u0434 \u0441\u0435\u043c\u0431\u0435\u0440\u0441\u043a\u0435 \u0440\u0430\u0432\u043d\u0438\u0446\u0435.","og_url":"https:\/\/www.etran.rs\/2025\/mesto-odrzavanja-konferencije-nis\/","article_modified_time":"2025-03-29T01:17:22+00:00","og_image":[{"width":2560,"height":1194,"url":"https:\/\/www.etran.rs\/2025\/wp-content\/uploads\/2024\/09\/IMG_20200905_123852-scaled.jpg","type":"image\/jpeg"}],"twitter_card":"summary_large_image","twitter_misc":{"Est. reading time":"2 minutes"},"schema":{"@context":"https:\/\/schema.org","@graph":[{"@type":"WebPage","@id":"https:\/\/www.etran.rs\/2025\/mesto-odrzavanja-konferencije-nis\/","url":"https:\/\/www.etran.rs\/2025\/mesto-odrzavanja-konferencije-nis\/","name":"\u041c\u0435\u0441\u0442\u043e \u043e\u0434\u0440\u0436\u0430\u0432\u0430\u045a\u0430 \u043a\u043e\u043d\u0444\u0435\u0440\u0435\u043d\u0446\u0438\u0458\u0435: \u0433\u0440\u0430\u0434 \u0427\u0430\u0447\u0430\u043a -","isPartOf":{"@id":"https:\/\/www.etran.rs\/2025\/#website"},"primaryImageOfPage":{"@id":"https:\/\/www.etran.rs\/2025\/mesto-odrzavanja-konferencije-nis\/#primaryimage"},"image":{"@id":"https:\/\/www.etran.rs\/2025\/mesto-odrzavanja-konferencije-nis\/#primaryimage"},"thumbnailUrl":"https:\/\/www.etran.rs\/2025\/wp-content\/uploads\/2024\/09\/IMG_20200905_123852-scaled.jpg","datePublished":"2021-11-12T20:11:57+00:00","dateModified":"2025-03-29T01:17:22+00:00","description":"\u0415\u0442\u043d\u043e \u0421\u0435\u043b\u043e \u0421\u0442\u0430\u043d\u0438\u0448\u0438\u045b\u0438 \u043e\u0441\u043d\u043e\u0432\u0430\u043d\u043e \u0458\u0435 2003. \u0433\u043e\u0434\u0438\u043d\u0435, \u0437\u0430\u0445\u0432\u0430\u0459\u0443\u0458\u0443\u045b\u0438 \u0438\u043d\u0441\u043f\u0438\u0440\u0430\u0446\u0438\u0458\u0438 \u0411\u043e\u0440\u0438\u0441\u0430 \u0421\u0442\u0430\u043d\u0438\u0448\u0438\u045b\u0430. \u0412\u0438\u0448\u0435 \u043e\u0434 \u043d\u0435\u043a\u043e\u043b\u0438\u043a\u043e \u0433\u043e\u0434\u0438\u043d\u0430 \u043e\u043d \u0458\u0435 \u043f\u0443\u0442\u043e\u0432\u0430\u043e \u043f\u043e \u0441\u0440\u043f\u0441\u043a\u0438\u043c \u0441\u0435\u043b\u0438\u043c\u0430 \u0441\u0440\u0435\u0434\u045a\u0435 \u0411\u043e\u0441\u043d\u0435 \u0443 \u043f\u043e\u0442\u0440\u0430\u0437\u0438 \u0437\u0430 \u0441\u0442\u0430\u0440\u0438\u043c \u043a\u0443\u045b\u0430\u043c\u0430 \u0438 \u043f\u0440\u0435\u0434\u043c\u0435\u0442\u0438\u043c\u0430, \u043a\u043e\u0458\u0438 \u045b\u0435 \u0441\u0430\u0447\u0443\u0432\u0430\u0442\u0438 \u043f\u0440\u0435\u0434\u0441\u0442\u0430\u0432\u0443 \u043e \u0458\u0435\u0434\u043d\u043e\u043c \u0432\u0440\u0435\u043c\u0435\u043d\u0443 \u0438 \u043a\u0443\u043b\u0442\u0443\u0440\u0438 \u0436\u0438\u0432\u0459\u0435\u045a\u0430 \u0441\u0430 \u043a\u0440\u0430\u0458\u0430 19. \u0438 \u043f\u043e\u0447\u0435\u0442\u043a\u0430 20. \u0432\u0438\u0458\u0435\u043a\u0430. \u0420\u0435\u0437\u0443\u043b\u0442\u0430\u0442 \u0458\u0435 \u0430\u0443\u0442\u0435\u043d\u0442\u0438\u0447\u043d\u043e \u043f\u043b\u0430\u043d\u0438\u043d\u0441\u043a\u043e \u0441\u0435\u043b\u043e \u0443 \u0441\u0440\u0435\u0434 \u0441\u0435\u043c\u0431\u0435\u0440\u0441\u043a\u0435 \u0440\u0430\u0432\u043d\u0438\u0446\u0435.","breadcrumb":{"@id":"https:\/\/www.etran.rs\/2025\/mesto-odrzavanja-konferencije-nis\/#breadcrumb"},"inLanguage":"en-US","potentialAction":[{"@type":"ReadAction","target":["https:\/\/www.etran.rs\/2025\/mesto-odrzavanja-konferencije-nis\/"]}]},{"@type":"ImageObject","inLanguage":"en-US","@id":"https:\/\/www.etran.rs\/2025\/mesto-odrzavanja-konferencije-nis\/#primaryimage","url":"https:\/\/www.etran.rs\/2025\/wp-content\/uploads\/2024\/09\/IMG_20200905_123852-scaled.jpg","contentUrl":"https:\/\/www.etran.rs\/2025\/wp-content\/uploads\/2024\/09\/IMG_20200905_123852-scaled.jpg","width":2560,"height":1194},{"@type":"BreadcrumbList","@id":"https:\/\/www.etran.rs\/2025\/mesto-odrzavanja-konferencije-nis\/#breadcrumb","itemListElement":[{"@type":"ListItem","position":1,"name":"Home","item":"https:\/\/www.etran.rs\/2025\/en\/home-english\/"},{"@type":"ListItem","position":2,"name":"\u041c\u0435\u0441\u0442\u043e \u043e\u0434\u0440\u0436\u0430\u0432\u0430\u045a\u0430 \u043a\u043e\u043d\u0444\u0435\u0440\u0435\u043d\u0446\u0438\u0458\u0435: \u0433\u0440\u0430\u0434 \u0427\u0430\u0447\u0430\u043a"}]},{"@type":"WebSite","@id":"https:\/\/www.etran.rs\/2025\/#website","url":"https:\/\/www.etran.rs\/2025\/","name":"IcETRAN 2025","description":"XII IcETRAN Conference 2025 - \u010ca\u010dak, June 9-12, 2025.","publisher":{"@id":"https:\/\/www.etran.rs\/2025\/#organization"},"potentialAction":[{"@type":"SearchAction","target":{"@type":"EntryPoint","urlTemplate":"https:\/\/www.etran.rs\/2025\/?s={search_term_string}"},"query-input":{"@type":"PropertyValueSpecification","valueRequired":true,"valueName":"search_term_string"}}],"inLanguage":"en-US"},{"@type":"Organization","@id":"https:\/\/www.etran.rs\/2025\/#organization","name":"ETRAN Society","alternateName":"ETRAN\/IcETRAN","url":"https:\/\/www.etran.rs\/2025\/","logo":{"@type":"ImageObject","inLanguage":"en-US","@id":"https:\/\/www.etran.rs\/2025\/#\/schema\/logo\/image\/","url":"https:\/\/www.etran.rs\/2025\/wp-content\/uploads\/2023\/05\/cropped-etrannovilogo-removebg-preview-e1684584979855.png","contentUrl":"https:\/\/www.etran.rs\/2025\/wp-content\/uploads\/2023\/05\/cropped-etrannovilogo-removebg-preview-e1684584979855.png","width":250,"height":54,"caption":"ETRAN Society"},"image":{"@id":"https:\/\/www.etran.rs\/2025\/#\/schema\/logo\/image\/"}}]}},"_links":{"self":[{"href":"https:\/\/www.etran.rs\/2025\/wp-json\/wp\/v2\/pages\/1403","targetHints":{"allow":["GET"]}}],"collection":[{"href":"https:\/\/www.etran.rs\/2025\/wp-json\/wp\/v2\/pages"}],"about":[{"href":"https:\/\/www.etran.rs\/2025\/wp-json\/wp\/v2\/types\/page"}],"author":[{"embeddable":true,"href":"https:\/\/www.etran.rs\/2025\/wp-json\/wp\/v2\/users\/1"}],"replies":[{"embeddable":true,"href":"https:\/\/www.etran.rs\/2025\/wp-json\/wp\/v2\/comments?post=1403"}],"version-history":[{"count":52,"href":"https:\/\/www.etran.rs\/2025\/wp-json\/wp\/v2\/pages\/1403\/revisions"}],"predecessor-version":[{"id":5829,"href":"https:\/\/www.etran.rs\/2025\/wp-json\/wp\/v2\/pages\/1403\/revisions\/5829"}],"wp:featuredmedia":[{"embeddable":true,"href":"https:\/\/www.etran.rs\/2025\/wp-json\/wp\/v2\/media\/5554"}],"wp:attachment":[{"href":"https:\/\/www.etran.rs\/2025\/wp-json\/wp\/v2\/media?parent=1403"}],"curies":[{"name":"wp","href":"https:\/\/api.w.org\/{rel}","templated":true}]}}