{"id":1311,"date":"2023-04-14T10:15:48","date_gmt":"2023-04-14T10:15:48","guid":{"rendered":"https:\/\/www.etran.rs\/2021\/?page_id=1311"},"modified":"2025-01-11T13:34:05","modified_gmt":"2025-01-11T13:34:05","slug":"registracija-i-kotizacija-2","status":"publish","type":"page","link":"https:\/\/www.etran.rs\/2025\/registracija-i-kotizacija-2\/","title":{"rendered":"Cene kotizacija"},"content":{"rendered":"\n<p>Registracija je obavezna za sve u\u010desnike na konferencijama. Da biste se registrovali kliknite&nbsp; <a href=\"https:\/\/www.etran.rs\/2024\/registracija-i-kotizacija\/\">ovde<\/a>. Registracija podrazumeva pla\u0107anje kotizacije.<\/p>\n\n\n\n<p><strong>Iznosi kotizacije za ETRAN i IcETRAN 2025 (osim IEEE Xplore<\/strong>):<\/p>\n\n\n\n<figure class=\"wp-block-table\"><table><tbody><tr><td><a><\/a><\/td><td><strong>Uplate pre 24.05.2025.<\/strong><\/td><td><strong>Uplate posle 24.05.2025.<\/strong><\/td><\/tr><tr><td>Regularna kotizacija<\/td><td><strong>2<\/strong><strong>7<\/strong><strong>,000<\/strong><strong> RSD<\/strong><\/td><td><strong>36<\/strong><strong>.<\/strong><strong>000 RSD<\/strong><\/td><\/tr><tr><td>Kotizacija za \u010dlanove ETRANa i IEEE (uz dokaz)<\/td><td><strong>24<\/strong><strong>,<\/strong><strong>3<\/strong><strong>00<\/strong><strong> RSD<\/strong><\/td><td><strong>3<\/strong><strong>2.<\/strong><strong>4<\/strong><strong>00<\/strong><strong> RSD<\/strong><\/td><\/tr><tr><td>Kotizacija za u\u010desnike koji su zaposleni od strane kolektivnih \u010dlanova Dru\u0161tva za ETRAN koji su uplatili godi\u0161nju \u010dlanarinu<\/td><td><strong>18<\/strong><strong>.<\/strong><strong>000 RSD<\/strong><\/td><td><strong>24<\/strong><strong>.<\/strong><strong>000 RSD<\/strong><\/td><\/tr><tr><td>Kotizacija za mlade istra\u017eiva\u010de<sup>1<\/sup> (uz dokaz)<\/td><td><strong>16<\/strong><strong>,<\/strong><strong>0<\/strong><strong>00<\/strong><strong> RSD<\/strong><\/td><td><strong>21<\/strong><strong>.<\/strong><strong>6<\/strong><strong>00 RSD<\/strong><\/td><\/tr><tr><td>Posetioci<\/td><td><strong>1<\/strong><strong>3<\/strong><strong>,500<\/strong><strong> RSD<\/strong><\/td><td><strong>1<\/strong><strong>8<\/strong><strong>.<\/strong><strong>0<\/strong><strong>00 RSD<\/strong><\/td><\/tr><\/tbody><\/table><\/figure>\n\n\n\n<p><strong>Iznosi kotizacije za IcETRAN 2025 za radove u IEEE Xplore:<\/strong><\/p>\n\n\n\n<figure class=\"wp-block-table\"><table><tbody><tr><td><\/td><td><strong>Uplate pre 24.05.2025.<\/strong><\/td><td><strong>Uplate posle 24.05.2025.<\/strong><\/td><\/tr><tr><td>Regularna kotizacija<\/td><td><strong>30<\/strong><strong>.<\/strong><strong>000 RSD<\/strong><\/td><td><strong>3<\/strong><strong>9<\/strong><strong>.<\/strong><strong>000 RSD<\/strong><\/td><\/tr><tr><td>Kotizacija za \u010dlanove ETRANa i IEEE (uz dokaz)<\/td><td><strong>2<\/strong><strong>7<\/strong><strong>.<\/strong><strong>0<\/strong><strong>00<\/strong><strong> RSD<\/strong><\/td><td><strong>35<\/strong><strong>.<\/strong><strong>1<\/strong><strong>00<\/strong><strong> RSD<\/strong><\/td><\/tr><tr><td>Kotizacija za u\u010desnike koji su zaposleni od strane kolektivnih \u010dlanova Dru\u0161tva za ETRAN koji su uplatili godi\u0161nju \u010dlanarinu<\/td><td><strong>20<\/strong><strong>.<\/strong><strong>000 RSD<\/strong><\/td><td><strong>2<\/strong><strong>6<\/strong><strong>.<\/strong><strong>000 RSD<\/strong><\/td><\/tr><tr><td>Kotizacija za mlade istra\u017eiva\u010de<sup>1<\/sup> (uz dokaz)<\/td><td><strong>18<\/strong><strong>.<\/strong><strong>000 RSD<\/strong><\/td><td><strong>23<\/strong><strong>.<\/strong><strong>4<\/strong><strong>00 RSD<\/strong><\/td><\/tr><tr><td>Posetioci<\/td><td><strong>1<\/strong><strong>5<\/strong><strong>.<\/strong><strong>0<\/strong><strong>00 RSD<\/strong><\/td><td><strong>1<\/strong><strong>9<\/strong><strong>.<\/strong><strong>5<\/strong><strong>00 RSD<\/strong><\/td><\/tr><\/tbody><\/table><\/figure>\n\n\n\n<p>Pla\u0107anja kotizacije oslobo\u0111eni su autori radova i predavanja po pozivu, rukovodioci specijalnih sesija (sa bar 6 radova), organizatori okruglog stola ili panel diskusija i mladi istra\u017eiva\u010di koji su na prethodnoj konferenciji dobili nagradu.<\/p>\n\n\n\n<p>Kod uplate kotizacije za mladog istra\u017eiva\u010da treba dostaviti dokaz od akademske ustanove (uverenje) i upisati datum ro\u0111enja prilikom registracije. Kotizacija za mladog istra\u017eiva\u010da va\u017ei ako je on\/ona prvi autor na radu i ako ga li\u010dno izla\u017ee. Kotizacijlja za mladog istra\u017eiva\u010da va\u017ei samo za jedan rad n ETRAN\/IcETRAN konferencijama, dok se za drugi i naredne pla\u0107a regularna kotizacija.<\/p>\n\n\n\n<p>Uplatom kotizacije u\u010desnik sti\u010de pravo na u\u010de\u0161\u0107e u radu konferencija, uklju\u010duju\u0107i i propratne manifestacije, zbornik apstrakta, bed\u017e sa imenom i pristup onlajn zborniku na sajtu konferencije. Pla\u0107ena kotizacija uklju\u010duje i godi\u0161nju \u010dlanarinu za Dru\u0161tvo za ETRAN. U zbornik radova ulaze samo <strong>prezentovani radovi! <\/strong>Radovi sa konferencije ETRAN i IcETRAN (van IEEE Xplore) bi\u0107e dostupni preko vebsajta ETRAN\/IcETRAN konferencije, dok radovi IcETRAN koji idu u IEEE Xplore se publikuju u IEEE Xplore digitalnoj biblioteci. Radovi u IEEE Xplore-a, dobijaju DOI broj i poseban ISSN broj, s tim da \u00a0treba prihvatiti uslove IEEE Copyrights. Zbornik ETRAN\/IcETRAN (van IEEE Xplore) \u0107e imati urednika, paginaciju i ISSN broj.<\/p>\n\n\n\n<p class=\"has-small-font-size\"><sup>1<\/sup>Mladi istra\u017eiva\u010d je definisan kao student akademskih diplomskih, master ili doktorskih studija \u010dija starost u 2025. godini ne prelazi 25, 27, 35 godina, respektivno. Ovi podaci se obavezno navode na prijavnom listu.<\/p>\n","protected":false},"excerpt":{"rendered":"<p>Registracija je obavezna za sve u\u010desnike na konferencijama. Da biste se registrovali kliknite&nbsp; ovde. Registracija podrazumeva pla\u0107anje kotizacije. Iznosi kotizacije za ETRAN i IcETRAN 2025 (osim IEEE Xplore): Uplate pre 24.05.2025. Uplate posle 24.05.2025. Regularna kotizacija 27,000 RSD 36.000 RSD Kotizacija za \u010dlanove ETRANa i IEEE (uz dokaz) 24,300 RSD 32.400 RSD Kotizacija za u\u010desnike &hellip; <\/p>\n","protected":false},"author":1,"featured_media":0,"parent":0,"menu_order":0,"comment_status":"closed","ping_status":"closed","template":"","meta":{"_themeisle_gutenberg_block_has_review":false,"footnotes":""},"class_list":["post-1311","page","type-page","status-publish","hentry"],"yoast_head":"<!-- This site is optimized with the Yoast SEO plugin v25.7 - https:\/\/yoast.com\/wordpress\/plugins\/seo\/ -->\n<title>Cene kotizacija -<\/title>\n<meta name=\"robots\" content=\"index, follow, max-snippet:-1, max-image-preview:large, max-video-preview:-1\" \/>\n<link rel=\"canonical\" href=\"https:\/\/www.etran.rs\/2025\/registracija-i-kotizacija-2\/\" \/>\n<meta property=\"og:locale\" content=\"en_US\" \/>\n<meta property=\"og:type\" content=\"article\" \/>\n<meta property=\"og:title\" content=\"Cene kotizacija -\" \/>\n<meta property=\"og:description\" content=\"Registracija je obavezna za sve u\u010desnike na konferencijama. Da biste se registrovali kliknite&nbsp; ovde. Registracija podrazumeva pla\u0107anje kotizacije. Iznosi kotizacije za ETRAN i IcETRAN 2025 (osim IEEE Xplore): Uplate pre 24.05.2025. Uplate posle 24.05.2025. Regularna kotizacija 27,000 RSD 36.000 RSD Kotizacija za \u010dlanove ETRANa i IEEE (uz dokaz) 24,300 RSD 32.400 RSD Kotizacija za u\u010desnike &hellip;\" \/>\n<meta property=\"og:url\" content=\"https:\/\/www.etran.rs\/2025\/registracija-i-kotizacija-2\/\" \/>\n<meta property=\"article:modified_time\" content=\"2025-01-11T13:34:05+00:00\" \/>\n<meta name=\"twitter:card\" content=\"summary_large_image\" \/>\n<meta name=\"twitter:label1\" content=\"Est. reading time\" \/>\n\t<meta name=\"twitter:data1\" content=\"2 minutes\" \/>\n<script type=\"application\/ld+json\" class=\"yoast-schema-graph\">{\"@context\":\"https:\/\/schema.org\",\"@graph\":[{\"@type\":\"WebPage\",\"@id\":\"https:\/\/www.etran.rs\/2025\/registracija-i-kotizacija-2\/\",\"url\":\"https:\/\/www.etran.rs\/2025\/registracija-i-kotizacija-2\/\",\"name\":\"\u0426\u0435\u043d\u0435 \u043a\u043e\u0442\u0438\u0437\u0430\u0446\u0438\u0458\u0430 -\",\"isPartOf\":{\"@id\":\"https:\/\/www.etran.rs\/2025\/#website\"},\"datePublished\":\"2023-04-14T10:15:48+00:00\",\"dateModified\":\"2025-01-11T13:34:05+00:00\",\"breadcrumb\":{\"@id\":\"https:\/\/www.etran.rs\/2025\/registracija-i-kotizacija-2\/#breadcrumb\"},\"inLanguage\":\"en-US\",\"potentialAction\":[{\"@type\":\"ReadAction\",\"target\":[\"https:\/\/www.etran.rs\/2025\/registracija-i-kotizacija-2\/\"]}]},{\"@type\":\"BreadcrumbList\",\"@id\":\"https:\/\/www.etran.rs\/2025\/registracija-i-kotizacija-2\/#breadcrumb\",\"itemListElement\":[{\"@type\":\"ListItem\",\"position\":1,\"name\":\"Home\",\"item\":\"https:\/\/www.etran.rs\/2025\/en\/home-english\/\"},{\"@type\":\"ListItem\",\"position\":2,\"name\":\"\u0426\u0435\u043d\u0435 \u043a\u043e\u0442\u0438\u0437\u0430\u0446\u0438\u0458\u0430\"}]},{\"@type\":\"WebSite\",\"@id\":\"https:\/\/www.etran.rs\/2025\/#website\",\"url\":\"https:\/\/www.etran.rs\/2025\/\",\"name\":\"IcETRAN 2025\",\"description\":\"XII IcETRAN Conference 2025 - \u010ca\u010dak, June 9-12, 2025.\",\"publisher\":{\"@id\":\"https:\/\/www.etran.rs\/2025\/#organization\"},\"potentialAction\":[{\"@type\":\"SearchAction\",\"target\":{\"@type\":\"EntryPoint\",\"urlTemplate\":\"https:\/\/www.etran.rs\/2025\/?s={search_term_string}\"},\"query-input\":{\"@type\":\"PropertyValueSpecification\",\"valueRequired\":true,\"valueName\":\"search_term_string\"}}],\"inLanguage\":\"en-US\"},{\"@type\":\"Organization\",\"@id\":\"https:\/\/www.etran.rs\/2025\/#organization\",\"name\":\"ETRAN Society\",\"alternateName\":\"ETRAN\/IcETRAN\",\"url\":\"https:\/\/www.etran.rs\/2025\/\",\"logo\":{\"@type\":\"ImageObject\",\"inLanguage\":\"en-US\",\"@id\":\"https:\/\/www.etran.rs\/2025\/#\/schema\/logo\/image\/\",\"url\":\"https:\/\/www.etran.rs\/2025\/wp-content\/uploads\/2023\/05\/cropped-etrannovilogo-removebg-preview-e1684584979855.png\",\"contentUrl\":\"https:\/\/www.etran.rs\/2025\/wp-content\/uploads\/2023\/05\/cropped-etrannovilogo-removebg-preview-e1684584979855.png\",\"width\":250,\"height\":54,\"caption\":\"ETRAN Society\"},\"image\":{\"@id\":\"https:\/\/www.etran.rs\/2025\/#\/schema\/logo\/image\/\"}}]}<\/script>\n<!-- \/ Yoast SEO plugin. -->","yoast_head_json":{"title":"Cene kotizacija -","robots":{"index":"index","follow":"follow","max-snippet":"max-snippet:-1","max-image-preview":"max-image-preview:large","max-video-preview":"max-video-preview:-1"},"canonical":"https:\/\/www.etran.rs\/2025\/registracija-i-kotizacija-2\/","og_locale":"en_US","og_type":"article","og_title":"Cene kotizacija -","og_description":"Registracija je obavezna za sve u\u010desnike na konferencijama. Da biste se registrovali kliknite&nbsp; ovde. Registracija podrazumeva pla\u0107anje kotizacije. Iznosi kotizacije za ETRAN i IcETRAN 2025 (osim IEEE Xplore): Uplate pre 24.05.2025. Uplate posle 24.05.2025. Regularna kotizacija 27,000 RSD 36.000 RSD Kotizacija za \u010dlanove ETRANa i IEEE (uz dokaz) 24,300 RSD 32.400 RSD Kotizacija za u\u010desnike &hellip;","og_url":"https:\/\/www.etran.rs\/2025\/registracija-i-kotizacija-2\/","article_modified_time":"2025-01-11T13:34:05+00:00","twitter_card":"summary_large_image","twitter_misc":{"Est. reading time":"2 minutes"},"schema":{"@context":"https:\/\/schema.org","@graph":[{"@type":"WebPage","@id":"https:\/\/www.etran.rs\/2025\/registracija-i-kotizacija-2\/","url":"https:\/\/www.etran.rs\/2025\/registracija-i-kotizacija-2\/","name":"\u0426\u0435\u043d\u0435 \u043a\u043e\u0442\u0438\u0437\u0430\u0446\u0438\u0458\u0430 -","isPartOf":{"@id":"https:\/\/www.etran.rs\/2025\/#website"},"datePublished":"2023-04-14T10:15:48+00:00","dateModified":"2025-01-11T13:34:05+00:00","breadcrumb":{"@id":"https:\/\/www.etran.rs\/2025\/registracija-i-kotizacija-2\/#breadcrumb"},"inLanguage":"en-US","potentialAction":[{"@type":"ReadAction","target":["https:\/\/www.etran.rs\/2025\/registracija-i-kotizacija-2\/"]}]},{"@type":"BreadcrumbList","@id":"https:\/\/www.etran.rs\/2025\/registracija-i-kotizacija-2\/#breadcrumb","itemListElement":[{"@type":"ListItem","position":1,"name":"Home","item":"https:\/\/www.etran.rs\/2025\/en\/home-english\/"},{"@type":"ListItem","position":2,"name":"\u0426\u0435\u043d\u0435 \u043a\u043e\u0442\u0438\u0437\u0430\u0446\u0438\u0458\u0430"}]},{"@type":"WebSite","@id":"https:\/\/www.etran.rs\/2025\/#website","url":"https:\/\/www.etran.rs\/2025\/","name":"IcETRAN 2025","description":"XII IcETRAN Conference 2025 - \u010ca\u010dak, June 9-12, 2025.","publisher":{"@id":"https:\/\/www.etran.rs\/2025\/#organization"},"potentialAction":[{"@type":"SearchAction","target":{"@type":"EntryPoint","urlTemplate":"https:\/\/www.etran.rs\/2025\/?s={search_term_string}"},"query-input":{"@type":"PropertyValueSpecification","valueRequired":true,"valueName":"search_term_string"}}],"inLanguage":"en-US"},{"@type":"Organization","@id":"https:\/\/www.etran.rs\/2025\/#organization","name":"ETRAN Society","alternateName":"ETRAN\/IcETRAN","url":"https:\/\/www.etran.rs\/2025\/","logo":{"@type":"ImageObject","inLanguage":"en-US","@id":"https:\/\/www.etran.rs\/2025\/#\/schema\/logo\/image\/","url":"https:\/\/www.etran.rs\/2025\/wp-content\/uploads\/2023\/05\/cropped-etrannovilogo-removebg-preview-e1684584979855.png","contentUrl":"https:\/\/www.etran.rs\/2025\/wp-content\/uploads\/2023\/05\/cropped-etrannovilogo-removebg-preview-e1684584979855.png","width":250,"height":54,"caption":"ETRAN Society"},"image":{"@id":"https:\/\/www.etran.rs\/2025\/#\/schema\/logo\/image\/"}}]}},"_links":{"self":[{"href":"https:\/\/www.etran.rs\/2025\/wp-json\/wp\/v2\/pages\/1311","targetHints":{"allow":["GET"]}}],"collection":[{"href":"https:\/\/www.etran.rs\/2025\/wp-json\/wp\/v2\/pages"}],"about":[{"href":"https:\/\/www.etran.rs\/2025\/wp-json\/wp\/v2\/types\/page"}],"author":[{"embeddable":true,"href":"https:\/\/www.etran.rs\/2025\/wp-json\/wp\/v2\/users\/1"}],"replies":[{"embeddable":true,"href":"https:\/\/www.etran.rs\/2025\/wp-json\/wp\/v2\/comments?post=1311"}],"version-history":[{"count":24,"href":"https:\/\/www.etran.rs\/2025\/wp-json\/wp\/v2\/pages\/1311\/revisions"}],"predecessor-version":[{"id":5616,"href":"https:\/\/www.etran.rs\/2025\/wp-json\/wp\/v2\/pages\/1311\/revisions\/5616"}],"wp:attachment":[{"href":"https:\/\/www.etran.rs\/2025\/wp-json\/wp\/v2\/media?parent=1311"}],"curies":[{"name":"wp","href":"https:\/\/api.w.org\/{rel}","templated":true}]}}