{"id":895,"date":"2021-11-23T17:05:10","date_gmt":"2021-11-23T17:05:10","guid":{"rendered":"https:\/\/www.etran.rs\/2021\/?page_id=895"},"modified":"2024-02-13T10:29:05","modified_gmt":"2024-02-13T10:29:05","slug":"committees","status":"publish","type":"page","link":"https:\/\/www.etran.rs\/2024\/en\/committees\/","title":{"rendered":"Committees"},"content":{"rendered":"<p><strong><u>IcETRAN 2024, Ni\u0161, Serbia, 3-6 June 2024<\/u><\/strong><\/p>\r\n<p><strong>\u00a0<\/strong><\/p>\r\n<p><strong>CONFERENCE CHAIRS:<\/strong><\/p>\r\n<p><strong>Prof. Vladimir Kati\u0107<\/strong>, <em>Life Senior Member, IEEE<\/em>, Novi Sad, Serbia<\/p>\r\n<p><strong>Prof. Dragan Man\u010di\u0107<\/strong>, Ni\u0161, Serbia<\/p>\r\n<p><strong>Conference Co-Chair:<\/strong><\/p>\r\n<p><strong>Academician,\u00a0Prof.\u00a0Slobodan\u00a0Vukosavi\u0107<\/strong>,\u00a0<em>Senior Member, IEEE<\/em>, Belgrade,\u00a0Serbia<\/p>\r\n<p><strong>INTERNATIONAL SCIENTIFIC COMMITTEE<\/strong><\/p>\r\n<p><strong>Chairs\u00a0 <\/strong><\/p>\r\n<p><strong>Prof. Platon Sovilj<\/strong><strong>,<\/strong> <em>Member, IEEE<\/em>,\u00a0Novi Sad, Serbia<\/p>\r\n<p><strong>Prof.\u00a0Neboj\u0161a Don\u010dov,<\/strong>\u00a0<em>Senior Member, IEEE<\/em>,\u00a0Ni\u0161, Serbia<\/p>\r\n<p><strong>Co-chair:<\/strong><\/p>\r\n<p><strong>Prof. Aleksandra Smiljani\u0107<\/strong>, Belgrade, Serbia<\/p>\r\n<p><strong>Members of the ISC (preliminary list)<\/strong><\/p>\r\n<p>Prof. Emilia Ambrozini, Milan, Italy<\/p>\r\n<p>Prof. Karsten Berns, Keiserslautern, Germany<\/p>\r\n<p>Prof. Vincent Bonnet, Paris, France<\/p>\r\n<p>Prof. \u0110ura\u0111 Budimir, London, England<\/p>\r\n<p>Prof. Pasquale Daponte, <em>Fellow, IEEE,<\/em> Sania, Italy<\/p>\r\n<p>Prof. Dragan Deni\u0107, Ni\u0161, Serbia<\/p>\r\n<p>Prof. Rafael Dima, Lyon, France<\/p>\r\n<p>Prof. Neboj\u0161a Don\u010dov, <em>Senior Member, IEEE<\/em>, Ni\u0161, Serbia<\/p>\r\n<p>Prof. Strahinja Do\u0161en, <em>Member, IEEE<\/em>, Aalborg, Denmark<\/p>\r\n<p>Academician SASA Antonije \u0110or\u0111evi\u0107, Belgrade, Serbia<\/p>\r\n<p>Academician MASA Igor \u0110urovi\u0107, Podgorica, Montenegro<\/p>\r\n<p>Prof. \u017deljko \u0110urovi\u0107, Belgrade, Serbia<\/p>\r\n<p>Prof. Ovidiu Florin Caltun, Iasi, Romania<\/p>\r\n<p>Principal Research Fellow Zoran Jak\u0161i\u0107, Belgrade, Serbia<\/p>\r\n<p>Prof. \u0110or\u0111e Jana\u0107kovi\u0107, Belgrade, Serbia<\/p>\r\n<p>Corres. member SASA Branislav Jelenkovi\u0107, Belgrade, Serbia<\/p>\r\n<p>Prof. Gojko Joksimovi\u0107, <em>Senior Member, IEEE<\/em>, Podgorica, Montenegro<\/p>\r\n<p>Prof. Nikola Jorgovanovi\u0107, Novi Sad, Serbia<\/p>\r\n<p>Prof. Helan Karatza, Thessaloniki, Greece<\/p>\r\n<p>Prof. Vladimir Kati\u0107, <em>Life Senior Member, IEEE<\/em>, Novi Sad, Serbia<\/p>\r\n<p>Prof. Zora Konjovi\u0107, Novi Sad, Serbia<\/p>\r\n<p>Prof. Miroslav Krsti\u0107, <em>Fellow, IEEE<\/em>, San Diego, California, USA<\/p>\r\n<p>Prof. Jozef Lacko, Budapest, Hungary<\/p>\r\n<p>Prof. Theodore Laopoulos, Thessaloniki, Greece<\/p>\r\n<p>Prof. Emil Levi, <em>Fellow, IEEE<\/em>, Liverpool, England<\/p>\r\n<p>Prof. Christos Mademlis, Thessaloniki, Greece<\/p>\r\n<p>Prof. Guido Maione, <em>Senior Member, IEEE<\/em>, Bari, Italy<\/p>\r\n<p>Research Associate Neboj\u0161a Male\u0161evi\u0107, Lund, Sweden<\/p>\r\n<p>Prof. Dragan Man\u010di\u0107, Ni\u0161, Serbia<\/p>\r\n<p>Principal Research Fellow Branko Matovi\u0107, Belgrade, Serbia<\/p>\r\n<p>Prof. Gyula Mester, Budapest, Hungary<\/p>\r\n<p>Prof. Miomir Miji\u0107, Belgrade, Serbia<\/p>\r\n<p>Prof. Bratislav Milovanovi\u0107, Ni\u0161, Serbia<\/p>\r\n<p>Prof. Neboj\u0161a Mitrovi\u0107, <em>Member, IEEE<\/em>, \u010ca\u010dak, Serbia<\/p>\r\n<p>Research Associate Dragana Nikoli\u0107, Belgrade, Serbia<\/p>\r\n<p>Prof Albena Paskaleva, Sofia, Bulgaria<\/p>\r\n<p>Prof. Alesandro Pizano, Calgari, Italy<\/p>\r\n<p>Prof. Predrag Petkovi\u0107, Ni\u0161, Serbia<\/p>\r\n<p>Principal Research Fellow Predrag Petrovi\u0107, Belgrade, Serbia<\/p>\r\n<p>Academician SASA Zoran Lj. Petrovi\u0107, Belgrade, Serbia<\/p>\r\n<p>Academician SASA Zoran Popovi\u0107, Belgrade, Serbia<\/p>\r\n<p>Prof. Veljko Potkonjak, Belgrade, Serbia<\/p>\r\n<p>Prof. R.E. Precup, Timisoara, Romania<\/p>\r\n<p>Prof. Renato Procopio, <em>Senior Member, IEEE<\/em>, Genova, Italy<\/p>\r\n<p>Prof. Bo\u017eidar Radenkovi\u0107, <em>Member, IEEE<\/em>, Belgrade, Serbia<\/p>\r\n<p>Academician SASA Velimir Radmilovi\u0107, Belgrade, Serbia<\/p>\r\n<p>Prof. Branimir Reljin, <em>Life Senior Member, IEEE<\/em>, Belgrade, Serbia<\/p>\r\n<p>Prof. Danijela Risti\u0107-Durrant, Bremen, Germany<\/p>\r\n<p>Prof. Romain Serizel, Vand\u0153uvre-les-Nancy, France<\/p>\r\n<p>Prof. Vladimir Srdi\u0107, Novi Sad, Serbia<\/p>\r\n<p>Dr. Biljana Sto\u0161i\u0107,<em> Senior Member, IEEE<\/em>, Ni\u0161, Serbia<\/p>\r\n<p>Prof. Paul Sotiriadis, Athens, Greece<\/p>\r\n<p>Prof. Petar Uskokovi\u0107, Podgorica, Montenegro<\/p>\r\n<p>Prof. Boban Veseli\u0107, <em>Senior Member, IEEE<\/em>, Ni\u0161, Serbia<\/p>\r\n<p>Prof. Sanja Vrane\u0161, Belgrade, Serbia<\/p>\r\n<p>Academician SASA\u00a0Slobodan Vukosavi\u0107, <em>Senior Member, IEEE<\/em>, Belgrade, Serbia<\/p>\r\n<p>Prof. Franz Zotter, Graz, Austria<\/p>\r\n<p>\u00a0<\/p>\r\n<p><strong>LOCAL ORGANIZING COMMITTEE:<\/strong><\/p>\r\n<p><strong>Chair:<\/strong><\/p>\r\n<p><strong>Prof. Dragan Man\u010di\u0107, <\/strong>Ni\u0161, Serbia<\/p>\r\n<p><strong>Members of the LOC (preliminary list)<\/strong><\/p>\r\n<p>Prof.\u00a0Danijel Dankovi\u0107, <em>Member, IEEE<\/em>,\u00a0Ni\u0161, Serbia<\/p>\r\n<p>Prof. Dragan Deni\u0107, Ni\u0161, Serbia<\/p>\r\n<p>Prof. Neboj\u0161a Don\u010dov, <em>Senior Member, IEEE<\/em>, Ni\u0161, Serbia<\/p>\r\n<p>Prof. Vesna Javor,<em> Member, IEEE<\/em>,\u00a0Ni\u0161, Serbia<\/p>\r\n<p>Prof. Zlatica Marinkovi\u0107,<em> Senior Member, IEEE<\/em>, Ni\u0161, Serbia<\/p>\r\n<p>Nikola Mihajlovi\u0107, Ni\u0161, Serbia<\/p>\r\n<p>Prof. Bratislav Milovanovi\u0107, Ni\u0161, Serbia<\/p>\r\n<p>Prof. Milutin Petronijevi\u0107, <em>Member, IEEE<\/em>,\u00a0Ni\u0161, Serbia<\/p>\r\n<p>Dr. Biljana Sto\u0161i\u0107,<em> Senior Member, IEEE<\/em>, Ni\u0161, Serbia<\/p>\r\n<p>Prof. Boban Veseli\u0107, <em>Senior Member, IEEE<\/em>, Ni\u0161, Serbia<\/p>\r\n<p><strong>SPECIAL SESSIONS PROGRAM COMMITTEE<\/strong><\/p>\r\n<p><strong>Prof. dr Platon Sovilj, <\/strong><strong><em>Member, IEEE<\/em><\/strong><strong>,\u00a0Novi Sad, Serbia, Chair<\/strong><\/p>\r\n<p><strong>Prof. dr Aleksandra Smiljani\u0107, Belgrade, Serbia, Co-chair<\/strong><\/p>\r\n<p>Prof. dr Neboj\u0161a Arsi\u0107, Kosovska Mitrovica, Serbia<\/p>\r\n<p>Prof. dr Vladimir Kati\u0107, <em>Life Senior Member, IEEE<\/em>, Novi Sad, Serbia<\/p>\r\n<p>Prof. dr Gyula Mester, Budapest, Hungary<\/p>\r\n<p>Asst. Prof. Manuela Minetti, Genova, Italy<\/p>\r\n<p>Prof. dr Milutin Petronijevi\u0107, <em>Member, IEEE<\/em>,\u00a0Ni\u0161, Serbia<\/p>\r\n<p>Prof. dr Jelica Proti\u0107, Belgrade, Serbia<br \/>Dr. Ivana Radonji\u0107-Miti\u0107, Ni\u0161, Serbia<\/p>\r\n<p>Prof. dr Milesa Sre\u0107kovi\u0107, Belgrade, Serbia<\/p>\r\n<p><strong>PUBLICATION\u00a0CHAIR:<\/strong><\/p>\r\n<p>Prof.\u00a0Danijel Dankovi\u0107,\u00a0<em>Member, IEEE<\/em>,\u00a0Ni\u0161, Serbia<\/p>\r\n<p><strong>TREASURER:<\/strong><\/p>\r\n<p>Prof. Boban Veseli\u0107, <em>Senior Member, IEEE<\/em>, Ni\u0161, Serbia<\/p>\r\n<p><strong>EXHIBITION CHAIR:<\/strong><\/p>\r\n<p>Prof. Milutin Petronijevi\u0107, <em>Member, IEEE<\/em>,\u00a0Ni\u0161, Serbia<\/p>\r\n<p><strong>INFORMATION\u00a0CONTACT:<\/strong><\/p>\r\n<p>Mrs.\u00a0Mirjana\u00a0Jovanic,\u00a0Belgrade,\u00a0Serbia<\/p>\r\n<p><strong>SUPPORT AND TECH.<\/strong><\/p>\r\n<p><strong>Awarded papers support and promotion:<\/strong><\/p>\r\n<p>Prof. Mili\u0107 \u0110eki\u0107, \u010ca\u010dak, Serbia<\/p>\r\n<p><strong>Technical support:<\/strong><\/p>\r\n<p>Assoc. Prof. dr Marko Rosi\u0107, \u010ca\u010dak, Serbia<\/p>\r\n<p>Uzahir Ramadani, Belgrade, Serbia<\/p>\r\n<p>Nikola Mihajlovi\u0107, Ni\u0161, Serbia<\/p>\r\n<p>Aleksandar Ra\u0161kovi\u0107, Belgrade, Serbia<\/p>\r\n<p>Boban Miliji\u0107, Belgrade, Serbia<\/p>\r\n<p>Marko Vujadinovi\u0107, Belgrade, Serbia<\/p>\r\n<p><strong>IcETRAN SECRETARIAT:<\/strong><\/p>\r\n<p>Mrs.\u00a0Mirjana\u00a0Jovanic, Belgrade, Serbia<\/p>\r\n<p>Mr.\u00a0Zlatko\u00a0Jarnevic, Belgrade, Serbia<\/p>\r\n<p>\u00a0<\/p>\r\n<p>\u00a0<\/p>\r\n<h3><!-- \/wp:post-content -->\r\n\r\n<!-- wp:paragraph --><\/h3>\r\n<h3><!-- \/wp:paragraph -->\r\n\r\n<!-- wp:paragraph --><\/h3>\r\n<h3><!-- \/wp:paragraph --><\/h3>","protected":false},"excerpt":{"rendered":"<p>IcETRAN 2024, Ni\u0161, Serbia, 3-6 June 2024 \u00a0 CONFERENCE CHAIRS: Prof. Vladimir Kati\u0107, Life Senior Member, IEEE, Novi Sad, Serbia Prof. Dragan Man\u010di\u0107, Ni\u0161, Serbia Conference Co-Chair: Academician,\u00a0Prof.\u00a0Slobodan\u00a0Vukosavi\u0107,\u00a0Senior Member, IEEE, Belgrade,\u00a0Serbia INTERNATIONAL SCIENTIFIC COMMITTEE Chairs\u00a0 Prof. Platon Sovilj, Member, IEEE,\u00a0Novi Sad, Serbia Prof.\u00a0Neboj\u0161a Don\u010dov,\u00a0Senior Member, IEEE,\u00a0Ni\u0161, Serbia Co-chair: Prof. Aleksandra Smiljani\u0107, Belgrade, Serbia Members of \u2026 <\/p>\n","protected":false},"author":1,"featured_media":0,"parent":0,"menu_order":0,"comment_status":"closed","ping_status":"closed","template":"","meta":{"_themeisle_gutenberg_block_has_review":false,"footnotes":""},"class_list":["post-895","page","type-page","status-publish","hentry"],"yoast_head":"<!-- This site is optimized with the Yoast SEO plugin v22.5 - https:\/\/yoast.com\/wordpress\/plugins\/seo\/ -->\n<title>Committees -<\/title>\n<meta name=\"robots\" content=\"index, follow, max-snippet:-1, max-image-preview:large, max-video-preview:-1\" \/>\n<link rel=\"canonical\" href=\"https:\/\/www.etran.rs\/2024\/en\/committees\/\" \/>\n<meta property=\"og:locale\" content=\"en_US\" \/>\n<meta property=\"og:type\" content=\"article\" \/>\n<meta property=\"og:title\" content=\"Committees -\" \/>\n<meta property=\"og:description\" content=\"IcETRAN 2024, Ni\u0161, Serbia, 3-6 June 2024 \u00a0 CONFERENCE CHAIRS: Prof. Vladimir Kati\u0107, Life Senior Member, IEEE, Novi Sad, Serbia Prof. Dragan Man\u010di\u0107, Ni\u0161, Serbia Conference Co-Chair: Academician,\u00a0Prof.\u00a0Slobodan\u00a0Vukosavi\u0107,\u00a0Senior Member, IEEE, Belgrade,\u00a0Serbia INTERNATIONAL SCIENTIFIC COMMITTEE Chairs\u00a0 Prof. Platon Sovilj, Member, IEEE,\u00a0Novi Sad, Serbia Prof.\u00a0Neboj\u0161a Don\u010dov,\u00a0Senior Member, IEEE,\u00a0Ni\u0161, Serbia Co-chair: Prof. Aleksandra Smiljani\u0107, Belgrade, Serbia Members of \u2026\" \/>\n<meta property=\"og:url\" content=\"https:\/\/www.etran.rs\/2024\/en\/committees\/\" \/>\n<meta property=\"article:modified_time\" content=\"2024-02-13T10:29:05+00:00\" \/>\n<meta name=\"twitter:card\" content=\"summary_large_image\" \/>\n<meta name=\"twitter:label1\" content=\"Est. reading time\" \/>\n\t<meta name=\"twitter:data1\" content=\"3 minutes\" \/>\n<script type=\"application\/ld+json\" class=\"yoast-schema-graph\">{\"@context\":\"https:\/\/schema.org\",\"@graph\":[{\"@type\":\"WebPage\",\"@id\":\"https:\/\/www.etran.rs\/2024\/en\/committees\/\",\"url\":\"https:\/\/www.etran.rs\/2024\/en\/committees\/\",\"name\":\"Committees -\",\"isPartOf\":{\"@id\":\"https:\/\/www.etran.rs\/2024\/#website\"},\"datePublished\":\"2021-11-23T17:05:10+00:00\",\"dateModified\":\"2024-02-13T10:29:05+00:00\",\"breadcrumb\":{\"@id\":\"https:\/\/www.etran.rs\/2024\/en\/committees\/#breadcrumb\"},\"inLanguage\":\"en-US\",\"potentialAction\":[{\"@type\":\"ReadAction\",\"target\":[\"https:\/\/www.etran.rs\/2024\/en\/committees\/\"]}]},{\"@type\":\"BreadcrumbList\",\"@id\":\"https:\/\/www.etran.rs\/2024\/en\/committees\/#breadcrumb\",\"itemListElement\":[{\"@type\":\"ListItem\",\"position\":1,\"name\":\"Home\",\"item\":\"https:\/\/www.etran.rs\/2024\/en\/home-english\/\"},{\"@type\":\"ListItem\",\"position\":2,\"name\":\"Committees\"}]},{\"@type\":\"WebSite\",\"@id\":\"https:\/\/www.etran.rs\/2024\/#website\",\"url\":\"https:\/\/www.etran.rs\/2024\/\",\"name\":\"IcETRAN 2024\",\"description\":\"XI IcETRAN Conference 2024 - Ni\u0161, June 3-6, 2024.\",\"publisher\":{\"@id\":\"https:\/\/www.etran.rs\/2024\/#organization\"},\"potentialAction\":[{\"@type\":\"SearchAction\",\"target\":{\"@type\":\"EntryPoint\",\"urlTemplate\":\"https:\/\/www.etran.rs\/2024\/?s={search_term_string}\"},\"query-input\":\"required name=search_term_string\"}],\"inLanguage\":\"en-US\"},{\"@type\":\"Organization\",\"@id\":\"https:\/\/www.etran.rs\/2024\/#organization\",\"name\":\"ETRAN Society\",\"url\":\"https:\/\/www.etran.rs\/2024\/\",\"logo\":{\"@type\":\"ImageObject\",\"inLanguage\":\"en-US\",\"@id\":\"https:\/\/www.etran.rs\/2024\/#\/schema\/logo\/image\/\",\"url\":\"https:\/\/www.etran.rs\/2024\/wp-content\/uploads\/2023\/05\/cropped-etrannovilogo-removebg-preview-e1684584979855.png\",\"contentUrl\":\"https:\/\/www.etran.rs\/2024\/wp-content\/uploads\/2023\/05\/cropped-etrannovilogo-removebg-preview-e1684584979855.png\",\"width\":250,\"height\":54,\"caption\":\"ETRAN Society\"},\"image\":{\"@id\":\"https:\/\/www.etran.rs\/2024\/#\/schema\/logo\/image\/\"}}]}<\/script>\n<!-- \/ Yoast SEO plugin. -->","yoast_head_json":{"title":"Committees -","robots":{"index":"index","follow":"follow","max-snippet":"max-snippet:-1","max-image-preview":"max-image-preview:large","max-video-preview":"max-video-preview:-1"},"canonical":"https:\/\/www.etran.rs\/2024\/en\/committees\/","og_locale":"en_US","og_type":"article","og_title":"Committees -","og_description":"IcETRAN 2024, Ni\u0161, Serbia, 3-6 June 2024 \u00a0 CONFERENCE CHAIRS: Prof. Vladimir Kati\u0107, Life Senior Member, IEEE, Novi Sad, Serbia Prof. Dragan Man\u010di\u0107, Ni\u0161, Serbia Conference Co-Chair: Academician,\u00a0Prof.\u00a0Slobodan\u00a0Vukosavi\u0107,\u00a0Senior Member, IEEE, Belgrade,\u00a0Serbia INTERNATIONAL SCIENTIFIC COMMITTEE Chairs\u00a0 Prof. Platon Sovilj, Member, IEEE,\u00a0Novi Sad, Serbia Prof.\u00a0Neboj\u0161a Don\u010dov,\u00a0Senior Member, IEEE,\u00a0Ni\u0161, Serbia Co-chair: Prof. Aleksandra Smiljani\u0107, Belgrade, Serbia Members of \u2026","og_url":"https:\/\/www.etran.rs\/2024\/en\/committees\/","article_modified_time":"2024-02-13T10:29:05+00:00","twitter_card":"summary_large_image","twitter_misc":{"Est. reading time":"3 minutes"},"schema":{"@context":"https:\/\/schema.org","@graph":[{"@type":"WebPage","@id":"https:\/\/www.etran.rs\/2024\/en\/committees\/","url":"https:\/\/www.etran.rs\/2024\/en\/committees\/","name":"Committees -","isPartOf":{"@id":"https:\/\/www.etran.rs\/2024\/#website"},"datePublished":"2021-11-23T17:05:10+00:00","dateModified":"2024-02-13T10:29:05+00:00","breadcrumb":{"@id":"https:\/\/www.etran.rs\/2024\/en\/committees\/#breadcrumb"},"inLanguage":"en-US","potentialAction":[{"@type":"ReadAction","target":["https:\/\/www.etran.rs\/2024\/en\/committees\/"]}]},{"@type":"BreadcrumbList","@id":"https:\/\/www.etran.rs\/2024\/en\/committees\/#breadcrumb","itemListElement":[{"@type":"ListItem","position":1,"name":"Home","item":"https:\/\/www.etran.rs\/2024\/en\/home-english\/"},{"@type":"ListItem","position":2,"name":"Committees"}]},{"@type":"WebSite","@id":"https:\/\/www.etran.rs\/2024\/#website","url":"https:\/\/www.etran.rs\/2024\/","name":"IcETRAN 2024","description":"XI IcETRAN Conference 2024 - Ni\u0161, June 3-6, 2024.","publisher":{"@id":"https:\/\/www.etran.rs\/2024\/#organization"},"potentialAction":[{"@type":"SearchAction","target":{"@type":"EntryPoint","urlTemplate":"https:\/\/www.etran.rs\/2024\/?s={search_term_string}"},"query-input":"required name=search_term_string"}],"inLanguage":"en-US"},{"@type":"Organization","@id":"https:\/\/www.etran.rs\/2024\/#organization","name":"ETRAN Society","url":"https:\/\/www.etran.rs\/2024\/","logo":{"@type":"ImageObject","inLanguage":"en-US","@id":"https:\/\/www.etran.rs\/2024\/#\/schema\/logo\/image\/","url":"https:\/\/www.etran.rs\/2024\/wp-content\/uploads\/2023\/05\/cropped-etrannovilogo-removebg-preview-e1684584979855.png","contentUrl":"https:\/\/www.etran.rs\/2024\/wp-content\/uploads\/2023\/05\/cropped-etrannovilogo-removebg-preview-e1684584979855.png","width":250,"height":54,"caption":"ETRAN Society"},"image":{"@id":"https:\/\/www.etran.rs\/2024\/#\/schema\/logo\/image\/"}}]}},"_links":{"self":[{"href":"https:\/\/www.etran.rs\/2024\/wp-json\/wp\/v2\/pages\/895","targetHints":{"allow":["GET"]}}],"collection":[{"href":"https:\/\/www.etran.rs\/2024\/wp-json\/wp\/v2\/pages"}],"about":[{"href":"https:\/\/www.etran.rs\/2024\/wp-json\/wp\/v2\/types\/page"}],"author":[{"embeddable":true,"href":"https:\/\/www.etran.rs\/2024\/wp-json\/wp\/v2\/users\/1"}],"replies":[{"embeddable":true,"href":"https:\/\/www.etran.rs\/2024\/wp-json\/wp\/v2\/comments?post=895"}],"version-history":[{"count":91,"href":"https:\/\/www.etran.rs\/2024\/wp-json\/wp\/v2\/pages\/895\/revisions"}],"predecessor-version":[{"id":4433,"href":"https:\/\/www.etran.rs\/2024\/wp-json\/wp\/v2\/pages\/895\/revisions\/4433"}],"wp:attachment":[{"href":"https:\/\/www.etran.rs\/2024\/wp-json\/wp\/v2\/media?parent=895"}],"curies":[{"name":"wp","href":"https:\/\/api.w.org\/{rel}","templated":true}]}}