{"id":4930,"date":"2024-05-24T07:25:56","date_gmt":"2024-05-24T07:25:56","guid":{"rendered":"https:\/\/www.etran.rs\/2024\/?page_id=4930"},"modified":"2024-05-24T07:28:26","modified_gmt":"2024-05-24T07:28:26","slug":"imi-2","status":"publish","type":"page","link":"https:\/\/www.etran.rs\/2024\/imi-2\/","title":{"rendered":"IMI"},"content":{"rendered":"\n<div class=\"wp-block-media-text is-stacked-on-mobile is-vertically-aligned-top\" style=\"grid-template-columns:15% auto\"><figure class=\"wp-block-media-text__media\"><img fetchpriority=\"high\" decoding=\"async\" width=\"1003\" height=\"626\" src=\"https:\/\/www.etran.rs\/2024\/wp-content\/uploads\/2024\/05\/Imi_1.png\" alt=\"\" class=\"wp-image-4931 size-full\" srcset=\"https:\/\/www.etran.rs\/2024\/wp-content\/uploads\/2024\/05\/Imi_1.png 1003w, https:\/\/www.etran.rs\/2024\/wp-content\/uploads\/2024\/05\/Imi_1-300x187.png 300w, https:\/\/www.etran.rs\/2024\/wp-content\/uploads\/2024\/05\/Imi_1-768x479.png 768w\" sizes=\"(max-width: 1003px) 100vw, 1003px\" \/><\/figure><div class=\"wp-block-media-text__content\">\n<p>Kao \u00a0jedan od vode\u0107ih svetskih eksperata za pru\u017eanje proizvodnih re\u0161enja u sferi mikroelektronike (EMS), Integrated Micro-Electronics Inc (IMI) se svrstava me\u0111u 25 najboljih dobavlja\u010da EMS usluga u svetu, kao i me\u0111u prvih deset najboljih kompanija na automobilskom tr\u017ei\u0161tu. Kao deo proizvodnog portfolia kompanije AC Industrial Technology Holdings, IMI posluje u okviru Ayala korporacije i specijalizovan je za proizvodnju visoko pouzdanih i kvalitetnih elektronskih proizvoda dugog \u017eivotnog ciklusa u automobilskoj i vazduhoplovnoj industriji, kao i u proizvodnji industrijske elektronike.<\/p>\n\n\n\n<p>U automobilskoj industriji, IMI nudi re\u0161enja prilago\u0111ena zahtevima kupaca za sigurnost i za\u0161titu, poput automobilskih kamera, elektronskih upravlja\u010dkih jedinica (ECU) i naprednih sistema za pomo\u0107 voza\u010du (ADAS). U segmentu industrijske elektronike, izme\u0111u ostalih, posebno izdvajamo ure\u0111aje za za\u0161titu i kontrolu pristupa, elektronske module i sisteme za nadzor i za\u0161titu imovine.<\/p>\n\n\n\n<p><strong>IMI u Srbiji<\/strong><\/p>\n\n\n\n<p>\u201cIntegrated Micro-Electronics d.o.o. Ni\u0161\u201d, posluje kao vode\u0107a kompanija u oblasti pru\u017eanja usluga u sferi mikroelektronike (EMS), monta\u017ee poluprovodnika napajanja i testiranja. Prvi zaposleni u Ni\u0161u po\u010deli su sa radom 2017. godine, a pokretanje proizvodnje i sve\u010dano otvaranje odr\u017eano je u septembru, 2018. godine, kada su svi radovi i zavr\u0161eni. Trenutni broj zaposlenih je vi\u0161e od 600, koji se kontinuirano uve\u0107ava srazmerno sa planiranim rastom i razvojem kompanije (kapacitet 1250 zaposlenih). Sara\u0111ujemo sa vode\u0107im svetskim proizvo\u0111a\u010dima originalne opreme (OEMs) u oblasti ra\u010dunarstva, komunikacije, automobilske, industrijske i medicinske elektronike.<\/p>\n\n\n\n<p>Biti vode\u0107i inovativni partner za pru\u017eanje proizvodnih re\u0161enja prilago\u0111enih kupcima, je na\u0161a vizija kojoj te\u017eimo, a na\u0161a misija je kreiranje jedinstvenih proizvoda na osnovu iskustva, koje na\u0161i partneri cene. Na\u0161e vrednosti integriteta, fokusa na kupce, briga za druge i izvrsnost, klju\u010dne su u postizanju vizije i misije kompanije na svim IMI lokacijama.<\/p>\n\n\n\n<p>Za nas u IMI-u, budu\u0107nost po\u010dinje sada. Jednostavno, mi smo spremni i idemo ka budu\u0107nosti.<\/p>\n<\/div><\/div>\n","protected":false},"excerpt":{"rendered":"<p>Kao \u00a0jedan od vode\u0107ih svetskih eksperata za pru\u017eanje proizvodnih re\u0161enja u sferi mikroelektronike (EMS), Integrated Micro-Electronics Inc (IMI) se svrstava me\u0111u 25 najboljih dobavlja\u010da EMS usluga u svetu, kao i me\u0111u prvih deset najboljih kompanija na automobilskom tr\u017ei\u0161tu. Kao deo proizvodnog portfolia kompanije AC Industrial Technology Holdings, IMI posluje u okviru Ayala korporacije i specijalizovan \u2026 <\/p>\n","protected":false},"author":1,"featured_media":0,"parent":0,"menu_order":0,"comment_status":"closed","ping_status":"closed","template":"","meta":{"_themeisle_gutenberg_block_has_review":false,"footnotes":""},"class_list":["post-4930","page","type-page","status-publish","hentry"],"yoast_head":"<!-- This site is optimized with the Yoast SEO plugin v22.5 - https:\/\/yoast.com\/wordpress\/plugins\/seo\/ -->\n<title>IMI -<\/title>\n<meta name=\"robots\" content=\"index, follow, max-snippet:-1, max-image-preview:large, max-video-preview:-1\" \/>\n<link rel=\"canonical\" href=\"https:\/\/www.etran.rs\/2024\/imi-2\/\" \/>\n<meta property=\"og:locale\" content=\"en_US\" \/>\n<meta property=\"og:type\" content=\"article\" \/>\n<meta property=\"og:title\" content=\"IMI -\" \/>\n<meta property=\"og:description\" content=\"Kao \u00a0jedan od vode\u0107ih svetskih eksperata za pru\u017eanje proizvodnih re\u0161enja u sferi mikroelektronike (EMS), Integrated Micro-Electronics Inc (IMI) se svrstava me\u0111u 25 najboljih dobavlja\u010da EMS usluga u svetu, kao i me\u0111u prvih deset najboljih kompanija na automobilskom tr\u017ei\u0161tu. Kao deo proizvodnog portfolia kompanije AC Industrial Technology Holdings, IMI posluje u okviru Ayala korporacije i specijalizovan \u2026\" \/>\n<meta property=\"og:url\" content=\"https:\/\/www.etran.rs\/2024\/imi-2\/\" \/>\n<meta property=\"article:modified_time\" content=\"2024-05-24T07:28:26+00:00\" \/>\n<meta property=\"og:image\" content=\"https:\/\/www.etran.rs\/2024\/wp-content\/uploads\/2024\/05\/Imi_1.png\" \/>\n<meta name=\"twitter:card\" content=\"summary_large_image\" \/>\n<meta name=\"twitter:label1\" content=\"Est. reading time\" \/>\n\t<meta name=\"twitter:data1\" content=\"2 minutes\" \/>\n<script type=\"application\/ld+json\" class=\"yoast-schema-graph\">{\"@context\":\"https:\/\/schema.org\",\"@graph\":[{\"@type\":\"WebPage\",\"@id\":\"https:\/\/www.etran.rs\/2024\/imi-2\/\",\"url\":\"https:\/\/www.etran.rs\/2024\/imi-2\/\",\"name\":\"IMI -\",\"isPartOf\":{\"@id\":\"https:\/\/www.etran.rs\/2024\/#website\"},\"primaryImageOfPage\":{\"@id\":\"https:\/\/www.etran.rs\/2024\/imi-2\/#primaryimage\"},\"image\":{\"@id\":\"https:\/\/www.etran.rs\/2024\/imi-2\/#primaryimage\"},\"thumbnailUrl\":\"https:\/\/www.etran.rs\/2024\/wp-content\/uploads\/2024\/05\/Imi_1.png\",\"datePublished\":\"2024-05-24T07:25:56+00:00\",\"dateModified\":\"2024-05-24T07:28:26+00:00\",\"breadcrumb\":{\"@id\":\"https:\/\/www.etran.rs\/2024\/imi-2\/#breadcrumb\"},\"inLanguage\":\"en-US\",\"potentialAction\":[{\"@type\":\"ReadAction\",\"target\":[\"https:\/\/www.etran.rs\/2024\/imi-2\/\"]}]},{\"@type\":\"ImageObject\",\"inLanguage\":\"en-US\",\"@id\":\"https:\/\/www.etran.rs\/2024\/imi-2\/#primaryimage\",\"url\":\"https:\/\/www.etran.rs\/2024\/wp-content\/uploads\/2024\/05\/Imi_1.png\",\"contentUrl\":\"https:\/\/www.etran.rs\/2024\/wp-content\/uploads\/2024\/05\/Imi_1.png\",\"width\":1003,\"height\":626},{\"@type\":\"BreadcrumbList\",\"@id\":\"https:\/\/www.etran.rs\/2024\/imi-2\/#breadcrumb\",\"itemListElement\":[{\"@type\":\"ListItem\",\"position\":1,\"name\":\"Home\",\"item\":\"https:\/\/www.etran.rs\/2024\/en\/home-english\/\"},{\"@type\":\"ListItem\",\"position\":2,\"name\":\"IMI\"}]},{\"@type\":\"WebSite\",\"@id\":\"https:\/\/www.etran.rs\/2024\/#website\",\"url\":\"https:\/\/www.etran.rs\/2024\/\",\"name\":\"IcETRAN 2024\",\"description\":\"XI IcETRAN Conference 2024 - Ni\u0161, June 3-6, 2024.\",\"publisher\":{\"@id\":\"https:\/\/www.etran.rs\/2024\/#organization\"},\"potentialAction\":[{\"@type\":\"SearchAction\",\"target\":{\"@type\":\"EntryPoint\",\"urlTemplate\":\"https:\/\/www.etran.rs\/2024\/?s={search_term_string}\"},\"query-input\":\"required name=search_term_string\"}],\"inLanguage\":\"en-US\"},{\"@type\":\"Organization\",\"@id\":\"https:\/\/www.etran.rs\/2024\/#organization\",\"name\":\"ETRAN Society\",\"url\":\"https:\/\/www.etran.rs\/2024\/\",\"logo\":{\"@type\":\"ImageObject\",\"inLanguage\":\"en-US\",\"@id\":\"https:\/\/www.etran.rs\/2024\/#\/schema\/logo\/image\/\",\"url\":\"https:\/\/www.etran.rs\/2024\/wp-content\/uploads\/2023\/05\/cropped-etrannovilogo-removebg-preview-e1684584979855.png\",\"contentUrl\":\"https:\/\/www.etran.rs\/2024\/wp-content\/uploads\/2023\/05\/cropped-etrannovilogo-removebg-preview-e1684584979855.png\",\"width\":250,\"height\":54,\"caption\":\"ETRAN Society\"},\"image\":{\"@id\":\"https:\/\/www.etran.rs\/2024\/#\/schema\/logo\/image\/\"}}]}<\/script>\n<!-- \/ Yoast SEO plugin. -->","yoast_head_json":{"title":"IMI -","robots":{"index":"index","follow":"follow","max-snippet":"max-snippet:-1","max-image-preview":"max-image-preview:large","max-video-preview":"max-video-preview:-1"},"canonical":"https:\/\/www.etran.rs\/2024\/imi-2\/","og_locale":"en_US","og_type":"article","og_title":"IMI -","og_description":"Kao \u00a0jedan od vode\u0107ih svetskih eksperata za pru\u017eanje proizvodnih re\u0161enja u sferi mikroelektronike (EMS), Integrated Micro-Electronics Inc (IMI) se svrstava me\u0111u 25 najboljih dobavlja\u010da EMS usluga u svetu, kao i me\u0111u prvih deset najboljih kompanija na automobilskom tr\u017ei\u0161tu. Kao deo proizvodnog portfolia kompanije AC Industrial Technology Holdings, IMI posluje u okviru Ayala korporacije i specijalizovan \u2026","og_url":"https:\/\/www.etran.rs\/2024\/imi-2\/","article_modified_time":"2024-05-24T07:28:26+00:00","og_image":[{"url":"https:\/\/www.etran.rs\/2024\/wp-content\/uploads\/2024\/05\/Imi_1.png"}],"twitter_card":"summary_large_image","twitter_misc":{"Est. reading time":"2 minutes"},"schema":{"@context":"https:\/\/schema.org","@graph":[{"@type":"WebPage","@id":"https:\/\/www.etran.rs\/2024\/imi-2\/","url":"https:\/\/www.etran.rs\/2024\/imi-2\/","name":"IMI -","isPartOf":{"@id":"https:\/\/www.etran.rs\/2024\/#website"},"primaryImageOfPage":{"@id":"https:\/\/www.etran.rs\/2024\/imi-2\/#primaryimage"},"image":{"@id":"https:\/\/www.etran.rs\/2024\/imi-2\/#primaryimage"},"thumbnailUrl":"https:\/\/www.etran.rs\/2024\/wp-content\/uploads\/2024\/05\/Imi_1.png","datePublished":"2024-05-24T07:25:56+00:00","dateModified":"2024-05-24T07:28:26+00:00","breadcrumb":{"@id":"https:\/\/www.etran.rs\/2024\/imi-2\/#breadcrumb"},"inLanguage":"en-US","potentialAction":[{"@type":"ReadAction","target":["https:\/\/www.etran.rs\/2024\/imi-2\/"]}]},{"@type":"ImageObject","inLanguage":"en-US","@id":"https:\/\/www.etran.rs\/2024\/imi-2\/#primaryimage","url":"https:\/\/www.etran.rs\/2024\/wp-content\/uploads\/2024\/05\/Imi_1.png","contentUrl":"https:\/\/www.etran.rs\/2024\/wp-content\/uploads\/2024\/05\/Imi_1.png","width":1003,"height":626},{"@type":"BreadcrumbList","@id":"https:\/\/www.etran.rs\/2024\/imi-2\/#breadcrumb","itemListElement":[{"@type":"ListItem","position":1,"name":"Home","item":"https:\/\/www.etran.rs\/2024\/en\/home-english\/"},{"@type":"ListItem","position":2,"name":"IMI"}]},{"@type":"WebSite","@id":"https:\/\/www.etran.rs\/2024\/#website","url":"https:\/\/www.etran.rs\/2024\/","name":"IcETRAN 2024","description":"XI IcETRAN Conference 2024 - Ni\u0161, June 3-6, 2024.","publisher":{"@id":"https:\/\/www.etran.rs\/2024\/#organization"},"potentialAction":[{"@type":"SearchAction","target":{"@type":"EntryPoint","urlTemplate":"https:\/\/www.etran.rs\/2024\/?s={search_term_string}"},"query-input":"required name=search_term_string"}],"inLanguage":"en-US"},{"@type":"Organization","@id":"https:\/\/www.etran.rs\/2024\/#organization","name":"ETRAN Society","url":"https:\/\/www.etran.rs\/2024\/","logo":{"@type":"ImageObject","inLanguage":"en-US","@id":"https:\/\/www.etran.rs\/2024\/#\/schema\/logo\/image\/","url":"https:\/\/www.etran.rs\/2024\/wp-content\/uploads\/2023\/05\/cropped-etrannovilogo-removebg-preview-e1684584979855.png","contentUrl":"https:\/\/www.etran.rs\/2024\/wp-content\/uploads\/2023\/05\/cropped-etrannovilogo-removebg-preview-e1684584979855.png","width":250,"height":54,"caption":"ETRAN Society"},"image":{"@id":"https:\/\/www.etran.rs\/2024\/#\/schema\/logo\/image\/"}}]}},"_links":{"self":[{"href":"https:\/\/www.etran.rs\/2024\/wp-json\/wp\/v2\/pages\/4930","targetHints":{"allow":["GET"]}}],"collection":[{"href":"https:\/\/www.etran.rs\/2024\/wp-json\/wp\/v2\/pages"}],"about":[{"href":"https:\/\/www.etran.rs\/2024\/wp-json\/wp\/v2\/types\/page"}],"author":[{"embeddable":true,"href":"https:\/\/www.etran.rs\/2024\/wp-json\/wp\/v2\/users\/1"}],"replies":[{"embeddable":true,"href":"https:\/\/www.etran.rs\/2024\/wp-json\/wp\/v2\/comments?post=4930"}],"version-history":[{"count":2,"href":"https:\/\/www.etran.rs\/2024\/wp-json\/wp\/v2\/pages\/4930\/revisions"}],"predecessor-version":[{"id":4936,"href":"https:\/\/www.etran.rs\/2024\/wp-json\/wp\/v2\/pages\/4930\/revisions\/4936"}],"wp:attachment":[{"href":"https:\/\/www.etran.rs\/2024\/wp-json\/wp\/v2\/media?parent=4930"}],"curies":[{"name":"wp","href":"https:\/\/api.w.org\/{rel}","templated":true}]}}