{"id":4899,"date":"2024-05-24T07:09:20","date_gmt":"2024-05-24T07:09:20","guid":{"rendered":"https:\/\/www.etran.rs\/2024\/?page_id=4899"},"modified":"2024-05-24T07:10:18","modified_gmt":"2024-05-24T07:10:18","slug":"abb","status":"publish","type":"page","link":"https:\/\/www.etran.rs\/2024\/abb\/","title":{"rendered":"ABB"},"content":{"rendered":"\n<div class=\"wp-block-media-text is-stacked-on-mobile is-vertically-aligned-top\" style=\"grid-template-columns:15% auto\"><figure class=\"wp-block-media-text__media\"><img fetchpriority=\"high\" decoding=\"async\" width=\"1024\" height=\"391\" src=\"https:\/\/www.etran.rs\/2024\/wp-content\/uploads\/2024\/05\/ABB_Logo_Print_RGB-1024x391.png\" alt=\"\" class=\"wp-image-4900 size-full\" srcset=\"https:\/\/www.etran.rs\/2024\/wp-content\/uploads\/2024\/05\/ABB_Logo_Print_RGB-1024x391.png 1024w, https:\/\/www.etran.rs\/2024\/wp-content\/uploads\/2024\/05\/ABB_Logo_Print_RGB-300x115.png 300w, https:\/\/www.etran.rs\/2024\/wp-content\/uploads\/2024\/05\/ABB_Logo_Print_RGB-768x293.png 768w, https:\/\/www.etran.rs\/2024\/wp-content\/uploads\/2024\/05\/ABB_Logo_Print_RGB.png 1181w\" sizes=\"(max-width: 1024px) 100vw, 1024px\" \/><\/figure><div class=\"wp-block-media-text__content\">\n<p>Kompanija ABB je tehnolo\u0161ki lider u oblasti elektrifikacije i automatizacije, koja omogu\u0107ava odr\u017eiviju budu\u0107nost uz efikasno kori\u0161\u0107enje resursa. Re\u0161enja kompanije povezuju in\u017eenjersko znanje i iskustvo i softvere radi optimizacije na\u010dina na koji se stvari proizvode, pokre\u0107u, napajaju i njima upravlja. Na temeljima 130 godina duge tradicije, koja se zasniva na modelu izvrsnosti, iza uspeha ABB-a stoji 105 000 talentovanih ljudi posve\u0107eno pokretanju inovacija kojima se ubrzava industrijska transformacija. www.abb.com\u00a0 ABB u Srbiji, osnovan 1990. godine, deo je ABB Grupe i kao jedna od vode\u0107ih kompanija u oblasti industrijskih tehnologija poma\u017ee kupcima u unapre\u0111enju kori\u0161\u0107enja elektri\u010dne energije, pove\u0107anju industrijske produktivnosti i smanjenju negativnog uticaja na okolinu. ABB d.o.o. sa sedi\u0161tem u Beogradu nadle\u017ean je za celokupan asortiman ABB-ovih proizvoda i sistema na teritoriji Republike Srbije. Zahvaljuju\u0107i svojoj strukturnoj organizaciji koju \u010dine poslovni sektori organizovani u odnosu na industrije kojima slu\u017ee, ABB d.o.o. ima razvijenu saradnju sa lokalnim partnerima i kupcima, zadu\u017een je za pu\u0161tanje u rad, servis i odr\u017eavanje ABB-ove opreme i sistema, kao i adekvatnu obuku korisnika.<\/p>\n<\/div><\/div>\n","protected":false},"excerpt":{"rendered":"<p>Kompanija ABB je tehnolo\u0161ki lider u oblasti elektrifikacije i automatizacije, koja omogu\u0107ava odr\u017eiviju budu\u0107nost uz efikasno kori\u0161\u0107enje resursa. Re\u0161enja kompanije povezuju in\u017eenjersko znanje i iskustvo i softvere radi optimizacije na\u010dina na koji se stvari proizvode, pokre\u0107u, napajaju i njima upravlja. Na temeljima 130 godina duge tradicije, koja se zasniva na modelu izvrsnosti, iza uspeha ABB-a \u2026 <\/p>\n","protected":false},"author":1,"featured_media":0,"parent":0,"menu_order":0,"comment_status":"closed","ping_status":"closed","template":"","meta":{"_themeisle_gutenberg_block_has_review":false,"footnotes":""},"class_list":["post-4899","page","type-page","status-publish","hentry"],"yoast_head":"<!-- This site is optimized with the Yoast SEO plugin v22.5 - https:\/\/yoast.com\/wordpress\/plugins\/seo\/ -->\n<title>ABB -<\/title>\n<meta name=\"robots\" content=\"index, follow, max-snippet:-1, max-image-preview:large, max-video-preview:-1\" \/>\n<link rel=\"canonical\" href=\"https:\/\/www.etran.rs\/2024\/abb\/\" \/>\n<meta property=\"og:locale\" content=\"en_US\" \/>\n<meta property=\"og:type\" content=\"article\" \/>\n<meta property=\"og:title\" content=\"ABB -\" \/>\n<meta property=\"og:description\" content=\"Kompanija ABB je tehnolo\u0161ki lider u oblasti elektrifikacije i automatizacije, koja omogu\u0107ava odr\u017eiviju budu\u0107nost uz efikasno kori\u0161\u0107enje resursa. Re\u0161enja kompanije povezuju in\u017eenjersko znanje i iskustvo i softvere radi optimizacije na\u010dina na koji se stvari proizvode, pokre\u0107u, napajaju i njima upravlja. Na temeljima 130 godina duge tradicije, koja se zasniva na modelu izvrsnosti, iza uspeha ABB-a \u2026\" \/>\n<meta property=\"og:url\" content=\"https:\/\/www.etran.rs\/2024\/abb\/\" \/>\n<meta property=\"article:modified_time\" content=\"2024-05-24T07:10:18+00:00\" \/>\n<meta property=\"og:image\" content=\"https:\/\/www.etran.rs\/2024\/wp-content\/uploads\/2024\/05\/ABB_Logo_Print_RGB-1024x391.png\" \/>\n<meta name=\"twitter:card\" content=\"summary_large_image\" \/>\n<meta name=\"twitter:label1\" content=\"Est. reading time\" \/>\n\t<meta name=\"twitter:data1\" content=\"1 minute\" \/>\n<script type=\"application\/ld+json\" class=\"yoast-schema-graph\">{\"@context\":\"https:\/\/schema.org\",\"@graph\":[{\"@type\":\"WebPage\",\"@id\":\"https:\/\/www.etran.rs\/2024\/abb\/\",\"url\":\"https:\/\/www.etran.rs\/2024\/abb\/\",\"name\":\"ABB -\",\"isPartOf\":{\"@id\":\"https:\/\/www.etran.rs\/2024\/#website\"},\"primaryImageOfPage\":{\"@id\":\"https:\/\/www.etran.rs\/2024\/abb\/#primaryimage\"},\"image\":{\"@id\":\"https:\/\/www.etran.rs\/2024\/abb\/#primaryimage\"},\"thumbnailUrl\":\"https:\/\/www.etran.rs\/2024\/wp-content\/uploads\/2024\/05\/ABB_Logo_Print_RGB-1024x391.png\",\"datePublished\":\"2024-05-24T07:09:20+00:00\",\"dateModified\":\"2024-05-24T07:10:18+00:00\",\"breadcrumb\":{\"@id\":\"https:\/\/www.etran.rs\/2024\/abb\/#breadcrumb\"},\"inLanguage\":\"en-US\",\"potentialAction\":[{\"@type\":\"ReadAction\",\"target\":[\"https:\/\/www.etran.rs\/2024\/abb\/\"]}]},{\"@type\":\"ImageObject\",\"inLanguage\":\"en-US\",\"@id\":\"https:\/\/www.etran.rs\/2024\/abb\/#primaryimage\",\"url\":\"https:\/\/www.etran.rs\/2024\/wp-content\/uploads\/2024\/05\/ABB_Logo_Print_RGB.png\",\"contentUrl\":\"https:\/\/www.etran.rs\/2024\/wp-content\/uploads\/2024\/05\/ABB_Logo_Print_RGB.png\",\"width\":1181,\"height\":451},{\"@type\":\"BreadcrumbList\",\"@id\":\"https:\/\/www.etran.rs\/2024\/abb\/#breadcrumb\",\"itemListElement\":[{\"@type\":\"ListItem\",\"position\":1,\"name\":\"Home\",\"item\":\"https:\/\/www.etran.rs\/2024\/en\/home-english\/\"},{\"@type\":\"ListItem\",\"position\":2,\"name\":\"ABB\"}]},{\"@type\":\"WebSite\",\"@id\":\"https:\/\/www.etran.rs\/2024\/#website\",\"url\":\"https:\/\/www.etran.rs\/2024\/\",\"name\":\"IcETRAN 2024\",\"description\":\"XI IcETRAN Conference 2024 - Ni\u0161, June 3-6, 2024.\",\"publisher\":{\"@id\":\"https:\/\/www.etran.rs\/2024\/#organization\"},\"potentialAction\":[{\"@type\":\"SearchAction\",\"target\":{\"@type\":\"EntryPoint\",\"urlTemplate\":\"https:\/\/www.etran.rs\/2024\/?s={search_term_string}\"},\"query-input\":\"required name=search_term_string\"}],\"inLanguage\":\"en-US\"},{\"@type\":\"Organization\",\"@id\":\"https:\/\/www.etran.rs\/2024\/#organization\",\"name\":\"ETRAN Society\",\"url\":\"https:\/\/www.etran.rs\/2024\/\",\"logo\":{\"@type\":\"ImageObject\",\"inLanguage\":\"en-US\",\"@id\":\"https:\/\/www.etran.rs\/2024\/#\/schema\/logo\/image\/\",\"url\":\"https:\/\/www.etran.rs\/2024\/wp-content\/uploads\/2023\/05\/cropped-etrannovilogo-removebg-preview-e1684584979855.png\",\"contentUrl\":\"https:\/\/www.etran.rs\/2024\/wp-content\/uploads\/2023\/05\/cropped-etrannovilogo-removebg-preview-e1684584979855.png\",\"width\":250,\"height\":54,\"caption\":\"ETRAN Society\"},\"image\":{\"@id\":\"https:\/\/www.etran.rs\/2024\/#\/schema\/logo\/image\/\"}}]}<\/script>\n<!-- \/ Yoast SEO plugin. -->","yoast_head_json":{"title":"ABB -","robots":{"index":"index","follow":"follow","max-snippet":"max-snippet:-1","max-image-preview":"max-image-preview:large","max-video-preview":"max-video-preview:-1"},"canonical":"https:\/\/www.etran.rs\/2024\/abb\/","og_locale":"en_US","og_type":"article","og_title":"ABB -","og_description":"Kompanija ABB je tehnolo\u0161ki lider u oblasti elektrifikacije i automatizacije, koja omogu\u0107ava odr\u017eiviju budu\u0107nost uz efikasno kori\u0161\u0107enje resursa. Re\u0161enja kompanije povezuju in\u017eenjersko znanje i iskustvo i softvere radi optimizacije na\u010dina na koji se stvari proizvode, pokre\u0107u, napajaju i njima upravlja. Na temeljima 130 godina duge tradicije, koja se zasniva na modelu izvrsnosti, iza uspeha ABB-a \u2026","og_url":"https:\/\/www.etran.rs\/2024\/abb\/","article_modified_time":"2024-05-24T07:10:18+00:00","og_image":[{"url":"https:\/\/www.etran.rs\/2024\/wp-content\/uploads\/2024\/05\/ABB_Logo_Print_RGB-1024x391.png"}],"twitter_card":"summary_large_image","twitter_misc":{"Est. reading time":"1 minute"},"schema":{"@context":"https:\/\/schema.org","@graph":[{"@type":"WebPage","@id":"https:\/\/www.etran.rs\/2024\/abb\/","url":"https:\/\/www.etran.rs\/2024\/abb\/","name":"ABB -","isPartOf":{"@id":"https:\/\/www.etran.rs\/2024\/#website"},"primaryImageOfPage":{"@id":"https:\/\/www.etran.rs\/2024\/abb\/#primaryimage"},"image":{"@id":"https:\/\/www.etran.rs\/2024\/abb\/#primaryimage"},"thumbnailUrl":"https:\/\/www.etran.rs\/2024\/wp-content\/uploads\/2024\/05\/ABB_Logo_Print_RGB-1024x391.png","datePublished":"2024-05-24T07:09:20+00:00","dateModified":"2024-05-24T07:10:18+00:00","breadcrumb":{"@id":"https:\/\/www.etran.rs\/2024\/abb\/#breadcrumb"},"inLanguage":"en-US","potentialAction":[{"@type":"ReadAction","target":["https:\/\/www.etran.rs\/2024\/abb\/"]}]},{"@type":"ImageObject","inLanguage":"en-US","@id":"https:\/\/www.etran.rs\/2024\/abb\/#primaryimage","url":"https:\/\/www.etran.rs\/2024\/wp-content\/uploads\/2024\/05\/ABB_Logo_Print_RGB.png","contentUrl":"https:\/\/www.etran.rs\/2024\/wp-content\/uploads\/2024\/05\/ABB_Logo_Print_RGB.png","width":1181,"height":451},{"@type":"BreadcrumbList","@id":"https:\/\/www.etran.rs\/2024\/abb\/#breadcrumb","itemListElement":[{"@type":"ListItem","position":1,"name":"Home","item":"https:\/\/www.etran.rs\/2024\/en\/home-english\/"},{"@type":"ListItem","position":2,"name":"ABB"}]},{"@type":"WebSite","@id":"https:\/\/www.etran.rs\/2024\/#website","url":"https:\/\/www.etran.rs\/2024\/","name":"IcETRAN 2024","description":"XI IcETRAN Conference 2024 - Ni\u0161, June 3-6, 2024.","publisher":{"@id":"https:\/\/www.etran.rs\/2024\/#organization"},"potentialAction":[{"@type":"SearchAction","target":{"@type":"EntryPoint","urlTemplate":"https:\/\/www.etran.rs\/2024\/?s={search_term_string}"},"query-input":"required name=search_term_string"}],"inLanguage":"en-US"},{"@type":"Organization","@id":"https:\/\/www.etran.rs\/2024\/#organization","name":"ETRAN Society","url":"https:\/\/www.etran.rs\/2024\/","logo":{"@type":"ImageObject","inLanguage":"en-US","@id":"https:\/\/www.etran.rs\/2024\/#\/schema\/logo\/image\/","url":"https:\/\/www.etran.rs\/2024\/wp-content\/uploads\/2023\/05\/cropped-etrannovilogo-removebg-preview-e1684584979855.png","contentUrl":"https:\/\/www.etran.rs\/2024\/wp-content\/uploads\/2023\/05\/cropped-etrannovilogo-removebg-preview-e1684584979855.png","width":250,"height":54,"caption":"ETRAN Society"},"image":{"@id":"https:\/\/www.etran.rs\/2024\/#\/schema\/logo\/image\/"}}]}},"_links":{"self":[{"href":"https:\/\/www.etran.rs\/2024\/wp-json\/wp\/v2\/pages\/4899","targetHints":{"allow":["GET"]}}],"collection":[{"href":"https:\/\/www.etran.rs\/2024\/wp-json\/wp\/v2\/pages"}],"about":[{"href":"https:\/\/www.etran.rs\/2024\/wp-json\/wp\/v2\/types\/page"}],"author":[{"embeddable":true,"href":"https:\/\/www.etran.rs\/2024\/wp-json\/wp\/v2\/users\/1"}],"replies":[{"embeddable":true,"href":"https:\/\/www.etran.rs\/2024\/wp-json\/wp\/v2\/comments?post=4899"}],"version-history":[{"count":2,"href":"https:\/\/www.etran.rs\/2024\/wp-json\/wp\/v2\/pages\/4899\/revisions"}],"predecessor-version":[{"id":4903,"href":"https:\/\/www.etran.rs\/2024\/wp-json\/wp\/v2\/pages\/4899\/revisions\/4903"}],"wp:attachment":[{"href":"https:\/\/www.etran.rs\/2024\/wp-json\/wp\/v2\/media?parent=4899"}],"curies":[{"name":"wp","href":"https:\/\/api.w.org\/{rel}","templated":true}]}}