{"id":4895,"date":"2024-05-24T07:06:49","date_gmt":"2024-05-24T07:06:49","guid":{"rendered":"https:\/\/www.etran.rs\/2024\/?page_id=4895"},"modified":"2024-05-24T07:06:50","modified_gmt":"2024-05-24T07:06:50","slug":"siemens","status":"publish","type":"page","link":"https:\/\/www.etran.rs\/2024\/siemens\/","title":{"rendered":"SIEMENS"},"content":{"rendered":"\n<div class=\"wp-block-media-text is-stacked-on-mobile is-vertically-aligned-top\" style=\"grid-template-columns:15% auto\"><figure class=\"wp-block-media-text__media\"><img fetchpriority=\"high\" decoding=\"async\" width=\"1024\" height=\"576\" src=\"https:\/\/www.etran.rs\/2024\/wp-content\/uploads\/2024\/05\/Siemens_logo_1-1024x576.png\" alt=\"\" class=\"wp-image-4896 size-full\" srcset=\"https:\/\/www.etran.rs\/2024\/wp-content\/uploads\/2024\/05\/Siemens_logo_1-1024x576.png 1024w, https:\/\/www.etran.rs\/2024\/wp-content\/uploads\/2024\/05\/Siemens_logo_1-300x169.png 300w, https:\/\/www.etran.rs\/2024\/wp-content\/uploads\/2024\/05\/Siemens_logo_1-768x432.png 768w, https:\/\/www.etran.rs\/2024\/wp-content\/uploads\/2024\/05\/Siemens_logo_1-1536x864.png 1536w, https:\/\/www.etran.rs\/2024\/wp-content\/uploads\/2024\/05\/Siemens_logo_1-2048x1152.png 2048w\" sizes=\"(max-width: 1024px) 100vw, 1024px\" \/><\/figure><div class=\"wp-block-media-text__content\">\n<p>Kao globalni lider u oblasti tehnologije koji ve\u0107 177 godina predstavlja simbol inovacije, kvaliteta i pouzdanosti, Siemens je posve\u0107en smi\u0161ljanju tehnologija sa svrhom u oblastima koje \u010dine stub moderne ekonomije. Putem pametnih i odr\u017eivih re\u0161enja osna\u017eujemo na\u0161e saradnike u procesu automatizacije i digitalizacije, kultivi\u0161u\u0107i odr\u017eivost i efikasnost u oblastima pametne infrastrukture, energetike, medicine i transporta. Kreiranjem tehnologija koje ostvaruju spoj digitalnog i fizi\u010dkog sveta podsti\u010demo klijente da transformi\u0161u svoje industrije i tr\u017ei\u0161ta i na taj na\u010din unapre\u0111ujemo svakodnevicu ljudi \u0161irom sveta.<\/p>\n<\/div><\/div>\n","protected":false},"excerpt":{"rendered":"<p>Kao globalni lider u oblasti tehnologije koji ve\u0107 177 godina predstavlja simbol inovacije, kvaliteta i pouzdanosti, Siemens je posve\u0107en smi\u0161ljanju tehnologija sa svrhom u oblastima koje \u010dine stub moderne ekonomije. Putem pametnih i odr\u017eivih re\u0161enja osna\u017eujemo na\u0161e saradnike u procesu automatizacije i digitalizacije, kultivi\u0161u\u0107i odr\u017eivost i efikasnost u oblastima pametne infrastrukture, energetike, medicine i transporta. \u2026 <\/p>\n","protected":false},"author":1,"featured_media":0,"parent":0,"menu_order":0,"comment_status":"closed","ping_status":"closed","template":"","meta":{"_themeisle_gutenberg_block_has_review":false,"footnotes":""},"class_list":["post-4895","page","type-page","status-publish","hentry"],"yoast_head":"<!-- This site is optimized with the Yoast SEO plugin v22.5 - https:\/\/yoast.com\/wordpress\/plugins\/seo\/ -->\n<title>SIEMENS -<\/title>\n<meta name=\"robots\" content=\"index, follow, max-snippet:-1, max-image-preview:large, max-video-preview:-1\" \/>\n<link rel=\"canonical\" href=\"https:\/\/www.etran.rs\/2024\/siemens\/\" \/>\n<meta property=\"og:locale\" content=\"en_US\" \/>\n<meta property=\"og:type\" content=\"article\" \/>\n<meta property=\"og:title\" content=\"SIEMENS -\" \/>\n<meta property=\"og:description\" content=\"Kao globalni lider u oblasti tehnologije koji ve\u0107 177 godina predstavlja simbol inovacije, kvaliteta i pouzdanosti, Siemens je posve\u0107en smi\u0161ljanju tehnologija sa svrhom u oblastima koje \u010dine stub moderne ekonomije. Putem pametnih i odr\u017eivih re\u0161enja osna\u017eujemo na\u0161e saradnike u procesu automatizacije i digitalizacije, kultivi\u0161u\u0107i odr\u017eivost i efikasnost u oblastima pametne infrastrukture, energetike, medicine i transporta. \u2026\" \/>\n<meta property=\"og:url\" content=\"https:\/\/www.etran.rs\/2024\/siemens\/\" \/>\n<meta property=\"article:modified_time\" content=\"2024-05-24T07:06:50+00:00\" \/>\n<meta property=\"og:image\" content=\"https:\/\/www.etran.rs\/2024\/wp-content\/uploads\/2024\/05\/Siemens_logo_1-1024x576.png\" \/>\n<meta name=\"twitter:card\" content=\"summary_large_image\" \/>\n<meta name=\"twitter:label1\" content=\"Est. reading time\" \/>\n\t<meta name=\"twitter:data1\" content=\"1 minute\" \/>\n<script type=\"application\/ld+json\" class=\"yoast-schema-graph\">{\"@context\":\"https:\/\/schema.org\",\"@graph\":[{\"@type\":\"WebPage\",\"@id\":\"https:\/\/www.etran.rs\/2024\/siemens\/\",\"url\":\"https:\/\/www.etran.rs\/2024\/siemens\/\",\"name\":\"SIEMENS -\",\"isPartOf\":{\"@id\":\"https:\/\/www.etran.rs\/2024\/#website\"},\"primaryImageOfPage\":{\"@id\":\"https:\/\/www.etran.rs\/2024\/siemens\/#primaryimage\"},\"image\":{\"@id\":\"https:\/\/www.etran.rs\/2024\/siemens\/#primaryimage\"},\"thumbnailUrl\":\"https:\/\/www.etran.rs\/2024\/wp-content\/uploads\/2024\/05\/Siemens_logo_1-1024x576.png\",\"datePublished\":\"2024-05-24T07:06:49+00:00\",\"dateModified\":\"2024-05-24T07:06:50+00:00\",\"breadcrumb\":{\"@id\":\"https:\/\/www.etran.rs\/2024\/siemens\/#breadcrumb\"},\"inLanguage\":\"en-US\",\"potentialAction\":[{\"@type\":\"ReadAction\",\"target\":[\"https:\/\/www.etran.rs\/2024\/siemens\/\"]}]},{\"@type\":\"ImageObject\",\"inLanguage\":\"en-US\",\"@id\":\"https:\/\/www.etran.rs\/2024\/siemens\/#primaryimage\",\"url\":\"https:\/\/www.etran.rs\/2024\/wp-content\/uploads\/2024\/05\/Siemens_logo_1.png\",\"contentUrl\":\"https:\/\/www.etran.rs\/2024\/wp-content\/uploads\/2024\/05\/Siemens_logo_1.png\",\"width\":3840,\"height\":2160},{\"@type\":\"BreadcrumbList\",\"@id\":\"https:\/\/www.etran.rs\/2024\/siemens\/#breadcrumb\",\"itemListElement\":[{\"@type\":\"ListItem\",\"position\":1,\"name\":\"Home\",\"item\":\"https:\/\/www.etran.rs\/2024\/en\/home-english\/\"},{\"@type\":\"ListItem\",\"position\":2,\"name\":\"SIEMENS\"}]},{\"@type\":\"WebSite\",\"@id\":\"https:\/\/www.etran.rs\/2024\/#website\",\"url\":\"https:\/\/www.etran.rs\/2024\/\",\"name\":\"IcETRAN 2024\",\"description\":\"XI IcETRAN Conference 2024 - Ni\u0161, June 3-6, 2024.\",\"publisher\":{\"@id\":\"https:\/\/www.etran.rs\/2024\/#organization\"},\"potentialAction\":[{\"@type\":\"SearchAction\",\"target\":{\"@type\":\"EntryPoint\",\"urlTemplate\":\"https:\/\/www.etran.rs\/2024\/?s={search_term_string}\"},\"query-input\":\"required name=search_term_string\"}],\"inLanguage\":\"en-US\"},{\"@type\":\"Organization\",\"@id\":\"https:\/\/www.etran.rs\/2024\/#organization\",\"name\":\"ETRAN Society\",\"url\":\"https:\/\/www.etran.rs\/2024\/\",\"logo\":{\"@type\":\"ImageObject\",\"inLanguage\":\"en-US\",\"@id\":\"https:\/\/www.etran.rs\/2024\/#\/schema\/logo\/image\/\",\"url\":\"https:\/\/www.etran.rs\/2024\/wp-content\/uploads\/2023\/05\/cropped-etrannovilogo-removebg-preview-e1684584979855.png\",\"contentUrl\":\"https:\/\/www.etran.rs\/2024\/wp-content\/uploads\/2023\/05\/cropped-etrannovilogo-removebg-preview-e1684584979855.png\",\"width\":250,\"height\":54,\"caption\":\"ETRAN Society\"},\"image\":{\"@id\":\"https:\/\/www.etran.rs\/2024\/#\/schema\/logo\/image\/\"}}]}<\/script>\n<!-- \/ Yoast SEO plugin. -->","yoast_head_json":{"title":"SIEMENS -","robots":{"index":"index","follow":"follow","max-snippet":"max-snippet:-1","max-image-preview":"max-image-preview:large","max-video-preview":"max-video-preview:-1"},"canonical":"https:\/\/www.etran.rs\/2024\/siemens\/","og_locale":"en_US","og_type":"article","og_title":"SIEMENS -","og_description":"Kao globalni lider u oblasti tehnologije koji ve\u0107 177 godina predstavlja simbol inovacije, kvaliteta i pouzdanosti, Siemens je posve\u0107en smi\u0161ljanju tehnologija sa svrhom u oblastima koje \u010dine stub moderne ekonomije. Putem pametnih i odr\u017eivih re\u0161enja osna\u017eujemo na\u0161e saradnike u procesu automatizacije i digitalizacije, kultivi\u0161u\u0107i odr\u017eivost i efikasnost u oblastima pametne infrastrukture, energetike, medicine i transporta. \u2026","og_url":"https:\/\/www.etran.rs\/2024\/siemens\/","article_modified_time":"2024-05-24T07:06:50+00:00","og_image":[{"url":"https:\/\/www.etran.rs\/2024\/wp-content\/uploads\/2024\/05\/Siemens_logo_1-1024x576.png"}],"twitter_card":"summary_large_image","twitter_misc":{"Est. reading time":"1 minute"},"schema":{"@context":"https:\/\/schema.org","@graph":[{"@type":"WebPage","@id":"https:\/\/www.etran.rs\/2024\/siemens\/","url":"https:\/\/www.etran.rs\/2024\/siemens\/","name":"SIEMENS -","isPartOf":{"@id":"https:\/\/www.etran.rs\/2024\/#website"},"primaryImageOfPage":{"@id":"https:\/\/www.etran.rs\/2024\/siemens\/#primaryimage"},"image":{"@id":"https:\/\/www.etran.rs\/2024\/siemens\/#primaryimage"},"thumbnailUrl":"https:\/\/www.etran.rs\/2024\/wp-content\/uploads\/2024\/05\/Siemens_logo_1-1024x576.png","datePublished":"2024-05-24T07:06:49+00:00","dateModified":"2024-05-24T07:06:50+00:00","breadcrumb":{"@id":"https:\/\/www.etran.rs\/2024\/siemens\/#breadcrumb"},"inLanguage":"en-US","potentialAction":[{"@type":"ReadAction","target":["https:\/\/www.etran.rs\/2024\/siemens\/"]}]},{"@type":"ImageObject","inLanguage":"en-US","@id":"https:\/\/www.etran.rs\/2024\/siemens\/#primaryimage","url":"https:\/\/www.etran.rs\/2024\/wp-content\/uploads\/2024\/05\/Siemens_logo_1.png","contentUrl":"https:\/\/www.etran.rs\/2024\/wp-content\/uploads\/2024\/05\/Siemens_logo_1.png","width":3840,"height":2160},{"@type":"BreadcrumbList","@id":"https:\/\/www.etran.rs\/2024\/siemens\/#breadcrumb","itemListElement":[{"@type":"ListItem","position":1,"name":"Home","item":"https:\/\/www.etran.rs\/2024\/en\/home-english\/"},{"@type":"ListItem","position":2,"name":"SIEMENS"}]},{"@type":"WebSite","@id":"https:\/\/www.etran.rs\/2024\/#website","url":"https:\/\/www.etran.rs\/2024\/","name":"IcETRAN 2024","description":"XI IcETRAN Conference 2024 - Ni\u0161, June 3-6, 2024.","publisher":{"@id":"https:\/\/www.etran.rs\/2024\/#organization"},"potentialAction":[{"@type":"SearchAction","target":{"@type":"EntryPoint","urlTemplate":"https:\/\/www.etran.rs\/2024\/?s={search_term_string}"},"query-input":"required name=search_term_string"}],"inLanguage":"en-US"},{"@type":"Organization","@id":"https:\/\/www.etran.rs\/2024\/#organization","name":"ETRAN Society","url":"https:\/\/www.etran.rs\/2024\/","logo":{"@type":"ImageObject","inLanguage":"en-US","@id":"https:\/\/www.etran.rs\/2024\/#\/schema\/logo\/image\/","url":"https:\/\/www.etran.rs\/2024\/wp-content\/uploads\/2023\/05\/cropped-etrannovilogo-removebg-preview-e1684584979855.png","contentUrl":"https:\/\/www.etran.rs\/2024\/wp-content\/uploads\/2023\/05\/cropped-etrannovilogo-removebg-preview-e1684584979855.png","width":250,"height":54,"caption":"ETRAN Society"},"image":{"@id":"https:\/\/www.etran.rs\/2024\/#\/schema\/logo\/image\/"}}]}},"_links":{"self":[{"href":"https:\/\/www.etran.rs\/2024\/wp-json\/wp\/v2\/pages\/4895","targetHints":{"allow":["GET"]}}],"collection":[{"href":"https:\/\/www.etran.rs\/2024\/wp-json\/wp\/v2\/pages"}],"about":[{"href":"https:\/\/www.etran.rs\/2024\/wp-json\/wp\/v2\/types\/page"}],"author":[{"embeddable":true,"href":"https:\/\/www.etran.rs\/2024\/wp-json\/wp\/v2\/users\/1"}],"replies":[{"embeddable":true,"href":"https:\/\/www.etran.rs\/2024\/wp-json\/wp\/v2\/comments?post=4895"}],"version-history":[{"count":1,"href":"https:\/\/www.etran.rs\/2024\/wp-json\/wp\/v2\/pages\/4895\/revisions"}],"predecessor-version":[{"id":4897,"href":"https:\/\/www.etran.rs\/2024\/wp-json\/wp\/v2\/pages\/4895\/revisions\/4897"}],"wp:attachment":[{"href":"https:\/\/www.etran.rs\/2024\/wp-json\/wp\/v2\/media?parent=4895"}],"curies":[{"name":"wp","href":"https:\/\/api.w.org\/{rel}","templated":true}]}}