{"id":4869,"date":"2024-05-23T09:37:36","date_gmt":"2024-05-23T09:37:36","guid":{"rendered":"https:\/\/www.etran.rs\/2024\/?page_id=4869"},"modified":"2024-05-23T09:37:54","modified_gmt":"2024-05-23T09:37:54","slug":"schneider-electric","status":"publish","type":"page","link":"https:\/\/www.etran.rs\/2024\/schneider-electric\/","title":{"rendered":"Schneider Electric"},"content":{"rendered":"\n<div class=\"wp-block-columns is-layout-flex wp-container-core-columns-is-layout-9d6595d7 wp-block-columns-is-layout-flex\">\n<div class=\"wp-block-column is-layout-flow wp-block-column-is-layout-flow\" style=\"flex-basis:15%\">\n<figure class=\"wp-block-image size-large is-resized\"><img fetchpriority=\"high\" decoding=\"async\" width=\"1024\" height=\"309\" src=\"https:\/\/www.etran.rs\/2024\/wp-content\/uploads\/2024\/05\/Schneider_Electric-1024x309.png\" alt=\"\" class=\"wp-image-4865\" style=\"width:113px;height:auto\" srcset=\"https:\/\/www.etran.rs\/2024\/wp-content\/uploads\/2024\/05\/Schneider_Electric-1024x309.png 1024w, https:\/\/www.etran.rs\/2024\/wp-content\/uploads\/2024\/05\/Schneider_Electric-300x90.png 300w, https:\/\/www.etran.rs\/2024\/wp-content\/uploads\/2024\/05\/Schneider_Electric-768x232.png 768w, https:\/\/www.etran.rs\/2024\/wp-content\/uploads\/2024\/05\/Schneider_Electric.png 1280w\" sizes=\"(max-width: 1024px) 100vw, 1024px\" \/><\/figure>\n<\/div>\n\n\n\n<div class=\"wp-block-column is-layout-flow wp-block-column-is-layout-flow\" style=\"flex-basis:85%\">\n<p><strong>Mi smo Schneider Electric<\/strong>. Na\u0161 koncept \u201e<strong>Life is On<\/strong>\u201d se oslanja na ideju da osna\u017eimo svakoga da koristi energiju i resurse koje imamo na raspolaganju, na najbolji mogu\u0107i na\u010din i tako obezbedi razvoj i odr\u017eivost za sve. U na\u0161em fokusu je upravljanje energijom, automatizacija i energetska efikasnost. Na\u0161 tim od preko 128,000 \u010dlanova nalazi se u preko 100 zemalja \u0161irom zemaljske kugle. U Srbiji, sa kancelarijama u Beogradu i Novom Sadu posluje na\u0161 HUB, jedinstven u svetu koji se bavi istra\u017eivanjem, razvojem i softverskim in\u017eenjeringom u oblasti elektroenergetike. Fokusirani smo na unapre\u0111enje modernih infrastrukturnih sistema i sa tim ciljem okupljamo preko 900 stru\u010dnjaka razli\u010ditih profila, a posebno iz oblasti energetike i ra\u010dunarstva. Tokom godina ostvarili smo uspe\u0161nu saradnju sa univerzitetima, elektrodistributivnim kompanijama, proizvo\u0111a\u010dima i IT integratorima \u0161irom sveta. Dugogodi\u0161nje iskustvo i rad na globalnom tr\u017ei\u0161tu sa klijentima iz preko 100 zemalja svrstalo nas je u globalne lidere na polju odr\u017eivosti i zelene energije. Upravo zato je na\u0161 Hub dobio \u0161iru ulogu u pru\u017eanju re\u0161enja klijentima Schneider Electric-a u domenu digitalizacije energetskog sektora sa ciljem da postane reputacioni softverski centar specijalizovan za softverska re\u0161enja za upravljanje elektri\u010dnom energijom i energetskom efikasno\u0161\u0107u na svim nivoima. Na\u0161im zaposlenima pru\u017eamo mogu\u0107nost razvoja karijere u svim domenima i novi \u0161iroki spektar tehnologija na kojima \u0107e se raditi \u2013 od embedded softvera, preko near real time, IIoT re\u0161enja do cloud-a i ve\u0161ta\u010dke inteligencije, kao i \u0161irok spektar programskih jezika i asociranih tehnologija kao \u0161to su Python, Java, razli\u010dite platforme za razvoj web i mobilnih aplikacija. Program benefita osmi\u0161ljen je tako da zna\u010dajno doprinese pobolj\u0161anju kvaliteta \u017eivota zaposlenih I da im pru\u017ei ono \u0161to im je potrebno, u pravo vreme. Stvaraju\u0107i ovaj sveobuhvatni paket pogodnosti vodili smo se uspostavljanjem ravnote\u017ee radnog okru\u017eenja koje \u0107e nas motivisati i kvalitetnog privatnog \u017eivota, uz fleksibilnost i podr\u0161ku kada je potrebna.<\/p>\n<\/div>\n<\/div>\n","protected":false},"excerpt":{"rendered":"<p>Mi smo Schneider Electric. Na\u0161 koncept \u201eLife is On\u201d se oslanja na ideju da osna\u017eimo svakoga da koristi energiju i resurse koje imamo na raspolaganju, na najbolji mogu\u0107i na\u010din i tako obezbedi razvoj i odr\u017eivost za sve. U na\u0161em fokusu je upravljanje energijom, automatizacija i energetska efikasnost. Na\u0161 tim od preko 128,000 \u010dlanova nalazi se \u2026 <\/p>\n","protected":false},"author":1,"featured_media":0,"parent":0,"menu_order":0,"comment_status":"closed","ping_status":"closed","template":"","meta":{"_themeisle_gutenberg_block_has_review":false,"footnotes":""},"class_list":["post-4869","page","type-page","status-publish","hentry"],"yoast_head":"<!-- This site is optimized with the Yoast SEO plugin v22.5 - https:\/\/yoast.com\/wordpress\/plugins\/seo\/ -->\n<title>Schneider Electric -<\/title>\n<meta name=\"robots\" content=\"index, follow, max-snippet:-1, max-image-preview:large, max-video-preview:-1\" \/>\n<link rel=\"canonical\" href=\"https:\/\/www.etran.rs\/2024\/schneider-electric\/\" \/>\n<meta property=\"og:locale\" content=\"en_US\" \/>\n<meta property=\"og:type\" content=\"article\" \/>\n<meta property=\"og:title\" content=\"Schneider Electric -\" \/>\n<meta property=\"og:description\" content=\"Mi smo Schneider Electric. Na\u0161 koncept \u201eLife is On\u201d se oslanja na ideju da osna\u017eimo svakoga da koristi energiju i resurse koje imamo na raspolaganju, na najbolji mogu\u0107i na\u010din i tako obezbedi razvoj i odr\u017eivost za sve. U na\u0161em fokusu je upravljanje energijom, automatizacija i energetska efikasnost. Na\u0161 tim od preko 128,000 \u010dlanova nalazi se \u2026\" \/>\n<meta property=\"og:url\" content=\"https:\/\/www.etran.rs\/2024\/schneider-electric\/\" \/>\n<meta property=\"article:modified_time\" content=\"2024-05-23T09:37:54+00:00\" \/>\n<meta property=\"og:image\" content=\"https:\/\/www.etran.rs\/2024\/wp-content\/uploads\/2024\/05\/Schneider_Electric-1024x309.png\" \/>\n<meta name=\"twitter:card\" content=\"summary_large_image\" \/>\n<meta name=\"twitter:label1\" content=\"Est. reading time\" \/>\n\t<meta name=\"twitter:data1\" content=\"2 minutes\" \/>\n<script type=\"application\/ld+json\" class=\"yoast-schema-graph\">{\"@context\":\"https:\/\/schema.org\",\"@graph\":[{\"@type\":\"WebPage\",\"@id\":\"https:\/\/www.etran.rs\/2024\/schneider-electric\/\",\"url\":\"https:\/\/www.etran.rs\/2024\/schneider-electric\/\",\"name\":\"Schneider Electric -\",\"isPartOf\":{\"@id\":\"https:\/\/www.etran.rs\/2024\/#website\"},\"primaryImageOfPage\":{\"@id\":\"https:\/\/www.etran.rs\/2024\/schneider-electric\/#primaryimage\"},\"image\":{\"@id\":\"https:\/\/www.etran.rs\/2024\/schneider-electric\/#primaryimage\"},\"thumbnailUrl\":\"https:\/\/www.etran.rs\/2024\/wp-content\/uploads\/2024\/05\/Schneider_Electric-1024x309.png\",\"datePublished\":\"2024-05-23T09:37:36+00:00\",\"dateModified\":\"2024-05-23T09:37:54+00:00\",\"breadcrumb\":{\"@id\":\"https:\/\/www.etran.rs\/2024\/schneider-electric\/#breadcrumb\"},\"inLanguage\":\"en-US\",\"potentialAction\":[{\"@type\":\"ReadAction\",\"target\":[\"https:\/\/www.etran.rs\/2024\/schneider-electric\/\"]}]},{\"@type\":\"ImageObject\",\"inLanguage\":\"en-US\",\"@id\":\"https:\/\/www.etran.rs\/2024\/schneider-electric\/#primaryimage\",\"url\":\"https:\/\/www.etran.rs\/2024\/wp-content\/uploads\/2024\/05\/Schneider_Electric.png\",\"contentUrl\":\"https:\/\/www.etran.rs\/2024\/wp-content\/uploads\/2024\/05\/Schneider_Electric.png\",\"width\":1280,\"height\":386},{\"@type\":\"BreadcrumbList\",\"@id\":\"https:\/\/www.etran.rs\/2024\/schneider-electric\/#breadcrumb\",\"itemListElement\":[{\"@type\":\"ListItem\",\"position\":1,\"name\":\"Home\",\"item\":\"https:\/\/www.etran.rs\/2024\/en\/home-english\/\"},{\"@type\":\"ListItem\",\"position\":2,\"name\":\"Schneider Electric\"}]},{\"@type\":\"WebSite\",\"@id\":\"https:\/\/www.etran.rs\/2024\/#website\",\"url\":\"https:\/\/www.etran.rs\/2024\/\",\"name\":\"IcETRAN 2024\",\"description\":\"XI IcETRAN Conference 2024 - Ni\u0161, June 3-6, 2024.\",\"publisher\":{\"@id\":\"https:\/\/www.etran.rs\/2024\/#organization\"},\"potentialAction\":[{\"@type\":\"SearchAction\",\"target\":{\"@type\":\"EntryPoint\",\"urlTemplate\":\"https:\/\/www.etran.rs\/2024\/?s={search_term_string}\"},\"query-input\":\"required name=search_term_string\"}],\"inLanguage\":\"en-US\"},{\"@type\":\"Organization\",\"@id\":\"https:\/\/www.etran.rs\/2024\/#organization\",\"name\":\"ETRAN Society\",\"url\":\"https:\/\/www.etran.rs\/2024\/\",\"logo\":{\"@type\":\"ImageObject\",\"inLanguage\":\"en-US\",\"@id\":\"https:\/\/www.etran.rs\/2024\/#\/schema\/logo\/image\/\",\"url\":\"https:\/\/www.etran.rs\/2024\/wp-content\/uploads\/2023\/05\/cropped-etrannovilogo-removebg-preview-e1684584979855.png\",\"contentUrl\":\"https:\/\/www.etran.rs\/2024\/wp-content\/uploads\/2023\/05\/cropped-etrannovilogo-removebg-preview-e1684584979855.png\",\"width\":250,\"height\":54,\"caption\":\"ETRAN Society\"},\"image\":{\"@id\":\"https:\/\/www.etran.rs\/2024\/#\/schema\/logo\/image\/\"}}]}<\/script>\n<!-- \/ Yoast SEO plugin. -->","yoast_head_json":{"title":"Schneider Electric -","robots":{"index":"index","follow":"follow","max-snippet":"max-snippet:-1","max-image-preview":"max-image-preview:large","max-video-preview":"max-video-preview:-1"},"canonical":"https:\/\/www.etran.rs\/2024\/schneider-electric\/","og_locale":"en_US","og_type":"article","og_title":"Schneider Electric -","og_description":"Mi smo Schneider Electric. Na\u0161 koncept \u201eLife is On\u201d se oslanja na ideju da osna\u017eimo svakoga da koristi energiju i resurse koje imamo na raspolaganju, na najbolji mogu\u0107i na\u010din i tako obezbedi razvoj i odr\u017eivost za sve. U na\u0161em fokusu je upravljanje energijom, automatizacija i energetska efikasnost. Na\u0161 tim od preko 128,000 \u010dlanova nalazi se \u2026","og_url":"https:\/\/www.etran.rs\/2024\/schneider-electric\/","article_modified_time":"2024-05-23T09:37:54+00:00","og_image":[{"url":"https:\/\/www.etran.rs\/2024\/wp-content\/uploads\/2024\/05\/Schneider_Electric-1024x309.png"}],"twitter_card":"summary_large_image","twitter_misc":{"Est. reading time":"2 minutes"},"schema":{"@context":"https:\/\/schema.org","@graph":[{"@type":"WebPage","@id":"https:\/\/www.etran.rs\/2024\/schneider-electric\/","url":"https:\/\/www.etran.rs\/2024\/schneider-electric\/","name":"Schneider Electric -","isPartOf":{"@id":"https:\/\/www.etran.rs\/2024\/#website"},"primaryImageOfPage":{"@id":"https:\/\/www.etran.rs\/2024\/schneider-electric\/#primaryimage"},"image":{"@id":"https:\/\/www.etran.rs\/2024\/schneider-electric\/#primaryimage"},"thumbnailUrl":"https:\/\/www.etran.rs\/2024\/wp-content\/uploads\/2024\/05\/Schneider_Electric-1024x309.png","datePublished":"2024-05-23T09:37:36+00:00","dateModified":"2024-05-23T09:37:54+00:00","breadcrumb":{"@id":"https:\/\/www.etran.rs\/2024\/schneider-electric\/#breadcrumb"},"inLanguage":"en-US","potentialAction":[{"@type":"ReadAction","target":["https:\/\/www.etran.rs\/2024\/schneider-electric\/"]}]},{"@type":"ImageObject","inLanguage":"en-US","@id":"https:\/\/www.etran.rs\/2024\/schneider-electric\/#primaryimage","url":"https:\/\/www.etran.rs\/2024\/wp-content\/uploads\/2024\/05\/Schneider_Electric.png","contentUrl":"https:\/\/www.etran.rs\/2024\/wp-content\/uploads\/2024\/05\/Schneider_Electric.png","width":1280,"height":386},{"@type":"BreadcrumbList","@id":"https:\/\/www.etran.rs\/2024\/schneider-electric\/#breadcrumb","itemListElement":[{"@type":"ListItem","position":1,"name":"Home","item":"https:\/\/www.etran.rs\/2024\/en\/home-english\/"},{"@type":"ListItem","position":2,"name":"Schneider Electric"}]},{"@type":"WebSite","@id":"https:\/\/www.etran.rs\/2024\/#website","url":"https:\/\/www.etran.rs\/2024\/","name":"IcETRAN 2024","description":"XI IcETRAN Conference 2024 - Ni\u0161, June 3-6, 2024.","publisher":{"@id":"https:\/\/www.etran.rs\/2024\/#organization"},"potentialAction":[{"@type":"SearchAction","target":{"@type":"EntryPoint","urlTemplate":"https:\/\/www.etran.rs\/2024\/?s={search_term_string}"},"query-input":"required name=search_term_string"}],"inLanguage":"en-US"},{"@type":"Organization","@id":"https:\/\/www.etran.rs\/2024\/#organization","name":"ETRAN Society","url":"https:\/\/www.etran.rs\/2024\/","logo":{"@type":"ImageObject","inLanguage":"en-US","@id":"https:\/\/www.etran.rs\/2024\/#\/schema\/logo\/image\/","url":"https:\/\/www.etran.rs\/2024\/wp-content\/uploads\/2023\/05\/cropped-etrannovilogo-removebg-preview-e1684584979855.png","contentUrl":"https:\/\/www.etran.rs\/2024\/wp-content\/uploads\/2023\/05\/cropped-etrannovilogo-removebg-preview-e1684584979855.png","width":250,"height":54,"caption":"ETRAN Society"},"image":{"@id":"https:\/\/www.etran.rs\/2024\/#\/schema\/logo\/image\/"}}]}},"_links":{"self":[{"href":"https:\/\/www.etran.rs\/2024\/wp-json\/wp\/v2\/pages\/4869","targetHints":{"allow":["GET"]}}],"collection":[{"href":"https:\/\/www.etran.rs\/2024\/wp-json\/wp\/v2\/pages"}],"about":[{"href":"https:\/\/www.etran.rs\/2024\/wp-json\/wp\/v2\/types\/page"}],"author":[{"embeddable":true,"href":"https:\/\/www.etran.rs\/2024\/wp-json\/wp\/v2\/users\/1"}],"replies":[{"embeddable":true,"href":"https:\/\/www.etran.rs\/2024\/wp-json\/wp\/v2\/comments?post=4869"}],"version-history":[{"count":3,"href":"https:\/\/www.etran.rs\/2024\/wp-json\/wp\/v2\/pages\/4869\/revisions"}],"predecessor-version":[{"id":4873,"href":"https:\/\/www.etran.rs\/2024\/wp-json\/wp\/v2\/pages\/4869\/revisions\/4873"}],"wp:attachment":[{"href":"https:\/\/www.etran.rs\/2024\/wp-json\/wp\/v2\/media?parent=4869"}],"curies":[{"name":"wp","href":"https:\/\/api.w.org\/{rel}","templated":true}]}}