{"id":1426,"date":"2021-11-12T20:11:57","date_gmt":"2021-11-12T20:11:57","guid":{"rendered":"https:\/\/www.etran.rs\/2021\/?page_id=1426"},"modified":"2024-04-16T06:59:51","modified_gmt":"2024-04-16T06:59:51","slug":"conference-location-nis","status":"publish","type":"page","link":"https:\/\/www.etran.rs\/2024\/en\/conference-location-nis\/","title":{"rendered":"Conference Location: City Ni\u0161"},"content":{"rendered":"<p><strong>Etran and IcETRAN conferences will be held in Ni\u0161, Serbia. The host is the University of Ni\u0161 \u2013 Faculty of Electronic Engineering, Ni\u0161.<\/strong><\/p>\n<p><img fetchpriority=\"high\" decoding=\"async\" class=\"aligncenter wp-image-4327 size-full\" src=\"https:\/\/www.etran.rs\/2024\/wp-content\/uploads\/2023\/10\/lamela-Elektronskog-fakulteta-Nis-02-1.webp\" alt=\"\" width=\"1920\" height=\"1414\" srcset=\"https:\/\/www.etran.rs\/2024\/wp-content\/uploads\/2023\/10\/lamela-Elektronskog-fakulteta-Nis-02-1.webp 1920w, https:\/\/www.etran.rs\/2024\/wp-content\/uploads\/2023\/10\/lamela-Elektronskog-fakulteta-Nis-02-1-300x221.webp 300w, https:\/\/www.etran.rs\/2024\/wp-content\/uploads\/2023\/10\/lamela-Elektronskog-fakulteta-Nis-02-1-1024x754.webp 1024w, https:\/\/www.etran.rs\/2024\/wp-content\/uploads\/2023\/10\/lamela-Elektronskog-fakulteta-Nis-02-1-768x566.webp 768w, https:\/\/www.etran.rs\/2024\/wp-content\/uploads\/2023\/10\/lamela-Elektronskog-fakulteta-Nis-02-1-1536x1131.webp 1536w\" sizes=\"(max-width: 1920px) 100vw, 1920px\" \/><\/p>\n<p>For more information about the Conference host please visit <a href=\"https:\/\/www.elfak.ni.ac.rs\">https:\/\/www.elfak.ni.ac.rs<\/a><\/p>\n<p>The IcETRAN Conference is sponsored by IEEE R8, IEEE Serbia and Montenegro Section, IEEE Bosnia and Herzegovina Section, and IEEE Power and Energy Chapter of the S&M Section.<\/p>\n<p>All IcETRAN papers may be considered for inclusion into the IEEE Xplore Digital Library, and to be listed\/cited through the SCOPUS, and the Web of Science.<\/p>\n","protected":false},"excerpt":{"rendered":"<p>Etran and IcETRAN conferences will be held in Ni\u0161, Serbia. The host is the University of Ni\u0161 \u2013 Faculty of Electronic Engineering, Ni\u0161. For more information about the Conference host please visit https:\/\/www.elfak.ni.ac.rs The IcETRAN Conference is sponsored by IEEE R8, IEEE Serbia and Montenegro Section, IEEE Bosnia and Herzegovina Section, and IEEE Power and \u2026 <\/p>\n","protected":false},"author":1,"featured_media":4278,"parent":0,"menu_order":0,"comment_status":"closed","ping_status":"closed","template":"","meta":{"_themeisle_gutenberg_block_has_review":false,"footnotes":""},"class_list":["post-1426","page","type-page","status-publish","has-post-thumbnail","hentry"],"yoast_head":"<!-- This site is optimized with the Yoast SEO plugin v22.5 - https:\/\/yoast.com\/wordpress\/plugins\/seo\/ -->\n<title>Conference Location: City Ni\u0161 -<\/title>\n<meta name=\"description\" content=\"\u0415\u0442\u043d\u043e \u0421\u0435\u043b\u043e \u0421\u0442\u0430\u043d\u0438\u0448\u0438\u045b\u0438 \u043e\u0441\u043d\u043e\u0432\u0430\u043d\u043e \u0458\u0435 2003. \u0433\u043e\u0434\u0438\u043d\u0435, \u0437\u0430\u0445\u0432\u0430\u0459\u0443\u0458\u0443\u045b\u0438 \u0438\u043d\u0441\u043f\u0438\u0440\u0430\u0446\u0438\u0458\u0438 \u0411\u043e\u0440\u0438\u0441\u0430 \u0421\u0442\u0430\u043d\u0438\u0448\u0438\u045b\u0430. \u0412\u0438\u0448\u0435 \u043e\u0434 \u043d\u0435\u043a\u043e\u043b\u0438\u043a\u043e \u0433\u043e\u0434\u0438\u043d\u0430 \u043e\u043d \u0458\u0435 \u043f\u0443\u0442\u043e\u0432\u0430\u043e \u043f\u043e \u0441\u0440\u043f\u0441\u043a\u0438\u043c \u0441\u0435\u043b\u0438\u043c\u0430 \u0441\u0440\u0435\u0434\u045a\u0435 \u0411\u043e\u0441\u043d\u0435 \u0443 \u043f\u043e\u0442\u0440\u0430\u0437\u0438 \u0437\u0430 \u0441\u0442\u0430\u0440\u0438\u043c \u043a\u0443\u045b\u0430\u043c\u0430 \u0438 \u043f\u0440\u0435\u0434\u043c\u0435\u0442\u0438\u043c\u0430, \u043a\u043e\u0458\u0438 \u045b\u0435 \u0441\u0430\u0447\u0443\u0432\u0430\u0442\u0438 \u043f\u0440\u0435\u0434\u0441\u0442\u0430\u0432\u0443 \u043e \u0458\u0435\u0434\u043d\u043e\u043c \u0432\u0440\u0435\u043c\u0435\u043d\u0443 \u0438 \u043a\u0443\u043b\u0442\u0443\u0440\u0438 \u0436\u0438\u0432\u0459\u0435\u045a\u0430 \u0441\u0430 \u043a\u0440\u0430\u0458\u0430 19. \u0438 \u043f\u043e\u0447\u0435\u0442\u043a\u0430 20. \u0432\u0438\u0458\u0435\u043a\u0430. \u0420\u0435\u0437\u0443\u043b\u0442\u0430\u0442 \u0458\u0435 \u0430\u0443\u0442\u0435\u043d\u0442\u0438\u0447\u043d\u043e \u043f\u043b\u0430\u043d\u0438\u043d\u0441\u043a\u043e \u0441\u0435\u043b\u043e \u0443 \u0441\u0440\u0435\u0434 \u0441\u0435\u043c\u0431\u0435\u0440\u0441\u043a\u0435 \u0440\u0430\u0432\u043d\u0438\u0446\u0435.\" \/>\n<meta name=\"robots\" content=\"index, follow, max-snippet:-1, max-image-preview:large, max-video-preview:-1\" \/>\n<link rel=\"canonical\" href=\"https:\/\/www.etran.rs\/2024\/en\/conference-location-nis\/\" \/>\n<meta property=\"og:locale\" content=\"en_US\" \/>\n<meta property=\"og:type\" content=\"article\" \/>\n<meta property=\"og:title\" content=\"Conference Location: City Ni\u0161 -\" \/>\n<meta property=\"og:description\" content=\"\u0415\u0442\u043d\u043e \u0421\u0435\u043b\u043e \u0421\u0442\u0430\u043d\u0438\u0448\u0438\u045b\u0438 \u043e\u0441\u043d\u043e\u0432\u0430\u043d\u043e \u0458\u0435 2003. \u0433\u043e\u0434\u0438\u043d\u0435, \u0437\u0430\u0445\u0432\u0430\u0459\u0443\u0458\u0443\u045b\u0438 \u0438\u043d\u0441\u043f\u0438\u0440\u0430\u0446\u0438\u0458\u0438 \u0411\u043e\u0440\u0438\u0441\u0430 \u0421\u0442\u0430\u043d\u0438\u0448\u0438\u045b\u0430. \u0412\u0438\u0448\u0435 \u043e\u0434 \u043d\u0435\u043a\u043e\u043b\u0438\u043a\u043e \u0433\u043e\u0434\u0438\u043d\u0430 \u043e\u043d \u0458\u0435 \u043f\u0443\u0442\u043e\u0432\u0430\u043e \u043f\u043e \u0441\u0440\u043f\u0441\u043a\u0438\u043c \u0441\u0435\u043b\u0438\u043c\u0430 \u0441\u0440\u0435\u0434\u045a\u0435 \u0411\u043e\u0441\u043d\u0435 \u0443 \u043f\u043e\u0442\u0440\u0430\u0437\u0438 \u0437\u0430 \u0441\u0442\u0430\u0440\u0438\u043c \u043a\u0443\u045b\u0430\u043c\u0430 \u0438 \u043f\u0440\u0435\u0434\u043c\u0435\u0442\u0438\u043c\u0430, \u043a\u043e\u0458\u0438 \u045b\u0435 \u0441\u0430\u0447\u0443\u0432\u0430\u0442\u0438 \u043f\u0440\u0435\u0434\u0441\u0442\u0430\u0432\u0443 \u043e \u0458\u0435\u0434\u043d\u043e\u043c \u0432\u0440\u0435\u043c\u0435\u043d\u0443 \u0438 \u043a\u0443\u043b\u0442\u0443\u0440\u0438 \u0436\u0438\u0432\u0459\u0435\u045a\u0430 \u0441\u0430 \u043a\u0440\u0430\u0458\u0430 19. \u0438 \u043f\u043e\u0447\u0435\u0442\u043a\u0430 20. \u0432\u0438\u0458\u0435\u043a\u0430. \u0420\u0435\u0437\u0443\u043b\u0442\u0430\u0442 \u0458\u0435 \u0430\u0443\u0442\u0435\u043d\u0442\u0438\u0447\u043d\u043e \u043f\u043b\u0430\u043d\u0438\u043d\u0441\u043a\u043e \u0441\u0435\u043b\u043e \u0443 \u0441\u0440\u0435\u0434 \u0441\u0435\u043c\u0431\u0435\u0440\u0441\u043a\u0435 \u0440\u0430\u0432\u043d\u0438\u0446\u0435.\" \/>\n<meta property=\"og:url\" content=\"https:\/\/www.etran.rs\/2024\/en\/conference-location-nis\/\" \/>\n<meta property=\"article:modified_time\" content=\"2024-04-16T06:59:51+00:00\" \/>\n<meta property=\"og:image\" content=\"https:\/\/www.etran.rs\/2024\/wp-content\/uploads\/2023\/10\/maxresdefault.jpg\" \/>\n\t<meta property=\"og:image:width\" content=\"1280\" \/>\n\t<meta property=\"og:image:height\" content=\"720\" \/>\n\t<meta property=\"og:image:type\" content=\"image\/jpeg\" \/>\n<meta name=\"twitter:card\" content=\"summary_large_image\" \/>\n<meta name=\"twitter:label1\" content=\"Est. reading time\" \/>\n\t<meta name=\"twitter:data1\" content=\"1 minute\" \/>\n<script type=\"application\/ld+json\" class=\"yoast-schema-graph\">{\"@context\":\"https:\/\/schema.org\",\"@graph\":[{\"@type\":\"WebPage\",\"@id\":\"https:\/\/www.etran.rs\/2024\/en\/conference-location-nis\/\",\"url\":\"https:\/\/www.etran.rs\/2024\/en\/conference-location-nis\/\",\"name\":\"Conference Location: City Ni\u0161 -\",\"isPartOf\":{\"@id\":\"https:\/\/www.etran.rs\/2024\/#website\"},\"primaryImageOfPage\":{\"@id\":\"https:\/\/www.etran.rs\/2024\/en\/conference-location-nis\/#primaryimage\"},\"image\":{\"@id\":\"https:\/\/www.etran.rs\/2024\/en\/conference-location-nis\/#primaryimage\"},\"thumbnailUrl\":\"https:\/\/www.etran.rs\/2024\/wp-content\/uploads\/2023\/10\/maxresdefault.jpg\",\"datePublished\":\"2021-11-12T20:11:57+00:00\",\"dateModified\":\"2024-04-16T06:59:51+00:00\",\"description\":\"\u0415\u0442\u043d\u043e \u0421\u0435\u043b\u043e \u0421\u0442\u0430\u043d\u0438\u0448\u0438\u045b\u0438 \u043e\u0441\u043d\u043e\u0432\u0430\u043d\u043e \u0458\u0435 2003. \u0433\u043e\u0434\u0438\u043d\u0435, \u0437\u0430\u0445\u0432\u0430\u0459\u0443\u0458\u0443\u045b\u0438 \u0438\u043d\u0441\u043f\u0438\u0440\u0430\u0446\u0438\u0458\u0438 \u0411\u043e\u0440\u0438\u0441\u0430 \u0421\u0442\u0430\u043d\u0438\u0448\u0438\u045b\u0430. \u0412\u0438\u0448\u0435 \u043e\u0434 \u043d\u0435\u043a\u043e\u043b\u0438\u043a\u043e \u0433\u043e\u0434\u0438\u043d\u0430 \u043e\u043d \u0458\u0435 \u043f\u0443\u0442\u043e\u0432\u0430\u043e \u043f\u043e \u0441\u0440\u043f\u0441\u043a\u0438\u043c \u0441\u0435\u043b\u0438\u043c\u0430 \u0441\u0440\u0435\u0434\u045a\u0435 \u0411\u043e\u0441\u043d\u0435 \u0443 \u043f\u043e\u0442\u0440\u0430\u0437\u0438 \u0437\u0430 \u0441\u0442\u0430\u0440\u0438\u043c \u043a\u0443\u045b\u0430\u043c\u0430 \u0438 \u043f\u0440\u0435\u0434\u043c\u0435\u0442\u0438\u043c\u0430, \u043a\u043e\u0458\u0438 \u045b\u0435 \u0441\u0430\u0447\u0443\u0432\u0430\u0442\u0438 \u043f\u0440\u0435\u0434\u0441\u0442\u0430\u0432\u0443 \u043e \u0458\u0435\u0434\u043d\u043e\u043c \u0432\u0440\u0435\u043c\u0435\u043d\u0443 \u0438 \u043a\u0443\u043b\u0442\u0443\u0440\u0438 \u0436\u0438\u0432\u0459\u0435\u045a\u0430 \u0441\u0430 \u043a\u0440\u0430\u0458\u0430 19. \u0438 \u043f\u043e\u0447\u0435\u0442\u043a\u0430 20. \u0432\u0438\u0458\u0435\u043a\u0430. \u0420\u0435\u0437\u0443\u043b\u0442\u0430\u0442 \u0458\u0435 \u0430\u0443\u0442\u0435\u043d\u0442\u0438\u0447\u043d\u043e \u043f\u043b\u0430\u043d\u0438\u043d\u0441\u043a\u043e \u0441\u0435\u043b\u043e \u0443 \u0441\u0440\u0435\u0434 \u0441\u0435\u043c\u0431\u0435\u0440\u0441\u043a\u0435 \u0440\u0430\u0432\u043d\u0438\u0446\u0435.\",\"breadcrumb\":{\"@id\":\"https:\/\/www.etran.rs\/2024\/en\/conference-location-nis\/#breadcrumb\"},\"inLanguage\":\"en-US\",\"potentialAction\":[{\"@type\":\"ReadAction\",\"target\":[\"https:\/\/www.etran.rs\/2024\/en\/conference-location-nis\/\"]}]},{\"@type\":\"ImageObject\",\"inLanguage\":\"en-US\",\"@id\":\"https:\/\/www.etran.rs\/2024\/en\/conference-location-nis\/#primaryimage\",\"url\":\"https:\/\/www.etran.rs\/2024\/wp-content\/uploads\/2023\/10\/maxresdefault.jpg\",\"contentUrl\":\"https:\/\/www.etran.rs\/2024\/wp-content\/uploads\/2023\/10\/maxresdefault.jpg\",\"width\":1280,\"height\":720},{\"@type\":\"BreadcrumbList\",\"@id\":\"https:\/\/www.etran.rs\/2024\/en\/conference-location-nis\/#breadcrumb\",\"itemListElement\":[{\"@type\":\"ListItem\",\"position\":1,\"name\":\"Home\",\"item\":\"https:\/\/www.etran.rs\/2024\/en\/home-english\/\"},{\"@type\":\"ListItem\",\"position\":2,\"name\":\"Conference Location: City Ni\u0161\"}]},{\"@type\":\"WebSite\",\"@id\":\"https:\/\/www.etran.rs\/2024\/#website\",\"url\":\"https:\/\/www.etran.rs\/2024\/\",\"name\":\"IcETRAN 2024\",\"description\":\"XI IcETRAN Conference 2024 - Ni\u0161, June 3-6, 2024.\",\"publisher\":{\"@id\":\"https:\/\/www.etran.rs\/2024\/#organization\"},\"potentialAction\":[{\"@type\":\"SearchAction\",\"target\":{\"@type\":\"EntryPoint\",\"urlTemplate\":\"https:\/\/www.etran.rs\/2024\/?s={search_term_string}\"},\"query-input\":\"required name=search_term_string\"}],\"inLanguage\":\"en-US\"},{\"@type\":\"Organization\",\"@id\":\"https:\/\/www.etran.rs\/2024\/#organization\",\"name\":\"ETRAN Society\",\"url\":\"https:\/\/www.etran.rs\/2024\/\",\"logo\":{\"@type\":\"ImageObject\",\"inLanguage\":\"en-US\",\"@id\":\"https:\/\/www.etran.rs\/2024\/#\/schema\/logo\/image\/\",\"url\":\"https:\/\/www.etran.rs\/2024\/wp-content\/uploads\/2023\/05\/cropped-etrannovilogo-removebg-preview-e1684584979855.png\",\"contentUrl\":\"https:\/\/www.etran.rs\/2024\/wp-content\/uploads\/2023\/05\/cropped-etrannovilogo-removebg-preview-e1684584979855.png\",\"width\":250,\"height\":54,\"caption\":\"ETRAN Society\"},\"image\":{\"@id\":\"https:\/\/www.etran.rs\/2024\/#\/schema\/logo\/image\/\"}}]}<\/script>\n<!-- \/ Yoast SEO plugin. -->","yoast_head_json":{"title":"Conference Location: City Ni\u0161 -","description":"\u0415\u0442\u043d\u043e \u0421\u0435\u043b\u043e \u0421\u0442\u0430\u043d\u0438\u0448\u0438\u045b\u0438 \u043e\u0441\u043d\u043e\u0432\u0430\u043d\u043e \u0458\u0435 2003. \u0433\u043e\u0434\u0438\u043d\u0435, \u0437\u0430\u0445\u0432\u0430\u0459\u0443\u0458\u0443\u045b\u0438 \u0438\u043d\u0441\u043f\u0438\u0440\u0430\u0446\u0438\u0458\u0438 \u0411\u043e\u0440\u0438\u0441\u0430 \u0421\u0442\u0430\u043d\u0438\u0448\u0438\u045b\u0430. \u0412\u0438\u0448\u0435 \u043e\u0434 \u043d\u0435\u043a\u043e\u043b\u0438\u043a\u043e \u0433\u043e\u0434\u0438\u043d\u0430 \u043e\u043d \u0458\u0435 \u043f\u0443\u0442\u043e\u0432\u0430\u043e \u043f\u043e \u0441\u0440\u043f\u0441\u043a\u0438\u043c \u0441\u0435\u043b\u0438\u043c\u0430 \u0441\u0440\u0435\u0434\u045a\u0435 \u0411\u043e\u0441\u043d\u0435 \u0443 \u043f\u043e\u0442\u0440\u0430\u0437\u0438 \u0437\u0430 \u0441\u0442\u0430\u0440\u0438\u043c \u043a\u0443\u045b\u0430\u043c\u0430 \u0438 \u043f\u0440\u0435\u0434\u043c\u0435\u0442\u0438\u043c\u0430, \u043a\u043e\u0458\u0438 \u045b\u0435 \u0441\u0430\u0447\u0443\u0432\u0430\u0442\u0438 \u043f\u0440\u0435\u0434\u0441\u0442\u0430\u0432\u0443 \u043e \u0458\u0435\u0434\u043d\u043e\u043c \u0432\u0440\u0435\u043c\u0435\u043d\u0443 \u0438 \u043a\u0443\u043b\u0442\u0443\u0440\u0438 \u0436\u0438\u0432\u0459\u0435\u045a\u0430 \u0441\u0430 \u043a\u0440\u0430\u0458\u0430 19. \u0438 \u043f\u043e\u0447\u0435\u0442\u043a\u0430 20. \u0432\u0438\u0458\u0435\u043a\u0430. \u0420\u0435\u0437\u0443\u043b\u0442\u0430\u0442 \u0458\u0435 \u0430\u0443\u0442\u0435\u043d\u0442\u0438\u0447\u043d\u043e \u043f\u043b\u0430\u043d\u0438\u043d\u0441\u043a\u043e \u0441\u0435\u043b\u043e \u0443 \u0441\u0440\u0435\u0434 \u0441\u0435\u043c\u0431\u0435\u0440\u0441\u043a\u0435 \u0440\u0430\u0432\u043d\u0438\u0446\u0435.","robots":{"index":"index","follow":"follow","max-snippet":"max-snippet:-1","max-image-preview":"max-image-preview:large","max-video-preview":"max-video-preview:-1"},"canonical":"https:\/\/www.etran.rs\/2024\/en\/conference-location-nis\/","og_locale":"en_US","og_type":"article","og_title":"Conference Location: City Ni\u0161 -","og_description":"\u0415\u0442\u043d\u043e \u0421\u0435\u043b\u043e \u0421\u0442\u0430\u043d\u0438\u0448\u0438\u045b\u0438 \u043e\u0441\u043d\u043e\u0432\u0430\u043d\u043e \u0458\u0435 2003. \u0433\u043e\u0434\u0438\u043d\u0435, \u0437\u0430\u0445\u0432\u0430\u0459\u0443\u0458\u0443\u045b\u0438 \u0438\u043d\u0441\u043f\u0438\u0440\u0430\u0446\u0438\u0458\u0438 \u0411\u043e\u0440\u0438\u0441\u0430 \u0421\u0442\u0430\u043d\u0438\u0448\u0438\u045b\u0430. \u0412\u0438\u0448\u0435 \u043e\u0434 \u043d\u0435\u043a\u043e\u043b\u0438\u043a\u043e \u0433\u043e\u0434\u0438\u043d\u0430 \u043e\u043d \u0458\u0435 \u043f\u0443\u0442\u043e\u0432\u0430\u043e \u043f\u043e \u0441\u0440\u043f\u0441\u043a\u0438\u043c \u0441\u0435\u043b\u0438\u043c\u0430 \u0441\u0440\u0435\u0434\u045a\u0435 \u0411\u043e\u0441\u043d\u0435 \u0443 \u043f\u043e\u0442\u0440\u0430\u0437\u0438 \u0437\u0430 \u0441\u0442\u0430\u0440\u0438\u043c \u043a\u0443\u045b\u0430\u043c\u0430 \u0438 \u043f\u0440\u0435\u0434\u043c\u0435\u0442\u0438\u043c\u0430, \u043a\u043e\u0458\u0438 \u045b\u0435 \u0441\u0430\u0447\u0443\u0432\u0430\u0442\u0438 \u043f\u0440\u0435\u0434\u0441\u0442\u0430\u0432\u0443 \u043e \u0458\u0435\u0434\u043d\u043e\u043c \u0432\u0440\u0435\u043c\u0435\u043d\u0443 \u0438 \u043a\u0443\u043b\u0442\u0443\u0440\u0438 \u0436\u0438\u0432\u0459\u0435\u045a\u0430 \u0441\u0430 \u043a\u0440\u0430\u0458\u0430 19. \u0438 \u043f\u043e\u0447\u0435\u0442\u043a\u0430 20. \u0432\u0438\u0458\u0435\u043a\u0430. \u0420\u0435\u0437\u0443\u043b\u0442\u0430\u0442 \u0458\u0435 \u0430\u0443\u0442\u0435\u043d\u0442\u0438\u0447\u043d\u043e \u043f\u043b\u0430\u043d\u0438\u043d\u0441\u043a\u043e \u0441\u0435\u043b\u043e \u0443 \u0441\u0440\u0435\u0434 \u0441\u0435\u043c\u0431\u0435\u0440\u0441\u043a\u0435 \u0440\u0430\u0432\u043d\u0438\u0446\u0435.","og_url":"https:\/\/www.etran.rs\/2024\/en\/conference-location-nis\/","article_modified_time":"2024-04-16T06:59:51+00:00","og_image":[{"width":1280,"height":720,"url":"https:\/\/www.etran.rs\/2024\/wp-content\/uploads\/2023\/10\/maxresdefault.jpg","type":"image\/jpeg"}],"twitter_card":"summary_large_image","twitter_misc":{"Est. reading time":"1 minute"},"schema":{"@context":"https:\/\/schema.org","@graph":[{"@type":"WebPage","@id":"https:\/\/www.etran.rs\/2024\/en\/conference-location-nis\/","url":"https:\/\/www.etran.rs\/2024\/en\/conference-location-nis\/","name":"Conference Location: City Ni\u0161 -","isPartOf":{"@id":"https:\/\/www.etran.rs\/2024\/#website"},"primaryImageOfPage":{"@id":"https:\/\/www.etran.rs\/2024\/en\/conference-location-nis\/#primaryimage"},"image":{"@id":"https:\/\/www.etran.rs\/2024\/en\/conference-location-nis\/#primaryimage"},"thumbnailUrl":"https:\/\/www.etran.rs\/2024\/wp-content\/uploads\/2023\/10\/maxresdefault.jpg","datePublished":"2021-11-12T20:11:57+00:00","dateModified":"2024-04-16T06:59:51+00:00","description":"\u0415\u0442\u043d\u043e \u0421\u0435\u043b\u043e \u0421\u0442\u0430\u043d\u0438\u0448\u0438\u045b\u0438 \u043e\u0441\u043d\u043e\u0432\u0430\u043d\u043e \u0458\u0435 2003. \u0433\u043e\u0434\u0438\u043d\u0435, \u0437\u0430\u0445\u0432\u0430\u0459\u0443\u0458\u0443\u045b\u0438 \u0438\u043d\u0441\u043f\u0438\u0440\u0430\u0446\u0438\u0458\u0438 \u0411\u043e\u0440\u0438\u0441\u0430 \u0421\u0442\u0430\u043d\u0438\u0448\u0438\u045b\u0430. \u0412\u0438\u0448\u0435 \u043e\u0434 \u043d\u0435\u043a\u043e\u043b\u0438\u043a\u043e \u0433\u043e\u0434\u0438\u043d\u0430 \u043e\u043d \u0458\u0435 \u043f\u0443\u0442\u043e\u0432\u0430\u043e \u043f\u043e \u0441\u0440\u043f\u0441\u043a\u0438\u043c \u0441\u0435\u043b\u0438\u043c\u0430 \u0441\u0440\u0435\u0434\u045a\u0435 \u0411\u043e\u0441\u043d\u0435 \u0443 \u043f\u043e\u0442\u0440\u0430\u0437\u0438 \u0437\u0430 \u0441\u0442\u0430\u0440\u0438\u043c \u043a\u0443\u045b\u0430\u043c\u0430 \u0438 \u043f\u0440\u0435\u0434\u043c\u0435\u0442\u0438\u043c\u0430, \u043a\u043e\u0458\u0438 \u045b\u0435 \u0441\u0430\u0447\u0443\u0432\u0430\u0442\u0438 \u043f\u0440\u0435\u0434\u0441\u0442\u0430\u0432\u0443 \u043e \u0458\u0435\u0434\u043d\u043e\u043c \u0432\u0440\u0435\u043c\u0435\u043d\u0443 \u0438 \u043a\u0443\u043b\u0442\u0443\u0440\u0438 \u0436\u0438\u0432\u0459\u0435\u045a\u0430 \u0441\u0430 \u043a\u0440\u0430\u0458\u0430 19. \u0438 \u043f\u043e\u0447\u0435\u0442\u043a\u0430 20. \u0432\u0438\u0458\u0435\u043a\u0430. \u0420\u0435\u0437\u0443\u043b\u0442\u0430\u0442 \u0458\u0435 \u0430\u0443\u0442\u0435\u043d\u0442\u0438\u0447\u043d\u043e \u043f\u043b\u0430\u043d\u0438\u043d\u0441\u043a\u043e \u0441\u0435\u043b\u043e \u0443 \u0441\u0440\u0435\u0434 \u0441\u0435\u043c\u0431\u0435\u0440\u0441\u043a\u0435 \u0440\u0430\u0432\u043d\u0438\u0446\u0435.","breadcrumb":{"@id":"https:\/\/www.etran.rs\/2024\/en\/conference-location-nis\/#breadcrumb"},"inLanguage":"en-US","potentialAction":[{"@type":"ReadAction","target":["https:\/\/www.etran.rs\/2024\/en\/conference-location-nis\/"]}]},{"@type":"ImageObject","inLanguage":"en-US","@id":"https:\/\/www.etran.rs\/2024\/en\/conference-location-nis\/#primaryimage","url":"https:\/\/www.etran.rs\/2024\/wp-content\/uploads\/2023\/10\/maxresdefault.jpg","contentUrl":"https:\/\/www.etran.rs\/2024\/wp-content\/uploads\/2023\/10\/maxresdefault.jpg","width":1280,"height":720},{"@type":"BreadcrumbList","@id":"https:\/\/www.etran.rs\/2024\/en\/conference-location-nis\/#breadcrumb","itemListElement":[{"@type":"ListItem","position":1,"name":"Home","item":"https:\/\/www.etran.rs\/2024\/en\/home-english\/"},{"@type":"ListItem","position":2,"name":"Conference Location: City Ni\u0161"}]},{"@type":"WebSite","@id":"https:\/\/www.etran.rs\/2024\/#website","url":"https:\/\/www.etran.rs\/2024\/","name":"IcETRAN 2024","description":"XI IcETRAN Conference 2024 - Ni\u0161, June 3-6, 2024.","publisher":{"@id":"https:\/\/www.etran.rs\/2024\/#organization"},"potentialAction":[{"@type":"SearchAction","target":{"@type":"EntryPoint","urlTemplate":"https:\/\/www.etran.rs\/2024\/?s={search_term_string}"},"query-input":"required name=search_term_string"}],"inLanguage":"en-US"},{"@type":"Organization","@id":"https:\/\/www.etran.rs\/2024\/#organization","name":"ETRAN Society","url":"https:\/\/www.etran.rs\/2024\/","logo":{"@type":"ImageObject","inLanguage":"en-US","@id":"https:\/\/www.etran.rs\/2024\/#\/schema\/logo\/image\/","url":"https:\/\/www.etran.rs\/2024\/wp-content\/uploads\/2023\/05\/cropped-etrannovilogo-removebg-preview-e1684584979855.png","contentUrl":"https:\/\/www.etran.rs\/2024\/wp-content\/uploads\/2023\/05\/cropped-etrannovilogo-removebg-preview-e1684584979855.png","width":250,"height":54,"caption":"ETRAN Society"},"image":{"@id":"https:\/\/www.etran.rs\/2024\/#\/schema\/logo\/image\/"}}]}},"_links":{"self":[{"href":"https:\/\/www.etran.rs\/2024\/wp-json\/wp\/v2\/pages\/1426","targetHints":{"allow":["GET"]}}],"collection":[{"href":"https:\/\/www.etran.rs\/2024\/wp-json\/wp\/v2\/pages"}],"about":[{"href":"https:\/\/www.etran.rs\/2024\/wp-json\/wp\/v2\/types\/page"}],"author":[{"embeddable":true,"href":"https:\/\/www.etran.rs\/2024\/wp-json\/wp\/v2\/users\/1"}],"replies":[{"embeddable":true,"href":"https:\/\/www.etran.rs\/2024\/wp-json\/wp\/v2\/comments?post=1426"}],"version-history":[{"count":20,"href":"https:\/\/www.etran.rs\/2024\/wp-json\/wp\/v2\/pages\/1426\/revisions"}],"predecessor-version":[{"id":4537,"href":"https:\/\/www.etran.rs\/2024\/wp-json\/wp\/v2\/pages\/1426\/revisions\/4537"}],"wp:featuredmedia":[{"embeddable":true,"href":"https:\/\/www.etran.rs\/2024\/wp-json\/wp\/v2\/media\/4278"}],"wp:attachment":[{"href":"https:\/\/www.etran.rs\/2024\/wp-json\/wp\/v2\/media?parent=1426"}],"curies":[{"name":"wp","href":"https:\/\/api.w.org\/{rel}","templated":true}]}}