{"id":895,"date":"2021-11-23T17:05:10","date_gmt":"2021-11-23T17:05:10","guid":{"rendered":"https:\/\/www.etran.rs\/2021\/?page_id=895"},"modified":"2023-03-16T19:37:17","modified_gmt":"2023-03-16T19:37:17","slug":"committees","status":"publish","type":"page","link":"https:\/\/www.etran.rs\/2023\/en\/committees","title":{"rendered":"Committees"},"content":{"rendered":"\r\n<h3 class=\"wp-block-heading\"><\/h3>\r\n<h3 class=\"wp-block-heading\">\r\n\r\n<\/h3>\r\n<h4 class=\"wp-block-heading\">Chairs:<\/h4>\r\n<p><strong>Prof. Vladimir Kati\u0107<\/strong>, Novi Sad, Serbia<\/p>\r\n<p><strong>Prof. Bo\u017eidar Popovi\u0107<\/strong>, East Sarajevo, Bosnia\u00a0and\u00a0Herzegovina<\/p>\r\n<h4>Co-Chair:<\/h4>\r\n<h3>\r\n\r\n<\/h3>\r\n<p><strong>Academician,\u00a0Prof.\u00a0Slobodan\u00a0Vukosavic<\/strong>,\u00a0Belgrade,\u00a0Serbia<\/p>\r\n<hr \/>\r\n<h4>Program\u00a0Chairs\u00a0(Technical\u00a0Chairs):<\/h4>\r\n<p><strong>Prof. Platon Sovilj<\/strong>, Novi Sad, Serbia<\/p>\r\n<p><strong>Prof.\u00a0Mladen\u00a0Banjanin<\/strong>,\u00a0East\u00a0Sarajevo,\u00a0Bosnia\u00a0and\u00a0Herzegovina<\/p>\r\n<p>\u00a0<\/p>\r\n<h4>Program Co-chair:<\/h4>\r\n<p><strong>Prof. Aleksandra Smiljani\u0107<\/strong>, Belgrade, Serbia<\/p>\r\n<p>\u00a0<\/p>\r\n<h4><strong>Publication\u00a0Chair:<\/strong><br \/><br \/><strong>Prof.\u00a0Srdjan\u00a0Lale<\/strong>,\u00a0East\u00a0Sarajevo,\u00a0Bosnia\u00a0and\u00a0Herzegovina<\/h4>\r\n<hr \/>\r\n<h3>\r\n\r\n<\/h3>\r\n<h3 class=\"wp-block-heading\">International Scientific Committee IcETRAN 2023<\/h3>\r\n<h4>Members (preliminary list)<\/h4>\r\n<p>Prof Albena Paskaleva, Sofia, Bulgaria<\/p>\r\n<p>Prof. Alesandro Pizano, Calgari, Italy<\/p>\r\n<p>Academician SASA Antonije \u0110or\u0111evi\u0107, Belgrade, Serbia<\/p>\r\n<p>Prof. Branimir Reljin, Belgrade, Serbia<\/p>\r\n<p>Corresponding member SASA Branislav Jelenkovi\u0107, Belgrade, Serbia<\/p>\r\n<p>Principal Research Fellow Branko Matovi\u0107, Belgrade, Serbia<\/p>\r\n<p>Prof. Bratislav Milovanovi\u0107, Ni\u0161, Serbia<\/p>\r\n<p>Prof. Prof. Christos Mademlis, Thessaloniki, Greece<\/p>\r\n<p>Prof. Danijela Risti\u0107-Durrant, Bremen, Germany<\/p>\r\n<p>Research Associate Dragana Nikoli\u0107, Belgrade, Serbia<\/p>\r\n<p>Prof. Dragan Deni\u0107, Ni\u0161, Serbia<\/p>\r\n<p>Prof. Dragan Man\u010di\u0107, Ni\u0161, Serbia<\/p>\r\n<p>Prof. \u0110or\u0111e Jana\u0107kovi\u0107, Belgrade, Serbia<\/p>\r\n<p>Prof. \u0110ura\u0111 Budimir, London, England<\/p>\r\n<p>Prof. Emil Levi, Liverpul, England<\/p>\r\n<p>Prof. Emilia Ambrozini, Milan, Italy<\/p>\r\n<p>Prof. Franz Zotter, Graz, Austria<\/p>\r\n<p>Prof. Gyula Mester, Budapest, Hungary<\/p>\r\n<p>Prof. Gojko Joksimovi\u0107, Podgorica, Montenegro<\/p>\r\n<p>Prof. Guido Maione, Bari, Italy<\/p>\r\n<p>Prof. Helan Karatza, Thessaloniki, Greece<\/p>\r\n<p>Academician MASA Igor \u0110urovi\u0107, Podgorica, Montenegro<\/p>\r\n<p>Prof. Jozef Lacko, Budapest, Hungary<\/p>\r\n<p>Prof. Karsten Berns, Keiserslautern, Germany<\/p>\r\n<p>Prof. Miomir Miji\u0107, Belgrade, Serbia<\/p>\r\n<p>Prof. Miroslav Krsti\u0107, San Diego, California, USA<\/p>\r\n<p>Research Associate Neboj\u0161a Male\u0161evi\u0107, Lund, Sweden<\/p>\r\n<p>Prof. Neboj\u0161a Mitrovi\u0107, \u010ca\u010dak, Serbia<\/p>\r\n<p>Prof. Nikola Jorgovanovi\u0107, Novi Sad, Serbia<\/p>\r\n<p>Prof. Dr. Ovidiu Florin Caltun, Iasi, Romania<\/p>\r\n<p>Prof. Paul Sotiriadis, Athens, Greece<\/p>\r\n<p>Prof. Petar Uskokovi\u0107, Belgrade, Serbia<\/p>\r\n<p>Prof. Pasquale Daponte, Sania, Italy<\/p>\r\n<p>Prof. Predrag Petkovi\u0107, Ni\u0161, Serbia<\/p>\r\n<p>Principal Research Fellow Predrag Petrovi\u0107, Belgrade, Serbia<\/p>\r\n<p>Prof. R.E. Precup, Timisoara, Romania<\/p>\r\n<p>Prof. Rafael Dima, Lyon, France<\/p>\r\n<p>Prof. Romain Serizel, Vand\u0153uvre-l\u00e8s-Nancy, France<\/p>\r\n<p>Prof. Sanja Vrane\u0161, Belgrade, Serbia<\/p>\r\n<p>Academician SASA\u00a0Slobodan Vukosavi\u0107, Belgrade, Serbia<\/p>\r\n<p>Prof. Strahinja Do\u0161en, Aalborg, Denmark<\/p>\r\n<p>Prof. Theodore Laopoulos, Thessaloniki, Greece<\/p>\r\n<p>Corresponding member SASA Velimir Radmilovi\u0107, Belgrade, Serbia<\/p>\r\n<p>Prof. Veljko Potkonjak, Belgrade, Serbia<\/p>\r\n<p>Prof. Vincent Bonnet, Paris, France<\/p>\r\n<p>Prof. Vladimir Kati\u0107, Novi Sad, Serbia<\/p>\r\n<p>Prof. Vladimir Srdi\u0107, Novi Sad, Serbia<\/p>\r\n<p>Prof. Zora Konjovi\u0107, Novi Sad, Serbia<\/p>\r\n<p>Principal Research Fellow Zoran Jak\u0161i\u0107, Belgrade, Serbia<\/p>\r\n<p>Academician SASA Zoran Lj. Petrovi\u0107, Belgrade, Serbia<\/p>\r\n<p>Academician SASA Zoran Popovi\u0107, Belgrade, Serbia<\/p>\r\n<p>Prof. \u017deljko \u0110urovi\u0107, Belgrade, Serbia<\/p>\r\n<h3>\r\n\r\n<\/h3>\r\n<hr \/>\r\n<h3>Special Sessions Program Committee<\/h3>\r\n<p>Prof. dr Platon Sovilj, Novi Sad, Serbia<br \/>Prof. dr Aleksandra Smiljani\u0107, Belgrade, Serbia<br \/>Prof. dr \u0106emal Doli\u0107anin, Novi Pazar, Serbia<br \/>Prof. dr Neboj\u0161a Arsi\u0107, Kosovska Mitrovica, Serbia<br \/>Prof. dr Gyula Mester, Budapest, Hungary<br \/>Prof. dr Jelica Proti\u0107, Belgrade, Serbia<br \/>Prof. dr Vladimir Kati\u0107, Novi Sad, Serbia<br \/>Prof. dr Slobodan Vukosavi\u0107, Belgrade, Serbia<\/p>\r\n<hr \/>\r\n<p>Information\u00a0Contact:<br \/><br \/><strong>Mrs.\u00a0Mirjana\u00a0Jovanic<\/strong>,\u00a0Belgrade,\u00a0Serbia<br \/><br \/>Tresurer:<br \/><br \/><strong>Mr.\u00a0Zlatko\u00a0Jarnevic<\/strong>,\u00a0Belgrade,\u00a0Serbia.<\/p>\r\n<h3><strong>Support and Tech.<\/strong><\/h3>\r\n<p><strong>Support to promotion of the awarded papers<\/strong><\/p>\r\n<h3>\r\n\r\n<\/h3>\r\n<p><strong>Prof. Mili\u0107 \u0110eki\u0107<\/strong>, Faculty of Technical Science, \u010ca\u010dak, Serbia<\/p>\r\n<p><strong>Local Organizing Committee of IcETRAN 2023<\/strong><\/p>\r\n<p><strong>Prof. Bo\u017eidar Popovi\u0107, <\/strong>Faculty of Electrical Engineering, East Sarajevo, BiH<\/p>\r\n<h3>\r\n\r\n<\/h3>\r\n<h3>\r\n\r\n<\/h3>\r\n<p><strong>Program and Technical support<\/strong><\/p>\r\n<p><strong>Assoc. prof. dr Marko Rosi\u0107<\/strong>, Faculty of Technical Science, \u010ca\u010dak, Serbia<\/p>\r\n<p><strong>dr\u00a0 Du\u0161an Nikezi\u0107<\/strong>, Vin\u010da Institute of Nuclear Sciences, National Institute of Republic of Serbia, Belgrade, Serbia<\/p>\r\n<p><strong>Uzahir Ramadani<\/strong>, Vin\u010da Institute of Nuclear Sciences, National Institute of Republic of Serbia, Belgrade, Serbia<\/p>\r\n<p><strong>Aleksandar Ra\u0161kovi\u0107<\/strong>, Akademska misao, Belgrade, Serbia<\/p>\r\n<p><strong>Boban Miliji\u0107<\/strong>, Akademska misao, Belgrade, Serbia<\/p>\r\n<p><strong>Marko Vujadinovi\u0107<\/strong>, Akademska misao, Belgrade, Serbia<\/p>\r\n<h3>\r\n\r\n<\/h3>\r\n<p><strong>ICETRAN Secretariat<\/strong><\/p>\r\n<p><strong>Mrs.\u00a0Mirjana\u00a0Jovanic<\/strong>, ETRAN<\/p>\r\n<p><strong>Mr.\u00a0Zlatko\u00a0Jarnevic<\/strong>, ETRAN<\/p>\r\n<p>\u00a0<\/p>\r\n<h3>\r\n\r\n<\/h3>\r\n<h3>\r\n\r\n<\/h3>\r\n<h3><\/h3>","protected":false},"excerpt":{"rendered":"<p>Chairs: Prof. Vladimir Kati\u0107, Novi Sad, Serbia Prof. Bo\u017eidar Popovi\u0107, East Sarajevo, Bosnia\u00a0and\u00a0Herzegovina Co-Chair: Academician,\u00a0Prof.\u00a0Slobodan\u00a0Vukosavic,\u00a0Belgrade,\u00a0Serbia Program\u00a0Chairs\u00a0(Technical\u00a0Chairs): Prof. Platon Sovilj, Novi Sad, Serbia Prof.\u00a0Mladen\u00a0Banjanin,\u00a0East\u00a0Sarajevo,\u00a0Bosnia\u00a0and\u00a0Herzegovina \u00a0 Program Co-chair: Prof. Aleksandra Smiljani\u0107, Belgrade, Serbia \u00a0 Publication\u00a0Chair: Prof.\u00a0Srdjan\u00a0Lale,\u00a0East\u00a0Sarajevo,\u00a0Bosnia\u00a0and\u00a0Herzegovina International Scientific Committee IcETRAN 2023 Members (preliminary list) Prof Albena Paskaleva, Sofia, Bulgaria Prof. Alesandro Pizano, Calgari, Italy Academician SASA Antonije \u2026 <\/p>\n","protected":false},"author":1,"featured_media":0,"parent":0,"menu_order":0,"comment_status":"closed","ping_status":"closed","template":"","meta":{"_themeisle_gutenberg_block_has_review":false,"footnotes":""},"class_list":["post-895","page","type-page","status-publish","hentry"],"yoast_head":"<!-- This site is optimized with the Yoast SEO plugin v22.7 - https:\/\/yoast.com\/wordpress\/plugins\/seo\/ -->\n<title>Committees -<\/title>\n<meta name=\"robots\" content=\"index, follow, max-snippet:-1, max-image-preview:large, max-video-preview:-1\" \/>\n<link rel=\"canonical\" href=\"https:\/\/www.etran.rs\/2023\/en\/committees\" \/>\n<meta property=\"og:locale\" content=\"en_US\" \/>\n<meta property=\"og:type\" content=\"article\" \/>\n<meta property=\"og:title\" content=\"Committees -\" \/>\n<meta property=\"og:description\" content=\"Chairs: Prof. Vladimir Kati\u0107, Novi Sad, Serbia Prof. Bo\u017eidar Popovi\u0107, East Sarajevo, Bosnia\u00a0and\u00a0Herzegovina Co-Chair: Academician,\u00a0Prof.\u00a0Slobodan\u00a0Vukosavic,\u00a0Belgrade,\u00a0Serbia Program\u00a0Chairs\u00a0(Technical\u00a0Chairs): Prof. Platon Sovilj, Novi Sad, Serbia Prof.\u00a0Mladen\u00a0Banjanin,\u00a0East\u00a0Sarajevo,\u00a0Bosnia\u00a0and\u00a0Herzegovina \u00a0 Program Co-chair: Prof. Aleksandra Smiljani\u0107, Belgrade, Serbia \u00a0 Publication\u00a0Chair: Prof.\u00a0Srdjan\u00a0Lale,\u00a0East\u00a0Sarajevo,\u00a0Bosnia\u00a0and\u00a0Herzegovina International Scientific Committee IcETRAN 2023 Members (preliminary list) Prof Albena Paskaleva, Sofia, Bulgaria Prof. Alesandro Pizano, Calgari, Italy Academician SASA Antonije \u2026\" \/>\n<meta property=\"og:url\" content=\"https:\/\/www.etran.rs\/2023\/en\/committees\" \/>\n<meta property=\"article:modified_time\" content=\"2023-03-16T19:37:17+00:00\" \/>\n<meta name=\"twitter:card\" content=\"summary_large_image\" \/>\n<meta name=\"twitter:label1\" content=\"Est. reading time\" \/>\n\t<meta name=\"twitter:data1\" content=\"3 minutes\" \/>\n<script type=\"application\/ld+json\" class=\"yoast-schema-graph\">{\"@context\":\"https:\/\/schema.org\",\"@graph\":[{\"@type\":\"WebPage\",\"@id\":\"https:\/\/www.etran.rs\/2023\/en\/committees\",\"url\":\"https:\/\/www.etran.rs\/2023\/en\/committees\",\"name\":\"Committees -\",\"isPartOf\":{\"@id\":\"https:\/\/www.etran.rs\/2023\/#website\"},\"datePublished\":\"2021-11-23T17:05:10+00:00\",\"dateModified\":\"2023-03-16T19:37:17+00:00\",\"breadcrumb\":{\"@id\":\"https:\/\/www.etran.rs\/2023\/en\/committees#breadcrumb\"},\"inLanguage\":\"en-US\",\"potentialAction\":[{\"@type\":\"ReadAction\",\"target\":[\"https:\/\/www.etran.rs\/2023\/en\/committees\"]}]},{\"@type\":\"BreadcrumbList\",\"@id\":\"https:\/\/www.etran.rs\/2023\/en\/committees#breadcrumb\",\"itemListElement\":[{\"@type\":\"ListItem\",\"position\":1,\"name\":\"Home\",\"item\":\"https:\/\/www.etran.rs\/2023\/en\/home-english\"},{\"@type\":\"ListItem\",\"position\":2,\"name\":\"Committees\"}]},{\"@type\":\"WebSite\",\"@id\":\"https:\/\/www.etran.rs\/2023\/#website\",\"url\":\"https:\/\/www.etran.rs\/2023\/\",\"name\":\"\",\"description\":\"X IcETRAN Conference 2022 - East Sarajevo,Bosnia and Herzegovina, June 5-8, 2023.\",\"publisher\":{\"@id\":\"https:\/\/www.etran.rs\/2023\/#organization\"},\"potentialAction\":[{\"@type\":\"SearchAction\",\"target\":{\"@type\":\"EntryPoint\",\"urlTemplate\":\"https:\/\/www.etran.rs\/2023\/?s={search_term_string}\"},\"query-input\":\"required name=search_term_string\"}],\"inLanguage\":\"en-US\"},{\"@type\":\"Organization\",\"@id\":\"https:\/\/www.etran.rs\/2023\/#organization\",\"name\":\"ETRAN Society\",\"url\":\"https:\/\/www.etran.rs\/2023\/\",\"logo\":{\"@type\":\"ImageObject\",\"inLanguage\":\"en-US\",\"@id\":\"https:\/\/www.etran.rs\/2023\/#\/schema\/logo\/image\/\",\"url\":\"https:\/\/www.etran.rs\/2021\/wp-content\/uploads\/2021\/06\/ETRAN-logo.png\",\"contentUrl\":\"https:\/\/www.etran.rs\/2021\/wp-content\/uploads\/2021\/06\/ETRAN-logo.png\",\"width\":338,\"height\":89,\"caption\":\"ETRAN Society\"},\"image\":{\"@id\":\"https:\/\/www.etran.rs\/2023\/#\/schema\/logo\/image\/\"}}]}<\/script>\n<!-- \/ Yoast SEO plugin. -->","yoast_head_json":{"title":"Committees -","robots":{"index":"index","follow":"follow","max-snippet":"max-snippet:-1","max-image-preview":"max-image-preview:large","max-video-preview":"max-video-preview:-1"},"canonical":"https:\/\/www.etran.rs\/2023\/en\/committees","og_locale":"en_US","og_type":"article","og_title":"Committees -","og_description":"Chairs: Prof. Vladimir Kati\u0107, Novi Sad, Serbia Prof. Bo\u017eidar Popovi\u0107, East Sarajevo, Bosnia\u00a0and\u00a0Herzegovina Co-Chair: Academician,\u00a0Prof.\u00a0Slobodan\u00a0Vukosavic,\u00a0Belgrade,\u00a0Serbia Program\u00a0Chairs\u00a0(Technical\u00a0Chairs): Prof. Platon Sovilj, Novi Sad, Serbia Prof.\u00a0Mladen\u00a0Banjanin,\u00a0East\u00a0Sarajevo,\u00a0Bosnia\u00a0and\u00a0Herzegovina \u00a0 Program Co-chair: Prof. Aleksandra Smiljani\u0107, Belgrade, Serbia \u00a0 Publication\u00a0Chair: Prof.\u00a0Srdjan\u00a0Lale,\u00a0East\u00a0Sarajevo,\u00a0Bosnia\u00a0and\u00a0Herzegovina International Scientific Committee IcETRAN 2023 Members (preliminary list) Prof Albena Paskaleva, Sofia, Bulgaria Prof. Alesandro Pizano, Calgari, Italy Academician SASA Antonije \u2026","og_url":"https:\/\/www.etran.rs\/2023\/en\/committees","article_modified_time":"2023-03-16T19:37:17+00:00","twitter_card":"summary_large_image","twitter_misc":{"Est. reading time":"3 minutes"},"schema":{"@context":"https:\/\/schema.org","@graph":[{"@type":"WebPage","@id":"https:\/\/www.etran.rs\/2023\/en\/committees","url":"https:\/\/www.etran.rs\/2023\/en\/committees","name":"Committees -","isPartOf":{"@id":"https:\/\/www.etran.rs\/2023\/#website"},"datePublished":"2021-11-23T17:05:10+00:00","dateModified":"2023-03-16T19:37:17+00:00","breadcrumb":{"@id":"https:\/\/www.etran.rs\/2023\/en\/committees#breadcrumb"},"inLanguage":"en-US","potentialAction":[{"@type":"ReadAction","target":["https:\/\/www.etran.rs\/2023\/en\/committees"]}]},{"@type":"BreadcrumbList","@id":"https:\/\/www.etran.rs\/2023\/en\/committees#breadcrumb","itemListElement":[{"@type":"ListItem","position":1,"name":"Home","item":"https:\/\/www.etran.rs\/2023\/en\/home-english"},{"@type":"ListItem","position":2,"name":"Committees"}]},{"@type":"WebSite","@id":"https:\/\/www.etran.rs\/2023\/#website","url":"https:\/\/www.etran.rs\/2023\/","name":"","description":"X IcETRAN Conference 2022 - East Sarajevo,Bosnia and Herzegovina, June 5-8, 2023.","publisher":{"@id":"https:\/\/www.etran.rs\/2023\/#organization"},"potentialAction":[{"@type":"SearchAction","target":{"@type":"EntryPoint","urlTemplate":"https:\/\/www.etran.rs\/2023\/?s={search_term_string}"},"query-input":"required name=search_term_string"}],"inLanguage":"en-US"},{"@type":"Organization","@id":"https:\/\/www.etran.rs\/2023\/#organization","name":"ETRAN Society","url":"https:\/\/www.etran.rs\/2023\/","logo":{"@type":"ImageObject","inLanguage":"en-US","@id":"https:\/\/www.etran.rs\/2023\/#\/schema\/logo\/image\/","url":"https:\/\/www.etran.rs\/2021\/wp-content\/uploads\/2021\/06\/ETRAN-logo.png","contentUrl":"https:\/\/www.etran.rs\/2021\/wp-content\/uploads\/2021\/06\/ETRAN-logo.png","width":338,"height":89,"caption":"ETRAN Society"},"image":{"@id":"https:\/\/www.etran.rs\/2023\/#\/schema\/logo\/image\/"}}]}},"_links":{"self":[{"href":"https:\/\/www.etran.rs\/2023\/wp-json\/wp\/v2\/pages\/895","targetHints":{"allow":["GET"]}}],"collection":[{"href":"https:\/\/www.etran.rs\/2023\/wp-json\/wp\/v2\/pages"}],"about":[{"href":"https:\/\/www.etran.rs\/2023\/wp-json\/wp\/v2\/types\/page"}],"author":[{"embeddable":true,"href":"https:\/\/www.etran.rs\/2023\/wp-json\/wp\/v2\/users\/1"}],"replies":[{"embeddable":true,"href":"https:\/\/www.etran.rs\/2023\/wp-json\/wp\/v2\/comments?post=895"}],"version-history":[{"count":88,"href":"https:\/\/www.etran.rs\/2023\/wp-json\/wp\/v2\/pages\/895\/revisions"}],"predecessor-version":[{"id":3505,"href":"https:\/\/www.etran.rs\/2023\/wp-json\/wp\/v2\/pages\/895\/revisions\/3505"}],"wp:attachment":[{"href":"https:\/\/www.etran.rs\/2023\/wp-json\/wp\/v2\/media?parent=895"}],"curies":[{"name":"wp","href":"https:\/\/api.w.org\/{rel}","templated":true}]}}