{"id":2369,"date":"2022-03-23T00:40:31","date_gmt":"2022-03-23T00:40:31","guid":{"rendered":"https:\/\/www.etran.rs\/2022\/?page_id=2369"},"modified":"2022-05-13T12:09:18","modified_gmt":"2022-05-13T12:09:18","slug":"invited-papers","status":"publish","type":"page","link":"https:\/\/www.etran.rs\/2023\/en\/invited-papers","title":{"rendered":"INVITED PAPERS"},"content":{"rendered":"<p><strong>Acoustics (AK)<\/strong><br \/>\n<a href=\"https:\/\/www.etran.rs\/2022\/en\/jesus-carbajo-san-martin-recent-advances-on-perforated-panels-for-sound-absorption-applications\/\">Jesus Cabajo San Martin,<\/a><br \/>\n<a href=\"https:\/\/www.etran.rs\/2022\/en\/jesus-carbajo-san-martin-recent-advances-on-perforated-panels-for-sound-absorption-applications\/\">Department of Physics, Systems Engineering and Signal Theory at University of Alicante, San Vincente del Raspeig-Alicante, Spain<\/a><br \/>\n<a href=\"https:\/\/www.etran.rs\/2022\/en\/jesus-carbajo-san-martin-recent-advances-on-perforated-panels-for-sound-absorption-applications\/\">\u201cRecent advances on perforated panels for sound absorption applications\u201d<\/a><\/p>\n<p>\u00a0<\/p>\n<p><strong>Antenas and propagation (AP)<\/strong><br \/>\n<a href=\"https:\/\/www.etran.rs\/2022\/en\/marija-nikolic-stevanovic-application-of-microwave-imaging-for-brain-diagnostics\/\">Marija Nikoli\u0107 Stevanovi\u0107, Tushar Singh, Branislav Ninkovi\u0107, Darko Ninkovi\u0107, Miodrag Tasi\u0107, Branko Kolundzija,<\/a><br \/>\n<a href=\"https:\/\/www.etran.rs\/2022\/en\/marija-nikolic-stevanovic-application-of-microwave-imaging-for-brain-diagnostics\/\">University of Belgrade, School of Electrical Engineering, Belgrade, Serbia, \/WIPL-D d.o.o, Belgrade, Serbia<\/a><br \/>\n<a href=\"https:\/\/www.etran.rs\/2022\/en\/marija-nikolic-stevanovic-application-of-microwave-imaging-for-brain-diagnostics\/\">\u201cApplication of Microwave imaging for Brain Diagnostics\u201d<\/a><\/p>\n<p>\u00a0<\/p>\n<p><strong>Biomedical Engineering (BT)<\/strong><br \/>\n<a href=\"https:\/\/www.etran.rs\/2022\/en\/christine-azevedo-coste-agilis-restoring-functional-grasping-in-individuals-with-tetraplegy-using-epineural-electrodes\/\">Dr Christine Azevedo Coste<\/a><br \/>\n<a href=\"https:\/\/www.etran.rs\/2022\/en\/christine-azevedo-coste-agilis-restoring-functional-grasping-in-individuals-with-tetraplegy-using-epineural-electrodes\/\">National Institute of Research in Digital Science and Technology, France<\/a><br \/>\n<a href=\"https:\/\/www.etran.rs\/2022\/en\/christine-azevedo-coste-agilis-restoring-functional-grasping-in-individuals-with-tetraplegy-using-epineural-electrodes\/\">\u201cAGILIS: Restoring functional grasping in individuals with tetraplegy using epineural electrodes\u201d<\/a><\/p>\n<p><b>Power Engineering (\u0415\u0415)<\/b><br \/>\n<a href=\"https:\/\/www.etran.rs\/2022\/en\/dragana-naumovic-vukovic-overview-of-measuring-methods-and-equipment-for-calibration-of-instrument-transformers\/\">Dragana Naumovi\u0107-Vukovi\u0107<\/a><br \/>\n<a href=\"https:\/\/www.etran.rs\/2022\/en\/dragana-naumovic-vukovic-overview-of-measuring-methods-and-equipment-for-calibration-of-instrument-transformers\/\">Electrical Engineering Institute Nikola Tesla, Belgrade, Serbia<\/a><br \/>\n<a href=\"https:\/\/www.etran.rs\/2022\/en\/dragana-naumovic-vukovic-overview-of-measuring-methods-and-equipment-for-calibration-of-instrument-transformers\/\">\u201cOverview of measuring methods and equipment for calibration of instrument transformers\u201d<\/a><\/p>\n<p><strong>Metrology (ML)<\/strong><br \/>\nProf. dr Marjan Urekar,<br \/>\nUniversity of Novi Sad, Faculty of Technical Sciences,<br \/>\n\u201cMetrologija u konceptu Industrija 4.0\u201d<\/p>\n<p>\u00a0<\/p>\n<p><strong>Microelectronics and optoelectronics (MO)<\/strong><br \/>\n<a href=\"https:\/\/www.etran.rs\/2022\/jovan-setrajcic-osnovi-teorije-diferencnih-jednacina-sa-primenom-na-analizu-svojstava-nanostruktura\/\">Akademik, prof. dr Jovan \u0160etraj\u010di\u0107,<\/a><br \/>\n<a href=\"https:\/\/www.etran.rs\/2022\/jovan-setrajcic-osnovi-teorije-diferencnih-jednacina-sa-primenom-na-analizu-svojstava-nanostruktura\/\"><span dir=\"ltr\" role=\"presentation\">Akademija nauka i umjetnosti Republike Srpske<\/span> <span dir=\"ltr\" role=\"presentation\">(<\/span><span dir=\"ltr\" role=\"presentation\">ANURS<\/span><span dir=\"ltr\" role=\"presentation\">),<\/span> <span dir=\"ltr\" role=\"presentation\">Banja Luka<\/span><span dir=\"ltr\" role=\"presentation\">,<\/span><span dir=\"ltr\" role=\"presentation\">Republika Srpska \u2010 BiH<\/span><\/a><br \/>\n<a href=\"https:\/\/www.etran.rs\/2022\/jovan-setrajcic-osnovi-teorije-diferencnih-jednacina-sa-primenom-na-analizu-svojstava-nanostruktura\/\">\u201cTeorija diferencnih jedna\u010dina sa primenom na analizu svojstava nanostruktura\u201d<\/a><\/p>\n<p>\u00a0<\/p>\n<p><strong>Computing and information engineering (RT)<\/strong><br \/>\n<a href=\"https:\/\/www.etran.rs\/2022\/en\/zaharije-radivojevic-determining-the-similarity-of-software-code\/\">Prof.dr Zaharije Radivojevi\u0107 and Prof.dr Milo\u0161 Cvetanovi\u0107<\/a><br \/>\n<a href=\"https:\/\/www.etran.rs\/2022\/en\/zaharije-radivojevic-determining-the-similarity-of-software-code\/\">Univerzitet u Beogradu, ELektrotehnicki fakultet, Beograd, Srbija<\/a><br \/>\n<a href=\"https:\/\/www.etran.rs\/2022\/en\/zaharije-radivojevic-determining-the-similarity-of-software-code\/\">\u201cUtvrdjivanje sli\u010dnosti softverskog koda\u201d<\/a><\/p>\n<p>\u00a0<\/p>\n<p><strong>Robotics and flexible automation (RO)<\/strong><br \/>\n<a href=\"https:\/\/www.etran.rs\/2022\/en\/adriano-fagiolini-robust-control-and-estimation-of-soft-robots\/\">Dr Adriano Fagiolini<\/a><br \/>\n<a href=\"https:\/\/www.etran.rs\/2022\/wp-admin\/post.php?post=2766&action=edit\">University of Palermo,Italy<\/a><br \/>\n<a href=\"https:\/\/www.etran.rs\/2022\/wp-admin\/post.php?post=2766&action=edit\">\u201cAdaptive control and learning for soft robots\u201d<\/a><\/p>\n<p>\u00a0<\/p>\n<p><strong>Artificial Inteligence (AI)<\/strong><br \/>\n<a href=\"https:\/\/www.etran.rs\/2022\/en\/miljan-vucetic-vestacka-inteligencija-tehnoloski-iskorak-u-razvoju-inovativnih-proizvoda-instituta-vlatacom\/\">Prof.dr Miljan Vu\u010deti\u0107<\/a><br \/>\n<a href=\"https:\/\/www.etran.rs\/2022\/en\/miljan-vucetic-vestacka-inteligencija-tehnoloski-iskorak-u-razvoju-inovativnih-proizvoda-instituta-vlatacom\/\">Vlatacom i Univerzitet Singidunum, Beograd, Srbija<\/a><br \/>\n<a href=\"https:\/\/www.etran.rs\/2022\/en\/miljan-vucetic-vestacka-inteligencija-tehnoloski-iskorak-u-razvoju-inovativnih-proizvoda-instituta-vlatacom\/\">\u201cVe\u0161ta\u010dka inteligencija-tehnolo\u0161ki iskorak u razvoju inovativnih re\u0161enja\u201d<\/a><\/p>\n<p>\u00a0<\/p>\n<p><strong>New Materials (NM)<\/strong><br \/>\n<a href=\"https:\/\/www.etran.rs\/2022\/en\/nebojsa-labus-sintering-and-phase-transition-of-the-zntio3-nano-powder-dilatometric-data-deconvolution\/\">Neboj\u0161a Labus, Milena Rosi\u0107, Smilja Markovi\u0107, Maria Vesna Nikoli\u0107<\/a><br \/>\n<a href=\"https:\/\/www.etran.rs\/2022\/en\/nebojsa-labus-sintering-and-phase-transition-of-the-zntio3-nano-powder-dilatometric-data-deconvolution\/\">\u201cSintering and Phase Transition of the ZnTiO<sub>3<\/sub> Nano Powder Dilatometric Data Deconvolution\u201c<\/a><\/p>\n<p>\u00a0<\/p>\n<p><strong><span dir=\"ltr\" role=\"presentation\">Sessions<\/span> <span dir=\"ltr\" role=\"presentation\">Topics<\/span><\/strong><br role=\"presentation\" \/><span dir=\"ltr\" role=\"presentation\">Acoustics<\/span> <span dir=\"ltr\" role=\"presentation\">(AK)<\/span><br role=\"presentation\" \/><span dir=\"ltr\" role=\"presentation\">\u201eSoundscape<\/span> <span dir=\"ltr\" role=\"presentation\">Identity<\/span> <span dir=\"ltr\" role=\"presentation\">of<\/span> <span dir=\"ltr\" role=\"presentation\">Serbian<\/span> <span dir=\"ltr\" role=\"presentation\">Sacral<\/span> <span dir=\"ltr\" role=\"presentation\">Space\u201c<\/span><\/p>\n","protected":false},"excerpt":{"rendered":"<p>Acoustics (AK) Jesus Cabajo San Martin, Department of Physics, Systems Engineering and Signal Theory at University of Alicante, San Vincente del Raspeig-Alicante, Spain \u201cRecent advances on perforated panels for sound absorption applications\u201d \u00a0 Antenas and propagation (AP) Marija Nikoli\u0107 Stevanovi\u0107, Tushar Singh, Branislav Ninkovi\u0107, Darko Ninkovi\u0107, Miodrag Tasi\u0107, Branko Kolundzija, University of Belgrade, School of \u2026 <\/p>\n","protected":false},"author":1,"featured_media":0,"parent":0,"menu_order":0,"comment_status":"closed","ping_status":"closed","template":"","meta":{"_themeisle_gutenberg_block_has_review":false,"footnotes":""},"class_list":["post-2369","page","type-page","status-publish","hentry"],"yoast_head":"<!-- This site is optimized with the Yoast SEO plugin v22.7 - https:\/\/yoast.com\/wordpress\/plugins\/seo\/ -->\n<title>INVITED PAPERS -<\/title>\n<meta name=\"robots\" content=\"index, follow, max-snippet:-1, max-image-preview:large, max-video-preview:-1\" \/>\n<link rel=\"canonical\" href=\"https:\/\/www.etran.rs\/2023\/en\/invited-papers\" \/>\n<meta property=\"og:locale\" content=\"en_US\" \/>\n<meta property=\"og:type\" content=\"article\" \/>\n<meta property=\"og:title\" content=\"INVITED PAPERS -\" \/>\n<meta property=\"og:description\" content=\"Acoustics (AK) Jesus Cabajo San Martin, Department of Physics, Systems Engineering and Signal Theory at University of Alicante, San Vincente del Raspeig-Alicante, Spain \u201cRecent advances on perforated panels for sound absorption applications\u201d \u00a0 Antenas and propagation (AP) Marija Nikoli\u0107 Stevanovi\u0107, Tushar Singh, Branislav Ninkovi\u0107, Darko Ninkovi\u0107, Miodrag Tasi\u0107, Branko Kolundzija, University of Belgrade, School of \u2026\" \/>\n<meta property=\"og:url\" content=\"https:\/\/www.etran.rs\/2023\/en\/invited-papers\" \/>\n<meta property=\"article:modified_time\" content=\"2022-05-13T12:09:18+00:00\" \/>\n<meta name=\"twitter:card\" content=\"summary_large_image\" \/>\n<meta name=\"twitter:label1\" content=\"Est. reading time\" \/>\n\t<meta name=\"twitter:data1\" content=\"2 minutes\" \/>\n<script type=\"application\/ld+json\" class=\"yoast-schema-graph\">{\"@context\":\"https:\/\/schema.org\",\"@graph\":[{\"@type\":\"WebPage\",\"@id\":\"https:\/\/www.etran.rs\/2023\/en\/invited-papers\",\"url\":\"https:\/\/www.etran.rs\/2023\/en\/invited-papers\",\"name\":\"INVITED PAPERS -\",\"isPartOf\":{\"@id\":\"https:\/\/www.etran.rs\/2023\/#website\"},\"datePublished\":\"2022-03-23T00:40:31+00:00\",\"dateModified\":\"2022-05-13T12:09:18+00:00\",\"breadcrumb\":{\"@id\":\"https:\/\/www.etran.rs\/2023\/en\/invited-papers#breadcrumb\"},\"inLanguage\":\"en-US\",\"potentialAction\":[{\"@type\":\"ReadAction\",\"target\":[\"https:\/\/www.etran.rs\/2023\/en\/invited-papers\"]}]},{\"@type\":\"BreadcrumbList\",\"@id\":\"https:\/\/www.etran.rs\/2023\/en\/invited-papers#breadcrumb\",\"itemListElement\":[{\"@type\":\"ListItem\",\"position\":1,\"name\":\"Home\",\"item\":\"https:\/\/www.etran.rs\/2023\/en\/home-english\"},{\"@type\":\"ListItem\",\"position\":2,\"name\":\"INVITED PAPERS\"}]},{\"@type\":\"WebSite\",\"@id\":\"https:\/\/www.etran.rs\/2023\/#website\",\"url\":\"https:\/\/www.etran.rs\/2023\/\",\"name\":\"\",\"description\":\"X IcETRAN Conference 2022 - East Sarajevo,Bosnia and Herzegovina, June 5-8, 2023.\",\"publisher\":{\"@id\":\"https:\/\/www.etran.rs\/2023\/#organization\"},\"potentialAction\":[{\"@type\":\"SearchAction\",\"target\":{\"@type\":\"EntryPoint\",\"urlTemplate\":\"https:\/\/www.etran.rs\/2023\/?s={search_term_string}\"},\"query-input\":\"required name=search_term_string\"}],\"inLanguage\":\"en-US\"},{\"@type\":\"Organization\",\"@id\":\"https:\/\/www.etran.rs\/2023\/#organization\",\"name\":\"ETRAN Society\",\"url\":\"https:\/\/www.etran.rs\/2023\/\",\"logo\":{\"@type\":\"ImageObject\",\"inLanguage\":\"en-US\",\"@id\":\"https:\/\/www.etran.rs\/2023\/#\/schema\/logo\/image\/\",\"url\":\"https:\/\/www.etran.rs\/2021\/wp-content\/uploads\/2021\/06\/ETRAN-logo.png\",\"contentUrl\":\"https:\/\/www.etran.rs\/2021\/wp-content\/uploads\/2021\/06\/ETRAN-logo.png\",\"width\":338,\"height\":89,\"caption\":\"ETRAN Society\"},\"image\":{\"@id\":\"https:\/\/www.etran.rs\/2023\/#\/schema\/logo\/image\/\"}}]}<\/script>\n<!-- \/ Yoast SEO plugin. -->","yoast_head_json":{"title":"INVITED PAPERS -","robots":{"index":"index","follow":"follow","max-snippet":"max-snippet:-1","max-image-preview":"max-image-preview:large","max-video-preview":"max-video-preview:-1"},"canonical":"https:\/\/www.etran.rs\/2023\/en\/invited-papers","og_locale":"en_US","og_type":"article","og_title":"INVITED PAPERS -","og_description":"Acoustics (AK) Jesus Cabajo San Martin, Department of Physics, Systems Engineering and Signal Theory at University of Alicante, San Vincente del Raspeig-Alicante, Spain \u201cRecent advances on perforated panels for sound absorption applications\u201d \u00a0 Antenas and propagation (AP) Marija Nikoli\u0107 Stevanovi\u0107, Tushar Singh, Branislav Ninkovi\u0107, Darko Ninkovi\u0107, Miodrag Tasi\u0107, Branko Kolundzija, University of Belgrade, School of \u2026","og_url":"https:\/\/www.etran.rs\/2023\/en\/invited-papers","article_modified_time":"2022-05-13T12:09:18+00:00","twitter_card":"summary_large_image","twitter_misc":{"Est. reading time":"2 minutes"},"schema":{"@context":"https:\/\/schema.org","@graph":[{"@type":"WebPage","@id":"https:\/\/www.etran.rs\/2023\/en\/invited-papers","url":"https:\/\/www.etran.rs\/2023\/en\/invited-papers","name":"INVITED PAPERS -","isPartOf":{"@id":"https:\/\/www.etran.rs\/2023\/#website"},"datePublished":"2022-03-23T00:40:31+00:00","dateModified":"2022-05-13T12:09:18+00:00","breadcrumb":{"@id":"https:\/\/www.etran.rs\/2023\/en\/invited-papers#breadcrumb"},"inLanguage":"en-US","potentialAction":[{"@type":"ReadAction","target":["https:\/\/www.etran.rs\/2023\/en\/invited-papers"]}]},{"@type":"BreadcrumbList","@id":"https:\/\/www.etran.rs\/2023\/en\/invited-papers#breadcrumb","itemListElement":[{"@type":"ListItem","position":1,"name":"Home","item":"https:\/\/www.etran.rs\/2023\/en\/home-english"},{"@type":"ListItem","position":2,"name":"INVITED PAPERS"}]},{"@type":"WebSite","@id":"https:\/\/www.etran.rs\/2023\/#website","url":"https:\/\/www.etran.rs\/2023\/","name":"","description":"X IcETRAN Conference 2022 - East Sarajevo,Bosnia and Herzegovina, June 5-8, 2023.","publisher":{"@id":"https:\/\/www.etran.rs\/2023\/#organization"},"potentialAction":[{"@type":"SearchAction","target":{"@type":"EntryPoint","urlTemplate":"https:\/\/www.etran.rs\/2023\/?s={search_term_string}"},"query-input":"required name=search_term_string"}],"inLanguage":"en-US"},{"@type":"Organization","@id":"https:\/\/www.etran.rs\/2023\/#organization","name":"ETRAN Society","url":"https:\/\/www.etran.rs\/2023\/","logo":{"@type":"ImageObject","inLanguage":"en-US","@id":"https:\/\/www.etran.rs\/2023\/#\/schema\/logo\/image\/","url":"https:\/\/www.etran.rs\/2021\/wp-content\/uploads\/2021\/06\/ETRAN-logo.png","contentUrl":"https:\/\/www.etran.rs\/2021\/wp-content\/uploads\/2021\/06\/ETRAN-logo.png","width":338,"height":89,"caption":"ETRAN Society"},"image":{"@id":"https:\/\/www.etran.rs\/2023\/#\/schema\/logo\/image\/"}}]}},"_links":{"self":[{"href":"https:\/\/www.etran.rs\/2023\/wp-json\/wp\/v2\/pages\/2369","targetHints":{"allow":["GET"]}}],"collection":[{"href":"https:\/\/www.etran.rs\/2023\/wp-json\/wp\/v2\/pages"}],"about":[{"href":"https:\/\/www.etran.rs\/2023\/wp-json\/wp\/v2\/types\/page"}],"author":[{"embeddable":true,"href":"https:\/\/www.etran.rs\/2023\/wp-json\/wp\/v2\/users\/1"}],"replies":[{"embeddable":true,"href":"https:\/\/www.etran.rs\/2023\/wp-json\/wp\/v2\/comments?post=2369"}],"version-history":[{"count":14,"href":"https:\/\/www.etran.rs\/2023\/wp-json\/wp\/v2\/pages\/2369\/revisions"}],"predecessor-version":[{"id":2772,"href":"https:\/\/www.etran.rs\/2023\/wp-json\/wp\/v2\/pages\/2369\/revisions\/2772"}],"wp:attachment":[{"href":"https:\/\/www.etran.rs\/2023\/wp-json\/wp\/v2\/media?parent=2369"}],"curies":[{"name":"wp","href":"https:\/\/api.w.org\/{rel}","templated":true}]}}