{"id":2307,"date":"2021-06-14T22:23:30","date_gmt":"2021-06-14T22:23:30","guid":{"rendered":"https:\/\/www.etran.rs\/2022\/?page_id=2307"},"modified":"2023-03-21T17:59:22","modified_gmt":"2023-03-21T17:59:22","slug":"best-paper-awards","status":"publish","type":"page","link":"https:\/\/www.etran.rs\/2023\/en\/best-paper-awards","title":{"rendered":"Best paper Awards"},"content":{"rendered":"<p align=\"justify\">ETRAN society\u00a0<strong>awards the best paper in each section\u00a0<\/strong>for both ETRAN and IcETRAN conferences. All the papers that were accepted and presented either within oral or poster sessions are eligible for the award. The decision is drawn by the Conference Scientific Board based on the proposals from each the Sessions Chairs in each Section. Sessions chairs may decide not to submit any proposal.<\/p>\n<p align=\"justify\">All the authors of the winning papers share the award equally. The authors are solemnly awarded their ETRAN Society Diploma.<\/p>\n<p align=\"justify\">The authors of awarded papers are invited to submit a modified version of the manuscript for publishing in scientific journals that cooperate with ETRAN society. Each of these journals carries out the usual review of the submitted manuscripts.<\/p>\n<hr \/>\n<p align=\"justify\">ETRAN society awards\u00a0<strong>the best paper submitted by a young researcher<\/strong><span class=\"exponent\">1<\/span>\u00a0in each section of both ETRAN and IcETRAN conferences. The decision is drawn by the Conference Scientific Board based on the proposals by the Sessions Chairs on each Section. The young researcher awardees need to be the primary authors of the papers which they presented in person within an oral or poster session.<\/p>\n<p align=\"justify\">The awarded author is solemnly presented with his\/her ETRAN Society Diploma during the opening session of the next conference. Each of awarded young researcher also obtains one-day free accommodation at the next annual ETRAN meeting, with the purpose of assisting his\/her participation in the opening ceremony. The awarded young investigator, who presents the paper at the subsequent annual conference, does not have to pay the conference fee. This benefit is not transferable.<\/p>\n<p align=\"justify\">Each of awarded young researchers is invited to submit a modified version of the manuscript to the Serbian Journal of Electrical Engineering. The journal carries out the usual review of the submitted manuscripts.<\/p>\n<p align=\"justify\">The awarded young researchers have the option to publish for free an extended version of their conference paper in a special issue of the science journal\u00a0<em>Serbian Journal of Electrical Engineering<\/em>.<\/p>\n<p><span dir=\"ltr\" role=\"presentation\">The<\/span> <span dir=\"ltr\" role=\"presentation\">authors<\/span> <span dir=\"ltr\" role=\"presentation\">of<\/span> <span dir=\"ltr\" role=\"presentation\">the<\/span> <span dir=\"ltr\" role=\"presentation\">awarded<\/span> <span dir=\"ltr\" role=\"presentation\">papers<\/span> <span dir=\"ltr\" role=\"presentation\">are<\/span> <span dir=\"ltr\" role=\"presentation\">invited<\/span> <span dir=\"ltr\" role=\"presentation\">to<\/span> <span dir=\"ltr\" role=\"presentation\">submit<\/span> <span dir=\"ltr\" role=\"presentation\">a<\/span> <span dir=\"ltr\" role=\"presentation\">modified<\/span> <span dir=\"ltr\" role=\"presentation\">version<\/span> <span dir=\"ltr\" role=\"presentation\">of<\/span> <span dir=\"ltr\" role=\"presentation\">the<\/span> <span dir=\"ltr\" role=\"presentation\">manuscript<\/span> <span dir=\"ltr\" role=\"presentation\">for<\/span> <span dir=\"ltr\" role=\"presentation\">publication<\/span> <span dir=\"ltr\" role=\"presentation\">in<\/span> <span dir=\"ltr\" role=\"presentation\">Science <\/span><span dir=\"ltr\" role=\"presentation\">Internatinal<\/span> <span dir=\"ltr\" role=\"presentation\">journals<\/span> <span dir=\"ltr\" role=\"presentation\">that<\/span> <span dir=\"ltr\" role=\"presentation\">cooperate<\/span> <span dir=\"ltr\" role=\"presentation\">with<\/span> <span dir=\"ltr\" role=\"presentation\">ETRAN<\/span> <span dir=\"ltr\" role=\"presentation\">society:<\/span><\/p>\n<ul>\n<li>\u00a0<span dir=\"ltr\" role=\"presentation\">Science<\/span> <span dir=\"ltr\" role=\"presentation\">of<\/span> <span dir=\"ltr\" role=\"presentation\">Sintering,<\/span> <span dir=\"ltr\" role=\"presentation\">http:\/\/ojs.itn.sanu.ac.rs,<\/span> <span dir=\"ltr\" role=\"presentation\">Publisher<\/span> <span dir=\"ltr\" role=\"presentation\">ETRAN,<\/span> <span dir=\"ltr\" role=\"presentation\">(Web<\/span> <span dir=\"ltr\" role=\"presentation\">of<\/span> <span dir=\"ltr\" role=\"presentation\">Science,<\/span> <span dir=\"ltr\" role=\"presentation\">Scopus,<\/span> <span dir=\"ltr\" role=\"presentation\">Crossref,<\/span> <span dir=\"ltr\" role=\"presentation\">DOAJ;<\/span> <span dir=\"ltr\" role=\"presentation\">SJR <\/span><span dir=\"ltr\" role=\"presentation\">rank:Q2\/Q3;MPNTR<\/span> <span dir=\"ltr\" role=\"presentation\">Srbije,<\/span> <span dir=\"ltr\" role=\"presentation\">rank:<\/span> <span dir=\"ltr\" role=\"presentation\">M22\/23)<\/span><\/li>\n<li><span dir=\"ltr\" role=\"presentation\">Serbian<\/span> <span dir=\"ltr\" role=\"presentation\">Journal<\/span> <span dir=\"ltr\" role=\"presentation\">of<\/span> <span dir=\"ltr\" role=\"presentation\">Electrical<\/span> <span dir=\"ltr\" role=\"presentation\">Engineering<\/span> <span dir=\"ltr\" role=\"presentation\">http:\/\/www.journal.ftn.kg.ac.rs\/<\/span> <span dir=\"ltr\" role=\"presentation\">(Scopus,<\/span> <span dir=\"ltr\" role=\"presentation\">Crossref,<\/span> <span dir=\"ltr\" role=\"presentation\">DOAJ,<\/span> <span dir=\"ltr\" role=\"presentation\">SIR<\/span> <span dir=\"ltr\" role=\"presentation\">rank\/Q4, <\/span><span dir=\"ltr\" role=\"presentation\">MPNTR<\/span> <span dir=\"ltr\" role=\"presentation\">Srbije<\/span> <span dir=\"ltr\" role=\"presentation\">rank<\/span> <span dir=\"ltr\" role=\"presentation\">M24)<\/span>;<\/li>\n<li><span dir=\"ltr\" role=\"presentation\">Electronics<\/span> <span dir=\"ltr\" role=\"presentation\">Journal<\/span> <span dir=\"ltr\" role=\"presentation\">http\/\/els<\/span><span dir=\"ltr\" role=\"presentation\">\u2010<\/span><span dir=\"ltr\" role=\"presentation\">journal.etf.unibl.org\/<\/span> <span dir=\"ltr\" role=\"presentation\">(Scopus,<\/span> <span dir=\"ltr\" role=\"presentation\">DOAJ,<\/span> <span dir=\"ltr\" role=\"presentation\">SIR<\/span> <span dir=\"ltr\" role=\"presentation\">rank\/Q4);<\/span><\/li>\n<li><span dir=\"ltr\" role=\"presentation\">Facta<\/span> <span dir=\"ltr\" role=\"presentation\">Universitatis,<\/span> <span dir=\"ltr\" role=\"presentation\">Series:<\/span> <span dir=\"ltr\" role=\"presentation\">Electronics<\/span> <span dir=\"ltr\" role=\"presentation\">and<\/span> <span dir=\"ltr\" role=\"presentation\">Energetics<\/span> <span dir=\"ltr\" role=\"presentation\">http:\/\/casopisi.junis.ni.ac.rs\/Index.php\/FUElectEnerg<\/span> <span dir=\"ltr\" role=\"presentation\">(Scopus, <\/span><span dir=\"ltr\" role=\"presentation\">Crossref,<\/span> <span dir=\"ltr\" role=\"presentation\">DOAJ;SJR<\/span> <span dir=\"ltr\" role=\"presentation\">rank:Q4;<\/span> <span dir=\"ltr\" role=\"presentation\">MPNTR<\/span> <span dir=\"ltr\" role=\"presentation\">Srbije,<\/span> <span dir=\"ltr\" role=\"presentation\">rank:M24)<\/span><\/li>\n<\/ul>\n<hr \/>\n<p align=\"justify\">For the awarded authors to make the most of these benefits, it is necessary to get in touch with ETRAN Secretary Ms. Mirjana Jovani\u0107.<\/p>\n<p class=\"footnote\" align=\"justify\"><sup><span class=\"exponent\">1<\/span><\/sup>\u00a0<strong>Young researcher<\/strong> is a student enrolled in an academic bachelor program (younger than 25 in 2023), master program (younger than 27 in 2023), PhD program or has a PhD degree (younger than 40 years in 2023). The relevant information has to be specified while registering and submitting the manuscript.<\/p>\n<p align=\"justify\">\n<h1 class=\"page-title\">List of award-winning authors at the IcETRAN 2022 conference<\/h1>\n<div class=\"entry-content\">\n<p><strong>YOUNG AUTHOR \u2013 IcETRAN<\/strong><\/p>\n<p>The best paper by a young author, EEI<\/p>\n<p>Aldin Kajevi\u0107 Gojko Joksimovi\u0107<\/p>\n<p>DAMPER WINDING INDUCTANCES CALCULATION BY WINDING FUNCTION APPROACH<\/p>\n<p>The best paper by a young author, EKI<\/p>\n<p>Marta Mirkov, Ana Gavrovska<\/p>\n<p>APPLICATION OF BAYES AND KNN CLASSIFIERS IN TUMOR DETECTION FROM BRAIN MRI IMAGES<\/p>\n<p>The best paper by a young author, MOI<\/p>\n<p>Stefan Ili\u0107, Milija Sarajli\u0107, Dana Vasiljevi\u0107-Radovi\u0107, Marko Andjelkovi\u0107, Alberto J. Palma, Russell Duane and Goran Risti\u0107<\/p>\n<p>ELECTRICALLY PROGRAMMABLE ANALOG DEVICE AS AN ULTRAVIOLET LIGHT SENSOR<\/p>\n<p>The best paper by a young author, MTI<\/p>\n<p>Ana \u0106upurdija, Slobodan Savi\u0107<\/p>\n<p>COST-EFFECTIVE STANDING WAVE RATIO METER<\/p>\n<p>The best paper by a young author, NMI<\/p>\n<p>Mehrija Hasi\u010di\u0107, Aphrodite Ktena and Jasna Hivziefendic<\/p>\n<p>STUDY OF THE EFFECT OF MICROSTRUCTURE AND MAGNETIC TEXTURE ON MAJOR LOOP PHENOMENOLOGY USING OOMMF<\/p>\n<p>The best paper by a young author, RTI<\/p>\n<p>Nenad Petrovi\u0107<\/p>\n<p>MODEL-DRIVEN APPROACH TO BLOCKCHAIN-ENABLED MLOPS<\/p>\n<p>The best paper by a young author, ROI<\/p>\n<p>Du\u0161an Nedeljkovi\u0107, \u017divana Jakovljevi\u0107<\/p>\n<p>GAN-BASED DATA AUGMENTATION IN THE DESIGN OF CYBER-ATTACK DETECTION METHODS<\/p>\n<p>The best paper by a young author, TEI<\/p>\n<p>Milan Simakovi\u0107, Zoran \u010ci\u010da, Dejan Draji\u0107<\/p>\n<p>INTRODUCING IOT TO BIG DATA PLATFORM FOR NETWORK PERFORMANCE MONITORING<\/p>\n<p>The best paper by a young author, TEI<\/p>\n<p>Dimitrije Jovanovi\u0107 and Aleksandra Smiljani\u0107<\/p>\n<p>LAYER 2 FORWARDING USING T4P4S: P4 LANGUAGE AND DATA PLANE DEVELOPMENT KIT<\/p>\n<p><strong>BEST PAPERS AT THE SECTIONS \u2013 IcETRAN<\/strong><\/p>\n<p>Najbolji rad na sekciji TEI<br \/>\nSr\u0111an Brki\u0107, Zoran \u010ci\u010da, Andreja Rado\u0161evi\u0107, \u0110or\u0111e Sara\u010d, Predrag Ivani\u0161<br \/>\nRELIABILITY OF EARTH-SPACE LINKS UNDER DEEP FADES WITH INTERLEAVED REED-SOLOMON CODES<\/p>\n<\/div>\n","protected":false},"excerpt":{"rendered":"<p>ETRAN society\u00a0awards the best paper in each section\u00a0for both ETRAN and IcETRAN conferences. All the papers that were accepted and presented either within oral or poster sessions are eligible for the award. The decision is drawn by the Conference Scientific Board based on the proposals from each the Sessions Chairs in each Section. Sessions chairs \u2026 <\/p>\n","protected":false},"author":1,"featured_media":0,"parent":0,"menu_order":0,"comment_status":"closed","ping_status":"closed","template":"","meta":{"_themeisle_gutenberg_block_has_review":false,"footnotes":""},"class_list":["post-2307","page","type-page","status-publish","hentry"],"yoast_head":"<!-- This site is optimized with the Yoast SEO plugin v22.7 - https:\/\/yoast.com\/wordpress\/plugins\/seo\/ -->\n<title>Best paper Awards -<\/title>\n<meta name=\"robots\" content=\"index, follow, max-snippet:-1, max-image-preview:large, max-video-preview:-1\" \/>\n<link rel=\"canonical\" href=\"https:\/\/www.etran.rs\/2023\/en\/best-paper-awards\" \/>\n<meta property=\"og:locale\" content=\"en_US\" \/>\n<meta property=\"og:type\" content=\"article\" \/>\n<meta property=\"og:title\" content=\"Best paper Awards -\" \/>\n<meta property=\"og:description\" content=\"ETRAN society\u00a0awards the best paper in each section\u00a0for both ETRAN and IcETRAN conferences. All the papers that were accepted and presented either within oral or poster sessions are eligible for the award. The decision is drawn by the Conference Scientific Board based on the proposals from each the Sessions Chairs in each Section. Sessions chairs \u2026\" \/>\n<meta property=\"og:url\" content=\"https:\/\/www.etran.rs\/2023\/en\/best-paper-awards\" \/>\n<meta property=\"article:modified_time\" content=\"2023-03-21T17:59:22+00:00\" \/>\n<meta name=\"twitter:card\" content=\"summary_large_image\" \/>\n<meta name=\"twitter:label1\" content=\"Est. reading time\" \/>\n\t<meta name=\"twitter:data1\" content=\"4 minutes\" \/>\n<script type=\"application\/ld+json\" class=\"yoast-schema-graph\">{\"@context\":\"https:\/\/schema.org\",\"@graph\":[{\"@type\":\"WebPage\",\"@id\":\"https:\/\/www.etran.rs\/2023\/en\/best-paper-awards\",\"url\":\"https:\/\/www.etran.rs\/2023\/en\/best-paper-awards\",\"name\":\"Best paper Awards -\",\"isPartOf\":{\"@id\":\"https:\/\/www.etran.rs\/2023\/#website\"},\"datePublished\":\"2021-06-14T22:23:30+00:00\",\"dateModified\":\"2023-03-21T17:59:22+00:00\",\"breadcrumb\":{\"@id\":\"https:\/\/www.etran.rs\/2023\/en\/best-paper-awards#breadcrumb\"},\"inLanguage\":\"en-US\",\"potentialAction\":[{\"@type\":\"ReadAction\",\"target\":[\"https:\/\/www.etran.rs\/2023\/en\/best-paper-awards\"]}]},{\"@type\":\"BreadcrumbList\",\"@id\":\"https:\/\/www.etran.rs\/2023\/en\/best-paper-awards#breadcrumb\",\"itemListElement\":[{\"@type\":\"ListItem\",\"position\":1,\"name\":\"Home\",\"item\":\"https:\/\/www.etran.rs\/2023\/en\/home-english\"},{\"@type\":\"ListItem\",\"position\":2,\"name\":\"Best paper Awards\"}]},{\"@type\":\"WebSite\",\"@id\":\"https:\/\/www.etran.rs\/2023\/#website\",\"url\":\"https:\/\/www.etran.rs\/2023\/\",\"name\":\"\",\"description\":\"X IcETRAN Conference 2022 - East Sarajevo,Bosnia and Herzegovina, June 5-8, 2023.\",\"publisher\":{\"@id\":\"https:\/\/www.etran.rs\/2023\/#organization\"},\"potentialAction\":[{\"@type\":\"SearchAction\",\"target\":{\"@type\":\"EntryPoint\",\"urlTemplate\":\"https:\/\/www.etran.rs\/2023\/?s={search_term_string}\"},\"query-input\":\"required name=search_term_string\"}],\"inLanguage\":\"en-US\"},{\"@type\":\"Organization\",\"@id\":\"https:\/\/www.etran.rs\/2023\/#organization\",\"name\":\"ETRAN Society\",\"url\":\"https:\/\/www.etran.rs\/2023\/\",\"logo\":{\"@type\":\"ImageObject\",\"inLanguage\":\"en-US\",\"@id\":\"https:\/\/www.etran.rs\/2023\/#\/schema\/logo\/image\/\",\"url\":\"https:\/\/www.etran.rs\/2021\/wp-content\/uploads\/2021\/06\/ETRAN-logo.png\",\"contentUrl\":\"https:\/\/www.etran.rs\/2021\/wp-content\/uploads\/2021\/06\/ETRAN-logo.png\",\"width\":338,\"height\":89,\"caption\":\"ETRAN Society\"},\"image\":{\"@id\":\"https:\/\/www.etran.rs\/2023\/#\/schema\/logo\/image\/\"}}]}<\/script>\n<!-- \/ Yoast SEO plugin. -->","yoast_head_json":{"title":"Best paper Awards -","robots":{"index":"index","follow":"follow","max-snippet":"max-snippet:-1","max-image-preview":"max-image-preview:large","max-video-preview":"max-video-preview:-1"},"canonical":"https:\/\/www.etran.rs\/2023\/en\/best-paper-awards","og_locale":"en_US","og_type":"article","og_title":"Best paper Awards -","og_description":"ETRAN society\u00a0awards the best paper in each section\u00a0for both ETRAN and IcETRAN conferences. All the papers that were accepted and presented either within oral or poster sessions are eligible for the award. The decision is drawn by the Conference Scientific Board based on the proposals from each the Sessions Chairs in each Section. Sessions chairs \u2026","og_url":"https:\/\/www.etran.rs\/2023\/en\/best-paper-awards","article_modified_time":"2023-03-21T17:59:22+00:00","twitter_card":"summary_large_image","twitter_misc":{"Est. reading time":"4 minutes"},"schema":{"@context":"https:\/\/schema.org","@graph":[{"@type":"WebPage","@id":"https:\/\/www.etran.rs\/2023\/en\/best-paper-awards","url":"https:\/\/www.etran.rs\/2023\/en\/best-paper-awards","name":"Best paper Awards -","isPartOf":{"@id":"https:\/\/www.etran.rs\/2023\/#website"},"datePublished":"2021-06-14T22:23:30+00:00","dateModified":"2023-03-21T17:59:22+00:00","breadcrumb":{"@id":"https:\/\/www.etran.rs\/2023\/en\/best-paper-awards#breadcrumb"},"inLanguage":"en-US","potentialAction":[{"@type":"ReadAction","target":["https:\/\/www.etran.rs\/2023\/en\/best-paper-awards"]}]},{"@type":"BreadcrumbList","@id":"https:\/\/www.etran.rs\/2023\/en\/best-paper-awards#breadcrumb","itemListElement":[{"@type":"ListItem","position":1,"name":"Home","item":"https:\/\/www.etran.rs\/2023\/en\/home-english"},{"@type":"ListItem","position":2,"name":"Best paper Awards"}]},{"@type":"WebSite","@id":"https:\/\/www.etran.rs\/2023\/#website","url":"https:\/\/www.etran.rs\/2023\/","name":"","description":"X IcETRAN Conference 2022 - East Sarajevo,Bosnia and Herzegovina, June 5-8, 2023.","publisher":{"@id":"https:\/\/www.etran.rs\/2023\/#organization"},"potentialAction":[{"@type":"SearchAction","target":{"@type":"EntryPoint","urlTemplate":"https:\/\/www.etran.rs\/2023\/?s={search_term_string}"},"query-input":"required name=search_term_string"}],"inLanguage":"en-US"},{"@type":"Organization","@id":"https:\/\/www.etran.rs\/2023\/#organization","name":"ETRAN Society","url":"https:\/\/www.etran.rs\/2023\/","logo":{"@type":"ImageObject","inLanguage":"en-US","@id":"https:\/\/www.etran.rs\/2023\/#\/schema\/logo\/image\/","url":"https:\/\/www.etran.rs\/2021\/wp-content\/uploads\/2021\/06\/ETRAN-logo.png","contentUrl":"https:\/\/www.etran.rs\/2021\/wp-content\/uploads\/2021\/06\/ETRAN-logo.png","width":338,"height":89,"caption":"ETRAN Society"},"image":{"@id":"https:\/\/www.etran.rs\/2023\/#\/schema\/logo\/image\/"}}]}},"_links":{"self":[{"href":"https:\/\/www.etran.rs\/2023\/wp-json\/wp\/v2\/pages\/2307","targetHints":{"allow":["GET"]}}],"collection":[{"href":"https:\/\/www.etran.rs\/2023\/wp-json\/wp\/v2\/pages"}],"about":[{"href":"https:\/\/www.etran.rs\/2023\/wp-json\/wp\/v2\/types\/page"}],"author":[{"embeddable":true,"href":"https:\/\/www.etran.rs\/2023\/wp-json\/wp\/v2\/users\/1"}],"replies":[{"embeddable":true,"href":"https:\/\/www.etran.rs\/2023\/wp-json\/wp\/v2\/comments?post=2307"}],"version-history":[{"count":7,"href":"https:\/\/www.etran.rs\/2023\/wp-json\/wp\/v2\/pages\/2307\/revisions"}],"predecessor-version":[{"id":3522,"href":"https:\/\/www.etran.rs\/2023\/wp-json\/wp\/v2\/pages\/2307\/revisions\/3522"}],"wp:attachment":[{"href":"https:\/\/www.etran.rs\/2023\/wp-json\/wp\/v2\/media?parent=2307"}],"curies":[{"name":"wp","href":"https:\/\/api.w.org\/{rel}","templated":true}]}}