{"id":2775,"date":"2022-05-13T12:17:02","date_gmt":"2022-05-13T12:17:02","guid":{"rendered":"https:\/\/www.etran.rs\/2022\/?page_id=2775"},"modified":"2022-05-13T12:17:51","modified_gmt":"2022-05-13T12:17:51","slug":"vladimir-arsoski-kvantne-generativne-suparnicke-mreze-za-generisanje-naucnih-rezultata","status":"publish","type":"page","link":"https:\/\/www.etran.rs\/2022\/en\/vladimir-arsoski-kvantne-generativne-suparnicke-mreze-za-generisanje-naucnih-rezultata\/","title":{"rendered":"Vladimir Arsoski \u2013 Kvantne generativne suparni\u010dke mre\u017ee za generisanje nau\u010dnih rezultata"},"content":{"rendered":"<p>ETRAN 2022, Specijalna sesija (SsF): \u201cForenzika \u2013 metode i tehni\u010dka podr\u0161ka\u201d<\/p>\n<p>POZVANI RAD:<br \/>\nKvantne generativne suparni\u010dke mre\u017ee za generisanje nau\u010dnih rezultata<br \/>\nVladimir Arsoski, Univerzitet u Beogradu, Elektrotehni\u010dki fakultet, Beograd, Srbija, vladimir.arsoski@etf.bg.ac.rs<\/p>\n<p><strong>Kratak sadr\u017eaj:<\/strong><\/p>\n<p>Ve\u0107 dugi niz godina smo svedoci da je veliki broj publikacija efikasno sredstvo za priznavanje izuzetne kompetentnosti i talenta u nauci, \u0161to mo\u017ee omogu\u0107iti pojedincu veliku moralnu i finansijsku satisfakciju.<br \/>\n\u010cuvena fraza u akademskim krugovima \u201cobjavi ili nestani\u201d postaje surova realnost. U \u017eelji da se objave sezacionalna otkri\u0107a, pojedinci poku\u0161avaju da la\u017eiraju nau\u010dne rezultate kako bi stvorili privid izuzetnosti.<br \/>\nSavremeni programi za analizu slika zasnovani na ve\u0161ta\u010dkoj inteligenciji su se pokazali kao efikasno sredstvo za razotkrivanje la\u017eiranih prikaza nau\u010dnih rezultata i doveli su do povla\u010denja velikog broja sumljivih publikacija iz \u010dasopisa u poslednjih nekoliko godina. Novi algoritmi ve\u0161ta\u010dke inteligencije zasnovani na generativnim suparni\u010dim mre\u017eama pru\u017eaju mogu\u0107nost za generisanje slika koje mogu biti klasifikovane kao verodostojne.<br \/>\nImplementacija ovih algoritama na kvantnim ra\u010dunarima se pokazala kao potencijalno superioran metod generacije slika, te predstavlja realnu opasnost da slu\u010dajevi la\u017eiranja nau\u010dnih rezultata ostanu neprime\u0107eni. Ovo name\u0107e potrebu da se u bliskoj budu\u0107nosti razvije disciplina koja bi se mogla opisati kao forenzika nau\u010dnih rezultata i koja bi se bavila razotkrivanjem primena ne samo klasi\u010dnih ve\u0107 i kvantnih algoritmima za generisanje rezultata.<\/p>\n<p><strong>Kratka biografija:<\/strong><\/p>\n<p>\u00a0<\/p>\n<table>\n<tbody>\n<tr>\n<td width=\"119\"><img loading=\"lazy\" decoding=\"async\" class=\"alignnone size-full wp-image-2776\" src=\"https:\/\/www.etran.rs\/2022\/wp-content\/uploads\/2022\/05\/Screenshot-2022-05-13-at-14-16-26-IP-Vladimir-Arsoski-ETRAN-2.pdf.png\" alt=\"\" width=\"144\" height=\"130\" \/><\/td>\n<td width=\"615\">\n<p align=\"justify\">Vladimir Arsoski received the B.Sc. (2002), M.Sc. (2007), and Ph.D. (2013) degrees in Electrical and Computer Engineering from the University of Belgrade, School of Electrical Engineering. He is currently an associate professor at the University of Belgrade. He teaches several courses on general physics, micro and nanoelectronics, microelectromechanical systems, quantum informatics, and optics. His research interests include 2D materials, topological insulators, and quantum computing.<\/p>\n<\/td>\n<\/tr>\n<\/tbody>\n<\/table>\n","protected":false},"excerpt":{"rendered":"<p>ETRAN 2022, Specijalna sesija (SsF): \u201cForenzika \u2013 metode i tehni\u010dka podr\u0161ka\u201d POZVANI RAD: Kvantne generativne suparni\u010dke mre\u017ee za generisanje nau\u010dnih rezultata Vladimir Arsoski, Univerzitet u Beogradu, Elektrotehni\u010dki fakultet, Beograd, Srbija, vladimir.arsoski@etf.bg.ac.rs Kratak sadr\u017eaj: Ve\u0107 dugi niz godina smo svedoci da je veliki broj publikacija efikasno sredstvo za priznavanje izuzetne kompetentnosti i talenta u nauci, \u0161to \u2026 <\/p>\n","protected":false},"author":1,"featured_media":2776,"parent":0,"menu_order":0,"comment_status":"closed","ping_status":"closed","template":"","meta":{"footnotes":""},"class_list":["post-2775","page","type-page","status-publish","has-post-thumbnail","hentry"],"yoast_head":"<!-- This site is optimized with the Yoast SEO plugin v23.0 - https:\/\/yoast.com\/wordpress\/plugins\/seo\/ -->\n<title>Vladimir Arsoski - Kvantne generativne suparni\u010dke mre\u017ee za generisanje nau\u010dnih rezultata -<\/title>\n<meta name=\"robots\" content=\"index, follow, max-snippet:-1, max-image-preview:large, max-video-preview:-1\" \/>\n<link rel=\"canonical\" href=\"https:\/\/www.etran.rs\/2022\/en\/vladimir-arsoski-kvantne-generativne-suparnicke-mreze-za-generisanje-naucnih-rezultata\/\" \/>\n<meta property=\"og:locale\" content=\"en_US\" \/>\n<meta property=\"og:type\" content=\"article\" \/>\n<meta property=\"og:title\" content=\"Vladimir Arsoski - Kvantne generativne suparni\u010dke mre\u017ee za generisanje nau\u010dnih rezultata -\" \/>\n<meta property=\"og:description\" content=\"ETRAN 2022, Specijalna sesija (SsF): \u201cForenzika \u2013 metode i tehni\u010dka podr\u0161ka\u201d POZVANI RAD: Kvantne generativne suparni\u010dke mre\u017ee za generisanje nau\u010dnih rezultata Vladimir Arsoski, Univerzitet u Beogradu, Elektrotehni\u010dki fakultet, Beograd, Srbija, vladimir.arsoski@etf.bg.ac.rs Kratak sadr\u017eaj: Ve\u0107 dugi niz godina smo svedoci da je veliki broj publikacija efikasno sredstvo za priznavanje izuzetne kompetentnosti i talenta u nauci, \u0161to \u2026\" \/>\n<meta property=\"og:url\" content=\"https:\/\/www.etran.rs\/2022\/en\/vladimir-arsoski-kvantne-generativne-suparnicke-mreze-za-generisanje-naucnih-rezultata\/\" \/>\n<meta property=\"article:modified_time\" content=\"2022-05-13T12:17:51+00:00\" \/>\n<meta property=\"og:image\" content=\"https:\/\/www.etran.rs\/2022\/wp-content\/uploads\/2022\/05\/Screenshot-2022-05-13-at-14-16-26-IP-Vladimir-Arsoski-ETRAN-2.pdf.png\" \/>\n\t<meta property=\"og:image:width\" content=\"144\" \/>\n\t<meta property=\"og:image:height\" content=\"130\" \/>\n\t<meta property=\"og:image:type\" content=\"image\/png\" \/>\n<meta name=\"twitter:card\" content=\"summary_large_image\" \/>\n<meta name=\"twitter:label1\" content=\"Est. reading time\" \/>\n\t<meta name=\"twitter:data1\" content=\"2 minutes\" \/>\n<script type=\"application\/ld+json\" class=\"yoast-schema-graph\">{\"@context\":\"https:\/\/schema.org\",\"@graph\":[{\"@type\":\"WebPage\",\"@id\":\"https:\/\/www.etran.rs\/2022\/en\/vladimir-arsoski-kvantne-generativne-suparnicke-mreze-za-generisanje-naucnih-rezultata\/\",\"url\":\"https:\/\/www.etran.rs\/2022\/en\/vladimir-arsoski-kvantne-generativne-suparnicke-mreze-za-generisanje-naucnih-rezultata\/\",\"name\":\"Vladimir Arsoski - Kvantne generativne suparni\u010dke mre\u017ee za generisanje nau\u010dnih rezultata -\",\"isPartOf\":{\"@id\":\"https:\/\/www.etran.rs\/2022\/#website\"},\"primaryImageOfPage\":{\"@id\":\"https:\/\/www.etran.rs\/2022\/en\/vladimir-arsoski-kvantne-generativne-suparnicke-mreze-za-generisanje-naucnih-rezultata\/#primaryimage\"},\"image\":{\"@id\":\"https:\/\/www.etran.rs\/2022\/en\/vladimir-arsoski-kvantne-generativne-suparnicke-mreze-za-generisanje-naucnih-rezultata\/#primaryimage\"},\"thumbnailUrl\":\"https:\/\/www.etran.rs\/2022\/wp-content\/uploads\/2022\/05\/Screenshot-2022-05-13-at-14-16-26-IP-Vladimir-Arsoski-ETRAN-2.pdf.png\",\"datePublished\":\"2022-05-13T12:17:02+00:00\",\"dateModified\":\"2022-05-13T12:17:51+00:00\",\"breadcrumb\":{\"@id\":\"https:\/\/www.etran.rs\/2022\/en\/vladimir-arsoski-kvantne-generativne-suparnicke-mreze-za-generisanje-naucnih-rezultata\/#breadcrumb\"},\"inLanguage\":\"en-US\",\"potentialAction\":[{\"@type\":\"ReadAction\",\"target\":[\"https:\/\/www.etran.rs\/2022\/en\/vladimir-arsoski-kvantne-generativne-suparnicke-mreze-za-generisanje-naucnih-rezultata\/\"]}]},{\"@type\":\"ImageObject\",\"inLanguage\":\"en-US\",\"@id\":\"https:\/\/www.etran.rs\/2022\/en\/vladimir-arsoski-kvantne-generativne-suparnicke-mreze-za-generisanje-naucnih-rezultata\/#primaryimage\",\"url\":\"https:\/\/www.etran.rs\/2022\/wp-content\/uploads\/2022\/05\/Screenshot-2022-05-13-at-14-16-26-IP-Vladimir-Arsoski-ETRAN-2.pdf.png\",\"contentUrl\":\"https:\/\/www.etran.rs\/2022\/wp-content\/uploads\/2022\/05\/Screenshot-2022-05-13-at-14-16-26-IP-Vladimir-Arsoski-ETRAN-2.pdf.png\",\"width\":144,\"height\":130},{\"@type\":\"BreadcrumbList\",\"@id\":\"https:\/\/www.etran.rs\/2022\/en\/vladimir-arsoski-kvantne-generativne-suparnicke-mreze-za-generisanje-naucnih-rezultata\/#breadcrumb\",\"itemListElement\":[{\"@type\":\"ListItem\",\"position\":1,\"name\":\"Home\",\"item\":\"http:\/\/www.etran.rs\/2022\/en\/home-english\/\"},{\"@type\":\"ListItem\",\"position\":2,\"name\":\"Vladimir Arsoski \u2013 Kvantne generativne suparni\u010dke mre\u017ee za generisanje nau\u010dnih rezultata\"}]},{\"@type\":\"WebSite\",\"@id\":\"https:\/\/www.etran.rs\/2022\/#website\",\"url\":\"https:\/\/www.etran.rs\/2022\/\",\"name\":\"\",\"description\":\"LXVI \u0415\u0422\u0420\u0410\u041d 2022 - \u041d\u043e\u0432\u0438 \u041f\u0430\u0437\u0430\u0440, \u0420\u0435\u043f\u0443\u0431\u043b\u0438\u043a\u0430 \u0421\u0440\u0431\u0438\u0458\u0430, 6-9. \u0458\u0443\u043d 2022.\",\"publisher\":{\"@id\":\"https:\/\/www.etran.rs\/2022\/#organization\"},\"potentialAction\":[{\"@type\":\"SearchAction\",\"target\":{\"@type\":\"EntryPoint\",\"urlTemplate\":\"https:\/\/www.etran.rs\/2022\/?s={search_term_string}\"},\"query-input\":\"required name=search_term_string\"}],\"inLanguage\":\"en-US\"},{\"@type\":\"Organization\",\"@id\":\"https:\/\/www.etran.rs\/2022\/#organization\",\"name\":\"ETRAN Society\",\"url\":\"https:\/\/www.etran.rs\/2022\/\",\"logo\":{\"@type\":\"ImageObject\",\"inLanguage\":\"en-US\",\"@id\":\"https:\/\/www.etran.rs\/2022\/#\/schema\/logo\/image\/\",\"url\":\"https:\/\/www.etran.rs\/2021\/wp-content\/uploads\/2021\/06\/ETRAN-logo.png\",\"contentUrl\":\"https:\/\/www.etran.rs\/2021\/wp-content\/uploads\/2021\/06\/ETRAN-logo.png\",\"width\":338,\"height\":89,\"caption\":\"ETRAN Society\"},\"image\":{\"@id\":\"https:\/\/www.etran.rs\/2022\/#\/schema\/logo\/image\/\"}}]}<\/script>\n<!-- \/ Yoast SEO plugin. -->","yoast_head_json":{"title":"Vladimir Arsoski - Kvantne generativne suparni\u010dke mre\u017ee za generisanje nau\u010dnih rezultata -","robots":{"index":"index","follow":"follow","max-snippet":"max-snippet:-1","max-image-preview":"max-image-preview:large","max-video-preview":"max-video-preview:-1"},"canonical":"https:\/\/www.etran.rs\/2022\/en\/vladimir-arsoski-kvantne-generativne-suparnicke-mreze-za-generisanje-naucnih-rezultata\/","og_locale":"en_US","og_type":"article","og_title":"Vladimir Arsoski - Kvantne generativne suparni\u010dke mre\u017ee za generisanje nau\u010dnih rezultata -","og_description":"ETRAN 2022, Specijalna sesija (SsF): \u201cForenzika \u2013 metode i tehni\u010dka podr\u0161ka\u201d POZVANI RAD: Kvantne generativne suparni\u010dke mre\u017ee za generisanje nau\u010dnih rezultata Vladimir Arsoski, Univerzitet u Beogradu, Elektrotehni\u010dki fakultet, Beograd, Srbija, vladimir.arsoski@etf.bg.ac.rs Kratak sadr\u017eaj: Ve\u0107 dugi niz godina smo svedoci da je veliki broj publikacija efikasno sredstvo za priznavanje izuzetne kompetentnosti i talenta u nauci, \u0161to \u2026","og_url":"https:\/\/www.etran.rs\/2022\/en\/vladimir-arsoski-kvantne-generativne-suparnicke-mreze-za-generisanje-naucnih-rezultata\/","article_modified_time":"2022-05-13T12:17:51+00:00","og_image":[{"width":144,"height":130,"url":"https:\/\/www.etran.rs\/2022\/wp-content\/uploads\/2022\/05\/Screenshot-2022-05-13-at-14-16-26-IP-Vladimir-Arsoski-ETRAN-2.pdf.png","type":"image\/png"}],"twitter_card":"summary_large_image","twitter_misc":{"Est. reading time":"2 minutes"},"schema":{"@context":"https:\/\/schema.org","@graph":[{"@type":"WebPage","@id":"https:\/\/www.etran.rs\/2022\/en\/vladimir-arsoski-kvantne-generativne-suparnicke-mreze-za-generisanje-naucnih-rezultata\/","url":"https:\/\/www.etran.rs\/2022\/en\/vladimir-arsoski-kvantne-generativne-suparnicke-mreze-za-generisanje-naucnih-rezultata\/","name":"Vladimir Arsoski - Kvantne generativne suparni\u010dke mre\u017ee za generisanje nau\u010dnih rezultata -","isPartOf":{"@id":"https:\/\/www.etran.rs\/2022\/#website"},"primaryImageOfPage":{"@id":"https:\/\/www.etran.rs\/2022\/en\/vladimir-arsoski-kvantne-generativne-suparnicke-mreze-za-generisanje-naucnih-rezultata\/#primaryimage"},"image":{"@id":"https:\/\/www.etran.rs\/2022\/en\/vladimir-arsoski-kvantne-generativne-suparnicke-mreze-za-generisanje-naucnih-rezultata\/#primaryimage"},"thumbnailUrl":"https:\/\/www.etran.rs\/2022\/wp-content\/uploads\/2022\/05\/Screenshot-2022-05-13-at-14-16-26-IP-Vladimir-Arsoski-ETRAN-2.pdf.png","datePublished":"2022-05-13T12:17:02+00:00","dateModified":"2022-05-13T12:17:51+00:00","breadcrumb":{"@id":"https:\/\/www.etran.rs\/2022\/en\/vladimir-arsoski-kvantne-generativne-suparnicke-mreze-za-generisanje-naucnih-rezultata\/#breadcrumb"},"inLanguage":"en-US","potentialAction":[{"@type":"ReadAction","target":["https:\/\/www.etran.rs\/2022\/en\/vladimir-arsoski-kvantne-generativne-suparnicke-mreze-za-generisanje-naucnih-rezultata\/"]}]},{"@type":"ImageObject","inLanguage":"en-US","@id":"https:\/\/www.etran.rs\/2022\/en\/vladimir-arsoski-kvantne-generativne-suparnicke-mreze-za-generisanje-naucnih-rezultata\/#primaryimage","url":"https:\/\/www.etran.rs\/2022\/wp-content\/uploads\/2022\/05\/Screenshot-2022-05-13-at-14-16-26-IP-Vladimir-Arsoski-ETRAN-2.pdf.png","contentUrl":"https:\/\/www.etran.rs\/2022\/wp-content\/uploads\/2022\/05\/Screenshot-2022-05-13-at-14-16-26-IP-Vladimir-Arsoski-ETRAN-2.pdf.png","width":144,"height":130},{"@type":"BreadcrumbList","@id":"https:\/\/www.etran.rs\/2022\/en\/vladimir-arsoski-kvantne-generativne-suparnicke-mreze-za-generisanje-naucnih-rezultata\/#breadcrumb","itemListElement":[{"@type":"ListItem","position":1,"name":"Home","item":"http:\/\/www.etran.rs\/2022\/en\/home-english\/"},{"@type":"ListItem","position":2,"name":"Vladimir Arsoski \u2013 Kvantne generativne suparni\u010dke mre\u017ee za generisanje nau\u010dnih rezultata"}]},{"@type":"WebSite","@id":"https:\/\/www.etran.rs\/2022\/#website","url":"https:\/\/www.etran.rs\/2022\/","name":"","description":"LXVI \u0415\u0422\u0420\u0410\u041d 2022 - \u041d\u043e\u0432\u0438 \u041f\u0430\u0437\u0430\u0440, \u0420\u0435\u043f\u0443\u0431\u043b\u0438\u043a\u0430 \u0421\u0440\u0431\u0438\u0458\u0430, 6-9. \u0458\u0443\u043d 2022.","publisher":{"@id":"https:\/\/www.etran.rs\/2022\/#organization"},"potentialAction":[{"@type":"SearchAction","target":{"@type":"EntryPoint","urlTemplate":"https:\/\/www.etran.rs\/2022\/?s={search_term_string}"},"query-input":"required name=search_term_string"}],"inLanguage":"en-US"},{"@type":"Organization","@id":"https:\/\/www.etran.rs\/2022\/#organization","name":"ETRAN Society","url":"https:\/\/www.etran.rs\/2022\/","logo":{"@type":"ImageObject","inLanguage":"en-US","@id":"https:\/\/www.etran.rs\/2022\/#\/schema\/logo\/image\/","url":"https:\/\/www.etran.rs\/2021\/wp-content\/uploads\/2021\/06\/ETRAN-logo.png","contentUrl":"https:\/\/www.etran.rs\/2021\/wp-content\/uploads\/2021\/06\/ETRAN-logo.png","width":338,"height":89,"caption":"ETRAN Society"},"image":{"@id":"https:\/\/www.etran.rs\/2022\/#\/schema\/logo\/image\/"}}]}},"_links":{"self":[{"href":"https:\/\/www.etran.rs\/2022\/wp-json\/wp\/v2\/pages\/2775","targetHints":{"allow":["GET"]}}],"collection":[{"href":"https:\/\/www.etran.rs\/2022\/wp-json\/wp\/v2\/pages"}],"about":[{"href":"https:\/\/www.etran.rs\/2022\/wp-json\/wp\/v2\/types\/page"}],"author":[{"embeddable":true,"href":"https:\/\/www.etran.rs\/2022\/wp-json\/wp\/v2\/users\/1"}],"replies":[{"embeddable":true,"href":"https:\/\/www.etran.rs\/2022\/wp-json\/wp\/v2\/comments?post=2775"}],"version-history":[{"count":2,"href":"https:\/\/www.etran.rs\/2022\/wp-json\/wp\/v2\/pages\/2775\/revisions"}],"predecessor-version":[{"id":2778,"href":"https:\/\/www.etran.rs\/2022\/wp-json\/wp\/v2\/pages\/2775\/revisions\/2778"}],"wp:featuredmedia":[{"embeddable":true,"href":"https:\/\/www.etran.rs\/2022\/wp-json\/wp\/v2\/media\/2776"}],"wp:attachment":[{"href":"https:\/\/www.etran.rs\/2022\/wp-json\/wp\/v2\/media?parent=2775"}],"curies":[{"name":"wp","href":"https:\/\/api.w.org\/{rel}","templated":true}]}}