{"id":2629,"date":"2022-05-02T10:07:26","date_gmt":"2022-05-02T10:07:26","guid":{"rendered":"https:\/\/www.etran.rs\/2022\/?page_id=2629"},"modified":"2022-05-05T00:04:13","modified_gmt":"2022-05-05T00:04:13","slug":"jovan-setrajcic-osnovi-teorije-diferencnih-jednacina-sa-primenom-na-analizu-svojstava-nanostruktura","status":"publish","type":"page","link":"https:\/\/www.etran.rs\/2022\/jovan-setrajcic-osnovi-teorije-diferencnih-jednacina-sa-primenom-na-analizu-svojstava-nanostruktura\/","title":{"rendered":"Jovan \u0160etraj\u010di\u0107 \u2013 Osnovi teorije diferencnih jedna\u010dina sa primenom na analizu svojstava nanostruktura"},"content":{"rendered":"<p>ETRAN 2022, Sekcija MO (Mikroelektronika i optoelektronika)<\/p>\n<p>POZVANI RAD:<\/p>\n<p><strong>Kratak sadr\u017eaj:<\/strong><\/p>\n<p>U posednjim decenijama zapa\u017ea se nagli razvoj nanotehnologija, tj. tehnologija proizvodnje struktura sa nanodimenzijama. Ovaj trend naglog razvoja nano\u00adtehno\u00adlogija nije slu\u010dajan jer nanostrukture poseduju fizi\u010dke karakteristike koje se znatno razlikuju od fizi\u010dkih karakteristika struktura ve\u0107ih dimenzija (balk). Nanostrukture ka\u00adrakteri\u0161e i serija kvalitativno sasvim novih i druga\u010dijih efekata. Superkonduktivne, termoizolacione, aku\u00adsti\u010dke i druge osobine koje karakteri\u0161u nanomaterijale su bolje ili sasvim druga\u010dije od onih u masiv\u00adnoj strukturi. Na neki na\u010din nanostrukturni efekti su povezani sa efektima u masivnoj strukturi sli\u010dno kao \u0161to su povezani kvantni i klasi\u010dni efekti.<\/p>\n<p>Teorijsko izu\u010davanje balk-stuktura uglavnom zahteva re\u0161avanje diferencijalnih jedna\u010dina sa kontinualnim promenljivama. U istrazi nanostruktura se pojavljuju difrerencne jedna\u010dine, ali njihovi koeficijenti zavise od prostornih koordinata zbog neophodnosti da se u ra\u010dun uvedu grani\u010dni uslovi, kao i uticaj vakan\u00adcija i primesa. Zbog pove\u0107anog interesovanja za ove probleme i nerazvijene teorije, na\u0161a namera je da doprinesemo ovoj problematici. Ovde izlo\u017eena teorija ima za cilj je da uvede \u010ditaoca u tehniku ra\u010dunanja diferencnih jedna\u010dina i da demonstrira seriju primena diferencnog ra\u010duna u analizama fizi\u010dkih karakteristika nanostruktura.<\/p>\n<p>\u00a0<\/p>\n<p><strong>Kratka biografija:<\/strong><\/p>\n<table>\n<tbody>\n<tr>\n<td style=\"text-align: center;\" width=\"149\"><img loading=\"lazy\" decoding=\"async\" class=\"alignnone size-medium wp-image-2630\" src=\"https:\/\/www.etran.rs\/2022\/wp-content\/uploads\/2022\/05\/jovan-230x300.jpg\" alt=\"\" width=\"230\" height=\"300\" srcset=\"https:\/\/www.etran.rs\/2022\/wp-content\/uploads\/2022\/05\/jovan-230x300.jpg 230w, https:\/\/www.etran.rs\/2022\/wp-content\/uploads\/2022\/05\/jovan.jpg 253w\" sizes=\"auto, (max-width: 230px) 100vw, 230px\" \/><\/td>\n<td width=\"769\"><strong>Jovan \u0160etraj\u010di\u0107 <\/strong>Ro\u0111en je 1951. godine u Novom Sadu, gde je studije fizike na PMF okon\u010dao 1974. Magistarske studije na odseku Teorijske fizike \u010dvrstog stanja PMF u Beogradu zavr\u0161io 1983. Doktorsku disertaciju iz teorijske fizike na PMF u Novom Sadu odbranio 1985.<\/p>\n<p>Nau\u010dni-stru\u010dni opus do sada broji 40-tak monografija ili poglavlja u monografijama i monografskih ure\u0111ivanja (od toga 10 je me\u0111unarodnog zna\u010daja), oko 500 objavljenih radova i isto toliko saop\u0161tenja i pozvanih predavanja (vi\u0161e od polovine je me\u0111unarodnog nivoa), 27 u\u010de\u0161\u0107a na nau\u010dnim projektima, od toga su 18 me\u0111unarodnog karaktera. U svom dosada\u0161njem nau\u010dno-istra\u017eiva\u010dkom periodu njegovi radovi su bili citirani preko 450 puta (Scopus). U (ko)autorstvu je objavio vi\u0161e od 60 ud\u017ebenika u vi\u0161e izdanja i prevoda.<\/p>\n<p>\u010clan je petnaestak nau\u010dno-stru\u010dnih asocijacija, \u010dlan predsedni\u0161tva Dru\u0161tva za istra\u017eivanje materijala Srbije i \u010dlan Redakcija dva nau\u010dna \u010dasopisa i jednog me\u0111unarodnog zbornika.<\/p>\n<p>Radio je na PMF Univerziteta u Novom Sadu od 1975. god., gde je izabran u zvanje redovnog profesora 1996. god. Od 1994. do 2006. god. odr\u017eavao je nastavu na ETF u Beogradu. Na Univerzitetu u Banjoj Luci predavao je od 1985\/86. god. na Pedago\u0161koj akademije, Poljoprivrednom fakultetu i na Filozofskom, kasnije PMF, te na Arhitektonsko-gra\u0111evinskom fakultetu.<\/p>\n<p>Bio je \u010dlan Komisija za osnivanje Filozofskog (1993) i PMF (1997) Univerziteta u Banjoj Luci. Za inostanog \u010dlana Akadenije nauka i umjetnosti Republike srpske izabran je 2004. godine, a za redovnog (van radnog sastava) 2012.<\/td>\n<\/tr>\n<\/tbody>\n<\/table>\n<p>\u00a0<\/p>\n","protected":false},"excerpt":{"rendered":"<p>ETRAN 2022, Sekcija MO (Mikroelektronika i optoelektronika) POZVANI RAD: Kratak sadr\u017eaj: U posednjim decenijama zapa\u017ea se nagli razvoj nanotehnologija, tj. tehnologija proizvodnje struktura sa nanodimenzijama. Ovaj trend naglog razvoja nano\u00adtehno\u00adlogija nije slu\u010dajan jer nanostrukture poseduju fizi\u010dke karakteristike koje se znatno razlikuju od fizi\u010dkih karakteristika struktura ve\u0107ih dimenzija (balk). Nanostrukture ka\u00adrakteri\u0161e i serija kvalitativno sasvim novih \u2026 <\/p>\n","protected":false},"author":1,"featured_media":2694,"parent":0,"menu_order":0,"comment_status":"closed","ping_status":"closed","template":"","meta":{"footnotes":""},"class_list":["post-2629","page","type-page","status-publish","has-post-thumbnail","hentry"],"yoast_head":"<!-- This site is optimized with the Yoast SEO plugin v23.0 - https:\/\/yoast.com\/wordpress\/plugins\/seo\/ -->\n<title>Jovan \u0160etraj\u010di\u0107 - Osnovi teorije diferencnih jedna\u010dina sa primenom na analizu svojstava nanostruktura -<\/title>\n<meta name=\"robots\" content=\"index, follow, max-snippet:-1, max-image-preview:large, max-video-preview:-1\" \/>\n<link rel=\"canonical\" href=\"https:\/\/www.etran.rs\/2022\/jovan-setrajcic-osnovi-teorije-diferencnih-jednacina-sa-primenom-na-analizu-svojstava-nanostruktura\/\" \/>\n<meta property=\"og:locale\" content=\"en_US\" \/>\n<meta property=\"og:type\" content=\"article\" \/>\n<meta property=\"og:title\" content=\"Jovan \u0160etraj\u010di\u0107 - Osnovi teorije diferencnih jedna\u010dina sa primenom na analizu svojstava nanostruktura -\" \/>\n<meta property=\"og:description\" content=\"ETRAN 2022, Sekcija MO (Mikroelektronika i optoelektronika) POZVANI RAD: Kratak sadr\u017eaj: U posednjim decenijama zapa\u017ea se nagli razvoj nanotehnologija, tj. tehnologija proizvodnje struktura sa nanodimenzijama. Ovaj trend naglog razvoja nano\u00adtehno\u00adlogija nije slu\u010dajan jer nanostrukture poseduju fizi\u010dke karakteristike koje se znatno razlikuju od fizi\u010dkih karakteristika struktura ve\u0107ih dimenzija (balk). Nanostrukture ka\u00adrakteri\u0161e i serija kvalitativno sasvim novih \u2026\" \/>\n<meta property=\"og:url\" content=\"https:\/\/www.etran.rs\/2022\/jovan-setrajcic-osnovi-teorije-diferencnih-jednacina-sa-primenom-na-analizu-svojstava-nanostruktura\/\" \/>\n<meta property=\"article:modified_time\" content=\"2022-05-05T00:04:13+00:00\" \/>\n<meta property=\"og:image\" content=\"https:\/\/www.etran.rs\/2022\/wp-content\/uploads\/2022\/05\/jovan-230x300-1.jpg\" \/>\n\t<meta property=\"og:image:width\" content=\"230\" \/>\n\t<meta property=\"og:image:height\" content=\"300\" \/>\n\t<meta property=\"og:image:type\" content=\"image\/jpeg\" \/>\n<meta name=\"twitter:card\" content=\"summary_large_image\" \/>\n<meta name=\"twitter:label1\" content=\"Est. reading time\" \/>\n\t<meta name=\"twitter:data1\" content=\"2 minutes\" \/>\n<script type=\"application\/ld+json\" class=\"yoast-schema-graph\">{\"@context\":\"https:\/\/schema.org\",\"@graph\":[{\"@type\":\"WebPage\",\"@id\":\"https:\/\/www.etran.rs\/2022\/jovan-setrajcic-osnovi-teorije-diferencnih-jednacina-sa-primenom-na-analizu-svojstava-nanostruktura\/\",\"url\":\"https:\/\/www.etran.rs\/2022\/jovan-setrajcic-osnovi-teorije-diferencnih-jednacina-sa-primenom-na-analizu-svojstava-nanostruktura\/\",\"name\":\"Jovan \u0160etraj\u010di\u0107 - Osnovi teorije diferencnih jedna\u010dina sa primenom na analizu svojstava nanostruktura -\",\"isPartOf\":{\"@id\":\"https:\/\/www.etran.rs\/2022\/#website\"},\"primaryImageOfPage\":{\"@id\":\"https:\/\/www.etran.rs\/2022\/jovan-setrajcic-osnovi-teorije-diferencnih-jednacina-sa-primenom-na-analizu-svojstava-nanostruktura\/#primaryimage\"},\"image\":{\"@id\":\"https:\/\/www.etran.rs\/2022\/jovan-setrajcic-osnovi-teorije-diferencnih-jednacina-sa-primenom-na-analizu-svojstava-nanostruktura\/#primaryimage\"},\"thumbnailUrl\":\"https:\/\/www.etran.rs\/2022\/wp-content\/uploads\/2022\/05\/jovan-230x300-1.jpg\",\"datePublished\":\"2022-05-02T10:07:26+00:00\",\"dateModified\":\"2022-05-05T00:04:13+00:00\",\"breadcrumb\":{\"@id\":\"https:\/\/www.etran.rs\/2022\/jovan-setrajcic-osnovi-teorije-diferencnih-jednacina-sa-primenom-na-analizu-svojstava-nanostruktura\/#breadcrumb\"},\"inLanguage\":\"en-US\",\"potentialAction\":[{\"@type\":\"ReadAction\",\"target\":[\"https:\/\/www.etran.rs\/2022\/jovan-setrajcic-osnovi-teorije-diferencnih-jednacina-sa-primenom-na-analizu-svojstava-nanostruktura\/\"]}]},{\"@type\":\"ImageObject\",\"inLanguage\":\"en-US\",\"@id\":\"https:\/\/www.etran.rs\/2022\/jovan-setrajcic-osnovi-teorije-diferencnih-jednacina-sa-primenom-na-analizu-svojstava-nanostruktura\/#primaryimage\",\"url\":\"https:\/\/www.etran.rs\/2022\/wp-content\/uploads\/2022\/05\/jovan-230x300-1.jpg\",\"contentUrl\":\"https:\/\/www.etran.rs\/2022\/wp-content\/uploads\/2022\/05\/jovan-230x300-1.jpg\",\"width\":230,\"height\":300},{\"@type\":\"BreadcrumbList\",\"@id\":\"https:\/\/www.etran.rs\/2022\/jovan-setrajcic-osnovi-teorije-diferencnih-jednacina-sa-primenom-na-analizu-svojstava-nanostruktura\/#breadcrumb\",\"itemListElement\":[{\"@type\":\"ListItem\",\"position\":1,\"name\":\"Home\",\"item\":\"http:\/\/www.etran.rs\/2022\/en\/home-english\/\"},{\"@type\":\"ListItem\",\"position\":2,\"name\":\"Jovan \u0160etraj\u010di\u0107 \u2013 Osnovi teorije diferencnih jedna\u010dina sa primenom na analizu svojstava nanostruktura\"}]},{\"@type\":\"WebSite\",\"@id\":\"https:\/\/www.etran.rs\/2022\/#website\",\"url\":\"https:\/\/www.etran.rs\/2022\/\",\"name\":\"\",\"description\":\"LXVI \u0415\u0422\u0420\u0410\u041d 2022 - \u041d\u043e\u0432\u0438 \u041f\u0430\u0437\u0430\u0440, \u0420\u0435\u043f\u0443\u0431\u043b\u0438\u043a\u0430 \u0421\u0440\u0431\u0438\u0458\u0430, 6-9. \u0458\u0443\u043d 2022.\",\"publisher\":{\"@id\":\"https:\/\/www.etran.rs\/2022\/#organization\"},\"potentialAction\":[{\"@type\":\"SearchAction\",\"target\":{\"@type\":\"EntryPoint\",\"urlTemplate\":\"https:\/\/www.etran.rs\/2022\/?s={search_term_string}\"},\"query-input\":\"required name=search_term_string\"}],\"inLanguage\":\"en-US\"},{\"@type\":\"Organization\",\"@id\":\"https:\/\/www.etran.rs\/2022\/#organization\",\"name\":\"ETRAN Society\",\"url\":\"https:\/\/www.etran.rs\/2022\/\",\"logo\":{\"@type\":\"ImageObject\",\"inLanguage\":\"en-US\",\"@id\":\"https:\/\/www.etran.rs\/2022\/#\/schema\/logo\/image\/\",\"url\":\"https:\/\/www.etran.rs\/2021\/wp-content\/uploads\/2021\/06\/ETRAN-logo.png\",\"contentUrl\":\"https:\/\/www.etran.rs\/2021\/wp-content\/uploads\/2021\/06\/ETRAN-logo.png\",\"width\":338,\"height\":89,\"caption\":\"ETRAN Society\"},\"image\":{\"@id\":\"https:\/\/www.etran.rs\/2022\/#\/schema\/logo\/image\/\"}}]}<\/script>\n<!-- \/ Yoast SEO plugin. -->","yoast_head_json":{"title":"Jovan \u0160etraj\u010di\u0107 - Osnovi teorije diferencnih jedna\u010dina sa primenom na analizu svojstava nanostruktura -","robots":{"index":"index","follow":"follow","max-snippet":"max-snippet:-1","max-image-preview":"max-image-preview:large","max-video-preview":"max-video-preview:-1"},"canonical":"https:\/\/www.etran.rs\/2022\/jovan-setrajcic-osnovi-teorije-diferencnih-jednacina-sa-primenom-na-analizu-svojstava-nanostruktura\/","og_locale":"en_US","og_type":"article","og_title":"Jovan \u0160etraj\u010di\u0107 - Osnovi teorije diferencnih jedna\u010dina sa primenom na analizu svojstava nanostruktura -","og_description":"ETRAN 2022, Sekcija MO (Mikroelektronika i optoelektronika) POZVANI RAD: Kratak sadr\u017eaj: U posednjim decenijama zapa\u017ea se nagli razvoj nanotehnologija, tj. tehnologija proizvodnje struktura sa nanodimenzijama. Ovaj trend naglog razvoja nano\u00adtehno\u00adlogija nije slu\u010dajan jer nanostrukture poseduju fizi\u010dke karakteristike koje se znatno razlikuju od fizi\u010dkih karakteristika struktura ve\u0107ih dimenzija (balk). Nanostrukture ka\u00adrakteri\u0161e i serija kvalitativno sasvim novih \u2026","og_url":"https:\/\/www.etran.rs\/2022\/jovan-setrajcic-osnovi-teorije-diferencnih-jednacina-sa-primenom-na-analizu-svojstava-nanostruktura\/","article_modified_time":"2022-05-05T00:04:13+00:00","og_image":[{"width":230,"height":300,"url":"https:\/\/www.etran.rs\/2022\/wp-content\/uploads\/2022\/05\/jovan-230x300-1.jpg","type":"image\/jpeg"}],"twitter_card":"summary_large_image","twitter_misc":{"Est. reading time":"2 minutes"},"schema":{"@context":"https:\/\/schema.org","@graph":[{"@type":"WebPage","@id":"https:\/\/www.etran.rs\/2022\/jovan-setrajcic-osnovi-teorije-diferencnih-jednacina-sa-primenom-na-analizu-svojstava-nanostruktura\/","url":"https:\/\/www.etran.rs\/2022\/jovan-setrajcic-osnovi-teorije-diferencnih-jednacina-sa-primenom-na-analizu-svojstava-nanostruktura\/","name":"Jovan \u0160etraj\u010di\u0107 - Osnovi teorije diferencnih jedna\u010dina sa primenom na analizu svojstava nanostruktura -","isPartOf":{"@id":"https:\/\/www.etran.rs\/2022\/#website"},"primaryImageOfPage":{"@id":"https:\/\/www.etran.rs\/2022\/jovan-setrajcic-osnovi-teorije-diferencnih-jednacina-sa-primenom-na-analizu-svojstava-nanostruktura\/#primaryimage"},"image":{"@id":"https:\/\/www.etran.rs\/2022\/jovan-setrajcic-osnovi-teorije-diferencnih-jednacina-sa-primenom-na-analizu-svojstava-nanostruktura\/#primaryimage"},"thumbnailUrl":"https:\/\/www.etran.rs\/2022\/wp-content\/uploads\/2022\/05\/jovan-230x300-1.jpg","datePublished":"2022-05-02T10:07:26+00:00","dateModified":"2022-05-05T00:04:13+00:00","breadcrumb":{"@id":"https:\/\/www.etran.rs\/2022\/jovan-setrajcic-osnovi-teorije-diferencnih-jednacina-sa-primenom-na-analizu-svojstava-nanostruktura\/#breadcrumb"},"inLanguage":"en-US","potentialAction":[{"@type":"ReadAction","target":["https:\/\/www.etran.rs\/2022\/jovan-setrajcic-osnovi-teorije-diferencnih-jednacina-sa-primenom-na-analizu-svojstava-nanostruktura\/"]}]},{"@type":"ImageObject","inLanguage":"en-US","@id":"https:\/\/www.etran.rs\/2022\/jovan-setrajcic-osnovi-teorije-diferencnih-jednacina-sa-primenom-na-analizu-svojstava-nanostruktura\/#primaryimage","url":"https:\/\/www.etran.rs\/2022\/wp-content\/uploads\/2022\/05\/jovan-230x300-1.jpg","contentUrl":"https:\/\/www.etran.rs\/2022\/wp-content\/uploads\/2022\/05\/jovan-230x300-1.jpg","width":230,"height":300},{"@type":"BreadcrumbList","@id":"https:\/\/www.etran.rs\/2022\/jovan-setrajcic-osnovi-teorije-diferencnih-jednacina-sa-primenom-na-analizu-svojstava-nanostruktura\/#breadcrumb","itemListElement":[{"@type":"ListItem","position":1,"name":"Home","item":"http:\/\/www.etran.rs\/2022\/en\/home-english\/"},{"@type":"ListItem","position":2,"name":"Jovan \u0160etraj\u010di\u0107 \u2013 Osnovi teorije diferencnih jedna\u010dina sa primenom na analizu svojstava nanostruktura"}]},{"@type":"WebSite","@id":"https:\/\/www.etran.rs\/2022\/#website","url":"https:\/\/www.etran.rs\/2022\/","name":"","description":"LXVI \u0415\u0422\u0420\u0410\u041d 2022 - \u041d\u043e\u0432\u0438 \u041f\u0430\u0437\u0430\u0440, \u0420\u0435\u043f\u0443\u0431\u043b\u0438\u043a\u0430 \u0421\u0440\u0431\u0438\u0458\u0430, 6-9. \u0458\u0443\u043d 2022.","publisher":{"@id":"https:\/\/www.etran.rs\/2022\/#organization"},"potentialAction":[{"@type":"SearchAction","target":{"@type":"EntryPoint","urlTemplate":"https:\/\/www.etran.rs\/2022\/?s={search_term_string}"},"query-input":"required name=search_term_string"}],"inLanguage":"en-US"},{"@type":"Organization","@id":"https:\/\/www.etran.rs\/2022\/#organization","name":"ETRAN Society","url":"https:\/\/www.etran.rs\/2022\/","logo":{"@type":"ImageObject","inLanguage":"en-US","@id":"https:\/\/www.etran.rs\/2022\/#\/schema\/logo\/image\/","url":"https:\/\/www.etran.rs\/2021\/wp-content\/uploads\/2021\/06\/ETRAN-logo.png","contentUrl":"https:\/\/www.etran.rs\/2021\/wp-content\/uploads\/2021\/06\/ETRAN-logo.png","width":338,"height":89,"caption":"ETRAN Society"},"image":{"@id":"https:\/\/www.etran.rs\/2022\/#\/schema\/logo\/image\/"}}]}},"_links":{"self":[{"href":"https:\/\/www.etran.rs\/2022\/wp-json\/wp\/v2\/pages\/2629","targetHints":{"allow":["GET"]}}],"collection":[{"href":"https:\/\/www.etran.rs\/2022\/wp-json\/wp\/v2\/pages"}],"about":[{"href":"https:\/\/www.etran.rs\/2022\/wp-json\/wp\/v2\/types\/page"}],"author":[{"embeddable":true,"href":"https:\/\/www.etran.rs\/2022\/wp-json\/wp\/v2\/users\/1"}],"replies":[{"embeddable":true,"href":"https:\/\/www.etran.rs\/2022\/wp-json\/wp\/v2\/comments?post=2629"}],"version-history":[{"count":1,"href":"https:\/\/www.etran.rs\/2022\/wp-json\/wp\/v2\/pages\/2629\/revisions"}],"predecessor-version":[{"id":2631,"href":"https:\/\/www.etran.rs\/2022\/wp-json\/wp\/v2\/pages\/2629\/revisions\/2631"}],"wp:featuredmedia":[{"embeddable":true,"href":"https:\/\/www.etran.rs\/2022\/wp-json\/wp\/v2\/media\/2694"}],"wp:attachment":[{"href":"https:\/\/www.etran.rs\/2022\/wp-json\/wp\/v2\/media?parent=2629"}],"curies":[{"name":"wp","href":"https:\/\/api.w.org\/{rel}","templated":true}]}}