{"id":2366,"date":"2022-03-23T00:40:31","date_gmt":"2022-03-23T00:40:31","guid":{"rendered":"https:\/\/www.etran.rs\/2022\/?page_id=2366"},"modified":"2022-05-13T12:28:32","modified_gmt":"2022-05-13T12:28:32","slug":"pozvani-radovi","status":"publish","type":"page","link":"https:\/\/www.etran.rs\/2022\/pozvani-radovi\/","title":{"rendered":"\u041f\u041e\u0417\u0412\u0410\u041d\u0418 \u0420\u0410\u0414\u041e\u0412\u0418"},"content":{"rendered":"<p><strong>\u0421\u0435\u043a\u0446\u0438\u0458\u0430 \u0410\u043a\u0443\u0441\u0442\u0438\u043a\u0430 (AK)<\/strong><br \/>\n<a href=\"https:\/\/www.etran.rs\/2022\/en\/jesus-carbajo-san-martin-recent-advances-on-perforated-panels-for-sound-absorption-applications\/\">Jesus Cabajo San Martin,<\/a><br \/>\n<a href=\"https:\/\/www.etran.rs\/2022\/en\/jesus-carbajo-san-martin-recent-advances-on-perforated-panels-for-sound-absorption-applications\/\">Department of Physics, Systems Engineering and Signal Theory at University of Alicante, San Vincente del Raspeig-Alicante, Spain<\/a><br \/>\n<a href=\"https:\/\/www.etran.rs\/2022\/en\/jesus-carbajo-san-martin-recent-advances-on-perforated-panels-for-sound-absorption-applications\/\">\u201cRecent advances on perforated panels for sound absorption applications\u201d<\/a><\/p>\n<p>\u00a0<\/p>\n<p><strong>\u0421\u0435\u043a\u0446\u0438\u0458\u0430 \u0410\u043d\u0442\u0435\u043d\u0435 \u0438 \u043f\u0440\u043e\u0441\u0442\u0438\u0440\u0430\u045a\u0430 (A\u041f)<\/strong><br \/>\n<a href=\"https:\/\/www.etran.rs\/2022\/en\/marija-nikolic-stevanovic-application-of-microwave-imaging-for-brain-diagnostics\/\">Marija Nikoli\u0107 Stevanovi\u0107, Tushar Singh, Branislav Ninkovi\u0107, Darko Ninkovi\u0107, Miodrag Tasi\u0107, Branko Kolundzija,<\/a><br \/>\n<a href=\"https:\/\/www.etran.rs\/2022\/en\/marija-nikolic-stevanovic-application-of-microwave-imaging-for-brain-diagnostics\/\">University of Belgrade, School of Electrical Engineering, Belgrade, Serbia, \/WIPL-D d.o.o, Belgrade, Serbia<\/a><br \/>\n<a href=\"https:\/\/www.etran.rs\/2022\/en\/marija-nikolic-stevanovic-application-of-microwave-imaging-for-brain-diagnostics\/\">\u201cApplication of Microwave imaging for Brain Diagnostics\u201d<\/a><\/p>\n<p>\u00a0<\/p>\n<p><strong>\u0421\u0435\u043a\u0446\u0438\u0458\u0430 \u0411\u0438\u043e\u043c\u0435\u0434\u0438\u0446\u0438\u043d\u0441\u043a\u0430 \u0442\u0435\u0445\u043d\u0438\u043a\u0430 (\u0411\u0422)<\/strong><br \/>\nDr Christine Azevedo Coste<br \/>\nNational Institute of Research in Digital Science and Technology, France<br \/>\n\u201cAGILIS: Restoring functional grasping in individuals with tetraplegy using epineural electrodes\u201d<\/p>\n<p>\u00a0<\/p>\n<p><strong><span dir=\"ltr\" role=\"presentation\">\u0421\u0435\u043a\u0446\u0438\u0458\u0430 \u0415\u043b\u0435\u043a\u0442\u0440\u043e\u0435\u043d\u0435\u0440\u0433\u0435\u0442\u0438\u043a\u0430<\/span> <span dir=\"ltr\" role=\"presentation\">(<\/span><span dir=\"ltr\" role=\"presentation\">\u0415\u0415<\/span><span dir=\"ltr\" role=\"presentation\">)<\/span><\/strong><br role=\"presentation\" \/><a href=\"https:\/\/www.etran.rs\/2022\/en\/dragana-naumovic-vukovic-overview-of-measuring-methods-and-equipment-for-calibration-of-instrument-transformers\/\"><span dir=\"ltr\" role=\"presentation\">\u0414\u0440\u0430\u0433\u0430\u043d\u0430 \u041d\u0430\u0443\u043c\u043e\u0432\u0438\u045b\u2010\u0412\u0443\u043a\u043e\u0432\u0438\u045b<\/span><\/a><br role=\"presentation\" \/><a href=\"https:\/\/www.etran.rs\/2022\/en\/dragana-naumovic-vukovic-overview-of-measuring-methods-and-equipment-for-calibration-of-instrument-transformers\/\"><span dir=\"ltr\" role=\"presentation\">\u0415\u043b\u0435\u043a\u0442\u0440\u043e\u0442\u0435\u0445\u043d\u0438\u0447\u043a\u0438 \u0438\u043d\u0441\u0442\u0438\u0442\u0443\u0442 \u041d\u0438\u043a\u043e\u043b\u0430 \u0422\u0435\u0441\u043b\u0430<\/span><span dir=\"ltr\" role=\"presentation\">,<\/span> <span dir=\"ltr\" role=\"presentation\">\u0411\u0435\u043e\u0433\u0440\u0430\u0434<\/span><span dir=\"ltr\" role=\"presentation\">,<\/span> <span dir=\"ltr\" role=\"presentation\">\u0421\u0440\u0431\u0438\u0458\u0430<\/span><\/a><br role=\"presentation\" \/><a href=\"https:\/\/www.etran.rs\/2022\/en\/dragana-naumovic-vukovic-overview-of-measuring-methods-and-equipment-for-calibration-of-instrument-transformers\/\"><span dir=\"ltr\" role=\"presentation\">\u201cOverview<\/span> <span dir=\"ltr\" role=\"presentation\">of<\/span> <span dir=\"ltr\" role=\"presentation\">measuring<\/span> <span dir=\"ltr\" role=\"presentation\">methods<\/span> <span dir=\"ltr\" role=\"presentation\">and<\/span> <span dir=\"ltr\" role=\"presentation\">equipment<\/span> <span dir=\"ltr\" role=\"presentation\">for<\/span> <span dir=\"ltr\" role=\"presentation\">calibration<\/span> <span dir=\"ltr\" role=\"presentation\">of<\/span> <span dir=\"ltr\" role=\"presentation\">instrument<\/span> <span dir=\"ltr\" role=\"presentation\">transformers\u201d<\/span><\/a><\/p>\n<p>\u00a0<\/p>\n<p><strong>\u0421\u0435\u043a\u0446\u0438\u0458\u0430 \u041c\u0435\u0442\u0440\u043e\u043b\u043e\u0433\u0438\u0458\u0430 (\u041c\u041b)<\/strong><br \/>\n\u041f\u0440\u043e\u0444. \u0434\u0440 \u041c\u0430\u0440\u0458\u0430\u043d \u0423\u0440\u0435\u043a\u0430\u0440<br \/>\n\u0423\u043d\u0438\u0432\u0435\u0440\u0437\u0438\u0442\u0435\u0442 \u0443 \u041d\u043e\u0432\u043e\u043c \u0421\u0430\u0434\u0443, \u0424\u0430\u043a\u0443\u043b\u0442\u0435\u0442 \u0442\u0435\u0445\u043d\u0438\u0447\u043a\u0438\u0445 \u043d\u0430\u0443\u043a\u0430 \u041d\u043e\u0432\u0438 \u0421\u0430\u0434, \u0421\u0440\u0431\u0438\u0458\u0430<br \/>\n\u201c\u041c\u0435\u0442\u0440\u043e\u043b\u043e\u0433\u0438\u0458\u0430 \u0443 \u043a\u043e\u043d\u0446\u0435\u043f\u0442\u0443 \u0418\u043d\u0434\u0443\u0441\u0442\u0440\u0438\u0458\u0430 4.0\u201d<\/p>\n<p>\u00a0<\/p>\n<p><strong>\u0421\u0435\u043a\u0446\u0438\u0458\u0430 \u041c\u0438\u043a\u0440\u043e\u0435\u043b\u0435\u043a\u0442\u0440\u043e\u043d\u0438\u043a\u0430 \u0438 \u043e\u043f\u0442\u043e\u0435\u043b\u0435\u043a\u0442\u0440\u043e\u043d\u0438\u043a\u0430 (\u041c\u041e)<\/strong><br \/>\n<a href=\"https:\/\/www.etran.rs\/2022\/jovan-setrajcic-osnovi-teorije-diferencnih-jednacina-sa-primenom-na-analizu-svojstava-nanostruktura\/\">\u0410\u043a\u0430\u0434\u0435\u043c\u0438\u043a \u043f\u0440\u043e\u0444. \u0434\u0440 \u0408\u043e\u0432\u0430\u043d \u0428\u0435\u0442\u0440\u0430\u0458\u0447\u0438\u045b,<\/a><br \/>\n<a href=\"https:\/\/www.etran.rs\/2022\/jovan-setrajcic-osnovi-teorije-diferencnih-jednacina-sa-primenom-na-analizu-svojstava-nanostruktura\/\"><span dir=\"ltr\" role=\"presentation\">\u0410\u043a\u0430\u0434\u0435\u043c\u0438\u0458\u0430 \u043d\u0430\u0443\u043a\u0430 \u0438 \u0443\u043c\u0458\u0435\u0442\u043d\u043e\u0441\u0442\u0438 \u0420\u0435\u043f\u0443\u0431\u043b\u0438\u043a\u0435 \u0421\u0440\u043f\u0441\u043a\u0435<\/span> <span dir=\"ltr\" role=\"presentation\">(<\/span><span dir=\"ltr\" role=\"presentation\">\u0410\u041d\u0423\u0420\u0421<\/span><span dir=\"ltr\" role=\"presentation\">),<\/span> <span dir=\"ltr\" role=\"presentation\">\u0411\u0430\u045a\u0430 \u041b\u0443\u043a\u0430<\/span><span dir=\"ltr\" role=\"presentation\">,<\/span><span dir=\"ltr\" role=\"presentation\">\u0420\u0435\u043f\u0443\u0431\u043b\u0438\u043a\u0430 \u0421\u0440\u043f\u0441\u043a\u0430 \u2010 \u0411\u0438\u0425<\/span><\/a><br \/>\n<a href=\"https:\/\/www.etran.rs\/2022\/jovan-setrajcic-osnovi-teorije-diferencnih-jednacina-sa-primenom-na-analizu-svojstava-nanostruktura\/\">\u201c\u0422\u0435\u043e\u0440\u0438\u0458\u0430 \u0434\u0438\u0444\u0435\u0440\u0435\u043d\u0446\u043d\u0438\u0445 \u0458\u0435\u0434\u043d\u0430\u0447\u0438\u043d\u0430 \u0441\u0430 \u043f\u0440\u0438\u043c\u0435\u043d\u043e\u043c \u043d\u0430 \u0430\u043d\u0430\u043b\u0438\u0437\u0443 \u0441\u0432\u043e\u0458\u0441\u0442\u0430\u0432\u0430 \u043d\u0430\u043d\u043e\u0441\u0442\u0440\u0443\u043a\u0442\u0443\u0440\u0430\u201d<\/a><\/p>\n<p>\u00a0<\/p>\n<p><strong>\u0421\u0435\u043a\u0446\u0438\u0458\u0430 \u0420\u0430\u0447\u0443\u043d\u0430\u0440\u0441\u0442\u0432\u043e (\u0420\u0422)<\/strong><br \/>\n<a href=\"https:\/\/www.etran.rs\/2022\/en\/zaharije-radivojevic-determining-the-similarity-of-software-code\/\">\u041f\u0440\u043e\u0444. \u0434\u0440 \u0417\u0430\u0445\u0430\u0440\u0438\u0458\u0435 \u0420\u0430\u0434\u0438\u0432\u043e\u0458\u0435\u0432\u0438\u045b \u0438 \u041f\u0440\u043e\u0444. \u0434\u0440 \u041c\u0438\u043b\u043e\u0448 \u0426\u0432\u0435\u0442\u0430\u043d\u043e\u0432\u0438\u045b<\/a><br \/>\n<a href=\"https:\/\/www.etran.rs\/2022\/en\/zaharije-radivojevic-determining-the-similarity-of-software-code\/\">\u0423\u043d\u0438\u0432\u0435\u0440\u0437\u0438\u0442\u0435\u0442 \u0443 \u0411\u0435\u043e\u0433\u0440\u0430\u0434\u0443 \u2013 \u0415\u043b\u0435\u043a\u0442\u0440\u043e\u0442\u0435\u0445\u043d\u0438\u0447\u043a\u0438 \u0444\u0430\u043a\u0443\u043b\u0442\u0435\u0442, \u0411\u0435\u043e\u0433\u0440\u0430\u0434, \u0421\u0440\u0431\u0438\u0458\u0430<\/a><br \/>\n<a href=\"https:\/\/www.etran.rs\/2022\/en\/zaharije-radivojevic-determining-the-similarity-of-software-code\/\">\u201c\u0423\u0442\u0432\u0440\u0452\u0438\u0432\u0430\u045a\u0435 \u0441\u043b\u0438\u0447\u043d\u043e\u0441\u0442\u0438 \u0441\u043e\u0444\u0442\u0432\u0435\u0440\u0441\u043a\u043e\u0433 \u043a\u043e\u0434\u0430\u201d<\/a><\/p>\n<p>\u00a0<\/p>\n<p><a href=\"https:\/\/www.etran.rs\/2022\/en\/adriano-fagiolini-robust-control-and-estimation-of-soft-robots\/\"><strong>\u0421\u0435\u043a\u0446\u0438\u0458\u0430 \u0420\u043e\u0431\u043e\u0442\u0438\u043a\u0430 \u0438 \u0444\u043b\u0435\u043a\u0441\u0438\u0431\u0438\u043b\u043d\u0430 \u0430\u0443\u0442\u043e\u043c\u0430\u0442\u0438\u0437\u0430\u0446\u0438\u0458\u0430 (PO)<\/strong><\/a><br \/>\n<a href=\"https:\/\/www.etran.rs\/2022\/wp-admin\/post.php?post=2766&action=edit\">Dr Adriano Fagiolini<\/a><br \/>\n<a href=\"https:\/\/www.etran.rs\/2022\/wp-admin\/post.php?post=2766&action=edit\">University of Palermo,Italy<\/a><br \/>\n<a href=\"https:\/\/www.etran.rs\/2022\/wp-admin\/post.php?post=2766&action=edit\">\u201cAdaptive control and learning for soft robots\u201d<\/a><\/p>\n<p>\u00a0<\/p>\n<p><strong>\u0421\u0435\u043a\u0446\u0438\u0458\u0430 \u0412\u0435\u0448\u0442\u0430\u0447\u043a\u0430 \u0438\u043d\u0442\u0435\u043b\u0438\u0433\u0435\u043d\u0446\u0438\u0458\u0430 (\u0412\u0418)<\/strong><br \/>\n<a href=\"https:\/\/www.etran.rs\/2022\/en\/miljan-vucetic-vestacka-inteligencija-tehnoloski-iskorak-u-razvoju-inovativnih-proizvoda-instituta-vlatacom\/\">\u041f\u0440\u043e\u0444. \u0434\u0440 \u041c\u0438\u0459\u0430\u043d \u0412\u0443\u0447\u0435\u0442\u0438\u045b<\/a><br \/>\n<a href=\"https:\/\/www.etran.rs\/2022\/en\/miljan-vucetic-vestacka-inteligencija-tehnoloski-iskorak-u-razvoju-inovativnih-proizvoda-instituta-vlatacom\/\">\u0412\u043b\u0430\u0442\u0430\u043a\u043e\u043c \u0438 \u0423\u043d\u0438\u0432\u0435\u0440\u0437\u0438\u0442\u0435\u0442 \u0421\u0438\u043d\u0433\u0438\u0434\u0443\u043d\u0443\u043c, \u0411\u0435\u043e\u0433\u0440\u0430\u0434, \u0421\u0440\u0431\u0438\u0458\u0430<\/a><br \/>\n<a href=\"https:\/\/www.etran.rs\/2022\/en\/miljan-vucetic-vestacka-inteligencija-tehnoloski-iskorak-u-razvoju-inovativnih-proizvoda-instituta-vlatacom\/\">\u201c\u0412\u0435\u0448\u0442\u0430\u0447\u043a\u0430 \u0438\u043d\u0442\u0435\u043b\u0438\u0433\u0435\u043d\u0446\u0438\u0458\u0430 \u2013 \u0442\u0435\u0445\u043d\u043e\u043b\u043e\u0448\u043a\u0438 \u0438\u0441\u043a\u043e\u0440\u0430\u043a \u0443 \u0440\u0430\u0437\u0432\u043e\u0458\u0443 \u0438\u043d\u043e\u0432\u0430\u0442\u0438\u0432\u043d\u0438\u0445 \u0440\u0435\u0448\u0435\u045a\u0430\u201d<\/a><\/p>\n<p>\u00a0<\/p>\n<p><strong>\u0421\u0435\u043a\u0446\u0438\u0458\u0430 \u041d\u043e\u0432\u0438 \u043c\u0430\u0442\u0435\u0440\u0438\u0458\u0430\u043b\u0438 (\u041d\u041c)<\/strong><br \/>\n<a href=\"https:\/\/www.etran.rs\/2022\/en\/nebojsa-labus-sintering-and-phase-transition-of-the-zntio3-nano-powder-dilatometric-data-deconvolution\/\">\u041d\u0435\u0431\u043e\u0458\u0448\u0430 \u041b\u0430\u0431\u0443\u0441, \u041c\u0438\u043b\u0435\u043d\u0430 \u0420\u043e\u0441\u0438\u045b \u0421\u043c\u0438\u0459\u0430 \u041c\u0430\u0440\u043a\u043e\u0432\u0438\u045b, \u041c\u0430\u0440\u0438\u0430 \u0412\u0435\u0441\u043d\u0430 \u041d\u0438\u043a\u043e\u043b\u0438\u045b<\/a><br \/>\n<a href=\"https:\/\/www.etran.rs\/2022\/en\/nebojsa-labus-sintering-and-phase-transition-of-the-zntio3-nano-powder-dilatometric-data-deconvolution\/\">\u201cSintering and Phase Transition of the ZnTiO<sub>3<\/sub> Nano Powder Dilatometric Data Deconvolution\u201c<\/a><\/p>\n<p>\u00a0<\/p>\n<p><span id=\"page3R_mcid0\" class=\"markedContent\"><strong><span dir=\"ltr\" role=\"presentation\">\u0421\u043f\u0435\u0446\u0438\u0458\u0430\u043b\u043d\u0430 \u0441\u0435\u0441\u0438\u0458\u0430 (\u0421\u0441\u0424): \u201c\u0424\u043e\u0440\u0435\u043d\u0437\u0438\u043a\u0430 \u2013 \u043c\u0435\u0442\u043e\u0434\u0435 \u0438 \u0442\u0435\u0445\u043d\u0438\u0447\u043b\u0430 \u043f\u043e\u0434\u0440\u0448\u043a\u0430\u201d<\/span><\/strong><span dir=\"ltr\" role=\"presentation\"><span id=\"page3R_mcid17\" class=\"markedContent\"><br \/>\n<a href=\"https:\/\/www.etran.rs\/2022\/en\/vladimir-arsoski-kvantne-generativne-suparnicke-mreze-za-generisanje-naucnih-rezultata\/\">\u0412\u043b\u0430\u0434\u0438\u043c\u0438\u0440 \u0410\u0440\u0441\u043e\u0441\u043a\u0438<\/a><br \/>\n<a href=\"https:\/\/www.etran.rs\/2022\/en\/vladimir-arsoski-kvantne-generativne-suparnicke-mreze-za-generisanje-naucnih-rezultata\/\">\u041a\u0432\u0430\u043d\u0442\u043d\u0435 \u0433\u0435\u043d\u0435\u0440\u0430\u0442\u0438\u0432\u043d\u0435 \u0441\u0443\u043f\u0430\u0440\u043d\u0438\u0447\u043a\u0435 \u043c\u0440\u0435\u0436\u0435 \u0437\u0430 \u0433\u0435\u043d\u0435\u0440\u0438\u0441\u0430\u045a\u0435 \u043d\u0430\u0443\u0447\u043d\u0438\u0445 \u0440\u0435\u0437\u0443\u043b\u0442\u0430\u0442\u0430<\/a><br \/>\n<\/span><\/span><\/span><a href=\"https:\/\/www.etran.rs\/2022\/en\/vladimir-arsoski-kvantne-generativne-suparnicke-mreze-za-generisanje-naucnih-rezultata\/\"><span id=\"page3R_mcid17\" class=\"markedContent\">\u0423\u043d\u0438\u0432\u0435\u0440\u0437\u0438\u0442\u0435\u0442 \u0443 \u0411\u0435\u043e\u0433\u0440\u0430\u0434\u0443, \u0415\u043b\u0435\u043a\u0442\u0440\u043e\u0442\u0435\u0445\u043d\u0438\u0447\u043a\u0438 \u0444\u0430\u043a\u0443\u043b\u0442\u0435\u0442, \u0411\u0435\u043e\u0433\u0440\u0430\u0434, \u0421\u0440\u0431\u0438\u0458\u0430<\/span><\/a><span id=\"page3R_mcid18\" class=\"markedContent\"><br \/>\n<\/span><\/p>\n<h4><span dir=\"ltr\" role=\"presentation\">\u041f\u043e\u0441\u0435\u0431\u043d\u0430 \u0442\u0435\u043c\u0430\u0442\u0441\u043a\u0430 \u0441\u0435\u0441\u0438\u0458\u0430<\/span><\/h4>\n<p><strong><span dir=\"ltr\" role=\"presentation\">\u0410\u043a\u0443\u0441\u0442\u0438\u043a\u0430<\/span> <span dir=\"ltr\" role=\"presentation\">(AK)<br \/>\n<\/span><\/strong><span dir=\"ltr\" role=\"presentation\">\u201e<\/span><span dir=\"ltr\" role=\"presentation\">\u0418\u0434\u0435\u043d\u0442\u0438\u0442\u0435\u0442 \u0437\u0432\u0443\u0447\u043d\u043e\u0433 \u0430\u043c\u0431\u0438\u0458\u0435\u043d\u0442\u0430 \u0441\u0440\u043f\u0441\u043a\u0438\u0445 \u0441\u0430\u043a\u0440\u0430\u043b\u043d\u0438\u0445 \u043f\u0440\u043e\u0441\u0442\u043e\u0440\u0430<\/span><span dir=\"ltr\" role=\"presentation\">\u201d<\/span><\/p>\n","protected":false},"excerpt":{"rendered":"<p>\u0421\u0435\u043a\u0446\u0438\u0458\u0430 \u0410\u043a\u0443\u0441\u0442\u0438\u043a\u0430 (AK) Jesus Cabajo San Martin, Department of Physics, Systems Engineering and Signal Theory at University of Alicante, San Vincente del Raspeig-Alicante, Spain \u201cRecent advances on perforated panels for sound absorption applications\u201d \u00a0 \u0421\u0435\u043a\u0446\u0438\u0458\u0430 \u0410\u043d\u0442\u0435\u043d\u0435 \u0438 \u043f\u0440\u043e\u0441\u0442\u0438\u0440\u0430\u045a\u0430 (A\u041f) Marija Nikoli\u0107 Stevanovi\u0107, Tushar Singh, Branislav Ninkovi\u0107, Darko Ninkovi\u0107, Miodrag Tasi\u0107, Branko Kolundzija, University of Belgrade, \u2026 <\/p>\n","protected":false},"author":1,"featured_media":0,"parent":0,"menu_order":0,"comment_status":"closed","ping_status":"closed","template":"","meta":{"footnotes":""},"class_list":["post-2366","page","type-page","status-publish","hentry"],"yoast_head":"<!-- This site is optimized with the Yoast SEO plugin v23.0 - https:\/\/yoast.com\/wordpress\/plugins\/seo\/ -->\n<title>\u041f\u041e\u0417\u0412\u0410\u041d\u0418 \u0420\u0410\u0414\u041e\u0412\u0418 -<\/title>\n<meta name=\"robots\" content=\"index, follow, max-snippet:-1, max-image-preview:large, max-video-preview:-1\" \/>\n<link rel=\"canonical\" href=\"https:\/\/www.etran.rs\/2022\/pozvani-radovi\/\" \/>\n<meta property=\"og:locale\" content=\"en_US\" \/>\n<meta property=\"og:type\" content=\"article\" \/>\n<meta property=\"og:title\" content=\"\u041f\u041e\u0417\u0412\u0410\u041d\u0418 \u0420\u0410\u0414\u041e\u0412\u0418 -\" \/>\n<meta property=\"og:description\" content=\"\u0421\u0435\u043a\u0446\u0438\u0458\u0430 \u0410\u043a\u0443\u0441\u0442\u0438\u043a\u0430 (AK) Jesus Cabajo San Martin, Department of Physics, Systems Engineering and Signal Theory at University of Alicante, San Vincente del Raspeig-Alicante, Spain \u201cRecent advances on perforated panels for sound absorption applications\u201d \u00a0 \u0421\u0435\u043a\u0446\u0438\u0458\u0430 \u0410\u043d\u0442\u0435\u043d\u0435 \u0438 \u043f\u0440\u043e\u0441\u0442\u0438\u0440\u0430\u045a\u0430 (A\u041f) Marija Nikoli\u0107 Stevanovi\u0107, Tushar Singh, Branislav Ninkovi\u0107, Darko Ninkovi\u0107, Miodrag Tasi\u0107, Branko Kolundzija, University of Belgrade, \u2026\" \/>\n<meta property=\"og:url\" content=\"https:\/\/www.etran.rs\/2022\/pozvani-radovi\/\" \/>\n<meta property=\"article:modified_time\" content=\"2022-05-13T12:28:32+00:00\" \/>\n<meta name=\"twitter:card\" content=\"summary_large_image\" \/>\n<meta name=\"twitter:label1\" content=\"Est. reading time\" \/>\n\t<meta name=\"twitter:data1\" content=\"2 minutes\" \/>\n<script type=\"application\/ld+json\" class=\"yoast-schema-graph\">{\"@context\":\"https:\/\/schema.org\",\"@graph\":[{\"@type\":\"WebPage\",\"@id\":\"https:\/\/www.etran.rs\/2022\/pozvani-radovi\/\",\"url\":\"https:\/\/www.etran.rs\/2022\/pozvani-radovi\/\",\"name\":\"\u041f\u041e\u0417\u0412\u0410\u041d\u0418 \u0420\u0410\u0414\u041e\u0412\u0418 -\",\"isPartOf\":{\"@id\":\"https:\/\/www.etran.rs\/2022\/#website\"},\"datePublished\":\"2022-03-23T00:40:31+00:00\",\"dateModified\":\"2022-05-13T12:28:32+00:00\",\"breadcrumb\":{\"@id\":\"https:\/\/www.etran.rs\/2022\/pozvani-radovi\/#breadcrumb\"},\"inLanguage\":\"en-US\",\"potentialAction\":[{\"@type\":\"ReadAction\",\"target\":[\"https:\/\/www.etran.rs\/2022\/pozvani-radovi\/\"]}]},{\"@type\":\"BreadcrumbList\",\"@id\":\"https:\/\/www.etran.rs\/2022\/pozvani-radovi\/#breadcrumb\",\"itemListElement\":[{\"@type\":\"ListItem\",\"position\":1,\"name\":\"Home\",\"item\":\"http:\/\/www.etran.rs\/2022\/en\/home-english\/\"},{\"@type\":\"ListItem\",\"position\":2,\"name\":\"\u041f\u041e\u0417\u0412\u0410\u041d\u0418 \u0420\u0410\u0414\u041e\u0412\u0418\"}]},{\"@type\":\"WebSite\",\"@id\":\"https:\/\/www.etran.rs\/2022\/#website\",\"url\":\"https:\/\/www.etran.rs\/2022\/\",\"name\":\"\",\"description\":\"LXVI \u0415\u0422\u0420\u0410\u041d 2022 - \u041d\u043e\u0432\u0438 \u041f\u0430\u0437\u0430\u0440, \u0420\u0435\u043f\u0443\u0431\u043b\u0438\u043a\u0430 \u0421\u0440\u0431\u0438\u0458\u0430, 6-9. \u0458\u0443\u043d 2022.\",\"publisher\":{\"@id\":\"https:\/\/www.etran.rs\/2022\/#organization\"},\"potentialAction\":[{\"@type\":\"SearchAction\",\"target\":{\"@type\":\"EntryPoint\",\"urlTemplate\":\"https:\/\/www.etran.rs\/2022\/?s={search_term_string}\"},\"query-input\":\"required name=search_term_string\"}],\"inLanguage\":\"en-US\"},{\"@type\":\"Organization\",\"@id\":\"https:\/\/www.etran.rs\/2022\/#organization\",\"name\":\"ETRAN Society\",\"url\":\"https:\/\/www.etran.rs\/2022\/\",\"logo\":{\"@type\":\"ImageObject\",\"inLanguage\":\"en-US\",\"@id\":\"https:\/\/www.etran.rs\/2022\/#\/schema\/logo\/image\/\",\"url\":\"https:\/\/www.etran.rs\/2021\/wp-content\/uploads\/2021\/06\/ETRAN-logo.png\",\"contentUrl\":\"https:\/\/www.etran.rs\/2021\/wp-content\/uploads\/2021\/06\/ETRAN-logo.png\",\"width\":338,\"height\":89,\"caption\":\"ETRAN Society\"},\"image\":{\"@id\":\"https:\/\/www.etran.rs\/2022\/#\/schema\/logo\/image\/\"}}]}<\/script>\n<!-- \/ Yoast SEO plugin. -->","yoast_head_json":{"title":"\u041f\u041e\u0417\u0412\u0410\u041d\u0418 \u0420\u0410\u0414\u041e\u0412\u0418 -","robots":{"index":"index","follow":"follow","max-snippet":"max-snippet:-1","max-image-preview":"max-image-preview:large","max-video-preview":"max-video-preview:-1"},"canonical":"https:\/\/www.etran.rs\/2022\/pozvani-radovi\/","og_locale":"en_US","og_type":"article","og_title":"\u041f\u041e\u0417\u0412\u0410\u041d\u0418 \u0420\u0410\u0414\u041e\u0412\u0418 -","og_description":"\u0421\u0435\u043a\u0446\u0438\u0458\u0430 \u0410\u043a\u0443\u0441\u0442\u0438\u043a\u0430 (AK) Jesus Cabajo San Martin, Department of Physics, Systems Engineering and Signal Theory at University of Alicante, San Vincente del Raspeig-Alicante, Spain \u201cRecent advances on perforated panels for sound absorption applications\u201d \u00a0 \u0421\u0435\u043a\u0446\u0438\u0458\u0430 \u0410\u043d\u0442\u0435\u043d\u0435 \u0438 \u043f\u0440\u043e\u0441\u0442\u0438\u0440\u0430\u045a\u0430 (A\u041f) Marija Nikoli\u0107 Stevanovi\u0107, Tushar Singh, Branislav Ninkovi\u0107, Darko Ninkovi\u0107, Miodrag Tasi\u0107, Branko Kolundzija, University of Belgrade, \u2026","og_url":"https:\/\/www.etran.rs\/2022\/pozvani-radovi\/","article_modified_time":"2022-05-13T12:28:32+00:00","twitter_card":"summary_large_image","twitter_misc":{"Est. reading time":"2 minutes"},"schema":{"@context":"https:\/\/schema.org","@graph":[{"@type":"WebPage","@id":"https:\/\/www.etran.rs\/2022\/pozvani-radovi\/","url":"https:\/\/www.etran.rs\/2022\/pozvani-radovi\/","name":"\u041f\u041e\u0417\u0412\u0410\u041d\u0418 \u0420\u0410\u0414\u041e\u0412\u0418 -","isPartOf":{"@id":"https:\/\/www.etran.rs\/2022\/#website"},"datePublished":"2022-03-23T00:40:31+00:00","dateModified":"2022-05-13T12:28:32+00:00","breadcrumb":{"@id":"https:\/\/www.etran.rs\/2022\/pozvani-radovi\/#breadcrumb"},"inLanguage":"en-US","potentialAction":[{"@type":"ReadAction","target":["https:\/\/www.etran.rs\/2022\/pozvani-radovi\/"]}]},{"@type":"BreadcrumbList","@id":"https:\/\/www.etran.rs\/2022\/pozvani-radovi\/#breadcrumb","itemListElement":[{"@type":"ListItem","position":1,"name":"Home","item":"http:\/\/www.etran.rs\/2022\/en\/home-english\/"},{"@type":"ListItem","position":2,"name":"\u041f\u041e\u0417\u0412\u0410\u041d\u0418 \u0420\u0410\u0414\u041e\u0412\u0418"}]},{"@type":"WebSite","@id":"https:\/\/www.etran.rs\/2022\/#website","url":"https:\/\/www.etran.rs\/2022\/","name":"","description":"LXVI \u0415\u0422\u0420\u0410\u041d 2022 - \u041d\u043e\u0432\u0438 \u041f\u0430\u0437\u0430\u0440, \u0420\u0435\u043f\u0443\u0431\u043b\u0438\u043a\u0430 \u0421\u0440\u0431\u0438\u0458\u0430, 6-9. \u0458\u0443\u043d 2022.","publisher":{"@id":"https:\/\/www.etran.rs\/2022\/#organization"},"potentialAction":[{"@type":"SearchAction","target":{"@type":"EntryPoint","urlTemplate":"https:\/\/www.etran.rs\/2022\/?s={search_term_string}"},"query-input":"required name=search_term_string"}],"inLanguage":"en-US"},{"@type":"Organization","@id":"https:\/\/www.etran.rs\/2022\/#organization","name":"ETRAN Society","url":"https:\/\/www.etran.rs\/2022\/","logo":{"@type":"ImageObject","inLanguage":"en-US","@id":"https:\/\/www.etran.rs\/2022\/#\/schema\/logo\/image\/","url":"https:\/\/www.etran.rs\/2021\/wp-content\/uploads\/2021\/06\/ETRAN-logo.png","contentUrl":"https:\/\/www.etran.rs\/2021\/wp-content\/uploads\/2021\/06\/ETRAN-logo.png","width":338,"height":89,"caption":"ETRAN Society"},"image":{"@id":"https:\/\/www.etran.rs\/2022\/#\/schema\/logo\/image\/"}}]}},"_links":{"self":[{"href":"https:\/\/www.etran.rs\/2022\/wp-json\/wp\/v2\/pages\/2366","targetHints":{"allow":["GET"]}}],"collection":[{"href":"https:\/\/www.etran.rs\/2022\/wp-json\/wp\/v2\/pages"}],"about":[{"href":"https:\/\/www.etran.rs\/2022\/wp-json\/wp\/v2\/types\/page"}],"author":[{"embeddable":true,"href":"https:\/\/www.etran.rs\/2022\/wp-json\/wp\/v2\/users\/1"}],"replies":[{"embeddable":true,"href":"https:\/\/www.etran.rs\/2022\/wp-json\/wp\/v2\/comments?post=2366"}],"version-history":[{"count":18,"href":"https:\/\/www.etran.rs\/2022\/wp-json\/wp\/v2\/pages\/2366\/revisions"}],"predecessor-version":[{"id":2779,"href":"https:\/\/www.etran.rs\/2022\/wp-json\/wp\/v2\/pages\/2366\/revisions\/2779"}],"wp:attachment":[{"href":"https:\/\/www.etran.rs\/2022\/wp-json\/wp\/v2\/media?parent=2366"}],"curies":[{"name":"wp","href":"https:\/\/api.w.org\/{rel}","templated":true}]}}