{"id":1997,"date":"2022-01-29T12:11:41","date_gmt":"2022-01-29T12:11:41","guid":{"rendered":"https:\/\/www.etran.rs\/2021\/?page_id=1997"},"modified":"2022-02-01T12:41:48","modified_gmt":"2022-02-01T12:41:48","slug":"the-best-section-young-researchers-paper-awards-2021","status":"publish","type":"page","link":"https:\/\/www.etran.rs\/2021\/en\/the-best-section-young-researchers-paper-awards-2021\/","title":{"rendered":"The Best Section Young Researcher\u2019s Paper Awards 2021"},"content":{"rendered":"<p><img decoding=\"async\" src=\"https:\/\/www.etran.rs\/common\/images\/icons\/Award%20icon.png\" \/> The candidates for the awards are the authors of both, the national ETRAN (in Serbian) and the International IcETRAN conference (in English). The proposals of the awardees are made by the session chair and the member of the steering committee of a particular section. The Steering Committee of the Conferences made the final decision about the awards.<\/p>\n<p>The young author of the awarded presentations will receive a special Diploma from ETRAN Society. Diploma will be delivered on the ceremony during the subsequent Conference, next year.<\/p>\n<p>In the subsequent Conference the awarded young author will be granted with the Conference fee and one night accomodation if come without paper or with two nights accomodation if would have accepted a paper(s) as auithor or co-author, next year.<\/p>\n<p>The authors of the awarded presentations will be invited to submit an extended version of the article for publication in Serbian Journal of Electrical Engineering (free of charge).<\/p>\n<p>Sections with more than 24 papers can propose awards for two young researchers. Sections with less than 8 presented papers are not qualified to propose the young researcher\u2019s paper award.<\/p>\n<p>In order to be awarded a young researcher should be the first author, to present the paper and to be a student of BS, MS or PhD not older than 25, 27, and 40 years, respectively.<\/p>\n<hr \/>\n<h3><strong>YOUNG AUTHORS<\/strong><\/h3>\n<hr \/>\n<div id=\"awardedPages\">\n<div id=\"awardedPages2\">\n<p>BIOMEDICINE ENGINEERING \u2013 BT(I)<\/p>\n<p><a href=\"https:\/\/www.etran.rs\/2021\/wp-content\/uploads\/2022\/01\/Jelena_Medarevic_BTI_mladi_autor.pdf\" target=\"_blank\" rel=\"noopener\">Feasibility test of activity index summery metric in human hand activity recognition<\/a><\/p>\n<p><strong>Jelena Medarevi\u0107<\/strong>, Marija Novi\u010di\u0107, Marko Markovi\u0107<\/p>\n<hr \/>\n<p>POWER ENGINEERING \u2013 EE(I)<\/p>\n<p><a href=\"https:\/\/www.etran.rs\/2021\/wp-content\/uploads\/2022\/02\/Katarina_Obradovic_EEI_mladi_autor.pdf\" target=\"_blank\" rel=\"noopener\">Design of LLC Resonant Tank in a Low Power DC\/DC Power Converter<\/a><\/p>\n<p><strong>Katarina Obradovi\u0107<\/strong>, Emilija Luki\u0107, Jovana Plav\u0161i\u0107, Aleksandar Mili\u0107<\/p>\n<hr \/>\n<p>METROLOGY \u2013 ML(I)<\/p>\n<p><a href=\"https:\/\/www.etran.rs\/2021\/wp-content\/uploads\/2022\/01\/Stefan_Mirkovic_ML_mladi_autor.pdf\" target=\"_blank\" rel=\"noopener\">Mogu\u0107nost primene Hamonovih preslo\u017eivih otpornika u naizmeni\u010dnom re\u017eimu<\/a><\/p>\n<p><strong>Stefan Mirkovi\u0107<\/strong>, Dragan Peji\u0107, Marina Subotin, Nemnja Gazivoda, Zdravko Gotovac<\/p>\n<hr \/>\n<p>MICROELECTRONICS AND OPTOELECTRONICS \u2013 MO(I)<\/p>\n<p><a href=\"https:\/\/www.etran.rs\/2021\/wp-content\/uploads\/2022\/01\/Aleksandra_Stojkovic_MO_mladi_autor.pdf\" target=\"_blank\" rel=\"noopener\">Performanse sklopova termoelektri\u010dni modul-hladnjak namenjenih samonapajaju\u0107im sistemima u uslovima prirodnog hla\u0111enja<\/a><\/p>\n<p><strong>Aleksandra Stojkovi\u0107<\/strong>, Milo\u0161 Marjanovi\u0107, Jana Vra\u010dar, Aneta Priji\u0107, Zoran Priji\u0107<\/p>\n<hr \/>\n<p>ROBOTICS AND FLEXIBLE AUTOMATION \u2013 RO(I)<\/p>\n<p><a href=\"https:\/\/www.etran.rs\/2021\/wp-content\/uploads\/2022\/01\/Aleksandar_Jokic_ROI_mladi_autor.pdf\" target=\"_blank\" rel=\"noopener\">A Mobile Robot Visual Perception System based on Deep Learning Approach<\/a><\/p>\n<p><strong>Aleksandar Joki\u0107<\/strong>, Lazar \u0110oki\u0107, Milica Petrovi\u0107,\u00a0Zoran Miljkovi\u0107<\/p>\n<hr \/>\n<p>COMPUTING AND INFORMATION ENGINEERING \u2013 RT(I)<\/p>\n<p><a href=\"https:\/\/www.etran.rs\/2021\/wp-content\/uploads\/2022\/01\/Vladimir_Ciric_RTI_mladi_autor.pdf\" target=\"_blank\" rel=\"noopener\">Short IDS system visualization interface<\/a><\/p>\n<p><strong>Vladimir \u0106iri\u0107<\/strong>, Nikola Lozo<\/p>\n<hr \/>\n<h3><strong>SECTION PAPER AWARDS<\/strong><\/h3>\n<hr \/>\n<p>METROLOGY \u2013 ML(I)<\/p>\n<p><a href=\"https:\/\/www.etran.rs\/2021\/wp-content\/uploads\/2022\/01\/NAGRADA_NAJBOLJI_RAD_2021_ML.pdf\" target=\"_blank\" rel=\"noopener\">Metoda etaloniranja multifunkcijskog kalibratora za ispitivanje bezbednosti elektri\u010dnih instalacija<\/a><\/p>\n<p><strong>\u0110or\u0111e Novakovi\u0107<\/strong>, Nemanja Gazivoda, Dragan Peji\u0107, Marjan Urekar, Ivan Gutai, Zdravko Gotovac<\/p>\n<hr \/>\n<p>MICROELECTRONICS AND OPTOELECTRONICS \u2013 MO(I)<\/p>\n<p><a href=\"https:\/\/www.etran.rs\/2021\/wp-content\/uploads\/2022\/01\/NAGRADA_NAJBOLJI_RAD_2021_MOI.pdf\" target=\"_blank\" rel=\"noopener\">Temperature Influence on the Performance of P3HT ICBA Polymer Solar Cells<\/a><\/p>\n<p><strong>Ali R. Khalf<\/strong>, Jovana P. Gojanovi\u0107, Nata\u0161a A \u0106irovi\u0107, Petar S. Matavulj, Ledet Mark Hidalgo, Sandra \u017divanovi\u0107<\/p>\n<hr \/>\n<p>COMPUTING AND INFORMATION ENGINEERING \u2013 RT(I)<\/p>\n<p><a href=\"https:\/\/www.etran.rs\/2021\/wp-content\/uploads\/2022\/01\/NAGRADA_NAJBOLJI_RAD_2021_RTI.pdf\" target=\"_blank\" rel=\"noopener\">Modeling the ATP tour matches: A social networks analysis approach<\/a><\/p>\n<p><strong>Bal\u0161a Kne\u017eevi\u0107<\/strong>, Milo\u0161 Obradovi\u0107, Predrag Obradovi\u0107, Marko Mi\u0161i\u0107<\/p>\n<hr \/>\n<p>ROBOTICS AND FLEXIBLE AUTOMATION \u2013 RO(I)<\/p>\n<p><a href=\"https:\/\/www.etran.rs\/2021\/wp-content\/uploads\/2022\/01\/NAGRADA_NAJBOLJI_RAD_2021_ROI.pdf\" target=\"_blank\" rel=\"noopener\">Influence of muscle co-contraction indicators for different task conditions<\/a><\/p>\n<p><strong>Marija Radmilovi\u0107<\/strong>, \u0110or\u0111e Urukalo, Milo\u0161 Petrovi\u0107, Filip Be\u010danovi\u0107, Kosta Jovanovi\u0107<\/p>\n<hr \/>\n<p>\u00a0<\/p>\n<\/div>\n<\/div>\n","protected":false},"excerpt":{"rendered":"<p>The candidates for the awards are the authors of both, the national ETRAN (in Serbian) and the International IcETRAN conference (in English). The proposals of the awardees are made by the session chair and the member of the steering committee of a particular section. The Steering Committee of the Conferences made the final decision about \u2026 <\/p>\n","protected":false},"author":1,"featured_media":0,"parent":0,"menu_order":0,"comment_status":"closed","ping_status":"closed","template":"","meta":{"footnotes":""},"class_list":["post-1997","page","type-page","status-publish","hentry"],"yoast_head":"<!-- This site is optimized with the Yoast SEO plugin v23.0 - https:\/\/yoast.com\/wordpress\/plugins\/seo\/ -->\n<title>The Best Section Young Researcher&#039;s Paper Awards 2021 -<\/title>\n<meta name=\"robots\" content=\"index, follow, max-snippet:-1, max-image-preview:large, max-video-preview:-1\" \/>\n<link rel=\"canonical\" href=\"https:\/\/www.etran.rs\/2021\/en\/the-best-section-young-researchers-paper-awards-2021\/\" \/>\n<meta property=\"og:locale\" content=\"en_US\" \/>\n<meta property=\"og:type\" content=\"article\" \/>\n<meta property=\"og:title\" content=\"The Best Section Young Researcher&#039;s Paper Awards 2021 -\" \/>\n<meta property=\"og:description\" content=\"The candidates for the awards are the authors of both, the national ETRAN (in Serbian) and the International IcETRAN conference (in English). The proposals of the awardees are made by the session chair and the member of the steering committee of a particular section. The Steering Committee of the Conferences made the final decision about \u2026\" \/>\n<meta property=\"og:url\" content=\"https:\/\/www.etran.rs\/2021\/en\/the-best-section-young-researchers-paper-awards-2021\/\" \/>\n<meta property=\"article:modified_time\" content=\"2022-02-01T12:41:48+00:00\" \/>\n<meta property=\"og:image\" content=\"https:\/\/www.etran.rs\/common\/images\/icons\/Award%20icon.png\" \/>\n<meta name=\"twitter:card\" content=\"summary_large_image\" \/>\n<meta name=\"twitter:label1\" content=\"Est. reading time\" \/>\n\t<meta name=\"twitter:data1\" content=\"3 minutes\" \/>\n<script type=\"application\/ld+json\" class=\"yoast-schema-graph\">{\"@context\":\"https:\/\/schema.org\",\"@graph\":[{\"@type\":\"WebPage\",\"@id\":\"https:\/\/www.etran.rs\/2021\/en\/the-best-section-young-researchers-paper-awards-2021\/\",\"url\":\"https:\/\/www.etran.rs\/2021\/en\/the-best-section-young-researchers-paper-awards-2021\/\",\"name\":\"The Best Section Young Researcher's Paper Awards 2021 -\",\"isPartOf\":{\"@id\":\"https:\/\/www.etran.rs\/2021\/#website\"},\"primaryImageOfPage\":{\"@id\":\"https:\/\/www.etran.rs\/2021\/en\/the-best-section-young-researchers-paper-awards-2021\/#primaryimage\"},\"image\":{\"@id\":\"https:\/\/www.etran.rs\/2021\/en\/the-best-section-young-researchers-paper-awards-2021\/#primaryimage\"},\"thumbnailUrl\":\"https:\/\/www.etran.rs\/common\/images\/icons\/Award%20icon.png\",\"datePublished\":\"2022-01-29T12:11:41+00:00\",\"dateModified\":\"2022-02-01T12:41:48+00:00\",\"breadcrumb\":{\"@id\":\"https:\/\/www.etran.rs\/2021\/en\/the-best-section-young-researchers-paper-awards-2021\/#breadcrumb\"},\"inLanguage\":\"en-US\",\"potentialAction\":[{\"@type\":\"ReadAction\",\"target\":[\"https:\/\/www.etran.rs\/2021\/en\/the-best-section-young-researchers-paper-awards-2021\/\"]}]},{\"@type\":\"ImageObject\",\"inLanguage\":\"en-US\",\"@id\":\"https:\/\/www.etran.rs\/2021\/en\/the-best-section-young-researchers-paper-awards-2021\/#primaryimage\",\"url\":\"https:\/\/www.etran.rs\/common\/images\/icons\/Award%20icon.png\",\"contentUrl\":\"https:\/\/www.etran.rs\/common\/images\/icons\/Award%20icon.png\"},{\"@type\":\"BreadcrumbList\",\"@id\":\"https:\/\/www.etran.rs\/2021\/en\/the-best-section-young-researchers-paper-awards-2021\/#breadcrumb\",\"itemListElement\":[{\"@type\":\"ListItem\",\"position\":1,\"name\":\"Home\",\"item\":\"https:\/\/www.etran.rs\/2021\/en\/home-english\/\"},{\"@type\":\"ListItem\",\"position\":2,\"name\":\"The Best Section Young Researcher\u2019s Paper Awards 2021\"}]},{\"@type\":\"WebSite\",\"@id\":\"https:\/\/www.etran.rs\/2021\/#website\",\"url\":\"https:\/\/www.etran.rs\/2021\/\",\"name\":\"\",\"description\":\"\u0415\u0422\u0420\u0410\u041d 2021 - \u0415\u0442\u043d\u043e \u0441\u0435\u043b\u043e \u0421\u0442\u0430\u043d\u0438\u0448\u0438\u045b\u0438, \u0420\u0435\u043f\u0443\u0431\u043b\u0438\u043a\u0430 \u0421\u0440\u043f\u0441\u043a\u0430, 8-10. \u0441\u0435\u043f\u0442\u0435\u043c\u0431\u0430\u0440 2021 2021.\",\"publisher\":{\"@id\":\"https:\/\/www.etran.rs\/2021\/#organization\"},\"potentialAction\":[{\"@type\":\"SearchAction\",\"target\":{\"@type\":\"EntryPoint\",\"urlTemplate\":\"https:\/\/www.etran.rs\/2021\/?s={search_term_string}\"},\"query-input\":\"required name=search_term_string\"}],\"inLanguage\":\"en-US\"},{\"@type\":\"Organization\",\"@id\":\"https:\/\/www.etran.rs\/2021\/#organization\",\"name\":\"ETRAN Society\",\"url\":\"https:\/\/www.etran.rs\/2021\/\",\"logo\":{\"@type\":\"ImageObject\",\"inLanguage\":\"en-US\",\"@id\":\"https:\/\/www.etran.rs\/2021\/#\/schema\/logo\/image\/\",\"url\":\"https:\/\/www.etran.rs\/2021\/wp-content\/uploads\/2021\/06\/ETRAN-logo.png\",\"contentUrl\":\"https:\/\/www.etran.rs\/2021\/wp-content\/uploads\/2021\/06\/ETRAN-logo.png\",\"width\":338,\"height\":89,\"caption\":\"ETRAN Society\"},\"image\":{\"@id\":\"https:\/\/www.etran.rs\/2021\/#\/schema\/logo\/image\/\"}}]}<\/script>\n<!-- \/ Yoast SEO plugin. -->","yoast_head_json":{"title":"The Best Section Young Researcher's Paper Awards 2021 -","robots":{"index":"index","follow":"follow","max-snippet":"max-snippet:-1","max-image-preview":"max-image-preview:large","max-video-preview":"max-video-preview:-1"},"canonical":"https:\/\/www.etran.rs\/2021\/en\/the-best-section-young-researchers-paper-awards-2021\/","og_locale":"en_US","og_type":"article","og_title":"The Best Section Young Researcher's Paper Awards 2021 -","og_description":"The candidates for the awards are the authors of both, the national ETRAN (in Serbian) and the International IcETRAN conference (in English). The proposals of the awardees are made by the session chair and the member of the steering committee of a particular section. The Steering Committee of the Conferences made the final decision about \u2026","og_url":"https:\/\/www.etran.rs\/2021\/en\/the-best-section-young-researchers-paper-awards-2021\/","article_modified_time":"2022-02-01T12:41:48+00:00","og_image":[{"url":"https:\/\/www.etran.rs\/common\/images\/icons\/Award%20icon.png"}],"twitter_card":"summary_large_image","twitter_misc":{"Est. reading time":"3 minutes"},"schema":{"@context":"https:\/\/schema.org","@graph":[{"@type":"WebPage","@id":"https:\/\/www.etran.rs\/2021\/en\/the-best-section-young-researchers-paper-awards-2021\/","url":"https:\/\/www.etran.rs\/2021\/en\/the-best-section-young-researchers-paper-awards-2021\/","name":"The Best Section Young Researcher's Paper Awards 2021 -","isPartOf":{"@id":"https:\/\/www.etran.rs\/2021\/#website"},"primaryImageOfPage":{"@id":"https:\/\/www.etran.rs\/2021\/en\/the-best-section-young-researchers-paper-awards-2021\/#primaryimage"},"image":{"@id":"https:\/\/www.etran.rs\/2021\/en\/the-best-section-young-researchers-paper-awards-2021\/#primaryimage"},"thumbnailUrl":"https:\/\/www.etran.rs\/common\/images\/icons\/Award%20icon.png","datePublished":"2022-01-29T12:11:41+00:00","dateModified":"2022-02-01T12:41:48+00:00","breadcrumb":{"@id":"https:\/\/www.etran.rs\/2021\/en\/the-best-section-young-researchers-paper-awards-2021\/#breadcrumb"},"inLanguage":"en-US","potentialAction":[{"@type":"ReadAction","target":["https:\/\/www.etran.rs\/2021\/en\/the-best-section-young-researchers-paper-awards-2021\/"]}]},{"@type":"ImageObject","inLanguage":"en-US","@id":"https:\/\/www.etran.rs\/2021\/en\/the-best-section-young-researchers-paper-awards-2021\/#primaryimage","url":"https:\/\/www.etran.rs\/common\/images\/icons\/Award%20icon.png","contentUrl":"https:\/\/www.etran.rs\/common\/images\/icons\/Award%20icon.png"},{"@type":"BreadcrumbList","@id":"https:\/\/www.etran.rs\/2021\/en\/the-best-section-young-researchers-paper-awards-2021\/#breadcrumb","itemListElement":[{"@type":"ListItem","position":1,"name":"Home","item":"https:\/\/www.etran.rs\/2021\/en\/home-english\/"},{"@type":"ListItem","position":2,"name":"The Best Section Young Researcher\u2019s Paper Awards 2021"}]},{"@type":"WebSite","@id":"https:\/\/www.etran.rs\/2021\/#website","url":"https:\/\/www.etran.rs\/2021\/","name":"","description":"\u0415\u0422\u0420\u0410\u041d 2021 - \u0415\u0442\u043d\u043e \u0441\u0435\u043b\u043e \u0421\u0442\u0430\u043d\u0438\u0448\u0438\u045b\u0438, \u0420\u0435\u043f\u0443\u0431\u043b\u0438\u043a\u0430 \u0421\u0440\u043f\u0441\u043a\u0430, 8-10. \u0441\u0435\u043f\u0442\u0435\u043c\u0431\u0430\u0440 2021 2021.","publisher":{"@id":"https:\/\/www.etran.rs\/2021\/#organization"},"potentialAction":[{"@type":"SearchAction","target":{"@type":"EntryPoint","urlTemplate":"https:\/\/www.etran.rs\/2021\/?s={search_term_string}"},"query-input":"required name=search_term_string"}],"inLanguage":"en-US"},{"@type":"Organization","@id":"https:\/\/www.etran.rs\/2021\/#organization","name":"ETRAN Society","url":"https:\/\/www.etran.rs\/2021\/","logo":{"@type":"ImageObject","inLanguage":"en-US","@id":"https:\/\/www.etran.rs\/2021\/#\/schema\/logo\/image\/","url":"https:\/\/www.etran.rs\/2021\/wp-content\/uploads\/2021\/06\/ETRAN-logo.png","contentUrl":"https:\/\/www.etran.rs\/2021\/wp-content\/uploads\/2021\/06\/ETRAN-logo.png","width":338,"height":89,"caption":"ETRAN Society"},"image":{"@id":"https:\/\/www.etran.rs\/2021\/#\/schema\/logo\/image\/"}}]}},"_links":{"self":[{"href":"https:\/\/www.etran.rs\/2021\/wp-json\/wp\/v2\/pages\/1997","targetHints":{"allow":["GET"]}}],"collection":[{"href":"https:\/\/www.etran.rs\/2021\/wp-json\/wp\/v2\/pages"}],"about":[{"href":"https:\/\/www.etran.rs\/2021\/wp-json\/wp\/v2\/types\/page"}],"author":[{"embeddable":true,"href":"https:\/\/www.etran.rs\/2021\/wp-json\/wp\/v2\/users\/1"}],"replies":[{"embeddable":true,"href":"https:\/\/www.etran.rs\/2021\/wp-json\/wp\/v2\/comments?post=1997"}],"version-history":[{"count":20,"href":"https:\/\/www.etran.rs\/2021\/wp-json\/wp\/v2\/pages\/1997\/revisions"}],"predecessor-version":[{"id":2042,"href":"https:\/\/www.etran.rs\/2021\/wp-json\/wp\/v2\/pages\/1997\/revisions\/2042"}],"wp:attachment":[{"href":"https:\/\/www.etran.rs\/2021\/wp-json\/wp\/v2\/media?parent=1997"}],"curies":[{"name":"wp","href":"https:\/\/api.w.org\/{rel}","templated":true}]}}