{"id":1283,"date":"2021-04-19T07:02:49","date_gmt":"2021-04-19T07:02:49","guid":{"rendered":"https:\/\/www.etran.rs\/2021\/?page_id=1283"},"modified":"2021-08-29T20:03:01","modified_gmt":"2021-08-29T20:03:01","slug":"invited-speakers","status":"publish","type":"page","link":"https:\/\/www.etran.rs\/2021\/en\/invited-speakers\/","title":{"rendered":"INVITED SPEAKERS"},"content":{"rendered":"<p class=\"western\" align=\"center\"><span style=\"font-size: medium;\"><u>INVITED SPEAKERS <\/u><\/span><\/p>\n<dl>\n<dd>\n<table width=\"561\" cellspacing=\"0\" cellpadding=\"7\">\n<tbody>\n<tr valign=\"top\">\n<td width=\"155\">\n<p class=\"western\" lang=\"en-GB\" align=\"center\"><span style=\"font-size: medium;\">SECTION<\/span><\/p>\n<\/td>\n<td width=\"376\">\n<p class=\"western\" lang=\"en-GB\" align=\"center\"><span style=\"font-size: medium;\">NAME AND AFFILIATION<\/span><\/p>\n<\/td>\n<\/tr>\n<tr valign=\"top\">\n<td width=\"155\">\n<p class=\"western\" lang=\"en-GB\"><span style=\"font-size: small;\">AUTOMATICS<\/span><\/p>\n<\/td>\n<td width=\"376\">\n<p class=\"western\" lang=\"en-GB\"><span style=\"font-size: medium;\"><span lang=\"da-DK\">Prof. Rachid Malti, Bordeaux, France <\/span><\/span><\/p>\n<p class=\"western\"><span style=\"font-size: medium;\"><span lang=\"en-GB\"><a href=\"http:\/\/malti.fr\/\">http:\/\/malti.fr\/<\/a> <\/span><\/span><\/p>\n<\/td>\n<\/tr>\n<tr valign=\"top\">\n<td width=\"155\">\n<p class=\"western\" lang=\"en-GB\"><span style=\"font-size: small;\">BIOMEDICAL ENGINEERING<\/span><\/p>\n<\/td>\n<td width=\"376\">\n<p class=\"western\" lang=\"en-GB\"><span style=\"font-size: medium;\">Prof. Strahinja Do\u0161en, Aalborg, Denmark<\/span><\/p>\n<p class=\"western\"><span style=\"font-size: medium;\"><span lang=\"en-GB\"><a href=\"https:\/\/vbn.aau.dk\/en\/persons\/113479\">https:\/\/vbn.aau.dk\/en\/persons\/113479<\/a><\/span><\/span><\/p>\n<p>\u00a0<\/p>\n<p><span lang=\"en-GB\">Assoc. prof. Nenad Jovi\u010di\u0107, Ph.D. Faculty of Electrical Engineering,<br \/>\nUniversity of Belgrade, Serbia<br \/>\n<a href=\"https:\/\/www.etf.bg.ac.rs\/en\/faculty\/staff\/nenad-jovicic-1495#gsc.tab=0\" target=\"_blank\" rel=\"noopener noreferrer\">https:\/\/www.etf.bg.ac.rs\/en\/faculty\/staff\/nenad-jovicic-1495#gsc.tab=0<\/a><\/span><\/td>\n<\/tr>\n<tr valign=\"top\">\n<td width=\"155\">\n<p class=\"western\" lang=\"en-GB\"><span style=\"font-size: small;\">METROLOGY<\/span><\/p>\n<\/td>\n<td width=\"376\">\n<p class=\"western\" lang=\"en-GB\"><span style=\"font-size: medium;\">Dr. Branislav \u0110oki\u0107, Ottawa, Canada<\/span><\/p>\n<p class=\"western\"><a href=\"https:\/\/ieeexplore.ieee.org\/author\/37350041800\"><span style=\"font-size: medium;\"><span lang=\"en-GB\">https:\/\/ieeexplore.ieee.org\/author\/37350041800<\/span><\/span><\/a><\/p>\n<\/td>\n<\/tr>\n<tr valign=\"top\">\n<td width=\"155\">\n<p class=\"western\" lang=\"en-GB\"><span style=\"font-size: small;\">NEW MATERIALS<\/span><\/p>\n<\/td>\n<td width=\"376\">\n<p class=\"western\"><span style=\"font-size: medium;\"><span lang=\"en-GB\">Dr. Valentin Ivanovski, Belgrade Serbia<\/span><\/span><\/p>\n<p class=\"western\"><span style=\"font-size: medium;\"><span lang=\"en-GB\"> <a href=\"http:\/\/www.advancedmaterialsgroup.edu.rs\/valentin-ivanovski\/\">http:\/\/www.advancedmaterialsgroup.edu.rs\/valentin-ivanovski\/<\/a> <\/span><\/span><\/p>\n<\/td>\n<\/tr>\n<tr>\n<td><span style=\"font-size: 10pt;\">ROBOTICS AND FLEXIBLE AUTOMATION<\/span><\/td>\n<td>\n<p class=\"western\" lang=\"sr-Latn-RS\">Doc.dr Tadej Petri\u010d, <span lang=\"en-GB\">Dept.of Automation Biocybernetics and Robotics Jozef Stefan Institute, Ljubljana, Slovenia<\/span><\/p>\n<p class=\"western\" lang=\"sr-Latn-RS\"><a href=\"http:\/\/cobotat.ijs.si\/members\/tadej-petric\/\">http:\/\/cobotat.ijs.si\/members\/tadej-petric\/<\/a><\/p>\n<\/td>\n<\/tr>\n<\/tbody>\n<\/table>\n<p>\u00a0<\/dd>\n<\/dl>\n<p class=\"western\" align=\"center\"><u>SPECIAL SESSIONS at the SECTIONS of ETRAN 2021 and IcETRAN 2021<\/u><\/p>\n<dl>\n<dd>\n<table width=\"561\" cellspacing=\"0\" cellpadding=\"7\">\n<tbody>\n<tr valign=\"top\">\n<td style=\"width: 173.217px;\">\n<p class=\"western\" lang=\"en-GB\" align=\"center\">SECTION<\/p>\n<\/td>\n<td style=\"width: 353.783px;\">\n<p class=\"western\" lang=\"en-GB\" align=\"center\">SECTION TOPIC AND COORDINATOR<\/p>\n<\/td>\n<\/tr>\n<tr valign=\"top\">\n<td style=\"width: 173.217px;\">\n<p class=\"western\" lang=\"en-GB\">POWER ENGINEERING<\/p>\n<\/td>\n<td style=\"width: 353.783px;\">\n<p class=\"western\" lang=\"en-GB\">\u201e<span lang=\"en-US\">Power engineering in the XXI century\u201c <\/span><\/p>\n<p class=\"western\" lang=\"en-GB\">Coordinator Slobodan Vukosavi\u0107, SANU<\/p>\n<\/td>\n<\/tr>\n<tr valign=\"top\">\n<td style=\"width: 173.217px;\">\n<p class=\"western\" lang=\"en-GB\">COMPUTING AND ARTIFICIAL INTELLIGENCE<\/p>\n<\/td>\n<td style=\"width: 353.783px;\">\n<p class=\"western\" lang=\"en-GB\">\u201cWhat computers can\u2019t do today\u201d<\/p>\n<p class=\"western\" lang=\"en-GB\">Coordinator Bo\u0161ko Nikoli\u0107<\/p>\n<\/td>\n<\/tr>\n<tr valign=\"top\">\n<td style=\"width: 173.217px;\">\n<p class=\"western\" lang=\"en-GB\">METROLOGY<\/p>\n<\/td>\n<td style=\"width: 353.783px;\">\n<p class=\"western\" lang=\"en-GB\">\u201eStochastic methods in measurements<span lang=\"en-US\">\u201d, <\/span><\/p>\n<p class=\"western\" lang=\"en-GB\">Coordinator<span lang=\"en-US\"> Vladimir Vuji\u010di\u0107<\/span><\/p>\n<\/td>\n<\/tr>\n<\/tbody>\n<\/table>\n<p>\u00a0<\/dd>\n<\/dl>\n<p class=\"western\" align=\"center\"><u>JOINT THEMATIC SESSIONS at ETRAN 2021 \/ IcETRAN2021 CONFERENCES<\/u><\/p>\n<dl>\n<dd>\n<table style=\"width: 100%;\" width=\"558\" cellspacing=\"0\" cellpadding=\"7\">\n<tbody>\n<tr valign=\"top\">\n<td>\n<p class=\"western\" lang=\"en-GB\">\u201cDigital Serbia and Republic of Serbia\u201d \u2013 coordinators Branko Doki\u0107 and Milo Toma\u0161evi\u0107<\/p>\n<\/td>\n<\/tr>\n<tr valign=\"top\">\n<td>\n<h4 class=\"western\" lang=\"en-GB\"><strong>\u201cHomage to Ninoslav Stojadinovi\u0107\u201d \u2013 coordinator Dejan Popovi\u0107<\/strong><\/h4>\n<p>\u0422ime: 9 September 2021, 12:45-13:30<br \/>\nLocation: ETRAN 2021 and IcETRAN 2021 conferences, Stani\u0161i\u0107a selo, Republika Srpska<\/p>\n<p>\u00a0<\/p>\n<p class=\"western\" align=\"center\"><strong><span style=\"font-size: large;\">Prof. Ninoslav Stojadinovi\u0107 (1950-2020)<\/span><\/strong><\/p>\n<p><img loading=\"lazy\" decoding=\"async\" class=\"size-medium wp-image-1583 alignleft\" src=\"https:\/\/www.etran.rs\/2021\/wp-content\/uploads\/2021\/07\/ninoslav-1-300x242.png\" alt=\"\" width=\"300\" height=\"242\" srcset=\"https:\/\/www.etran.rs\/2021\/wp-content\/uploads\/2021\/07\/ninoslav-1-300x242.png 300w, https:\/\/www.etran.rs\/2021\/wp-content\/uploads\/2021\/07\/ninoslav-1.png 335w\" sizes=\"auto, (max-width: 300px) 100vw, 300px\" \/><em>Dejan B. Popovi\u0107<\/em>: Ninoslav Stojadinovi\u0107, Former President, member of the Presidency and Honored Member and my friend has left us. We will continue to nurture his ideas!<br \/>\n<em>Slobodan Vukosavi\u0107<\/em>: Review of scientific work and engineering contributions of the late Prof. Ninoslav Stojadinovi\u0107, member of SASA.<br \/>\n<em>Danijel Dankovi\u0107<\/em>: Activities of Prof. Ninoslav Stojadinovi\u0107, member of SASA, President of the branch of SASA in Ni\u0161 at the Faculty of Electronics, University of Ni\u0161 and Branch of SANU in Ni\u0161.<\/p>\n<p>CV: https:\/\/www.sanu.ac.rs\/clan\/stojadinovic-ninoslav\/<\/td>\n<\/tr>\n<tr valign=\"top\">\n<td>\n<h4 class=\"western\" lang=\"en-GB\">\u201cHomage to Miloljub Smiljani\u0107\u201d \u2013 coordinator Predrag Petrovi\u0107<\/h4>\n<p>Time: September 8, 2021, 18.45-19.30<br \/>\nLocation: ETRAN 2021 and IcETRAN 2021 conferences, Ethno village Stani\u0161i\u0107i, The Republic of Srpska<\/p>\n<p>\u00a0<\/p>\n<p class=\"western\" lang=\"sr-CS\" align=\"center\"><span style=\"font-family: georgia, palatino, serif;\"><span style=\"font-size: large;\"><b>Miloljub (Mi\u0107a) Smiljani\u0107 (1942-2020)<\/b><\/span><\/span><\/p>\n<p>Predrag M. Petrovi\u0107:\u00a0Miloljub (Mi\u0107a) Smiljani\u0107,\u00a0\u00a0the Secretary-General of the Academy of Engineering Sciences of Serbia (AINS) and the Honorary Member of the Society for ETRAN left us.<br \/>\nDear Mi\u0107o, admiration, and respect with gratitude!<\/p>\n<p>Invited addresses:<br \/>\nDejan B. Popovi\u0107, President of ETRAN<br \/>\nZoran \u0110uri\u0107, Academician of SANU and AINS<br \/>\nBranko Kova\u010devi\u0107, President of AINS<br \/>\nBratislav Milovanovi\u0107, Academician of AINS<\/p>\n<p>CV: http:\/\/www.ains.rs\/clanovi.php?tip=preminuli#9=1&slovo=0<\/td>\n<\/tr>\n<\/tbody>\n<\/table>\n<\/dd>\n<\/dl>\n","protected":false},"excerpt":{"rendered":"<p>INVITED SPEAKERS SECTION NAME AND AFFILIATION AUTOMATICS Prof. Rachid Malti, Bordeaux, France http:\/\/malti.fr\/ BIOMEDICAL ENGINEERING Prof. Strahinja Do\u0161en, Aalborg, Denmark https:\/\/vbn.aau.dk\/en\/persons\/113479 \u00a0 Assoc. prof. Nenad Jovi\u010di\u0107, Ph.D. Faculty of Electrical Engineering, University of Belgrade, Serbia https:\/\/www.etf.bg.ac.rs\/en\/faculty\/staff\/nenad-jovicic-1495#gsc.tab=0 METROLOGY Dr. Branislav \u0110oki\u0107, Ottawa, Canada https:\/\/ieeexplore.ieee.org\/author\/37350041800 NEW MATERIALS Dr. Valentin Ivanovski, Belgrade Serbia http:\/\/www.advancedmaterialsgroup.edu.rs\/valentin-ivanovski\/ ROBOTICS AND FLEXIBLE AUTOMATION \u2026 <\/p>\n","protected":false},"author":1,"featured_media":0,"parent":0,"menu_order":0,"comment_status":"closed","ping_status":"closed","template":"","meta":{"footnotes":""},"class_list":["post-1283","page","type-page","status-publish","hentry"],"yoast_head":"<!-- This site is optimized with the Yoast SEO plugin v23.0 - https:\/\/yoast.com\/wordpress\/plugins\/seo\/ -->\n<title>INVITED SPEAKERS -<\/title>\n<meta name=\"description\" content=\"INVITED SPEAKERS, JOINT THEMATIC SESSIONS at ETRAN 2021 \/ IcETRAN2021 CONFERENCES, SPECIAL SESSIONS at the SECTIONS of ETRAN 2021 and IcETRAN 2021\" \/>\n<meta name=\"robots\" content=\"index, follow, max-snippet:-1, max-image-preview:large, max-video-preview:-1\" \/>\n<link rel=\"canonical\" href=\"https:\/\/www.etran.rs\/2021\/en\/invited-speakers\/\" \/>\n<meta property=\"og:locale\" content=\"en_US\" \/>\n<meta property=\"og:type\" content=\"article\" \/>\n<meta property=\"og:title\" content=\"INVITED SPEAKERS -\" \/>\n<meta property=\"og:description\" content=\"INVITED SPEAKERS, JOINT THEMATIC SESSIONS at ETRAN 2021 \/ IcETRAN2021 CONFERENCES, SPECIAL SESSIONS at the SECTIONS of ETRAN 2021 and IcETRAN 2021\" \/>\n<meta property=\"og:url\" content=\"https:\/\/www.etran.rs\/2021\/en\/invited-speakers\/\" \/>\n<meta property=\"article:modified_time\" content=\"2021-08-29T20:03:01+00:00\" \/>\n<meta property=\"og:image\" content=\"https:\/\/www.etran.rs\/2021\/wp-content\/uploads\/2021\/07\/ninoslav-1-300x242.png\" \/>\n<meta name=\"twitter:card\" content=\"summary_large_image\" \/>\n<meta name=\"twitter:label1\" content=\"Est. reading time\" \/>\n\t<meta name=\"twitter:data1\" content=\"2 minutes\" \/>\n<script type=\"application\/ld+json\" class=\"yoast-schema-graph\">{\"@context\":\"https:\/\/schema.org\",\"@graph\":[{\"@type\":\"WebPage\",\"@id\":\"https:\/\/www.etran.rs\/2021\/en\/invited-speakers\/\",\"url\":\"https:\/\/www.etran.rs\/2021\/en\/invited-speakers\/\",\"name\":\"INVITED SPEAKERS -\",\"isPartOf\":{\"@id\":\"https:\/\/www.etran.rs\/2021\/#website\"},\"primaryImageOfPage\":{\"@id\":\"https:\/\/www.etran.rs\/2021\/en\/invited-speakers\/#primaryimage\"},\"image\":{\"@id\":\"https:\/\/www.etran.rs\/2021\/en\/invited-speakers\/#primaryimage\"},\"thumbnailUrl\":\"https:\/\/www.etran.rs\/2021\/wp-content\/uploads\/2021\/07\/ninoslav-1-300x242.png\",\"datePublished\":\"2021-04-19T07:02:49+00:00\",\"dateModified\":\"2021-08-29T20:03:01+00:00\",\"description\":\"INVITED SPEAKERS, JOINT THEMATIC SESSIONS at ETRAN 2021 \/ IcETRAN2021 CONFERENCES, SPECIAL SESSIONS at the SECTIONS of ETRAN 2021 and IcETRAN 2021\",\"breadcrumb\":{\"@id\":\"https:\/\/www.etran.rs\/2021\/en\/invited-speakers\/#breadcrumb\"},\"inLanguage\":\"en-US\",\"potentialAction\":[{\"@type\":\"ReadAction\",\"target\":[\"https:\/\/www.etran.rs\/2021\/en\/invited-speakers\/\"]}]},{\"@type\":\"ImageObject\",\"inLanguage\":\"en-US\",\"@id\":\"https:\/\/www.etran.rs\/2021\/en\/invited-speakers\/#primaryimage\",\"url\":\"https:\/\/www.etran.rs\/2021\/wp-content\/uploads\/2021\/07\/ninoslav-1.png\",\"contentUrl\":\"https:\/\/www.etran.rs\/2021\/wp-content\/uploads\/2021\/07\/ninoslav-1.png\",\"width\":335,\"height\":270},{\"@type\":\"BreadcrumbList\",\"@id\":\"https:\/\/www.etran.rs\/2021\/en\/invited-speakers\/#breadcrumb\",\"itemListElement\":[{\"@type\":\"ListItem\",\"position\":1,\"name\":\"Home\",\"item\":\"https:\/\/www.etran.rs\/2021\/en\/home-english\/\"},{\"@type\":\"ListItem\",\"position\":2,\"name\":\"INVITED SPEAKERS\"}]},{\"@type\":\"WebSite\",\"@id\":\"https:\/\/www.etran.rs\/2021\/#website\",\"url\":\"https:\/\/www.etran.rs\/2021\/\",\"name\":\"\",\"description\":\"\u0415\u0422\u0420\u0410\u041d 2021 - \u0415\u0442\u043d\u043e \u0441\u0435\u043b\u043e \u0421\u0442\u0430\u043d\u0438\u0448\u0438\u045b\u0438, \u0420\u0435\u043f\u0443\u0431\u043b\u0438\u043a\u0430 \u0421\u0440\u043f\u0441\u043a\u0430, 8-10. \u0441\u0435\u043f\u0442\u0435\u043c\u0431\u0430\u0440 2021 2021.\",\"publisher\":{\"@id\":\"https:\/\/www.etran.rs\/2021\/#organization\"},\"potentialAction\":[{\"@type\":\"SearchAction\",\"target\":{\"@type\":\"EntryPoint\",\"urlTemplate\":\"https:\/\/www.etran.rs\/2021\/?s={search_term_string}\"},\"query-input\":\"required name=search_term_string\"}],\"inLanguage\":\"en-US\"},{\"@type\":\"Organization\",\"@id\":\"https:\/\/www.etran.rs\/2021\/#organization\",\"name\":\"ETRAN Society\",\"url\":\"https:\/\/www.etran.rs\/2021\/\",\"logo\":{\"@type\":\"ImageObject\",\"inLanguage\":\"en-US\",\"@id\":\"https:\/\/www.etran.rs\/2021\/#\/schema\/logo\/image\/\",\"url\":\"https:\/\/www.etran.rs\/2021\/wp-content\/uploads\/2021\/06\/ETRAN-logo.png\",\"contentUrl\":\"https:\/\/www.etran.rs\/2021\/wp-content\/uploads\/2021\/06\/ETRAN-logo.png\",\"width\":338,\"height\":89,\"caption\":\"ETRAN Society\"},\"image\":{\"@id\":\"https:\/\/www.etran.rs\/2021\/#\/schema\/logo\/image\/\"}}]}<\/script>\n<!-- \/ Yoast SEO plugin. -->","yoast_head_json":{"title":"INVITED SPEAKERS -","description":"INVITED SPEAKERS, JOINT THEMATIC SESSIONS at ETRAN 2021 \/ IcETRAN2021 CONFERENCES, SPECIAL SESSIONS at the SECTIONS of ETRAN 2021 and IcETRAN 2021","robots":{"index":"index","follow":"follow","max-snippet":"max-snippet:-1","max-image-preview":"max-image-preview:large","max-video-preview":"max-video-preview:-1"},"canonical":"https:\/\/www.etran.rs\/2021\/en\/invited-speakers\/","og_locale":"en_US","og_type":"article","og_title":"INVITED SPEAKERS -","og_description":"INVITED SPEAKERS, JOINT THEMATIC SESSIONS at ETRAN 2021 \/ IcETRAN2021 CONFERENCES, SPECIAL SESSIONS at the SECTIONS of ETRAN 2021 and IcETRAN 2021","og_url":"https:\/\/www.etran.rs\/2021\/en\/invited-speakers\/","article_modified_time":"2021-08-29T20:03:01+00:00","og_image":[{"url":"https:\/\/www.etran.rs\/2021\/wp-content\/uploads\/2021\/07\/ninoslav-1-300x242.png"}],"twitter_card":"summary_large_image","twitter_misc":{"Est. reading time":"2 minutes"},"schema":{"@context":"https:\/\/schema.org","@graph":[{"@type":"WebPage","@id":"https:\/\/www.etran.rs\/2021\/en\/invited-speakers\/","url":"https:\/\/www.etran.rs\/2021\/en\/invited-speakers\/","name":"INVITED SPEAKERS -","isPartOf":{"@id":"https:\/\/www.etran.rs\/2021\/#website"},"primaryImageOfPage":{"@id":"https:\/\/www.etran.rs\/2021\/en\/invited-speakers\/#primaryimage"},"image":{"@id":"https:\/\/www.etran.rs\/2021\/en\/invited-speakers\/#primaryimage"},"thumbnailUrl":"https:\/\/www.etran.rs\/2021\/wp-content\/uploads\/2021\/07\/ninoslav-1-300x242.png","datePublished":"2021-04-19T07:02:49+00:00","dateModified":"2021-08-29T20:03:01+00:00","description":"INVITED SPEAKERS, JOINT THEMATIC SESSIONS at ETRAN 2021 \/ IcETRAN2021 CONFERENCES, SPECIAL SESSIONS at the SECTIONS of ETRAN 2021 and IcETRAN 2021","breadcrumb":{"@id":"https:\/\/www.etran.rs\/2021\/en\/invited-speakers\/#breadcrumb"},"inLanguage":"en-US","potentialAction":[{"@type":"ReadAction","target":["https:\/\/www.etran.rs\/2021\/en\/invited-speakers\/"]}]},{"@type":"ImageObject","inLanguage":"en-US","@id":"https:\/\/www.etran.rs\/2021\/en\/invited-speakers\/#primaryimage","url":"https:\/\/www.etran.rs\/2021\/wp-content\/uploads\/2021\/07\/ninoslav-1.png","contentUrl":"https:\/\/www.etran.rs\/2021\/wp-content\/uploads\/2021\/07\/ninoslav-1.png","width":335,"height":270},{"@type":"BreadcrumbList","@id":"https:\/\/www.etran.rs\/2021\/en\/invited-speakers\/#breadcrumb","itemListElement":[{"@type":"ListItem","position":1,"name":"Home","item":"https:\/\/www.etran.rs\/2021\/en\/home-english\/"},{"@type":"ListItem","position":2,"name":"INVITED SPEAKERS"}]},{"@type":"WebSite","@id":"https:\/\/www.etran.rs\/2021\/#website","url":"https:\/\/www.etran.rs\/2021\/","name":"","description":"\u0415\u0422\u0420\u0410\u041d 2021 - \u0415\u0442\u043d\u043e \u0441\u0435\u043b\u043e \u0421\u0442\u0430\u043d\u0438\u0448\u0438\u045b\u0438, \u0420\u0435\u043f\u0443\u0431\u043b\u0438\u043a\u0430 \u0421\u0440\u043f\u0441\u043a\u0430, 8-10. \u0441\u0435\u043f\u0442\u0435\u043c\u0431\u0430\u0440 2021 2021.","publisher":{"@id":"https:\/\/www.etran.rs\/2021\/#organization"},"potentialAction":[{"@type":"SearchAction","target":{"@type":"EntryPoint","urlTemplate":"https:\/\/www.etran.rs\/2021\/?s={search_term_string}"},"query-input":"required name=search_term_string"}],"inLanguage":"en-US"},{"@type":"Organization","@id":"https:\/\/www.etran.rs\/2021\/#organization","name":"ETRAN Society","url":"https:\/\/www.etran.rs\/2021\/","logo":{"@type":"ImageObject","inLanguage":"en-US","@id":"https:\/\/www.etran.rs\/2021\/#\/schema\/logo\/image\/","url":"https:\/\/www.etran.rs\/2021\/wp-content\/uploads\/2021\/06\/ETRAN-logo.png","contentUrl":"https:\/\/www.etran.rs\/2021\/wp-content\/uploads\/2021\/06\/ETRAN-logo.png","width":338,"height":89,"caption":"ETRAN Society"},"image":{"@id":"https:\/\/www.etran.rs\/2021\/#\/schema\/logo\/image\/"}}]}},"_links":{"self":[{"href":"https:\/\/www.etran.rs\/2021\/wp-json\/wp\/v2\/pages\/1283","targetHints":{"allow":["GET"]}}],"collection":[{"href":"https:\/\/www.etran.rs\/2021\/wp-json\/wp\/v2\/pages"}],"about":[{"href":"https:\/\/www.etran.rs\/2021\/wp-json\/wp\/v2\/types\/page"}],"author":[{"embeddable":true,"href":"https:\/\/www.etran.rs\/2021\/wp-json\/wp\/v2\/users\/1"}],"replies":[{"embeddable":true,"href":"https:\/\/www.etran.rs\/2021\/wp-json\/wp\/v2\/comments?post=1283"}],"version-history":[{"count":16,"href":"https:\/\/www.etran.rs\/2021\/wp-json\/wp\/v2\/pages\/1283\/revisions"}],"predecessor-version":[{"id":1791,"href":"https:\/\/www.etran.rs\/2021\/wp-json\/wp\/v2\/pages\/1283\/revisions\/1791"}],"wp:attachment":[{"href":"https:\/\/www.etran.rs\/2021\/wp-json\/wp\/v2\/media?parent=1283"}],"curies":[{"name":"wp","href":"https:\/\/api.w.org\/{rel}","templated":true}]}}